{"id":38666,"date":"2022-03-14T12:35:41","date_gmt":"2022-03-14T12:35:41","guid":{"rendered":"https:\/\/thermiabarcelona.com\/?page_id=38666"},"modified":"2022-03-15T12:05:39","modified_gmt":"2022-03-15T12:05:39","slug":"baies-vitrees-pliantes","status":"publish","type":"page","link":"https:\/\/thermiabarcelona.com\/fr\/baies-vitrees-pliantes\/","title":{"rendered":"Baies vitr\u00e9es pliantes\u00a0Thermia"},"content":{"rendered":"<div class=\"wpb-content-wrapper\"><p>[vc_row][vc_column width=\u00a0\u00bb1\/1&Prime;]<div class=\"spacer\" style=\"height: 10px;\"><\/div><h1 class=\"headline font-inherit fontsize-l fontweight-700 lh-inherit align-left transform-inherit \" style=\"margin: 0 0 20px 0;\">Baies vitr\u00e9es pliantes &#8211; Thermia Barcelona<\/h1><div class=\"newdivider align-center\" style=\"border-bottom-style: solid; border-color: #595959; border-bottom-width: 1px; margin-top: 5px; margin-bottom: 5px; width: 100%; \"><\/div><div class=\"clear\"><\/div><div class=\"spacer\" style=\"height: 10px;\"><\/div>[\/vc_column][\/vc_row][vc_row][vc_column width=\u00a0\u00bb1\/1&Prime;]<h3 class=\"headline font-inherit fontsize-m fontweight-700 lh-inherit align-left transform-inherit \" style=\"margin: 0 0 20px 0;\">Avec rupture de pont thermique<\/h3><div class=\"newdivider align-center\" style=\"border-bottom-style: solid; border-color: #ededed; border-bottom-width: 1px; margin-top: 5px; margin-bottom: 5px; width: 100%; \"><\/div><div class=\"clear\"><\/div><div class=\"spacer\" style=\"height: 20px;\"><\/div>[\/vc_column][\/vc_row][vc_row bottom_padding=\u00a0\u00bb60px\u00a0\u00bb][vc_column width=\u00a0\u00bb1\/3&Prime;]<div class=\"divider-title align-left\" >THERMIA PR77 DOPLO<\/div>[vc_column_text]La <strong>s\u00e9rie de baies vitr\u00e9es pliantes\u00a0Thermia\u00a0PR77<\/strong> DOPLO est un syst\u00e8me de pliage isolant \u00e0 rupture de pont thermique offrant une multitude de possibilit\u00e9s de pliage. Disponible en <strong>format portes-fen\u00eatres.<\/strong>\u00a0Ce syst\u00e8me permet en outre de <strong>r\u00e9aliser des \u00e9conomies d\u2019\u00e9nergie et est id\u00e9al pour les grandes ouvertures.<\/strong><\/p>\n<p><strong>\u00a0<\/strong>[\/vc_column_text]<a href=\"https:\/\/thermiabarcelona.com\/fr\/baies-vitrees-pliantes\/fenetre-thermia-pr77-doplo\/\" target=\"_blank\" class=\"button custom small \" style=\"background-color: #3583c6; border-color: #3583c6;border-radius: 2px;\">Voir fiche Thermia\u00a0DOPLO<\/a>[\/vc_column][vc_column width=\u00a0\u00bb1\/3&Prime;]<div class=\"single_image wpb_content_element align-left    \" data-animation=\"none\" data-delay=\"0\"><img fetchpriority=\"high\" decoding=\"async\" class=\"\" src=\"https:\/\/thermiabarcelona.com\/wp-content\/uploads\/2022\/03\/Ventanaplegable_Thermia-DOPLO-perfil_small-300x300.jpg\" width=\"300\" height=\"300\" alt=\"Ventana plegable Thermia Doplo\" title=\"Ventanaplegable_Thermia-DOPLO-perfil_small\" \/><\/div>[\/vc_column][vc_column width=\u00a0\u00bb1\/3&Prime;]<div class=\"single_image wpb_content_element align-left   image_opacity \" data-animation=\"none\" data-delay=\"0\"><img decoding=\"async\" width=\"260\" height=\"384\" src=\"https:\/\/thermiabarcelona.com\/wp-content\/uploads\/2022\/03\/Transmitancies_ventana-thermia-doplo_FR.jpg\" class=\"attachment-full\" alt=\"Transmitancies_ventana-thermia-doplo_FR\" title=\"Transmitancies_ventana-thermia-doplo_FR\" srcset=\"https:\/\/thermiabarcelona.com\/wp-content\/uploads\/2022\/03\/Transmitancies_ventana-thermia-doplo_FR.jpg 260w, https:\/\/thermiabarcelona.com\/wp-content\/uploads\/2022\/03\/Transmitancies_ventana-thermia-doplo_FR-203x300.jpg 203w\" sizes=\"(max-width: 260px) 100vw, 260px\" \/><\/div>[\/vc_column][\/vc_row][vc_row][vc_column width=\u00a0\u00bb1\/1&Prime;]<div class=\"spacer\" style=\"height: 30px;\"><\/div><div class=\"newdivider align-center\" style=\"border-bottom-style: dashed; border-color: #ededed; border-bottom-width: 1px; margin-top: 5px; margin-bottom: 5px; width: 100%; \"><\/div><div class=\"clear\"><\/div><div class=\"spacer\" style=\"height: 30px;\"><\/div>[\/vc_column][\/vc_row][vc_row type=\u00a0\u00bbfull_width_section\u00a0\u00bb][vc_column]<div class=\"callout clearfix\" style=\"background-color:#6393ec; color:#ffffff;\">\n\t\t<div class=\"callout-text\">Quel est votre projet\u00a0? Contactez d\u00e8s \u00e0 pr\u00e9sent Thermia\u00a0Barcelona<\/div>\n\t\t\t<div class=\"callout-button\"><a class=\"button medium color-8\" href=\"\/contacto\/\" target=\"_blank\">Contactez-nous !<\/a><\/div>\n\t\t<\/div>[\/vc_column][\/vc_row]<\/p>\n<\/div>","protected":false},"excerpt":{"rendered":"<p>[vc_row][vc_column width=\u00a0\u00bb1\/1&Prime;][\/vc_column][\/vc_row][vc_row][vc_column width=\u00a0\u00bb1\/1&Prime;][\/vc_column][\/vc_row][vc_row bottom_padding=\u00a0\u00bb60px\u00a0\u00bb][vc_column width=\u00a0\u00bb1\/3&Prime;][vc_column_text]La s\u00e9rie de baies vitr\u00e9es pliantes\u00a0Thermia\u00a0PR77 DOPLO est un syst\u00e8me de pliage isolant \u00e0 rupture de pont thermique offrant une multitude de possibilit\u00e9s de pliage. Disponible en format portes-fen\u00eatres.\u00a0Ce syst\u00e8me permet en outre de r\u00e9aliser des \u00e9conomies d\u2019\u00e9nergie et est id\u00e9al pour les grandes ouvertures. \u00a0[\/vc_column_text][\/vc_column][vc_column width=\u00a0\u00bb1\/3&Prime;][\/vc_column][vc_column width=\u00a0\u00bb1\/3&Prime;][\/vc_column][\/vc_row][vc_row][vc_column width=\u00a0\u00bb1\/1&Prime;][\/vc_column][\/vc_row][vc_row type=\u00a0\u00bbfull_width_section\u00a0\u00bb][vc_column][\/vc_column][\/vc_row]<\/p>\n","protected":false},"author":3,"featured_media":0,"parent":0,"menu_order":0,"comment_status":"closed","ping_status":"closed","template":"","meta":{"footnotes":""},"class_list":["post-38666","page","type-page","status-publish","hentry"],"yoast_head":"<!-- This site is optimized with the Yoast SEO Premium plugin v26.7 (Yoast SEO v26.8) - https:\/\/yoast.com\/product\/yoast-seo-premium-wordpress\/ -->\n<title>Baies vitr\u00e9es pliantes parfaitement \u00e9tanches\u00a0\u2013\u00a0Thermia\u00a0Barcelona<\/title>\n<meta name=\"description\" content=\"Syst\u00e8me de baies vitr\u00e9es pliantes isolantes offrant une \u00e9tanch\u00e9it\u00e9 parfaite. D\u00e9couvrez Thermia\u00a0DOPLO Demandez d\u00e8s \u00e0 pr\u00e9sent votre devis\" \/>\n<meta name=\"robots\" content=\"index, follow, max-snippet:-1, max-image-preview:large, max-video-preview:-1\" \/>\n<link rel=\"canonical\" href=\"https:\/\/thermiabarcelona.com\/fr\/baies-vitrees-pliantes\/\" \/>\n<meta property=\"og:locale\" content=\"fr_FR\" \/>\n<meta property=\"og:type\" content=\"article\" \/>\n<meta property=\"og:title\" content=\"Baies vitr\u00e9es coulissantes\u00a0Thermia\" \/>\n<meta property=\"og:description\" content=\"Syst\u00e8me de baies vitr\u00e9es pliantes isolantes offrant une \u00e9tanch\u00e9it\u00e9 parfaite. D\u00e9couvrez Thermia\u00a0DOPLO Demandez d\u00e8s \u00e0 pr\u00e9sent votre devis\" \/>\n<meta property=\"og:url\" content=\"https:\/\/thermiabarcelona.com\/fr\/baies-vitrees-pliantes\/\" \/>\n<meta property=\"og:site_name\" content=\"Thermia Barcelona. Ventanas para vivir mejor\" \/>\n<meta property=\"article:publisher\" content=\"https:\/\/www.facebook.com\/thermiabarcelona\/\" \/>\n<meta property=\"article:modified_time\" content=\"2022-03-15T12:05:39+00:00\" \/>\n<meta name=\"twitter:card\" content=\"summary_large_image\" \/>\n<meta name=\"twitter:title\" content=\"Baies vitr\u00e9es pliantes\u00a0Thermia\" \/>\n<meta name=\"twitter:label1\" content=\"Dur\u00e9e de lecture estim\u00e9e\" \/>\n\t<meta name=\"twitter:data1\" content=\"1 minute\" \/>\n<script type=\"application\/ld+json\" class=\"yoast-schema-graph\">{\"@context\":\"https:\/\/schema.org\",\"@graph\":[{\"@type\":\"WebPage\",\"@id\":\"https:\/\/thermiabarcelona.com\/fr\/baies-vitrees-pliantes\/\",\"url\":\"https:\/\/thermiabarcelona.com\/fr\/baies-vitrees-pliantes\/\",\"name\":\"Baies vitr\u00e9es pliantes parfaitement \u00e9tanches\u00a0\u2013\u00a0Thermia\u00a0Barcelona\",\"isPartOf\":{\"@id\":\"https:\/\/thermiabarcelona.com\/#website\"},\"datePublished\":\"2022-03-14T12:35:41+00:00\",\"dateModified\":\"2022-03-15T12:05:39+00:00\",\"description\":\"Syst\u00e8me de baies vitr\u00e9es pliantes isolantes offrant une \u00e9tanch\u00e9it\u00e9 parfaite. D\u00e9couvrez Thermia\u00a0DOPLO Demandez d\u00e8s \u00e0 pr\u00e9sent votre devis\",\"breadcrumb\":{\"@id\":\"https:\/\/thermiabarcelona.com\/fr\/baies-vitrees-pliantes\/#breadcrumb\"},\"inLanguage\":\"fr-FR\",\"potentialAction\":[{\"@type\":\"ReadAction\",\"target\":[\"https:\/\/thermiabarcelona.com\/fr\/baies-vitrees-pliantes\/\"]}]},{\"@type\":\"BreadcrumbList\",\"@id\":\"https:\/\/thermiabarcelona.com\/fr\/baies-vitrees-pliantes\/#breadcrumb\",\"itemListElement\":[{\"@type\":\"ListItem\",\"position\":1,\"name\":\"Portada\",\"item\":\"https:\/\/thermiabarcelona.com\/\"},{\"@type\":\"ListItem\",\"position\":2,\"name\":\"Baies vitr\u00e9es pliantes\u00a0Thermia\"}]},{\"@type\":\"WebSite\",\"@id\":\"https:\/\/thermiabarcelona.com\/#website\",\"url\":\"https:\/\/thermiabarcelona.com\/\",\"name\":\"Thermia Barcelona. Ventanas para vivir mejor\",\"description\":\"Ventanas de calidad, duraderas y f\u00e1ciles de fabricar. Dise\u00f1o.Confort.Silencio\",\"publisher\":{\"@id\":\"https:\/\/thermiabarcelona.com\/#organization\"},\"potentialAction\":[{\"@type\":\"SearchAction\",\"target\":{\"@type\":\"EntryPoint\",\"urlTemplate\":\"https:\/\/thermiabarcelona.com\/?s={search_term_string}\"},\"query-input\":{\"@type\":\"PropertyValueSpecification\",\"valueRequired\":true,\"valueName\":\"search_term_string\"}}],\"inLanguage\":\"fr-FR\"},{\"@type\":\"Organization\",\"@id\":\"https:\/\/thermiabarcelona.com\/#organization\",\"name\":\"Thermia Barcelona\",\"url\":\"https:\/\/thermiabarcelona.com\/\",\"logo\":{\"@type\":\"ImageObject\",\"inLanguage\":\"fr-FR\",\"@id\":\"https:\/\/thermiabarcelona.com\/#\/schema\/logo\/image\/\",\"url\":\"https:\/\/thermiabarcelona.com\/wp-content\/uploads\/2018\/08\/logo_thermia-1.jpg\",\"contentUrl\":\"https:\/\/thermiabarcelona.com\/wp-content\/uploads\/2018\/08\/logo_thermia-1.jpg\",\"width\":345,\"height\":158,\"caption\":\"Thermia Barcelona\"},\"image\":{\"@id\":\"https:\/\/thermiabarcelona.com\/#\/schema\/logo\/image\/\"},\"sameAs\":[\"https:\/\/www.facebook.com\/thermiabarcelona\/\",\"https:\/\/www.instagram.com\/thermiabarcelona\/\",\"https:\/\/es.linkedin.com\/company\/thermia-barcelona\",\"https:\/\/www.youtube.com\/thermiabarcelona\"]}]}<\/script>\n<!-- \/ Yoast SEO Premium plugin. -->","yoast_head_json":{"title":"Baies vitr\u00e9es pliantes parfaitement \u00e9tanches\u00a0\u2013\u00a0Thermia\u00a0Barcelona","description":"Syst\u00e8me de baies vitr\u00e9es pliantes isolantes offrant une \u00e9tanch\u00e9it\u00e9 parfaite. D\u00e9couvrez Thermia\u00a0DOPLO Demandez d\u00e8s \u00e0 pr\u00e9sent votre devis","robots":{"index":"index","follow":"follow","max-snippet":"max-snippet:-1","max-image-preview":"max-image-preview:large","max-video-preview":"max-video-preview:-1"},"canonical":"https:\/\/thermiabarcelona.com\/fr\/baies-vitrees-pliantes\/","og_locale":"fr_FR","og_type":"article","og_title":"Baies vitr\u00e9es coulissantes\u00a0Thermia","og_description":"Syst\u00e8me de baies vitr\u00e9es pliantes isolantes offrant une \u00e9tanch\u00e9it\u00e9 parfaite. D\u00e9couvrez Thermia\u00a0DOPLO Demandez d\u00e8s \u00e0 pr\u00e9sent votre devis","og_url":"https:\/\/thermiabarcelona.com\/fr\/baies-vitrees-pliantes\/","og_site_name":"Thermia Barcelona. Ventanas para vivir mejor","article_publisher":"https:\/\/www.facebook.com\/thermiabarcelona\/","article_modified_time":"2022-03-15T12:05:39+00:00","twitter_card":"summary_large_image","twitter_title":"Baies vitr\u00e9es pliantes\u00a0Thermia","twitter_misc":{"Dur\u00e9e de lecture estim\u00e9e":"1 minute"},"schema":{"@context":"https:\/\/schema.org","@graph":[{"@type":"WebPage","@id":"https:\/\/thermiabarcelona.com\/fr\/baies-vitrees-pliantes\/","url":"https:\/\/thermiabarcelona.com\/fr\/baies-vitrees-pliantes\/","name":"Baies vitr\u00e9es pliantes parfaitement \u00e9tanches\u00a0\u2013\u00a0Thermia\u00a0Barcelona","isPartOf":{"@id":"https:\/\/thermiabarcelona.com\/#website"},"datePublished":"2022-03-14T12:35:41+00:00","dateModified":"2022-03-15T12:05:39+00:00","description":"Syst\u00e8me de baies vitr\u00e9es pliantes isolantes offrant une \u00e9tanch\u00e9it\u00e9 parfaite. D\u00e9couvrez Thermia\u00a0DOPLO Demandez d\u00e8s \u00e0 pr\u00e9sent votre devis","breadcrumb":{"@id":"https:\/\/thermiabarcelona.com\/fr\/baies-vitrees-pliantes\/#breadcrumb"},"inLanguage":"fr-FR","potentialAction":[{"@type":"ReadAction","target":["https:\/\/thermiabarcelona.com\/fr\/baies-vitrees-pliantes\/"]}]},{"@type":"BreadcrumbList","@id":"https:\/\/thermiabarcelona.com\/fr\/baies-vitrees-pliantes\/#breadcrumb","itemListElement":[{"@type":"ListItem","position":1,"name":"Portada","item":"https:\/\/thermiabarcelona.com\/"},{"@type":"ListItem","position":2,"name":"Baies vitr\u00e9es pliantes\u00a0Thermia"}]},{"@type":"WebSite","@id":"https:\/\/thermiabarcelona.com\/#website","url":"https:\/\/thermiabarcelona.com\/","name":"Thermia Barcelona. Ventanas para vivir mejor","description":"Ventanas de calidad, duraderas y f\u00e1ciles de fabricar. Dise\u00f1o.Confort.Silencio","publisher":{"@id":"https:\/\/thermiabarcelona.com\/#organization"},"potentialAction":[{"@type":"SearchAction","target":{"@type":"EntryPoint","urlTemplate":"https:\/\/thermiabarcelona.com\/?s={search_term_string}"},"query-input":{"@type":"PropertyValueSpecification","valueRequired":true,"valueName":"search_term_string"}}],"inLanguage":"fr-FR"},{"@type":"Organization","@id":"https:\/\/thermiabarcelona.com\/#organization","name":"Thermia Barcelona","url":"https:\/\/thermiabarcelona.com\/","logo":{"@type":"ImageObject","inLanguage":"fr-FR","@id":"https:\/\/thermiabarcelona.com\/#\/schema\/logo\/image\/","url":"https:\/\/thermiabarcelona.com\/wp-content\/uploads\/2018\/08\/logo_thermia-1.jpg","contentUrl":"https:\/\/thermiabarcelona.com\/wp-content\/uploads\/2018\/08\/logo_thermia-1.jpg","width":345,"height":158,"caption":"Thermia Barcelona"},"image":{"@id":"https:\/\/thermiabarcelona.com\/#\/schema\/logo\/image\/"},"sameAs":["https:\/\/www.facebook.com\/thermiabarcelona\/","https:\/\/www.instagram.com\/thermiabarcelona\/","https:\/\/es.linkedin.com\/company\/thermia-barcelona","https:\/\/www.youtube.com\/thermiabarcelona"]}]}},"_links":{"self":[{"href":"https:\/\/thermiabarcelona.com\/fr\/wp-json\/wp\/v2\/pages\/38666","targetHints":{"allow":["GET"]}}],"collection":[{"href":"https:\/\/thermiabarcelona.com\/fr\/wp-json\/wp\/v2\/pages"}],"about":[{"href":"https:\/\/thermiabarcelona.com\/fr\/wp-json\/wp\/v2\/types\/page"}],"author":[{"embeddable":true,"href":"https:\/\/thermiabarcelona.com\/fr\/wp-json\/wp\/v2\/users\/3"}],"replies":[{"embeddable":true,"href":"https:\/\/thermiabarcelona.com\/fr\/wp-json\/wp\/v2\/comments?post=38666"}],"version-history":[{"count":0,"href":"https:\/\/thermiabarcelona.com\/fr\/wp-json\/wp\/v2\/pages\/38666\/revisions"}],"wp:attachment":[{"href":"https:\/\/thermiabarcelona.com\/fr\/wp-json\/wp\/v2\/media?parent=38666"}],"curies":[{"name":"wp","href":"https:\/\/api.w.org\/{rel}","templated":true}]}}