{"id":38023,"date":"2021-10-18T11:17:27","date_gmt":"2021-10-18T11:17:27","guid":{"rendered":"https:\/\/thermiabarcelona.com\/?page_id=38023"},"modified":"2021-10-18T12:16:29","modified_gmt":"2021-10-18T12:16:29","slug":"systeme-de-facades-thermia","status":"publish","type":"page","link":"https:\/\/thermiabarcelona.com\/fr\/systeme-de-facades-thermia\/","title":{"rendered":"Syst\u00e8me de fa\u00e7ades Thermia"},"content":{"rendered":"<div class=\"wpb-content-wrapper\"><p>[vc_row][vc_column width=\u00a0\u00bb1\/1&Prime;]<div class=\"spacer\" style=\"height: 10px;\"><\/div><h2 class=\"headline font-inherit fontsize-l fontweight-700 lh-inherit align-left transform-inherit \" style=\"margin: 0 0 20px 0;\">Syst\u00e8me de fa\u00e7ades Thermia &#8211; Fen\u00eatres pour fa\u00e7ades vitr\u00e9es<\/h2><div class=\"newdivider align-center\" style=\"border-bottom-style: solid; border-color: #595959; border-bottom-width: 1px; margin-top: 5px; margin-bottom: 5px; width: 100%; \"><\/div><div class=\"clear\"><\/div><div class=\"spacer\" style=\"height: 10px;\"><\/div>[\/vc_column][\/vc_row][vc_row bottom_padding=\u00a0\u00bb60px\u00a0\u00bb][vc_column width=\u00a0\u00bb1\/3&Prime;]<div class=\"divider-title align-left\" >THERMIA\u00a0FS45\u00a0QUICK<\/div>[vc_column_text]La <strong>s\u00e9rie\u00a0Thermia\u00a0FS45\u00a0QUICK<\/strong> est un syst\u00e8me de <strong>fa\u00e7ades l\u00e9g\u00e8res<\/strong> sp\u00e9cialement con\u00e7ues pour des h\u00f4tels ou des restaurants qui recherchent des enveloppes vitr\u00e9es. Le syst\u00e8me\u00a0Thermia\u00a0QUICK permet une <strong>installation rapide et facile \u00e0 moindre co\u00fbt.<br \/>\n<\/strong>[\/vc_column_text]<a href=\"https:\/\/thermiabarcelona.com\/fr\/fenetres-a-battants\/serie-thermia-fs45-quick\/\" target=\"_blank\" class=\"button custom small \" style=\"background-color: #3583c6; border-color: #3583c6;border-radius: 2px;\">Voir fiche Thermia\u00a0FS45\u00a0QUICK<\/a>[\/vc_column][vc_column width=\u00a0\u00bb1\/3&Prime;]<div class=\"single_image wpb_content_element align-left    \" data-animation=\"none\" data-delay=\"0\"><img fetchpriority=\"high\" decoding=\"async\" class=\"\" src=\"https:\/\/thermiabarcelona.com\/wp-content\/uploads\/2021\/10\/Thermia-QUICK_cristal-pegado-300x300.jpg\" width=\"300\" height=\"300\" alt=\"THERMIA QUICK PARA FACHADAS\" title=\"Thermia-QUICK_cristal-pegado\" \/><\/div>[\/vc_column][vc_column width=\u00a0\u00bb1\/3&Prime;]<div class=\"single_image wpb_content_element align-left   image_opacity \" data-animation=\"none\" data-delay=\"0\"><img decoding=\"async\" width=\"260\" height=\"314\" src=\"https:\/\/thermiabarcelona.com\/wp-content\/uploads\/2021\/10\/Valores_QUick-1.jpg\" class=\"attachment-full\" alt=\"prestaciones Thermia Quick\" title=\"Valores_QUick\" srcset=\"https:\/\/thermiabarcelona.com\/wp-content\/uploads\/2021\/10\/Valores_QUick-1.jpg 260w, https:\/\/thermiabarcelona.com\/wp-content\/uploads\/2021\/10\/Valores_QUick-1-248x300.jpg 248w\" sizes=\"(max-width: 260px) 100vw, 260px\" \/><\/div>[\/vc_column][\/vc_row][vc_row][vc_column width=\u00a0\u00bb1\/1&Prime;]<div class=\"spacer\" style=\"height: 30px;\"><\/div><div class=\"newdivider align-center\" style=\"border-bottom-style: dashed; border-color: #ededed; border-bottom-width: 1px; margin-top: 5px; margin-bottom: 5px; width: 100%; \"><\/div><div class=\"clear\"><\/div><div class=\"spacer\" style=\"height: 30px;\"><\/div>[\/vc_column][\/vc_row][vc_row type=\u00a0\u00bbfull_width_section\u00a0\u00bb][vc_column]<div class=\"callout clearfix\" style=\"background-color:#6393ec; color:#ffffff;\">\n\t\t<div class=\"callout-text\">Quel est votre projet\u00a0? Contactez d\u00e8s \u00e0 pr\u00e9sent Thermia\u00a0Barcelona<\/div>\n\t\t\t<div class=\"callout-button\"><a class=\"button medium color-8\" href=\"\/contacto\/\" target=\"_blank\">Contactez-nous !<\/a><\/div>\n\t\t<\/div>[\/vc_column][\/vc_row]<\/p>\n<\/div>","protected":false},"excerpt":{"rendered":"<p>[vc_row][vc_column width=\u00a0\u00bb1\/1&Prime;][\/vc_column][\/vc_row][vc_row bottom_padding=\u00a0\u00bb60px\u00a0\u00bb][vc_column width=\u00a0\u00bb1\/3&Prime;][vc_column_text]La s\u00e9rie\u00a0Thermia\u00a0FS45\u00a0QUICK est un syst\u00e8me de fa\u00e7ades l\u00e9g\u00e8res sp\u00e9cialement con\u00e7ues pour des h\u00f4tels ou des restaurants qui recherchent des enveloppes vitr\u00e9es. Le syst\u00e8me\u00a0Thermia\u00a0QUICK permet une installation rapide et facile \u00e0 moindre co\u00fbt. [\/vc_column_text][\/vc_column][vc_column width=\u00a0\u00bb1\/3&Prime;][\/vc_column][vc_column width=\u00a0\u00bb1\/3&Prime;][\/vc_column][\/vc_row][vc_row][vc_column width=\u00a0\u00bb1\/1&Prime;][\/vc_column][\/vc_row][vc_row type=\u00a0\u00bbfull_width_section\u00a0\u00bb][vc_column][\/vc_column][\/vc_row]<\/p>\n","protected":false},"author":3,"featured_media":0,"parent":0,"menu_order":0,"comment_status":"closed","ping_status":"closed","template":"","meta":{"footnotes":""},"class_list":["post-38023","page","type-page","status-publish","hentry"],"yoast_head":"<!-- This site is optimized with the Yoast SEO Premium plugin v26.7 (Yoast SEO v27.3) - https:\/\/yoast.com\/product\/yoast-seo-premium-wordpress\/ -->\n<title>Syst\u00e8me de fen\u00eatres pour fa\u00e7ades vitr\u00e9es Thermia\u00ae\u00a0QUICK<\/title>\n<meta name=\"description\" content=\"Le syst\u00e8me de fa\u00e7ades l\u00e9g\u00e8res en aluminium Thermia\u00a0QUICK est id\u00e9al pour les projets n\u00e9cessitant des enveloppes vitr\u00e9es offrant les meilleures prestations contre les agents atmosph\u00e9riques.\" \/>\n<meta name=\"robots\" content=\"index, follow, max-snippet:-1, max-image-preview:large, max-video-preview:-1\" \/>\n<link rel=\"canonical\" href=\"https:\/\/thermiabarcelona.com\/fr\/systeme-de-facades-thermia\/\" \/>\n<meta property=\"og:locale\" content=\"fr_FR\" \/>\n<meta property=\"og:type\" content=\"article\" \/>\n<meta property=\"og:title\" content=\"Syst\u00e8me de fa\u00e7ades l\u00e9g\u00e8res Thermia pour b\u00e2timents vitr\u00e9s\" \/>\n<meta property=\"og:description\" content=\"Le syst\u00e8me de fa\u00e7ades l\u00e9g\u00e8res en aluminium Thermia\u00a0QUICK est id\u00e9al pour les projets n\u00e9cessitant des enveloppes vitr\u00e9es offrant les meilleures prestations contre les agents atmosph\u00e9riques.\" \/>\n<meta property=\"og:url\" content=\"https:\/\/thermiabarcelona.com\/fr\/systeme-de-facades-thermia\/\" \/>\n<meta property=\"og:site_name\" content=\"Thermia Barcelona. Ventanas para vivir mejor\" \/>\n<meta property=\"article:publisher\" content=\"https:\/\/www.facebook.com\/thermiabarcelona\/\" \/>\n<meta property=\"article:modified_time\" content=\"2021-10-18T12:16:29+00:00\" \/>\n<meta property=\"og:image\" content=\"https:\/\/thermiabarcelona.com\/wp-content\/uploads\/2021\/10\/01Ventanas-aluminio-Thermia-QUICK.jpg\" \/>\n<meta name=\"twitter:card\" content=\"summary_large_image\" \/>\n<meta name=\"twitter:title\" content=\"Syst\u00e8me de fa\u00e7ades Thermia\" \/>\n<meta name=\"twitter:label1\" content=\"Dur\u00e9e de lecture estim\u00e9e\" \/>\n\t<meta name=\"twitter:data1\" content=\"1 minute\" \/>\n<script type=\"application\/ld+json\" class=\"yoast-schema-graph\">{\"@context\":\"https:\\\/\\\/schema.org\",\"@graph\":[{\"@type\":\"WebPage\",\"@id\":\"https:\\\/\\\/thermiabarcelona.com\\\/fr\\\/systeme-de-facades-thermia\\\/\",\"url\":\"https:\\\/\\\/thermiabarcelona.com\\\/fr\\\/systeme-de-facades-thermia\\\/\",\"name\":\"Syst\u00e8me de fen\u00eatres pour fa\u00e7ades vitr\u00e9es Thermia\u00ae\u00a0QUICK\",\"isPartOf\":{\"@id\":\"https:\\\/\\\/thermiabarcelona.com\\\/#website\"},\"datePublished\":\"2021-10-18T11:17:27+00:00\",\"dateModified\":\"2021-10-18T12:16:29+00:00\",\"description\":\"Le syst\u00e8me de fa\u00e7ades l\u00e9g\u00e8res en aluminium Thermia\u00a0QUICK est id\u00e9al pour les projets n\u00e9cessitant des enveloppes vitr\u00e9es offrant les meilleures prestations contre les agents atmosph\u00e9riques.\",\"breadcrumb\":{\"@id\":\"https:\\\/\\\/thermiabarcelona.com\\\/fr\\\/systeme-de-facades-thermia\\\/#breadcrumb\"},\"inLanguage\":\"fr-FR\",\"potentialAction\":[{\"@type\":\"ReadAction\",\"target\":[\"https:\\\/\\\/thermiabarcelona.com\\\/fr\\\/systeme-de-facades-thermia\\\/\"]}]},{\"@type\":\"BreadcrumbList\",\"@id\":\"https:\\\/\\\/thermiabarcelona.com\\\/fr\\\/systeme-de-facades-thermia\\\/#breadcrumb\",\"itemListElement\":[{\"@type\":\"ListItem\",\"position\":1,\"name\":\"Portada\",\"item\":\"https:\\\/\\\/thermiabarcelona.com\\\/\"},{\"@type\":\"ListItem\",\"position\":2,\"name\":\"Syst\u00e8me de fa\u00e7ades Thermia\"}]},{\"@type\":\"WebSite\",\"@id\":\"https:\\\/\\\/thermiabarcelona.com\\\/#website\",\"url\":\"https:\\\/\\\/thermiabarcelona.com\\\/\",\"name\":\"Thermia Barcelona. Ventanas para vivir mejor\",\"description\":\"Ventanas de calidad, duraderas y f\u00e1ciles de fabricar. Dise\u00f1o.Confort.Silencio\",\"publisher\":{\"@id\":\"https:\\\/\\\/thermiabarcelona.com\\\/#organization\"},\"potentialAction\":[{\"@type\":\"SearchAction\",\"target\":{\"@type\":\"EntryPoint\",\"urlTemplate\":\"https:\\\/\\\/thermiabarcelona.com\\\/?s={search_term_string}\"},\"query-input\":{\"@type\":\"PropertyValueSpecification\",\"valueRequired\":true,\"valueName\":\"search_term_string\"}}],\"inLanguage\":\"fr-FR\"},{\"@type\":\"Organization\",\"@id\":\"https:\\\/\\\/thermiabarcelona.com\\\/#organization\",\"name\":\"Thermia Barcelona\",\"url\":\"https:\\\/\\\/thermiabarcelona.com\\\/\",\"logo\":{\"@type\":\"ImageObject\",\"inLanguage\":\"fr-FR\",\"@id\":\"https:\\\/\\\/thermiabarcelona.com\\\/#\\\/schema\\\/logo\\\/image\\\/\",\"url\":\"https:\\\/\\\/thermiabarcelona.com\\\/wp-content\\\/uploads\\\/2018\\\/08\\\/logo_thermia-1.jpg\",\"contentUrl\":\"https:\\\/\\\/thermiabarcelona.com\\\/wp-content\\\/uploads\\\/2018\\\/08\\\/logo_thermia-1.jpg\",\"width\":345,\"height\":158,\"caption\":\"Thermia Barcelona\"},\"image\":{\"@id\":\"https:\\\/\\\/thermiabarcelona.com\\\/#\\\/schema\\\/logo\\\/image\\\/\"},\"sameAs\":[\"https:\\\/\\\/www.facebook.com\\\/thermiabarcelona\\\/\",\"https:\\\/\\\/www.instagram.com\\\/thermiabarcelona\\\/\",\"https:\\\/\\\/es.linkedin.com\\\/company\\\/thermia-barcelona\",\"https:\\\/\\\/www.youtube.com\\\/thermiabarcelona\"]}]}<\/script>\n<!-- \/ Yoast SEO Premium plugin. -->","yoast_head_json":{"title":"Syst\u00e8me de fen\u00eatres pour fa\u00e7ades vitr\u00e9es Thermia\u00ae\u00a0QUICK","description":"Le syst\u00e8me de fa\u00e7ades l\u00e9g\u00e8res en aluminium Thermia\u00a0QUICK est id\u00e9al pour les projets n\u00e9cessitant des enveloppes vitr\u00e9es offrant les meilleures prestations contre les agents atmosph\u00e9riques.","robots":{"index":"index","follow":"follow","max-snippet":"max-snippet:-1","max-image-preview":"max-image-preview:large","max-video-preview":"max-video-preview:-1"},"canonical":"https:\/\/thermiabarcelona.com\/fr\/systeme-de-facades-thermia\/","og_locale":"fr_FR","og_type":"article","og_title":"Syst\u00e8me de fa\u00e7ades l\u00e9g\u00e8res Thermia pour b\u00e2timents vitr\u00e9s","og_description":"Le syst\u00e8me de fa\u00e7ades l\u00e9g\u00e8res en aluminium Thermia\u00a0QUICK est id\u00e9al pour les projets n\u00e9cessitant des enveloppes vitr\u00e9es offrant les meilleures prestations contre les agents atmosph\u00e9riques.","og_url":"https:\/\/thermiabarcelona.com\/fr\/systeme-de-facades-thermia\/","og_site_name":"Thermia Barcelona. Ventanas para vivir mejor","article_publisher":"https:\/\/www.facebook.com\/thermiabarcelona\/","article_modified_time":"2021-10-18T12:16:29+00:00","og_image":[{"url":"https:\/\/thermiabarcelona.com\/wp-content\/uploads\/2021\/10\/01Ventanas-aluminio-Thermia-QUICK.jpg","type":"","width":"","height":""}],"twitter_card":"summary_large_image","twitter_title":"Syst\u00e8me de fa\u00e7ades Thermia","twitter_misc":{"Dur\u00e9e de lecture estim\u00e9e":"1 minute"},"schema":{"@context":"https:\/\/schema.org","@graph":[{"@type":"WebPage","@id":"https:\/\/thermiabarcelona.com\/fr\/systeme-de-facades-thermia\/","url":"https:\/\/thermiabarcelona.com\/fr\/systeme-de-facades-thermia\/","name":"Syst\u00e8me de fen\u00eatres pour fa\u00e7ades vitr\u00e9es Thermia\u00ae\u00a0QUICK","isPartOf":{"@id":"https:\/\/thermiabarcelona.com\/#website"},"datePublished":"2021-10-18T11:17:27+00:00","dateModified":"2021-10-18T12:16:29+00:00","description":"Le syst\u00e8me de fa\u00e7ades l\u00e9g\u00e8res en aluminium Thermia\u00a0QUICK est id\u00e9al pour les projets n\u00e9cessitant des enveloppes vitr\u00e9es offrant les meilleures prestations contre les agents atmosph\u00e9riques.","breadcrumb":{"@id":"https:\/\/thermiabarcelona.com\/fr\/systeme-de-facades-thermia\/#breadcrumb"},"inLanguage":"fr-FR","potentialAction":[{"@type":"ReadAction","target":["https:\/\/thermiabarcelona.com\/fr\/systeme-de-facades-thermia\/"]}]},{"@type":"BreadcrumbList","@id":"https:\/\/thermiabarcelona.com\/fr\/systeme-de-facades-thermia\/#breadcrumb","itemListElement":[{"@type":"ListItem","position":1,"name":"Portada","item":"https:\/\/thermiabarcelona.com\/"},{"@type":"ListItem","position":2,"name":"Syst\u00e8me de fa\u00e7ades Thermia"}]},{"@type":"WebSite","@id":"https:\/\/thermiabarcelona.com\/#website","url":"https:\/\/thermiabarcelona.com\/","name":"Thermia Barcelona. Ventanas para vivir mejor","description":"Ventanas de calidad, duraderas y f\u00e1ciles de fabricar. Dise\u00f1o.Confort.Silencio","publisher":{"@id":"https:\/\/thermiabarcelona.com\/#organization"},"potentialAction":[{"@type":"SearchAction","target":{"@type":"EntryPoint","urlTemplate":"https:\/\/thermiabarcelona.com\/?s={search_term_string}"},"query-input":{"@type":"PropertyValueSpecification","valueRequired":true,"valueName":"search_term_string"}}],"inLanguage":"fr-FR"},{"@type":"Organization","@id":"https:\/\/thermiabarcelona.com\/#organization","name":"Thermia Barcelona","url":"https:\/\/thermiabarcelona.com\/","logo":{"@type":"ImageObject","inLanguage":"fr-FR","@id":"https:\/\/thermiabarcelona.com\/#\/schema\/logo\/image\/","url":"https:\/\/thermiabarcelona.com\/wp-content\/uploads\/2018\/08\/logo_thermia-1.jpg","contentUrl":"https:\/\/thermiabarcelona.com\/wp-content\/uploads\/2018\/08\/logo_thermia-1.jpg","width":345,"height":158,"caption":"Thermia Barcelona"},"image":{"@id":"https:\/\/thermiabarcelona.com\/#\/schema\/logo\/image\/"},"sameAs":["https:\/\/www.facebook.com\/thermiabarcelona\/","https:\/\/www.instagram.com\/thermiabarcelona\/","https:\/\/es.linkedin.com\/company\/thermia-barcelona","https:\/\/www.youtube.com\/thermiabarcelona"]}]}},"_links":{"self":[{"href":"https:\/\/thermiabarcelona.com\/fr\/wp-json\/wp\/v2\/pages\/38023","targetHints":{"allow":["GET"]}}],"collection":[{"href":"https:\/\/thermiabarcelona.com\/fr\/wp-json\/wp\/v2\/pages"}],"about":[{"href":"https:\/\/thermiabarcelona.com\/fr\/wp-json\/wp\/v2\/types\/page"}],"author":[{"embeddable":true,"href":"https:\/\/thermiabarcelona.com\/fr\/wp-json\/wp\/v2\/users\/3"}],"replies":[{"embeddable":true,"href":"https:\/\/thermiabarcelona.com\/fr\/wp-json\/wp\/v2\/comments?post=38023"}],"version-history":[{"count":0,"href":"https:\/\/thermiabarcelona.com\/fr\/wp-json\/wp\/v2\/pages\/38023\/revisions"}],"wp:attachment":[{"href":"https:\/\/thermiabarcelona.com\/fr\/wp-json\/wp\/v2\/media?parent=38023"}],"curies":[{"name":"wp","href":"https:\/\/api.w.org\/{rel}","templated":true}]}}