{"id":27258,"date":"2019-09-13T08:07:28","date_gmt":"2019-09-13T08:07:28","guid":{"rendered":"https:\/\/thermiabarcelona.com\/fenetres-a-battants-en-aluminium-thermia\/"},"modified":"2019-11-20T13:42:28","modified_gmt":"2019-11-20T13:42:28","slug":"fenetres-a-battants-en-aluminium-thermia","status":"publish","type":"page","link":"https:\/\/thermiabarcelona.com\/fr\/fenetres-a-battants-en-aluminium-thermia\/","title":{"rendered":"Fen\u00eatres \u00e0 battants en aluminium\u00a0Thermia"},"content":{"rendered":"<div class=\"wpb-content-wrapper\"><p>[vc_row][vc_column width=\u00a0\u00bb1\/1&Prime;]<div class=\"spacer\" style=\"height: 60px;\"><\/div>[\/vc_column][\/vc_row][vc_row][vc_column column_padding=\u00a0\u00bbpadding-2&Prime; width=\u00a0\u00bb2\/3&Prime;]<h1 class=\"headline font-inherit fontsize-xxxl fontweight-600 lh-12 align-left transform-inherit \" style=\"margin: 0 0 10px 0;\">Les fen\u00eatres \u00e0 battants\u00a0Thermia\u00ae<\/h1><div class=\"spacer\" style=\"height: 40px;\"><\/div>[vc_column_text]<img decoding=\"async\" class=\"wp-image-22852 alignleft\" src=\"https:\/\/thermiabarcelona.com\/wp-content\/uploads\/2018\/06\/finestra_practicable-300x238.png\" alt=\"ventana practicable\" width=\"213\" height=\"175\" \/><strong>De mani\u00e8re g\u00e9n\u00e9rale, les portes et les fen\u00eatres \u00e0 battants en aluminium\u00a0de Thermia\u00a0garantissent une meilleure isolation thermoacoustique<\/strong>, car selon leur syst\u00e8me de fermeture, le battant se ferme contre le dormant. Ajout\u00e9 au syst\u00e8me de joints r\u00e9parti dans tout le p\u00e9rim\u00e8tre des battants, cela permet de garantir une excellente isolation.<strong><br \/>\n<\/strong>[\/vc_column_text]<a href=\"https:\/\/thermiabarcelona.com\/fr\/contacter-un-distributeur-de-fenetres-thermia\/\" target=\"_self\" class=\"button orange medium \" style=\"border-radius: 2px;\"><i class='fa fa-envelope'><\/i>Vous souhaitez recevoir un devis\u00a0? Envoyez-nous vos coordonn\u00e9es.<\/a>[\/vc_column][vc_column animation=\u00a0\u00bbfade-in\u00a0\u00bb bg_color=\u00a0\u00bb#425b92&Prime; column_padding=\u00a0\u00bbpadding-3&Prime; text_color=\u00a0\u00bblight\u00a0\u00bb width=\u00a0\u00bb1\/3&Prime;][vc_column_text]<\/p>\n<h2>Cette solution de fen\u00eatres \u00e0 battants est id\u00e9ale pour\u00a0:<\/h2>\n<ul>\n<li>Les pi\u00e8ces froides qui n\u00e9cessitent une isolation \u00e9lev\u00e9e.<\/li>\n<li>Les pi\u00e8ces bruyantes.<\/li>\n<li>Des\u00a0\u00e9conomies d&rsquo;\u00e9nergie significatives\u00a0: le syst\u00e8me oscillo-battant permet de ventiler au minimum la pi\u00e8ce sans pertes excessives d&rsquo;\u00e9nergie.<\/li>\n<\/ul>\n<p>[\/vc_column_text][\/vc_column][\/vc_row][vc_row top_padding=\u00a0\u00bb40&Prime; bottom_padding=\u00a0\u00bb40&Prime;][vc_column width=\u00a0\u00bb2\/3&Prime;]<div class=\"single_image wpb_content_element align-left    \" data-animation=\"none\" data-delay=\"0\"><img fetchpriority=\"high\" decoding=\"async\" width=\"942\" height=\"749\" src=\"https:\/\/thermiabarcelona.com\/wp-content\/uploads\/2018\/06\/ventana-thermia-practicable-AR78.jpg\" class=\"attachment-full\" alt=\"\" title=\"ventana-thermia-practicable-AR78\" srcset=\"https:\/\/thermiabarcelona.com\/wp-content\/uploads\/2018\/06\/ventana-thermia-practicable-AR78.jpg 942w, https:\/\/thermiabarcelona.com\/wp-content\/uploads\/2018\/06\/ventana-thermia-practicable-AR78-300x239.jpg 300w, https:\/\/thermiabarcelona.com\/wp-content\/uploads\/2018\/06\/ventana-thermia-practicable-AR78-768x611.jpg 768w\" sizes=\"(max-width: 942px) 100vw, 942px\" \/><\/div>[\/vc_column][vc_column width=\u00a0\u00bb1\/3&Prime;]<div class=\"single_image wpb_content_element align-left    \" data-animation=\"none\" data-delay=\"0\"><img decoding=\"async\" width=\"864\" height=\"686\" src=\"https:\/\/thermiabarcelona.com\/wp-content\/uploads\/2018\/06\/ventana-thermiabarcelona-practicable.jpg\" class=\"attachment-full\" alt=\"\" title=\"ventana-thermiabarcelona-practicable\" srcset=\"https:\/\/thermiabarcelona.com\/wp-content\/uploads\/2018\/06\/ventana-thermiabarcelona-practicable.jpg 864w, https:\/\/thermiabarcelona.com\/wp-content\/uploads\/2018\/06\/ventana-thermiabarcelona-practicable-300x238.jpg 300w, https:\/\/thermiabarcelona.com\/wp-content\/uploads\/2018\/06\/ventana-thermiabarcelona-practicable-768x610.jpg 768w\" sizes=\"(max-width: 864px) 100vw, 864px\" \/><\/div><div class=\"single_image wpb_content_element align-left    \" data-animation=\"none\" data-delay=\"0\"><img loading=\"lazy\" decoding=\"async\" width=\"864\" height=\"686\" src=\"https:\/\/thermiabarcelona.com\/wp-content\/uploads\/2018\/06\/mallorquina-thermiabarcelona.jpg\" class=\"attachment-full\" alt=\"\" title=\"mallorquina-thermiabarcelona\" srcset=\"https:\/\/thermiabarcelona.com\/wp-content\/uploads\/2018\/06\/mallorquina-thermiabarcelona.jpg 864w, https:\/\/thermiabarcelona.com\/wp-content\/uploads\/2018\/06\/mallorquina-thermiabarcelona-300x238.jpg 300w, https:\/\/thermiabarcelona.com\/wp-content\/uploads\/2018\/06\/mallorquina-thermiabarcelona-768x610.jpg 768w\" sizes=\"(max-width: 864px) 100vw, 864px\" \/><\/div>[\/vc_column][\/vc_row][vc_row top_padding=\u00a0\u00bb10&Prime; bottom_padding=\u00a0\u00bb10&Prime;][vc_column width=\u00a0\u00bb1\/2&Prime;]<div class=\"single_image wpb_content_element align-left    \" data-animation=\"none\" data-delay=\"0\"><img loading=\"lazy\" decoding=\"async\" width=\"680\" height=\"456\" src=\"https:\/\/thermiabarcelona.com\/wp-content\/uploads\/2018\/06\/ThermiaBarcelona-ventana-practicable.jpg\" class=\"attachment-full\" alt=\"\" title=\"ThermiaBarcelona-ventana-practicable\" srcset=\"https:\/\/thermiabarcelona.com\/wp-content\/uploads\/2018\/06\/ThermiaBarcelona-ventana-practicable.jpg 680w, https:\/\/thermiabarcelona.com\/wp-content\/uploads\/2018\/06\/ThermiaBarcelona-ventana-practicable-300x201.jpg 300w\" sizes=\"(max-width: 680px) 100vw, 680px\" \/><\/div>[\/vc_column][vc_column width=\u00a0\u00bb1\/2&Prime;]<div class=\"spacer\" style=\"height: 90px;\"><\/div><h1 class=\"headline font-inherit fontsize-xl fontweight-300 lh-12 align-left transform-inherit \" style=\"margin: 0 0 20px 0; color: #425b92;\"><b>Gr\u00e2ce \u00e0 leur \u00e9tanch\u00e9it\u00e9, <\/b> les fen\u00eatres \u00e0 battants assurent une <b>isolation thermique et acoustique maximale<\/b>.<\/p>\n<p>Elles permettent \u00e9galement de renouveler l&rsquo;air des espaces de mani\u00e8re plus \u00e9cologique.<\/h1><a href=\"https:\/\/thermiabarcelona.com\/wp-content\/uploads\/2018\/12\/Ventanas_de_aluminio_thermia_barcelona.pdf\" target=\"_self\" class=\"button color-4 medium \" style=\"border-radius: 2px;\"><i class='fa fa-eye'><\/i>Voir tout le catalogue<\/a><div class=\"spacer\" style=\"height: 40px;\"><\/div><div class=\"single_image wpb_content_element align-left    \" data-animation=\"none\" data-delay=\"0\"><img loading=\"lazy\" decoding=\"async\" width=\"1863\" height=\"686\" src=\"https:\/\/thermiabarcelona.com\/wp-content\/uploads\/2018\/06\/ThermiaBarcelona-ventana-practicable-oscilo.jpg\" class=\"attachment-full\" alt=\"\" title=\"ThermiaBarcelona-ventana-practicable-oscilo\" srcset=\"https:\/\/thermiabarcelona.com\/wp-content\/uploads\/2018\/06\/ThermiaBarcelona-ventana-practicable-oscilo.jpg 1863w, https:\/\/thermiabarcelona.com\/wp-content\/uploads\/2018\/06\/ThermiaBarcelona-ventana-practicable-oscilo-300x110.jpg 300w, https:\/\/thermiabarcelona.com\/wp-content\/uploads\/2018\/06\/ThermiaBarcelona-ventana-practicable-oscilo-768x283.jpg 768w, https:\/\/thermiabarcelona.com\/wp-content\/uploads\/2018\/06\/ThermiaBarcelona-ventana-practicable-oscilo-1024x377.jpg 1024w\" sizes=\"(max-width: 1863px) 100vw, 1863px\" \/><\/div>[\/vc_column][\/vc_row][vc_row top_padding=\u00a0\u00bb40&Prime;][vc_column width=\u00a0\u00bb1\/4&Prime;]<div class=\"box clearfix style-2 wpb_content_element align-left \" style=\"padding: 40px 40px 40px 40px; \"><strong><img loading=\"lazy\" decoding=\"async\" class=\" wp-image-22856 alignnone\" src=\"https:\/\/thermiabarcelona.com\/wp-content\/uploads\/2018\/06\/neteja-300x227.jpg\" alt=\"chica limpiando ventana\" width=\"191\" height=\"146\" \/><\/strong><\/p>\n<h2><strong>Nettoyage simplifi\u00e9<\/strong><\/h2>\n<p>Nettoyage plus facile des espaces non accessibles depuis le balcon<strong><br \/>\n<\/strong><\/div><div class=\"box clearfix style-2 wpb_content_element align-left \" style=\"padding: 40px 40px 40px 40px; \"><img loading=\"lazy\" decoding=\"async\" class=\"alignnone wp-image-22857\" src=\"https:\/\/thermiabarcelona.com\/wp-content\/uploads\/2018\/06\/thermiabarcelona_oscilobatiente-300x245.jpg\" alt=\"ventana oscilobatiente thermia barcelona\" width=\"227\" height=\"198\" \/><\/p>\n<h2><strong>Conseil pratique<br \/>\n<\/strong><\/h2>\n<p><strong>Ouverture oscillo-battante<\/strong> en \u00e9t\u00e9 comme en hiver pour des \u00e9conomies d&rsquo;\u00e9nergie importantes et plus de s\u00e9curit\u00e9.<\/div>[\/vc_column][vc_column width=\u00a0\u00bb3\/4&Prime;]<div class=\"single_image wpb_content_element align-left    \" data-animation=\"none\" data-delay=\"0\"><img loading=\"lazy\" decoding=\"async\" width=\"1980\" height=\"1687\" src=\"https:\/\/thermiabarcelona.com\/wp-content\/uploads\/2018\/06\/Thermia-Standard-RPT-AR52.jpg\" class=\"attachment-full\" alt=\"\" title=\"Thermia-Standard-RPT-AR52\" srcset=\"https:\/\/thermiabarcelona.com\/wp-content\/uploads\/2018\/06\/Thermia-Standard-RPT-AR52.jpg 1980w, https:\/\/thermiabarcelona.com\/wp-content\/uploads\/2018\/06\/Thermia-Standard-RPT-AR52-300x256.jpg 300w, https:\/\/thermiabarcelona.com\/wp-content\/uploads\/2018\/06\/Thermia-Standard-RPT-AR52-768x654.jpg 768w, https:\/\/thermiabarcelona.com\/wp-content\/uploads\/2018\/06\/Thermia-Standard-RPT-AR52-1024x872.jpg 1024w\" sizes=\"(max-width: 1980px) 100vw, 1980px\" \/><\/div>[\/vc_column][\/vc_row][vc_row][vc_column width=\u00a0\u00bb1\/1&Prime;]<div class=\"spacer\" style=\"height: 40px;\"><\/div>[\/vc_column][\/vc_row]<\/p>\n<\/div>","protected":false},"excerpt":{"rendered":"<p>[vc_row][vc_column width=\u00a0\u00bb1\/1&Prime;][\/vc_column][\/vc_row][vc_row][vc_column column_padding=\u00a0\u00bbpadding-2&Prime; width=\u00a0\u00bb2\/3&Prime;][vc_column_text]De mani\u00e8re g\u00e9n\u00e9rale, les portes et les fen\u00eatres \u00e0 battants en aluminium\u00a0de Thermia\u00a0garantissent une meilleure isolation thermoacoustique, car selon leur syst\u00e8me de fermeture, le battant se ferme contre le dormant. Ajout\u00e9 au syst\u00e8me de joints r\u00e9parti dans tout le p\u00e9rim\u00e8tre des battants, cela permet de garantir une excellente isolation. [\/vc_column_text][\/vc_column][vc_column animation=\u00a0\u00bbfade-in\u00a0\u00bb bg_color=\u00a0\u00bb#425b92&Prime; column_padding=\u00a0\u00bbpadding-3&Prime; text_color=\u00a0\u00bblight\u00a0\u00bb width=\u00a0\u00bb1\/3&Prime;][vc_column_text] Cette solution de fen\u00eatres \u00e0 battants est id\u00e9ale pour\u00a0: Les pi\u00e8ces froides qui n\u00e9cessitent une isolation \u00e9lev\u00e9e. Les pi\u00e8ces bruyantes. Des\u00a0\u00e9conomies d&rsquo;\u00e9nergie significatives\u00a0: le syst\u00e8me oscillo-battant permet de ventiler au minimum la pi\u00e8ce sans pertes excessives d&rsquo;\u00e9nergie. [\/vc_column_text][\/vc_column][\/vc_row][vc_row top_padding=\u00a0\u00bb40&Prime; bottom_padding=\u00a0\u00bb40&Prime;][vc_column width=\u00a0\u00bb2\/3&Prime;][\/vc_column][vc_column width=\u00a0\u00bb1\/3&Prime;][\/vc_column][\/vc_row][vc_row top_padding=\u00a0\u00bb10&Prime; bottom_padding=\u00a0\u00bb10&Prime;][vc_column width=\u00a0\u00bb1\/2&Prime;][\/vc_column][vc_column width=\u00a0\u00bb1\/2&Prime;][\/vc_column][\/vc_row][vc_row top_padding=\u00a0\u00bb40&Prime;][vc_column width=\u00a0\u00bb1\/4&Prime;][\/vc_column][vc_column width=\u00a0\u00bb3\/4&Prime;][\/vc_column][\/vc_row][vc_row][vc_column width=\u00a0\u00bb1\/1&Prime;][\/vc_column][\/vc_row]<\/p>\n","protected":false},"author":3,"featured_media":0,"parent":0,"menu_order":0,"comment_status":"open","ping_status":"open","template":"","meta":{"footnotes":""},"class_list":["post-27258","page","type-page","status-publish","hentry"],"yoast_head":"<!-- This site is optimized with the Yoast SEO Premium plugin v26.7 (Yoast SEO v26.8) - https:\/\/yoast.com\/product\/yoast-seo-premium-wordpress\/ -->\n<title>Fen\u00eatres \u00e0 battants en aluminium | Thermia\u00a0Barcelona<\/title>\n<meta name=\"description\" content=\"Les portes et les fen\u00eatres \u00e0 battants en aluminium\u00a0Thermia\u00a0Barcelona garantissent une meilleure isolation thermoacoustique et permettent de r\u00e9aliser des \u00e9conomies d&#039;\u00e9nergie plus importantes.\" \/>\n<meta name=\"robots\" content=\"index, follow, max-snippet:-1, max-image-preview:large, max-video-preview:-1\" \/>\n<link rel=\"canonical\" href=\"https:\/\/thermiabarcelona.com\/fr\/fenetres-a-battants-en-aluminium-thermia\/\" \/>\n<meta property=\"og:locale\" content=\"fr_FR\" \/>\n<meta property=\"og:type\" content=\"article\" \/>\n<meta property=\"og:title\" content=\"Fen\u00eatres \u00e0 battants en aluminium\u00a0Thermia\" \/>\n<meta property=\"og:description\" content=\"Les portes et les fen\u00eatres \u00e0 battants en aluminium\u00a0Thermia\u00a0Barcelona garantissent une meilleure isolation thermoacoustique et permettent de r\u00e9aliser des \u00e9conomies d&#039;\u00e9nergie plus importantes.\" \/>\n<meta property=\"og:url\" content=\"https:\/\/thermiabarcelona.com\/fr\/fenetres-a-battants-en-aluminium-thermia\/\" \/>\n<meta property=\"og:site_name\" content=\"Thermia Barcelona. Ventanas para vivir mejor\" \/>\n<meta property=\"article:publisher\" content=\"https:\/\/www.facebook.com\/thermiabarcelona\/\" \/>\n<meta property=\"article:modified_time\" content=\"2019-11-20T13:42:28+00:00\" \/>\n<meta property=\"og:image\" content=\"https:\/\/thermiabarcelona.com\/wp-content\/uploads\/2018\/06\/finestra_practicable-300x238.png\" \/>\n<meta name=\"twitter:card\" content=\"summary_large_image\" \/>\n<meta name=\"twitter:label1\" content=\"Dur\u00e9e de lecture estim\u00e9e\" \/>\n\t<meta name=\"twitter:data1\" content=\"2 minutes\" \/>\n<script type=\"application\/ld+json\" class=\"yoast-schema-graph\">{\"@context\":\"https:\/\/schema.org\",\"@graph\":[{\"@type\":\"WebPage\",\"@id\":\"https:\/\/thermiabarcelona.com\/fr\/fenetres-a-battants-en-aluminium-thermia\/\",\"url\":\"https:\/\/thermiabarcelona.com\/fr\/fenetres-a-battants-en-aluminium-thermia\/\",\"name\":\"Fen\u00eatres \u00e0 battants en aluminium | Thermia\u00a0Barcelona\",\"isPartOf\":{\"@id\":\"https:\/\/thermiabarcelona.com\/#website\"},\"primaryImageOfPage\":{\"@id\":\"https:\/\/thermiabarcelona.com\/fr\/fenetres-a-battants-en-aluminium-thermia\/#primaryimage\"},\"image\":{\"@id\":\"https:\/\/thermiabarcelona.com\/fr\/fenetres-a-battants-en-aluminium-thermia\/#primaryimage\"},\"thumbnailUrl\":\"https:\/\/thermiabarcelona.com\/wp-content\/uploads\/2018\/06\/finestra_practicable-300x238.png\",\"datePublished\":\"2019-09-13T08:07:28+00:00\",\"dateModified\":\"2019-11-20T13:42:28+00:00\",\"description\":\"Les portes et les fen\u00eatres \u00e0 battants en aluminium\u00a0Thermia\u00a0Barcelona garantissent une meilleure isolation thermoacoustique et permettent de r\u00e9aliser des \u00e9conomies d'\u00e9nergie plus importantes.\",\"breadcrumb\":{\"@id\":\"https:\/\/thermiabarcelona.com\/fr\/fenetres-a-battants-en-aluminium-thermia\/#breadcrumb\"},\"inLanguage\":\"fr-FR\",\"potentialAction\":[{\"@type\":\"ReadAction\",\"target\":[\"https:\/\/thermiabarcelona.com\/fr\/fenetres-a-battants-en-aluminium-thermia\/\"]}]},{\"@type\":\"ImageObject\",\"inLanguage\":\"fr-FR\",\"@id\":\"https:\/\/thermiabarcelona.com\/fr\/fenetres-a-battants-en-aluminium-thermia\/#primaryimage\",\"url\":\"https:\/\/thermiabarcelona.com\/wp-content\/uploads\/2018\/06\/finestra_practicable-300x238.png\",\"contentUrl\":\"https:\/\/thermiabarcelona.com\/wp-content\/uploads\/2018\/06\/finestra_practicable-300x238.png\"},{\"@type\":\"BreadcrumbList\",\"@id\":\"https:\/\/thermiabarcelona.com\/fr\/fenetres-a-battants-en-aluminium-thermia\/#breadcrumb\",\"itemListElement\":[{\"@type\":\"ListItem\",\"position\":1,\"name\":\"Portada\",\"item\":\"https:\/\/thermiabarcelona.com\/\"},{\"@type\":\"ListItem\",\"position\":2,\"name\":\"Fen\u00eatres \u00e0 battants en aluminium\u00a0Thermia\"}]},{\"@type\":\"WebSite\",\"@id\":\"https:\/\/thermiabarcelona.com\/#website\",\"url\":\"https:\/\/thermiabarcelona.com\/\",\"name\":\"Thermia Barcelona. Ventanas para vivir mejor\",\"description\":\"Ventanas de calidad, duraderas y f\u00e1ciles de fabricar. Dise\u00f1o.Confort.Silencio\",\"publisher\":{\"@id\":\"https:\/\/thermiabarcelona.com\/#organization\"},\"potentialAction\":[{\"@type\":\"SearchAction\",\"target\":{\"@type\":\"EntryPoint\",\"urlTemplate\":\"https:\/\/thermiabarcelona.com\/?s={search_term_string}\"},\"query-input\":{\"@type\":\"PropertyValueSpecification\",\"valueRequired\":true,\"valueName\":\"search_term_string\"}}],\"inLanguage\":\"fr-FR\"},{\"@type\":\"Organization\",\"@id\":\"https:\/\/thermiabarcelona.com\/#organization\",\"name\":\"Thermia Barcelona\",\"url\":\"https:\/\/thermiabarcelona.com\/\",\"logo\":{\"@type\":\"ImageObject\",\"inLanguage\":\"fr-FR\",\"@id\":\"https:\/\/thermiabarcelona.com\/#\/schema\/logo\/image\/\",\"url\":\"https:\/\/thermiabarcelona.com\/wp-content\/uploads\/2018\/08\/logo_thermia-1.jpg\",\"contentUrl\":\"https:\/\/thermiabarcelona.com\/wp-content\/uploads\/2018\/08\/logo_thermia-1.jpg\",\"width\":345,\"height\":158,\"caption\":\"Thermia Barcelona\"},\"image\":{\"@id\":\"https:\/\/thermiabarcelona.com\/#\/schema\/logo\/image\/\"},\"sameAs\":[\"https:\/\/www.facebook.com\/thermiabarcelona\/\",\"https:\/\/www.instagram.com\/thermiabarcelona\/\",\"https:\/\/es.linkedin.com\/company\/thermia-barcelona\",\"https:\/\/www.youtube.com\/thermiabarcelona\"]}]}<\/script>\n<!-- \/ Yoast SEO Premium plugin. -->","yoast_head_json":{"title":"Fen\u00eatres \u00e0 battants en aluminium | Thermia\u00a0Barcelona","description":"Les portes et les fen\u00eatres \u00e0 battants en aluminium\u00a0Thermia\u00a0Barcelona garantissent une meilleure isolation thermoacoustique et permettent de r\u00e9aliser des \u00e9conomies d'\u00e9nergie plus importantes.","robots":{"index":"index","follow":"follow","max-snippet":"max-snippet:-1","max-image-preview":"max-image-preview:large","max-video-preview":"max-video-preview:-1"},"canonical":"https:\/\/thermiabarcelona.com\/fr\/fenetres-a-battants-en-aluminium-thermia\/","og_locale":"fr_FR","og_type":"article","og_title":"Fen\u00eatres \u00e0 battants en aluminium\u00a0Thermia","og_description":"Les portes et les fen\u00eatres \u00e0 battants en aluminium\u00a0Thermia\u00a0Barcelona garantissent une meilleure isolation thermoacoustique et permettent de r\u00e9aliser des \u00e9conomies d'\u00e9nergie plus importantes.","og_url":"https:\/\/thermiabarcelona.com\/fr\/fenetres-a-battants-en-aluminium-thermia\/","og_site_name":"Thermia Barcelona. Ventanas para vivir mejor","article_publisher":"https:\/\/www.facebook.com\/thermiabarcelona\/","article_modified_time":"2019-11-20T13:42:28+00:00","og_image":[{"url":"https:\/\/thermiabarcelona.com\/wp-content\/uploads\/2018\/06\/finestra_practicable-300x238.png","type":"","width":"","height":""}],"twitter_card":"summary_large_image","twitter_misc":{"Dur\u00e9e de lecture estim\u00e9e":"2 minutes"},"schema":{"@context":"https:\/\/schema.org","@graph":[{"@type":"WebPage","@id":"https:\/\/thermiabarcelona.com\/fr\/fenetres-a-battants-en-aluminium-thermia\/","url":"https:\/\/thermiabarcelona.com\/fr\/fenetres-a-battants-en-aluminium-thermia\/","name":"Fen\u00eatres \u00e0 battants en aluminium | Thermia\u00a0Barcelona","isPartOf":{"@id":"https:\/\/thermiabarcelona.com\/#website"},"primaryImageOfPage":{"@id":"https:\/\/thermiabarcelona.com\/fr\/fenetres-a-battants-en-aluminium-thermia\/#primaryimage"},"image":{"@id":"https:\/\/thermiabarcelona.com\/fr\/fenetres-a-battants-en-aluminium-thermia\/#primaryimage"},"thumbnailUrl":"https:\/\/thermiabarcelona.com\/wp-content\/uploads\/2018\/06\/finestra_practicable-300x238.png","datePublished":"2019-09-13T08:07:28+00:00","dateModified":"2019-11-20T13:42:28+00:00","description":"Les portes et les fen\u00eatres \u00e0 battants en aluminium\u00a0Thermia\u00a0Barcelona garantissent une meilleure isolation thermoacoustique et permettent de r\u00e9aliser des \u00e9conomies d'\u00e9nergie plus importantes.","breadcrumb":{"@id":"https:\/\/thermiabarcelona.com\/fr\/fenetres-a-battants-en-aluminium-thermia\/#breadcrumb"},"inLanguage":"fr-FR","potentialAction":[{"@type":"ReadAction","target":["https:\/\/thermiabarcelona.com\/fr\/fenetres-a-battants-en-aluminium-thermia\/"]}]},{"@type":"ImageObject","inLanguage":"fr-FR","@id":"https:\/\/thermiabarcelona.com\/fr\/fenetres-a-battants-en-aluminium-thermia\/#primaryimage","url":"https:\/\/thermiabarcelona.com\/wp-content\/uploads\/2018\/06\/finestra_practicable-300x238.png","contentUrl":"https:\/\/thermiabarcelona.com\/wp-content\/uploads\/2018\/06\/finestra_practicable-300x238.png"},{"@type":"BreadcrumbList","@id":"https:\/\/thermiabarcelona.com\/fr\/fenetres-a-battants-en-aluminium-thermia\/#breadcrumb","itemListElement":[{"@type":"ListItem","position":1,"name":"Portada","item":"https:\/\/thermiabarcelona.com\/"},{"@type":"ListItem","position":2,"name":"Fen\u00eatres \u00e0 battants en aluminium\u00a0Thermia"}]},{"@type":"WebSite","@id":"https:\/\/thermiabarcelona.com\/#website","url":"https:\/\/thermiabarcelona.com\/","name":"Thermia Barcelona. Ventanas para vivir mejor","description":"Ventanas de calidad, duraderas y f\u00e1ciles de fabricar. Dise\u00f1o.Confort.Silencio","publisher":{"@id":"https:\/\/thermiabarcelona.com\/#organization"},"potentialAction":[{"@type":"SearchAction","target":{"@type":"EntryPoint","urlTemplate":"https:\/\/thermiabarcelona.com\/?s={search_term_string}"},"query-input":{"@type":"PropertyValueSpecification","valueRequired":true,"valueName":"search_term_string"}}],"inLanguage":"fr-FR"},{"@type":"Organization","@id":"https:\/\/thermiabarcelona.com\/#organization","name":"Thermia Barcelona","url":"https:\/\/thermiabarcelona.com\/","logo":{"@type":"ImageObject","inLanguage":"fr-FR","@id":"https:\/\/thermiabarcelona.com\/#\/schema\/logo\/image\/","url":"https:\/\/thermiabarcelona.com\/wp-content\/uploads\/2018\/08\/logo_thermia-1.jpg","contentUrl":"https:\/\/thermiabarcelona.com\/wp-content\/uploads\/2018\/08\/logo_thermia-1.jpg","width":345,"height":158,"caption":"Thermia Barcelona"},"image":{"@id":"https:\/\/thermiabarcelona.com\/#\/schema\/logo\/image\/"},"sameAs":["https:\/\/www.facebook.com\/thermiabarcelona\/","https:\/\/www.instagram.com\/thermiabarcelona\/","https:\/\/es.linkedin.com\/company\/thermia-barcelona","https:\/\/www.youtube.com\/thermiabarcelona"]}]}},"_links":{"self":[{"href":"https:\/\/thermiabarcelona.com\/fr\/wp-json\/wp\/v2\/pages\/27258","targetHints":{"allow":["GET"]}}],"collection":[{"href":"https:\/\/thermiabarcelona.com\/fr\/wp-json\/wp\/v2\/pages"}],"about":[{"href":"https:\/\/thermiabarcelona.com\/fr\/wp-json\/wp\/v2\/types\/page"}],"author":[{"embeddable":true,"href":"https:\/\/thermiabarcelona.com\/fr\/wp-json\/wp\/v2\/users\/3"}],"replies":[{"embeddable":true,"href":"https:\/\/thermiabarcelona.com\/fr\/wp-json\/wp\/v2\/comments?post=27258"}],"version-history":[{"count":0,"href":"https:\/\/thermiabarcelona.com\/fr\/wp-json\/wp\/v2\/pages\/27258\/revisions"}],"wp:attachment":[{"href":"https:\/\/thermiabarcelona.com\/fr\/wp-json\/wp\/v2\/media?parent=27258"}],"curies":[{"name":"wp","href":"https:\/\/api.w.org\/{rel}","templated":true}]}}