{"id":27234,"date":"2019-09-13T08:05:52","date_gmt":"2019-09-13T08:05:52","guid":{"rendered":"https:\/\/thermiabarcelona.com\/je-souhaite-etre-distributeur-de-fenetres-thermia\/"},"modified":"2021-04-08T07:50:48","modified_gmt":"2021-04-08T07:50:48","slug":"je-souhaite-etre-distributeur-de-fenetres-thermia","status":"publish","type":"page","link":"https:\/\/thermiabarcelona.com\/fr\/je-souhaite-etre-distributeur-de-fenetres-thermia\/","title":{"rendered":"Je souhaite \u00eatre distributeur de fen\u00eatres\u00a0Thermia"},"content":{"rendered":"<div class=\"wpb-content-wrapper\"><p>[vc_row][vc_column width=\u00a0\u00bb1\/1&Prime;]<div class=\"spacer\" style=\"height: 40px;\"><\/div><h1 class=\"headline font-inherit fontsize-xxxl fontweight-600 lh-12 align-center transform-inherit \" style=\"margin: 0 0 5px 0; color: #000f2c;\">Vous souhaitez devenir distributeur ou fabricant de fen\u00eatres\u00a0Thermia\u00a0?<br \/>\n<\/h1><div class=\"headline font-inherit fontsize-xl fontweight-300 lh-12 align-center transform-inherit \" style=\"margin: 0 0 5px 0; color: #ea7a2e;\">Contactez-nous pour savoir comment proc\u00e9der<\/div><div class=\"spacer\" style=\"height: 50px;\"><\/div>[\/vc_column][\/vc_row][vc_row][vc_column width=\u00a0\u00bb2\/3&Prime;][vc_column_text]<\/p>\n<div class=\"wpb_row vc_row-fluid standard-section section section-no-parallax stretch \" data-speed=\"1\">\n<div class=\"col span_12 color-dark left\">\n<div class=\"vc_col-sm-12 wpb_column column_container col no-padding color-dark\" data-animation=\"\" data-delay=\"\">\n<div class=\"wpb_wrapper\">\n<div class=\"wpb_text_column wpb_content_element \">\n<div class=\"wpb_wrapper\">\n<p><strong>Si vous souhaitez \u00eatre fabriquant ou installateur national ou international de fen\u00eatres\u00a0Thermia\u00a0Barcelona<\/strong>, <a href=\"https:\/\/thermiabarcelona.com\/fr\/contact\/\"><strong>nous vous proposons de faire partie de notre \u00e9quipe internationale<\/strong><\/a>, le tout de mani\u00e8re personnalis\u00e9e et guid\u00e9e et avec toutes les garanties. Notre but\u00a0: faire que la commercialisation de la marque\u00a0Thermia\u00a0Barcelona garantisse le succ\u00e8s de votre entreprise. C\u2019est pourquoi nous mettons \u00e0 votre disposition tous nos services.<\/p>\n<p>L\u2019int\u00e9r\u00eat grandissant des autres <strong>march\u00e9s internationaux<\/strong> pour les produits et les services de <strong>Thermia\u00a0Barcelona<\/strong> t\u00e9moignent parfaitement <strong>de leur qualit\u00e9 et de la confiance<\/strong> qu\u2019ils inspirent. Notre savoir-faire permet de faciliter les processus de gestion et les conseils aux professionnels, l\u2019exportation, les calculs \u00e9conomiques et techniques, etc.<\/p>\n<\/div>\n<\/div>\n<\/div>\n<\/div>\n<\/div>\n<\/div>\n<div class=\"wpb_row vc_row-fluid standard-section section section-no-parallax stretch \" data-speed=\"1\"><\/div>\n<p>[\/vc_column_text]<div class=\"spacer\" style=\"height: 50px;\"><\/div>[\/vc_column][vc_column bg_image=\u00a0\u00bb18797&Prime; column_padding=\u00a0\u00bbpadding-2&Prime; width=\u00a0\u00bb1\/3&Prime;]<div class=\"box clearfix style-1 wpb_content_element align-center \" style=\"padding: 40px 40px 40px 40px; \">\n<h3><span style=\"color: #e46f0c;\">Je souhaiterais devenir fabricant ou installateur\u00a0Thermia dans mon pays.<\/span><\/h3>\n<a href=\"https:\/\/thermiabarcelona.com\/fr\/contact-je-souhaite-etre-distributeur-de-fenetres-thermia\/\" target=\"_self\" class=\"button button-appear color-2 medium \" style=\"border-radius: 2px;\"><span> Contacter <i class='fa fa-chevron-right'><\/i><\/span><\/a><\/div>[\/vc_column][\/vc_row][vc_row][vc_column width=\u00a0\u00bb1\/2&Prime;]<div class=\"single_image wpb_content_element align-left    \" data-animation=\"none\" data-delay=\"0\"><img fetchpriority=\"high\" decoding=\"async\" width=\"514\" height=\"397\" src=\"https:\/\/thermiabarcelona.com\/wp-content\/uploads\/2019\/07\/export-servicios-comerciales.jpg\" class=\"attachment-full\" alt=\"servicios comerciales\" title=\"export-servicios-comerciales\" srcset=\"https:\/\/thermiabarcelona.com\/wp-content\/uploads\/2019\/07\/export-servicios-comerciales.jpg 514w, https:\/\/thermiabarcelona.com\/wp-content\/uploads\/2019\/07\/export-servicios-comerciales-300x232.jpg 300w\" sizes=\"(max-width: 514px) 100vw, 514px\" \/><\/div>[vc_column_text el_class=\u00a0\u00bbp-generic\u00a0\u00bb]<\/p>\n<h2>Service commercial<\/h2>\n<p>La distance n\u2019est pas un obstacle pour nous, car nous adorons pouvoir prendre part \u00e0 des projets sur de nouveaux march\u00e9s et relever de nouveaux d\u00e9fis.<\/p>\n<p>Tous nos distributeurs et fabricants actuels <strong>profitent d\u2019une multitude d\u2019avantages en mati\u00e8re de gestion et de conseil ainsi que dans le cadre de la commercialisation des syst\u00e8mes en aluminium\u00a0Thermia\u00a0Barcelona<\/strong>.<\/p>\n<p>Au service du distributeur\u00a0:<\/p>\n<ul>\n<li>Conseil commercial personnalis\u00e9 et constant.<\/li>\n<li>Formation continue pour l\u2019\u00e9laboration des syst\u00e8mes\u00a0Thermia.<\/li>\n<li>Logiciel sp\u00e9cialis\u00e9 et personnalis\u00e9 pour les importateurs et les fabricants.<\/li>\n<li>Bureau d\u2019\u00e9tudes \u00e0 disposition de nos clients.<\/li>\n<li>Adaptation de solutions pour de nouveaux march\u00e9s.<\/li>\n<li>Outillage pour une fabrication optimale des fen\u00eatres\u00a0Thermia.<\/li>\n<\/ul>\n<p>[\/vc_column_text]<a href=\"https:\/\/thermiabarcelona.com\/fr\/contact-je-souhaite-etre-distributeur-de-fenetres-thermia\/\" target=\"_blank\" class=\"button orange medium \" style=\"border-radius: 2px;\">Cela m&rsquo;int\u00e9resse. Pouvez-vous me conseiller\u00a0?<\/a><div class=\"spacer\" style=\"height: 50px;\"><\/div>[\/vc_column][vc_column width=\u00a0\u00bb1\/2&Prime;]<div class=\"single_image wpb_content_element align-left    \" data-animation=\"none\" data-delay=\"0\"><img decoding=\"async\" width=\"514\" height=\"397\" src=\"https:\/\/thermiabarcelona.com\/wp-content\/uploads\/2019\/07\/export-servicioslogisiticos.jpg\" class=\"attachment-full\" alt=\"export\" title=\"export-servicioslogisiticos\" srcset=\"https:\/\/thermiabarcelona.com\/wp-content\/uploads\/2019\/07\/export-servicioslogisiticos.jpg 514w, https:\/\/thermiabarcelona.com\/wp-content\/uploads\/2019\/07\/export-servicioslogisiticos-300x232.jpg 300w\" sizes=\"(max-width: 514px) 100vw, 514px\" \/><\/div>[vc_column_text]<\/p>\n<h2>Services logistiques<\/h2>\n<p>Les besoins de chacun diff\u00e8rent selon le pays de destination, que ce soit en raison des frais de port, du mode d\u2019exp\u00e9dition, de l\u2019urgence des marchandises, etc.\u00a0Par cons\u00e9quent, notre <strong>service logistique<\/strong> hautement qualifi\u00e9 peut r\u00e9pondre \u00e0 toutes les exigences et ainsi proposer un service personnalis\u00e9 et rapide.[\/vc_column_text][vc_accordion active_tab=\u00a0\u00bb\u00ab\u00a0false\u00ab\u00a0\u00a0\u00bb collapsible=\u00a0\u00bbyes\u00a0\u00bb][vc_accordion_tab title=\u00a0\u00bbEMBALLAGES\u00a0\u00bb]<div class=\"single_image wpb_content_element align-left    \" data-animation=\"none\" data-delay=\"0\"><img decoding=\"async\" width=\"484\" height=\"240\" src=\"https:\/\/thermiabarcelona.com\/wp-content\/uploads\/2017\/07\/export-embalajes-1.jpg\" class=\"attachment-full\" alt=\"export-embalajes-thermia\" title=\"export-embalajes-thermia\" srcset=\"https:\/\/thermiabarcelona.com\/wp-content\/uploads\/2017\/07\/export-embalajes-1.jpg 484w, https:\/\/thermiabarcelona.com\/wp-content\/uploads\/2017\/07\/export-embalajes-1-300x149.jpg 300w\" sizes=\"(max-width: 484px) 100vw, 484px\" \/><span class=\"single_image_caption\">Instalaciones Thermia Barcelona en Barcelona<\/span><\/div>[vc_column_text]Conscients des dommages que peut subir l\u2019aluminium lors d\u2019un long voyage, nous utilisons un <strong>emballage<\/strong> destin\u00e9 aux op\u00e9rations d\u2019exportation et con\u00e7u sp\u00e9cialement pour que les mat\u00e9riaux <strong>arrivent \u00e0 destination en parfait \u00e9tat<\/strong>.<\/p>\n<ol>\n<li>Envoi des profil\u00e9s dans des cartons renforc\u00e9s de 300\u00a0x\u00a0150\u00a0x\u00a06\u00a0300\u00a0mm.<\/li>\n<li>Cartons dot\u00e9s de coins de renforcement internes et d\u2019un cerclage m\u00e9tallique externe pour am\u00e9liorer leur manutention.<\/li>\n<li>Profil\u00e9s emball\u00e9s dans un film plastique (petits groupes de deux \u00e0 quatre profil\u00e9s).<\/li>\n<\/ol>\n<p>[\/vc_column_text][\/vc_accordion_tab][vc_accordion_tab title=\u00a0\u00bbTYPE DE TRANSPORT\u00a0\u00bb]<div class=\"single_image wpb_content_element align-left    \" data-animation=\"none\" data-delay=\"0\"><img loading=\"lazy\" decoding=\"async\" width=\"484\" height=\"240\" src=\"https:\/\/thermiabarcelona.com\/wp-content\/uploads\/2017\/07\/export-transporte.jpg\" class=\"attachment-full\" alt=\"Export_transporte\" title=\"export-transporte\" srcset=\"https:\/\/thermiabarcelona.com\/wp-content\/uploads\/2017\/07\/export-transporte.jpg 484w, https:\/\/thermiabarcelona.com\/wp-content\/uploads\/2017\/07\/export-transporte-300x149.jpg 300w\" sizes=\"(max-width: 484px) 100vw, 484px\" \/><\/div>[vc_column_text]Les syst\u00e8mes\u00a0Thermia\u00a0Barcelona peuvent \u00eatre transport\u00e9s par voie terrestre, maritime ou a\u00e9rienne. Le <strong>service logistique \u00e9tudiera et adaptera le devis, les besoins, la condition g\u00e9ographique et l\u2019urgence<\/strong> pour chaque op\u00e9ration et client.[\/vc_column_text][\/vc_accordion_tab][vc_accordion_tab title=\u00a0\u00bbMODES D\u2019EXP\u00c9DITION\u00a0\u00bb]<div class=\"single_image wpb_content_element align-left    \" data-animation=\"none\" data-delay=\"0\"><img loading=\"lazy\" decoding=\"async\" width=\"484\" height=\"240\" src=\"https:\/\/thermiabarcelona.com\/wp-content\/uploads\/2017\/07\/export-transporte_icoterms.jpg\" class=\"attachment-full\" alt=\"export-transporte_icoterms\" title=\"export-transporte_icoterms\" srcset=\"https:\/\/thermiabarcelona.com\/wp-content\/uploads\/2017\/07\/export-transporte_icoterms.jpg 484w, https:\/\/thermiabarcelona.com\/wp-content\/uploads\/2017\/07\/export-transporte_icoterms-300x149.jpg 300w\" sizes=\"(max-width: 484px) 100vw, 484px\" \/><\/div>[vc_column_text]Gr\u00e2ce aux <em>Incoterms<\/em>, nous proposons \u00e0 nos clients <strong>la modalit\u00e9 du contrat de vente international<\/strong> en pr\u00e9cisant les d\u00e9tails de celui-ci sur la base de quatre facteurs fondamentaux\u00a0: les d\u00e9lais de livraison de la marchandise, l\u2019affectation des risques, la r\u00e9partition des d\u00e9penses occasionn\u00e9es et les formalit\u00e9s li\u00e9es \u00e0 la douane.<\/p>\n<p>Parmi tous les Incoterms, les plus courants sont EXW, FOB (ou FCA) et CIF (ou CIP).[\/vc_column_text][\/vc_accordion_tab][\/vc_accordion][\/vc_column][\/vc_row][vc_row][vc_column width=\u00a0\u00bb1\/1&Prime;]<div class=\"newdivider align-center\" style=\"border-bottom-style: solid; border-color: #999999; border-bottom-width: 1px; margin-top: 0; margin-bottom: 0; width: 100%; \"><\/div><div class=\"clear\"><\/div>[\/vc_column][\/vc_row]<\/p>\n<\/div>","protected":false},"excerpt":{"rendered":"<p>[vc_row][vc_column width=\u00a0\u00bb1\/1&Prime;][\/vc_column][\/vc_row][vc_row][vc_column width=\u00a0\u00bb2\/3&Prime;][vc_column_text] Si vous souhaitez \u00eatre fabriquant ou installateur national ou international de fen\u00eatres\u00a0Thermia\u00a0Barcelona, nous vous proposons de faire partie de notre \u00e9quipe internationale, le tout de mani\u00e8re personnalis\u00e9e et guid\u00e9e et avec toutes les garanties. Notre but\u00a0: faire que la commercialisation de la marque\u00a0Thermia\u00a0Barcelona garantisse le succ\u00e8s de votre entreprise. C\u2019est pourquoi nous mettons \u00e0 votre disposition tous nos services. L\u2019int\u00e9r\u00eat grandissant des autres march\u00e9s internationaux pour les produits et les services de Thermia\u00a0Barcelona t\u00e9moignent parfaitement de leur qualit\u00e9 et de la confiance qu\u2019ils inspirent. Notre savoir-faire permet de faciliter les processus de gestion et les conseils aux professionnels, l\u2019exportation, les calculs \u00e9conomiques et techniques, etc. [\/vc_column_text][\/vc_column][vc_column bg_image=\u00a0\u00bb18797&Prime; column_padding=\u00a0\u00bbpadding-2&Prime; width=\u00a0\u00bb1\/3&Prime;][\/vc_column][\/vc_row][vc_row][vc_column width=\u00a0\u00bb1\/2&Prime;][vc_column_text el_class=\u00a0\u00bbp-generic\u00a0\u00bb] Service commercial La distance n\u2019est pas un obstacle pour nous, car nous adorons pouvoir prendre part \u00e0 des projets sur de nouveaux march\u00e9s et relever de nouveaux d\u00e9fis. Tous nos distributeurs et fabricants actuels profitent d\u2019une multitude d\u2019avantages en mati\u00e8re de gestion et de conseil ainsi que dans le cadre de la commercialisation des syst\u00e8mes en aluminium\u00a0Thermia\u00a0Barcelona. Au service du distributeur\u00a0: Conseil commercial personnalis\u00e9 et constant. Formation continue pour l\u2019\u00e9laboration des syst\u00e8mes\u00a0Thermia. Logiciel sp\u00e9cialis\u00e9 et personnalis\u00e9 pour les importateurs et les fabricants. Bureau d\u2019\u00e9tudes \u00e0 disposition [&hellip;]<\/p>\n","protected":false},"author":5,"featured_media":0,"parent":0,"menu_order":0,"comment_status":"closed","ping_status":"closed","template":"","meta":{"footnotes":""},"class_list":["post-27234","page","type-page","status-publish","hentry"],"yoast_head":"<!-- This site is optimized with the Yoast SEO Premium plugin v26.7 (Yoast SEO v26.8) - https:\/\/yoast.com\/product\/yoast-seo-premium-wordpress\/ -->\n<title>Je souhaite \u00eatre distributeur de fen\u00eatres\u00a0Thermia<\/title>\n<meta name=\"description\" content=\"Vous souhaitez devenir distributeur ou fabricant de fen\u00eatres Thermia ?Contactez-nous pour savoir comment proc\u00e9der\" \/>\n<meta name=\"robots\" content=\"index, follow, max-snippet:-1, max-image-preview:large, max-video-preview:-1\" \/>\n<link rel=\"canonical\" href=\"https:\/\/thermiabarcelona.com\/fr\/je-souhaite-etre-distributeur-de-fenetres-thermia\/\" \/>\n<meta property=\"og:locale\" content=\"fr_FR\" \/>\n<meta property=\"og:type\" content=\"article\" \/>\n<meta property=\"og:title\" content=\"Je souhaite \u00eatre distributeur de fen\u00eatres\u00a0Thermia\" \/>\n<meta property=\"og:description\" content=\"Vous souhaitez devenir distributeur ou fabricant de fen\u00eatres Thermia ?Contactez-nous pour savoir comment proc\u00e9der\" \/>\n<meta property=\"og:url\" content=\"https:\/\/thermiabarcelona.com\/fr\/je-souhaite-etre-distributeur-de-fenetres-thermia\/\" \/>\n<meta property=\"og:site_name\" content=\"Thermia Barcelona. Ventanas para vivir mejor\" \/>\n<meta property=\"article:publisher\" content=\"https:\/\/www.facebook.com\/thermiabarcelona\/\" \/>\n<meta property=\"article:modified_time\" content=\"2021-04-08T07:50:48+00:00\" \/>\n<meta name=\"twitter:card\" content=\"summary_large_image\" \/>\n<meta name=\"twitter:label1\" content=\"Dur\u00e9e de lecture estim\u00e9e\" \/>\n\t<meta name=\"twitter:data1\" content=\"4 minutes\" \/>\n<script type=\"application\/ld+json\" class=\"yoast-schema-graph\">{\"@context\":\"https:\/\/schema.org\",\"@graph\":[{\"@type\":\"WebPage\",\"@id\":\"https:\/\/thermiabarcelona.com\/fr\/je-souhaite-etre-distributeur-de-fenetres-thermia\/\",\"url\":\"https:\/\/thermiabarcelona.com\/fr\/je-souhaite-etre-distributeur-de-fenetres-thermia\/\",\"name\":\"Je souhaite \u00eatre distributeur de fen\u00eatres\u00a0Thermia\",\"isPartOf\":{\"@id\":\"https:\/\/thermiabarcelona.com\/#website\"},\"datePublished\":\"2019-09-13T08:05:52+00:00\",\"dateModified\":\"2021-04-08T07:50:48+00:00\",\"description\":\"Vous souhaitez devenir distributeur ou fabricant de fen\u00eatres Thermia ?Contactez-nous pour savoir comment proc\u00e9der\",\"breadcrumb\":{\"@id\":\"https:\/\/thermiabarcelona.com\/fr\/je-souhaite-etre-distributeur-de-fenetres-thermia\/#breadcrumb\"},\"inLanguage\":\"fr-FR\",\"potentialAction\":[{\"@type\":\"ReadAction\",\"target\":[\"https:\/\/thermiabarcelona.com\/fr\/je-souhaite-etre-distributeur-de-fenetres-thermia\/\"]}]},{\"@type\":\"BreadcrumbList\",\"@id\":\"https:\/\/thermiabarcelona.com\/fr\/je-souhaite-etre-distributeur-de-fenetres-thermia\/#breadcrumb\",\"itemListElement\":[{\"@type\":\"ListItem\",\"position\":1,\"name\":\"Portada\",\"item\":\"https:\/\/thermiabarcelona.com\/\"},{\"@type\":\"ListItem\",\"position\":2,\"name\":\"Je souhaite \u00eatre distributeur de fen\u00eatres\u00a0Thermia\"}]},{\"@type\":\"WebSite\",\"@id\":\"https:\/\/thermiabarcelona.com\/#website\",\"url\":\"https:\/\/thermiabarcelona.com\/\",\"name\":\"Thermia Barcelona. Ventanas para vivir mejor\",\"description\":\"Ventanas de calidad, duraderas y f\u00e1ciles de fabricar. Dise\u00f1o.Confort.Silencio\",\"publisher\":{\"@id\":\"https:\/\/thermiabarcelona.com\/#organization\"},\"potentialAction\":[{\"@type\":\"SearchAction\",\"target\":{\"@type\":\"EntryPoint\",\"urlTemplate\":\"https:\/\/thermiabarcelona.com\/?s={search_term_string}\"},\"query-input\":{\"@type\":\"PropertyValueSpecification\",\"valueRequired\":true,\"valueName\":\"search_term_string\"}}],\"inLanguage\":\"fr-FR\"},{\"@type\":\"Organization\",\"@id\":\"https:\/\/thermiabarcelona.com\/#organization\",\"name\":\"Thermia Barcelona\",\"url\":\"https:\/\/thermiabarcelona.com\/\",\"logo\":{\"@type\":\"ImageObject\",\"inLanguage\":\"fr-FR\",\"@id\":\"https:\/\/thermiabarcelona.com\/#\/schema\/logo\/image\/\",\"url\":\"https:\/\/thermiabarcelona.com\/wp-content\/uploads\/2018\/08\/logo_thermia-1.jpg\",\"contentUrl\":\"https:\/\/thermiabarcelona.com\/wp-content\/uploads\/2018\/08\/logo_thermia-1.jpg\",\"width\":345,\"height\":158,\"caption\":\"Thermia Barcelona\"},\"image\":{\"@id\":\"https:\/\/thermiabarcelona.com\/#\/schema\/logo\/image\/\"},\"sameAs\":[\"https:\/\/www.facebook.com\/thermiabarcelona\/\",\"https:\/\/www.instagram.com\/thermiabarcelona\/\",\"https:\/\/es.linkedin.com\/company\/thermia-barcelona\",\"https:\/\/www.youtube.com\/thermiabarcelona\"]}]}<\/script>\n<!-- \/ Yoast SEO Premium plugin. -->","yoast_head_json":{"title":"Je souhaite \u00eatre distributeur de fen\u00eatres\u00a0Thermia","description":"Vous souhaitez devenir distributeur ou fabricant de fen\u00eatres Thermia ?Contactez-nous pour savoir comment proc\u00e9der","robots":{"index":"index","follow":"follow","max-snippet":"max-snippet:-1","max-image-preview":"max-image-preview:large","max-video-preview":"max-video-preview:-1"},"canonical":"https:\/\/thermiabarcelona.com\/fr\/je-souhaite-etre-distributeur-de-fenetres-thermia\/","og_locale":"fr_FR","og_type":"article","og_title":"Je souhaite \u00eatre distributeur de fen\u00eatres\u00a0Thermia","og_description":"Vous souhaitez devenir distributeur ou fabricant de fen\u00eatres Thermia ?Contactez-nous pour savoir comment proc\u00e9der","og_url":"https:\/\/thermiabarcelona.com\/fr\/je-souhaite-etre-distributeur-de-fenetres-thermia\/","og_site_name":"Thermia Barcelona. Ventanas para vivir mejor","article_publisher":"https:\/\/www.facebook.com\/thermiabarcelona\/","article_modified_time":"2021-04-08T07:50:48+00:00","twitter_card":"summary_large_image","twitter_misc":{"Dur\u00e9e de lecture estim\u00e9e":"4 minutes"},"schema":{"@context":"https:\/\/schema.org","@graph":[{"@type":"WebPage","@id":"https:\/\/thermiabarcelona.com\/fr\/je-souhaite-etre-distributeur-de-fenetres-thermia\/","url":"https:\/\/thermiabarcelona.com\/fr\/je-souhaite-etre-distributeur-de-fenetres-thermia\/","name":"Je souhaite \u00eatre distributeur de fen\u00eatres\u00a0Thermia","isPartOf":{"@id":"https:\/\/thermiabarcelona.com\/#website"},"datePublished":"2019-09-13T08:05:52+00:00","dateModified":"2021-04-08T07:50:48+00:00","description":"Vous souhaitez devenir distributeur ou fabricant de fen\u00eatres Thermia ?Contactez-nous pour savoir comment proc\u00e9der","breadcrumb":{"@id":"https:\/\/thermiabarcelona.com\/fr\/je-souhaite-etre-distributeur-de-fenetres-thermia\/#breadcrumb"},"inLanguage":"fr-FR","potentialAction":[{"@type":"ReadAction","target":["https:\/\/thermiabarcelona.com\/fr\/je-souhaite-etre-distributeur-de-fenetres-thermia\/"]}]},{"@type":"BreadcrumbList","@id":"https:\/\/thermiabarcelona.com\/fr\/je-souhaite-etre-distributeur-de-fenetres-thermia\/#breadcrumb","itemListElement":[{"@type":"ListItem","position":1,"name":"Portada","item":"https:\/\/thermiabarcelona.com\/"},{"@type":"ListItem","position":2,"name":"Je souhaite \u00eatre distributeur de fen\u00eatres\u00a0Thermia"}]},{"@type":"WebSite","@id":"https:\/\/thermiabarcelona.com\/#website","url":"https:\/\/thermiabarcelona.com\/","name":"Thermia Barcelona. Ventanas para vivir mejor","description":"Ventanas de calidad, duraderas y f\u00e1ciles de fabricar. Dise\u00f1o.Confort.Silencio","publisher":{"@id":"https:\/\/thermiabarcelona.com\/#organization"},"potentialAction":[{"@type":"SearchAction","target":{"@type":"EntryPoint","urlTemplate":"https:\/\/thermiabarcelona.com\/?s={search_term_string}"},"query-input":{"@type":"PropertyValueSpecification","valueRequired":true,"valueName":"search_term_string"}}],"inLanguage":"fr-FR"},{"@type":"Organization","@id":"https:\/\/thermiabarcelona.com\/#organization","name":"Thermia Barcelona","url":"https:\/\/thermiabarcelona.com\/","logo":{"@type":"ImageObject","inLanguage":"fr-FR","@id":"https:\/\/thermiabarcelona.com\/#\/schema\/logo\/image\/","url":"https:\/\/thermiabarcelona.com\/wp-content\/uploads\/2018\/08\/logo_thermia-1.jpg","contentUrl":"https:\/\/thermiabarcelona.com\/wp-content\/uploads\/2018\/08\/logo_thermia-1.jpg","width":345,"height":158,"caption":"Thermia Barcelona"},"image":{"@id":"https:\/\/thermiabarcelona.com\/#\/schema\/logo\/image\/"},"sameAs":["https:\/\/www.facebook.com\/thermiabarcelona\/","https:\/\/www.instagram.com\/thermiabarcelona\/","https:\/\/es.linkedin.com\/company\/thermia-barcelona","https:\/\/www.youtube.com\/thermiabarcelona"]}]}},"_links":{"self":[{"href":"https:\/\/thermiabarcelona.com\/fr\/wp-json\/wp\/v2\/pages\/27234","targetHints":{"allow":["GET"]}}],"collection":[{"href":"https:\/\/thermiabarcelona.com\/fr\/wp-json\/wp\/v2\/pages"}],"about":[{"href":"https:\/\/thermiabarcelona.com\/fr\/wp-json\/wp\/v2\/types\/page"}],"author":[{"embeddable":true,"href":"https:\/\/thermiabarcelona.com\/fr\/wp-json\/wp\/v2\/users\/5"}],"replies":[{"embeddable":true,"href":"https:\/\/thermiabarcelona.com\/fr\/wp-json\/wp\/v2\/comments?post=27234"}],"version-history":[{"count":0,"href":"https:\/\/thermiabarcelona.com\/fr\/wp-json\/wp\/v2\/pages\/27234\/revisions"}],"wp:attachment":[{"href":"https:\/\/thermiabarcelona.com\/fr\/wp-json\/wp\/v2\/media?parent=27234"}],"curies":[{"name":"wp","href":"https:\/\/api.w.org\/{rel}","templated":true}]}}