{"id":27226,"date":"2019-09-13T08:05:28","date_gmt":"2019-09-13T08:05:28","guid":{"rendered":"https:\/\/thermiabarcelona.com\/politique-de-confidentialite\/"},"modified":"2019-10-11T10:08:37","modified_gmt":"2019-10-11T10:08:37","slug":"politique-de-confidentialite","status":"publish","type":"page","link":"https:\/\/thermiabarcelona.com\/fr\/politique-de-confidentialite\/","title":{"rendered":"Politique de confidentialit\u00e9"},"content":{"rendered":"<div class=\"wpb-content-wrapper\"><p>[vc_row][vc_column width=\u00a0\u00bb1\/1&Prime;][vc_column_text]<\/p>\n<p><span style=\"font-size: 10pt;\"><strong><u>POLITIQUE DE CONFIDENTIALIT\u00c9<\/u><\/strong><\/span><\/p>\n<p><span style=\"font-size: 10pt;\">En vertu du r\u00e8glement\u00a0(UE)\u00a02016\/679 du Parlement europ\u00e9en et du Conseil du 27\u00a0avril\u00a02016 (RGPD) et de sa l\u00e9gislation de transposition, la soci\u00e9t\u00e9\u00a0Accesorios\u00a0Dimac\u00a0S.L (ci-apr\u00e8s d\u00e9nomm\u00e9e \u00ab\u00a0THERMIA\u00a0BARCELONA\u00a0\u00bb) informe tous les utilisateurs du site\u00a0Internet thermiabarcelona.com (ci-apr\u00e8s d\u00e9nomm\u00e9 le \u00ab\u00a0site\u00a0Internet\u00a0\u00bb) du traitement de leurs donn\u00e9es personnelles, lesquelles sont fournies durant l\u2019acc\u00e8s audit site\u00a0Internet et l\u2019utilisation de celui-ci ainsi que dans le cadre de la relation entretenue avec THERMIA\u00a0BARCELONA.<\/span><\/p>\n<p><span style=\"font-size: 10pt;\"><strong>\u00a0<\/strong><\/span><\/p>\n<p><span style=\"font-size: 10pt;\"><strong>De mani\u00e8re g\u00e9n\u00e9rale, dans quel but vos donn\u00e9es personnelles sont-elles trait\u00e9es\u00a0?<\/strong><\/span><\/p>\n<ul>\n<li><span style=\"font-size: 10pt;\">Afin de r\u00e9pondre aux demandes d\u2019informations envoy\u00e9es par le biais des diff\u00e9rents formulaires disponibles sur le site\u00a0Internet\u00a0;<\/span><\/li>\n<li><span style=\"font-size: 10pt;\">Pour vous inscrire \u00e0 la lettre d\u2019information\u00a0;<\/span><\/li>\n<li><span style=\"font-size: 10pt;\">Afin d\u2019entretenir la relation commerciale avec les clients et les fournisseurs, cela n\u00e9cessitant le traitement de vos donn\u00e9es ou de celles de la personne de contact de l\u2019entreprise\u00a0;<\/span><\/li>\n<li><span style=\"font-size: 10pt;\">Afin de vous transmettre des communications susceptibles de vous int\u00e9resser et portant sur des produits ou des services semblables \u00e0 ceux que vous avez achet\u00e9s.<\/span><\/li>\n<\/ul>\n<p><span style=\"font-size: 10pt;\"><strong>Qu\u2019est-ce qui l\u00e9gitime le traitement de vos donn\u00e9es\u00a0?<\/strong><\/span><\/p>\n<ul>\n<li><span style=\"font-size: 10pt;\">Le consentement que vous avez exprim\u00e9 lors de l\u2019envoi d\u2019une requ\u00eate et l\u2019int\u00e9r\u00eat l\u00e9gitime de la soci\u00e9t\u00e9, dans le cadre d\u2019une demande d\u2019informations envoy\u00e9e par le biais des diff\u00e9rents formulaires de contact disponibles sur le site\u00a0Internet\u00a0;<\/span><\/li>\n<li><span style=\"font-size: 10pt;\">Votre consentement, confirm\u00e9 par un m\u00e9canisme de double \u00ab\u00a0opt-in\u00a0\u00bb (contr\u00f4le de consentement double), pour le renvoi de la lettre d\u2019information de THERMIA\u00a0BARCELONA\u00a0;<\/span><\/li>\n<li><span style=\"font-size: 10pt;\">L\u2019ex\u00e9cution d\u2019un contrat dans le cadre de la relation entretenue avec des clients et des fournisseurs\u00a0;<\/span><\/li>\n<li><span style=\"font-size: 10pt;\">Afin de vous transmettre des communications susceptibles de vous int\u00e9resser et portant sur des produits ou des services semblables \u00e0 ceux que vous avez achet\u00e9s. Un int\u00e9r\u00eat l\u00e9gitime de Thermia Barcelona ou l\u2019article\u00a021.2 de la loi espagnole relative aux services de la soci\u00e9t\u00e9 de l\u2019information et du commerce \u00e9lectronique (LSSI).<\/span><\/li>\n<\/ul>\n<p>\u00a0<\/p>\n<p><span style=\"font-size: 10pt;\"><strong>Pendant combien de temps les donn\u00e9es sont-elles conserv\u00e9es\u00a0?<\/strong><\/span><\/p>\n<p><span style=\"font-size: 10pt;\">De mani\u00e8re g\u00e9n\u00e9rale, les donn\u00e9es fournies sont conserv\u00e9es aussi longtemps que n\u00e9cessaire pour r\u00e9pondre aux demandes et assurer le suivi interne de toute suggestion ou observation communiqu\u00e9e. Pour ce qui est du renvoi de la lettre d\u2019information ou de toute communication commerciale envoy\u00e9e aux clients, les donn\u00e9es sont conserv\u00e9es ind\u00e9finiment, sauf si vous vous y opposez. Quant aux donn\u00e9es utilis\u00e9es dans le cadre de la relation commerciale, elles sont conserv\u00e9es tant qu\u2019elles sont jug\u00e9es n\u00e9cessaires \u00e0 la fin pour laquelle elles ont \u00e9t\u00e9 collect\u00e9es.<\/span><\/p>\n<p><span style=\"font-size: 10pt;\"><strong>\u00c0 qui vos donn\u00e9es sont-elles divulgu\u00e9es\u00a0?<\/strong><\/span><\/p>\n<p><span style=\"font-size: 10pt;\">De mani\u00e8re g\u00e9n\u00e9rale, vos donn\u00e9es ne sont pas destin\u00e9es \u00e0 \u00eatre divulgu\u00e9es \u00e0 des tiers. Elles seraient uniquement communiqu\u00e9es au distributeur\u00a0Thermia\u00a0Barcelona le plus proche de chez vous, si vous en faisiez la demande \u00e0 l\u2019aide du formulaire correspondant, ou bien lorsque cela est indispensable \u00e0 la relation commerciale ou que la loi l\u2019exige.<\/span><\/p>\n<p><span style=\"font-size: 10pt;\">Outre ce qui est susmentionn\u00e9, des tiers charg\u00e9s du traitement des donn\u00e9es peuvent avoir acc\u00e8s \u00e0 vos donn\u00e9es personnelles.<\/span><\/p>\n<p><span style=\"font-size: 10pt;\"><strong>De quels droits jouissez-vous lorsque vous nous fournissez vos donn\u00e9es\u00a0?<\/strong><\/span><\/p>\n<p><span style=\"font-size: 10pt;\">Lorsque THERMIA\u00a0BARCELONA traite vos donn\u00e9es personnelles, vous disposez des droits suivants.<\/span><\/p>\n<p><span style=\"font-size: 10pt;\">Acc\u00e8s.- La personne concern\u00e9e a le droit d\u2019obtenir du responsable du traitement la confirmation que des donn\u00e9es \u00e0 caract\u00e8re personnel la concernant sont ou ne sont pas trait\u00e9es, ainsi que les informations d\u00e9taill\u00e9es concernant les aspects du traitement qui en est fait.<\/span><\/p>\n<p><span style=\"font-size: 10pt;\">Rectification.- La personne concern\u00e9e a le droit d\u2019obtenir la rectification des donn\u00e9es \u00e0 caract\u00e8re personnel la concernant qui sont inexactes et d\u2019obtenir que les donn\u00e9es incompl\u00e8tes soient compl\u00e9t\u00e9es.<\/span><\/p>\n<p><span style=\"font-size: 10pt;\">Effacement.- La personne concern\u00e9e a le droit d\u2019obtenir l\u2019effacement de donn\u00e9es \u00e0 caract\u00e8re personnel la concernant, cet effacement \u00e9tant, dans tous les cas, soumis aux limites \u00e9tablies par la l\u00e9gislation.<\/span><\/p>\n<p><span style=\"font-size: 10pt;\">Limitation du traitement.- La personne concern\u00e9e a le droit d\u2019obtenir la limitation du traitement des donn\u00e9es personnelles la concernant.<\/span><\/p>\n<p><span style=\"font-size: 10pt;\">Opposition au traitement.- Dans certaines circonstances, la personne concern\u00e9e a le droit de s\u2019opposer, pour des raisons tenant \u00e0 sa situation particuli\u00e8re, \u00e0 un traitement des donn\u00e9es \u00e0 caract\u00e8re personnel la concernant. THERMIA\u00a0BARCELONA cesse de traiter les donn\u00e9es \u00e0 caract\u00e8re personnel, sauf pour des motifs l\u00e9gitimes et imp\u00e9rieux, et pour l\u2019exercice ou la d\u00e9fense d\u2019\u00e9ventuelles r\u00e9clamations.<\/span><\/p>\n<p><span style=\"font-size: 10pt;\">Droit \u00e0 la portabilit\u00e9 des donn\u00e9es.- Les personnes concern\u00e9es ont le droit de recevoir les donn\u00e9es \u00e0 caract\u00e8re personnel les concernant qu\u2019elles ont fournies \u00e0 un responsable du traitement, dans un format structur\u00e9, couramment utilis\u00e9 et lisible par machine, et ont le droit de transmettre ces donn\u00e9es \u00e0 un autre responsable du traitement.<\/span><\/p>\n<p><span style=\"font-size: 10pt;\">Vous pouvez exercer les droits susmentionn\u00e9s en adressant une demande \u00e9crite et sign\u00e9e \u00e0 THERMIA\u00a0BARCELONA, C\/ Narc\u00eds Monturiol, 34\u00a0Nau Esquerra, 08192\u00a0Sant Quirze del Vall\u00e8s (Espagne), ou \u00e0\u00a0<a href=\"mailto:contacto@thermiabarcelona.com\">contacto@thermiabarcelona.com<\/a>.<\/span><\/p>\n<p><span style=\"font-size: 10pt;\"><strong>Que se passe-t-il si je ne fournis pas les donn\u00e9es demand\u00e9es\u00a0?<\/strong><\/span><\/p>\n<p><span style=\"font-size: 10pt;\">Si vous refusez de fournir toute donn\u00e9e d\u2019identification et de contact indiqu\u00e9e comme \u00e9tant obligatoire, il est possible que vous ne puissiez ni acc\u00e9der au service, ni obtenir de r\u00e9ponses \u00e0 vos demandes.<\/span><\/p>\n<p><span style=\"font-size: 10pt;\"><strong>Recours aux autorit\u00e9s de contr\u00f4le<\/strong><\/span><\/p>\n<p><span style=\"font-size: 10pt;\">Si vous le jugez opportun, vous pouvez d\u00e9poser un recours aupr\u00e8s de l\u2019Agence espagnole de protection des donn\u00e9es en vous rendant sur le site <a href=\"http:\/\/www.agpd.es\">www.agpd.es<\/a> ou en envoyant une r\u00e9clamation \u00e0 l\u2019adresse suivante\u00a0: C\/ Jorge Juan, 6, 28001\u00a0Madrid (Espagne)<\/span><\/p>\n<p><span style=\"font-size: 10pt;\"><strong>Mesures de s\u00e9curit\u00e9<\/strong><\/span><\/p>\n<p><span style=\"font-size: 10pt;\">La soci\u00e9t\u00e9\u00a0THERMIA\u00a0BARCELONA adopte les niveaux de s\u00e9curit\u00e9 requis par la loi en mati\u00e8re de protection des donn\u00e9es \u00e0 caract\u00e8re personnel. De plus, elle met en place tous les moyens et toutes les mesures techniques \u00e0 sa disposition pour \u00e9viter la perte, la mauvaise utilisation, l\u2019alt\u00e9ration et le vol des donn\u00e9es \u00e0 caract\u00e8re personnel qui lui ont \u00e9t\u00e9 fournies, ainsi que l\u2019acc\u00e8s non autoris\u00e9 \u00e0 ces derni\u00e8res. Toutefois, l\u2019utilisateur doit \u00eatre conscient du fait que les mesures de s\u00e9curit\u00e9 prises sur Internet ne sont pas infaillibles.<\/span><\/p>\n<p>[\/vc_column_text][\/vc_column][\/vc_row]<\/p>\n<\/div>","protected":false},"excerpt":{"rendered":"<p>[vc_row][vc_column width=\u00a0\u00bb1\/1&Prime;][vc_column_text] POLITIQUE DE CONFIDENTIALIT\u00c9 En vertu du r\u00e8glement\u00a0(UE)\u00a02016\/679 du Parlement europ\u00e9en et du Conseil du 27\u00a0avril\u00a02016 (RGPD) et de sa l\u00e9gislation de transposition, la soci\u00e9t\u00e9\u00a0Accesorios\u00a0Dimac\u00a0S.L (ci-apr\u00e8s d\u00e9nomm\u00e9e \u00ab\u00a0THERMIA\u00a0BARCELONA\u00a0\u00bb) informe tous les utilisateurs du site\u00a0Internet thermiabarcelona.com (ci-apr\u00e8s d\u00e9nomm\u00e9 le \u00ab\u00a0site\u00a0Internet\u00a0\u00bb) du traitement de leurs donn\u00e9es personnelles, lesquelles sont fournies durant l\u2019acc\u00e8s audit site\u00a0Internet et l\u2019utilisation de celui-ci ainsi que dans le cadre de la relation entretenue avec THERMIA\u00a0BARCELONA. \u00a0 De mani\u00e8re g\u00e9n\u00e9rale, dans quel but vos donn\u00e9es personnelles sont-elles trait\u00e9es\u00a0? Afin de r\u00e9pondre aux demandes d\u2019informations envoy\u00e9es par le biais des diff\u00e9rents formulaires disponibles sur le site\u00a0Internet\u00a0; Pour vous inscrire \u00e0 la lettre d\u2019information\u00a0; Afin d\u2019entretenir la relation commerciale avec les clients et les fournisseurs, cela n\u00e9cessitant le traitement de vos donn\u00e9es ou de celles de la personne de contact de l\u2019entreprise\u00a0; Afin de vous transmettre des communications susceptibles de vous int\u00e9resser et portant sur des produits ou des services semblables \u00e0 ceux que vous avez achet\u00e9s. Qu\u2019est-ce qui l\u00e9gitime le traitement de vos donn\u00e9es\u00a0? Le consentement que vous avez exprim\u00e9 lors de l\u2019envoi d\u2019une requ\u00eate et l\u2019int\u00e9r\u00eat l\u00e9gitime de la soci\u00e9t\u00e9, dans le cadre d\u2019une demande d\u2019informations envoy\u00e9e par le biais des diff\u00e9rents formulaires de contact disponibles sur le [&hellip;]<\/p>\n","protected":false},"author":5,"featured_media":0,"parent":0,"menu_order":0,"comment_status":"closed","ping_status":"closed","template":"","meta":{"footnotes":""},"class_list":["post-27226","page","type-page","status-publish","hentry"],"yoast_head":"<!-- This site is optimized with the Yoast SEO Premium plugin v26.7 (Yoast SEO v27.3) - https:\/\/yoast.com\/product\/yoast-seo-premium-wordpress\/ -->\n<title>Politique de protection des donn\u00e9es | Thermia\u00a0Barcelona<\/title>\n<meta name=\"description\" content=\"Vos donn\u00e9es peuvent \u00eatre transmises \u00e0 notre distributeur le plus proche de chez vous afin qu\u2019il puisse vous contacter.\" \/>\n<meta name=\"robots\" content=\"index, follow, max-snippet:-1, max-image-preview:large, max-video-preview:-1\" \/>\n<link rel=\"canonical\" href=\"https:\/\/thermiabarcelona.com\/fr\/politique-de-confidentialite\/\" \/>\n<meta property=\"og:locale\" content=\"fr_FR\" \/>\n<meta property=\"og:type\" content=\"article\" \/>\n<meta property=\"og:title\" content=\"Politique de confidentialit\u00e9\" \/>\n<meta property=\"og:description\" content=\"Vos donn\u00e9es peuvent \u00eatre transmises \u00e0 notre distributeur le plus proche de chez vous afin qu\u2019il puisse vous contacter.\" \/>\n<meta property=\"og:url\" content=\"https:\/\/thermiabarcelona.com\/fr\/politique-de-confidentialite\/\" \/>\n<meta property=\"og:site_name\" content=\"Thermia Barcelona. Ventanas para vivir mejor\" \/>\n<meta property=\"article:publisher\" content=\"https:\/\/www.facebook.com\/thermiabarcelona\/\" \/>\n<meta property=\"article:modified_time\" content=\"2019-10-11T10:08:37+00:00\" \/>\n<meta name=\"twitter:card\" content=\"summary_large_image\" \/>\n<meta name=\"twitter:label1\" content=\"Dur\u00e9e de lecture estim\u00e9e\" \/>\n\t<meta name=\"twitter:data1\" content=\"6 minutes\" \/>\n<script type=\"application\/ld+json\" class=\"yoast-schema-graph\">{\"@context\":\"https:\\\/\\\/schema.org\",\"@graph\":[{\"@type\":\"WebPage\",\"@id\":\"https:\\\/\\\/thermiabarcelona.com\\\/fr\\\/politique-de-confidentialite\\\/\",\"url\":\"https:\\\/\\\/thermiabarcelona.com\\\/fr\\\/politique-de-confidentialite\\\/\",\"name\":\"Politique de protection des donn\u00e9es | Thermia\u00a0Barcelona\",\"isPartOf\":{\"@id\":\"https:\\\/\\\/thermiabarcelona.com\\\/#website\"},\"datePublished\":\"2019-09-13T08:05:28+00:00\",\"dateModified\":\"2019-10-11T10:08:37+00:00\",\"description\":\"Vos donn\u00e9es peuvent \u00eatre transmises \u00e0 notre distributeur le plus proche de chez vous afin qu\u2019il puisse vous contacter.\",\"breadcrumb\":{\"@id\":\"https:\\\/\\\/thermiabarcelona.com\\\/fr\\\/politique-de-confidentialite\\\/#breadcrumb\"},\"inLanguage\":\"fr-FR\",\"potentialAction\":[{\"@type\":\"ReadAction\",\"target\":[\"https:\\\/\\\/thermiabarcelona.com\\\/fr\\\/politique-de-confidentialite\\\/\"]}]},{\"@type\":\"BreadcrumbList\",\"@id\":\"https:\\\/\\\/thermiabarcelona.com\\\/fr\\\/politique-de-confidentialite\\\/#breadcrumb\",\"itemListElement\":[{\"@type\":\"ListItem\",\"position\":1,\"name\":\"Portada\",\"item\":\"https:\\\/\\\/thermiabarcelona.com\\\/\"},{\"@type\":\"ListItem\",\"position\":2,\"name\":\"Politique de confidentialit\u00e9\"}]},{\"@type\":\"WebSite\",\"@id\":\"https:\\\/\\\/thermiabarcelona.com\\\/#website\",\"url\":\"https:\\\/\\\/thermiabarcelona.com\\\/\",\"name\":\"Thermia Barcelona. Ventanas para vivir mejor\",\"description\":\"Ventanas de calidad, duraderas y f\u00e1ciles de fabricar. Dise\u00f1o.Confort.Silencio\",\"publisher\":{\"@id\":\"https:\\\/\\\/thermiabarcelona.com\\\/#organization\"},\"potentialAction\":[{\"@type\":\"SearchAction\",\"target\":{\"@type\":\"EntryPoint\",\"urlTemplate\":\"https:\\\/\\\/thermiabarcelona.com\\\/?s={search_term_string}\"},\"query-input\":{\"@type\":\"PropertyValueSpecification\",\"valueRequired\":true,\"valueName\":\"search_term_string\"}}],\"inLanguage\":\"fr-FR\"},{\"@type\":\"Organization\",\"@id\":\"https:\\\/\\\/thermiabarcelona.com\\\/#organization\",\"name\":\"Thermia Barcelona\",\"url\":\"https:\\\/\\\/thermiabarcelona.com\\\/\",\"logo\":{\"@type\":\"ImageObject\",\"inLanguage\":\"fr-FR\",\"@id\":\"https:\\\/\\\/thermiabarcelona.com\\\/#\\\/schema\\\/logo\\\/image\\\/\",\"url\":\"https:\\\/\\\/thermiabarcelona.com\\\/wp-content\\\/uploads\\\/2018\\\/08\\\/logo_thermia-1.jpg\",\"contentUrl\":\"https:\\\/\\\/thermiabarcelona.com\\\/wp-content\\\/uploads\\\/2018\\\/08\\\/logo_thermia-1.jpg\",\"width\":345,\"height\":158,\"caption\":\"Thermia Barcelona\"},\"image\":{\"@id\":\"https:\\\/\\\/thermiabarcelona.com\\\/#\\\/schema\\\/logo\\\/image\\\/\"},\"sameAs\":[\"https:\\\/\\\/www.facebook.com\\\/thermiabarcelona\\\/\",\"https:\\\/\\\/www.instagram.com\\\/thermiabarcelona\\\/\",\"https:\\\/\\\/es.linkedin.com\\\/company\\\/thermia-barcelona\",\"https:\\\/\\\/www.youtube.com\\\/thermiabarcelona\"]}]}<\/script>\n<!-- \/ Yoast SEO Premium plugin. -->","yoast_head_json":{"title":"Politique de protection des donn\u00e9es | Thermia\u00a0Barcelona","description":"Vos donn\u00e9es peuvent \u00eatre transmises \u00e0 notre distributeur le plus proche de chez vous afin qu\u2019il puisse vous contacter.","robots":{"index":"index","follow":"follow","max-snippet":"max-snippet:-1","max-image-preview":"max-image-preview:large","max-video-preview":"max-video-preview:-1"},"canonical":"https:\/\/thermiabarcelona.com\/fr\/politique-de-confidentialite\/","og_locale":"fr_FR","og_type":"article","og_title":"Politique de confidentialit\u00e9","og_description":"Vos donn\u00e9es peuvent \u00eatre transmises \u00e0 notre distributeur le plus proche de chez vous afin qu\u2019il puisse vous contacter.","og_url":"https:\/\/thermiabarcelona.com\/fr\/politique-de-confidentialite\/","og_site_name":"Thermia Barcelona. Ventanas para vivir mejor","article_publisher":"https:\/\/www.facebook.com\/thermiabarcelona\/","article_modified_time":"2019-10-11T10:08:37+00:00","twitter_card":"summary_large_image","twitter_misc":{"Dur\u00e9e de lecture estim\u00e9e":"6 minutes"},"schema":{"@context":"https:\/\/schema.org","@graph":[{"@type":"WebPage","@id":"https:\/\/thermiabarcelona.com\/fr\/politique-de-confidentialite\/","url":"https:\/\/thermiabarcelona.com\/fr\/politique-de-confidentialite\/","name":"Politique de protection des donn\u00e9es | Thermia\u00a0Barcelona","isPartOf":{"@id":"https:\/\/thermiabarcelona.com\/#website"},"datePublished":"2019-09-13T08:05:28+00:00","dateModified":"2019-10-11T10:08:37+00:00","description":"Vos donn\u00e9es peuvent \u00eatre transmises \u00e0 notre distributeur le plus proche de chez vous afin qu\u2019il puisse vous contacter.","breadcrumb":{"@id":"https:\/\/thermiabarcelona.com\/fr\/politique-de-confidentialite\/#breadcrumb"},"inLanguage":"fr-FR","potentialAction":[{"@type":"ReadAction","target":["https:\/\/thermiabarcelona.com\/fr\/politique-de-confidentialite\/"]}]},{"@type":"BreadcrumbList","@id":"https:\/\/thermiabarcelona.com\/fr\/politique-de-confidentialite\/#breadcrumb","itemListElement":[{"@type":"ListItem","position":1,"name":"Portada","item":"https:\/\/thermiabarcelona.com\/"},{"@type":"ListItem","position":2,"name":"Politique de confidentialit\u00e9"}]},{"@type":"WebSite","@id":"https:\/\/thermiabarcelona.com\/#website","url":"https:\/\/thermiabarcelona.com\/","name":"Thermia Barcelona. Ventanas para vivir mejor","description":"Ventanas de calidad, duraderas y f\u00e1ciles de fabricar. Dise\u00f1o.Confort.Silencio","publisher":{"@id":"https:\/\/thermiabarcelona.com\/#organization"},"potentialAction":[{"@type":"SearchAction","target":{"@type":"EntryPoint","urlTemplate":"https:\/\/thermiabarcelona.com\/?s={search_term_string}"},"query-input":{"@type":"PropertyValueSpecification","valueRequired":true,"valueName":"search_term_string"}}],"inLanguage":"fr-FR"},{"@type":"Organization","@id":"https:\/\/thermiabarcelona.com\/#organization","name":"Thermia Barcelona","url":"https:\/\/thermiabarcelona.com\/","logo":{"@type":"ImageObject","inLanguage":"fr-FR","@id":"https:\/\/thermiabarcelona.com\/#\/schema\/logo\/image\/","url":"https:\/\/thermiabarcelona.com\/wp-content\/uploads\/2018\/08\/logo_thermia-1.jpg","contentUrl":"https:\/\/thermiabarcelona.com\/wp-content\/uploads\/2018\/08\/logo_thermia-1.jpg","width":345,"height":158,"caption":"Thermia Barcelona"},"image":{"@id":"https:\/\/thermiabarcelona.com\/#\/schema\/logo\/image\/"},"sameAs":["https:\/\/www.facebook.com\/thermiabarcelona\/","https:\/\/www.instagram.com\/thermiabarcelona\/","https:\/\/es.linkedin.com\/company\/thermia-barcelona","https:\/\/www.youtube.com\/thermiabarcelona"]}]}},"_links":{"self":[{"href":"https:\/\/thermiabarcelona.com\/fr\/wp-json\/wp\/v2\/pages\/27226","targetHints":{"allow":["GET"]}}],"collection":[{"href":"https:\/\/thermiabarcelona.com\/fr\/wp-json\/wp\/v2\/pages"}],"about":[{"href":"https:\/\/thermiabarcelona.com\/fr\/wp-json\/wp\/v2\/types\/page"}],"author":[{"embeddable":true,"href":"https:\/\/thermiabarcelona.com\/fr\/wp-json\/wp\/v2\/users\/5"}],"replies":[{"embeddable":true,"href":"https:\/\/thermiabarcelona.com\/fr\/wp-json\/wp\/v2\/comments?post=27226"}],"version-history":[{"count":0,"href":"https:\/\/thermiabarcelona.com\/fr\/wp-json\/wp\/v2\/pages\/27226\/revisions"}],"wp:attachment":[{"href":"https:\/\/thermiabarcelona.com\/fr\/wp-json\/wp\/v2\/media?parent=27226"}],"curies":[{"name":"wp","href":"https:\/\/api.w.org\/{rel}","templated":true}]}}