{"id":27207,"date":"2019-09-13T08:02:06","date_gmt":"2019-09-13T08:02:06","guid":{"rendered":"https:\/\/thermiabarcelona.com\/showrooms-thermia\/"},"modified":"2019-11-27T15:13:46","modified_gmt":"2019-11-27T15:13:46","slug":"showrooms-thermia","status":"publish","type":"page","link":"https:\/\/thermiabarcelona.com\/fr\/showrooms-thermia\/","title":{"rendered":"Showrooms\u00a0Thermia"},"content":{"rendered":"<div class=\"wpb-content-wrapper\"><p>[vc_row top_padding=\u00a0\u00bb60&Prime; bottom_padding=\u00a0\u00bb80&Prime;][vc_column width=\u00a0\u00bb1\/1&Prime;]<h1 class=\"headline font-inherit fontsize-xxxl fontweight-600 lh-12 align-center transform-inherit \" style=\"margin: 0 0 30px 0;\">Showrooms Thermia\u00a0Barcelona<\/h1><h1 class=\"headline font-inherit fontsize-xl fontweight-300 lh-12 align-center transform-inherit \" style=\"margin: 0 0 30px 0; color: #e46e0c;\">Rien de mieux que de voir et toucher un produit. Il en va de m\u00eame pour les fen\u00eatres. Les showrooms\u00a0Thermia ont pour but d&rsquo;am\u00e9liorer l&rsquo;exp\u00e9rience sensorielle et de faciliter les processus de vente. <\/h1><div class=\"single_image wpb_content_element align-left    \" data-animation=\"none\" data-delay=\"0\"><img fetchpriority=\"high\" decoding=\"async\" width=\"2043\" height=\"999\" src=\"https:\/\/thermiabarcelona.com\/wp-content\/uploads\/2019\/06\/Showroom-ventanas-aluminio-Thermia-Barcelona-Girona.jpg\" class=\"attachment-full\" alt=\"Showroom Thermia en Girona, Espa\u00f1a\" title=\"Showroom-ventanas-aluminio-Thermia-Barcelona-Girona\" srcset=\"https:\/\/thermiabarcelona.com\/wp-content\/uploads\/2019\/06\/Showroom-ventanas-aluminio-Thermia-Barcelona-Girona.jpg 2043w, https:\/\/thermiabarcelona.com\/wp-content\/uploads\/2019\/06\/Showroom-ventanas-aluminio-Thermia-Barcelona-Girona-300x147.jpg 300w, https:\/\/thermiabarcelona.com\/wp-content\/uploads\/2019\/06\/Showroom-ventanas-aluminio-Thermia-Barcelona-Girona-768x376.jpg 768w, https:\/\/thermiabarcelona.com\/wp-content\/uploads\/2019\/06\/Showroom-ventanas-aluminio-Thermia-Barcelona-Girona-1024x501.jpg 1024w\" sizes=\"(max-width: 2043px) 100vw, 2043px\" \/><\/div>[\/vc_column][\/vc_row][vc_row bg_color=\u00a0\u00bb#f4f4f4&Prime; top_padding=\u00a0\u00bb50&Prime;][vc_column width=\u00a0\u00bb1\/1&Prime;][vc_column_text]<\/p>\n<h1 style=\"text-align: left;\">Showrooms\u00a0Thermia\u00ae en Espagne<\/h1>\n<p>[\/vc_column_text][\/vc_column][\/vc_row][vc_row bg_color=\u00a0\u00bb#f4f4f4&Prime; top_padding=\u00a0\u00bb40&Prime;][vc_column bg_color=\u00a0\u00bb#f4f4f4&Prime; width=\u00a0\u00bb1\/3&Prime;][vc_column_text]<\/p>\n<p style=\"text-align: left;\"><span style=\"font-size: 18pt; color: #f2842f; line-height: 1.2;\">\u00ab\u00a0C&rsquo;est un environnement id\u00e9al pour voir et toucher par vous-m\u00eame nos produits. Laissez-vous convaincre.\u00a0\u00bb<br \/>\n<\/span><\/p>\n<p>[\/vc_column_text][\/vc_column][vc_column bg_color=\u00a0\u00bb#f4f4f4&Prime; width=\u00a0\u00bb1\/3&Prime;]<div class=\"iconbox  wpb_content_element iconbox-style-6 icon-color-greyscale color-dark clearfix\"><img src='https:\/\/thermiabarcelona.com\/wp-content\/uploads\/2019\/06\/showroom_thermia_barcelona.jpg' class='iconimg' alt='Showroom en Barcelona' \/><h3>Showroom en Barcelona<\/h3><p><em>C\/ Narc\u00eds Monturiol 34<\/em><br \/>\n<em>08219\u00a0Sant Quirze del Vall\u00e8s, Barcelone (Espagne)<br \/>\n<\/em><\/p>\n<a href=\"https:\/\/thermiabarcelona.com\/fr\/showroom\/\" target=\"_self\" class=\"button button-appear color-2 medium \" style=\"border-radius: 2px;\"><span>Voir Showroom<i class='fa fa-chevron-right'><\/i><\/span><\/a>\n<p>&nbsp;<\/p>\n<p>&nbsp;<\/p>\n<\/p><\/div>[\/vc_column][vc_column bg_color=\u00a0\u00bb#f4f4f4&Prime; width=\u00a0\u00bb1\/3&Prime;]<div class=\"iconbox  wpb_content_element iconbox-style-6 icon-color-greyscale color-dark clearfix\"><img src='https:\/\/thermiabarcelona.com\/wp-content\/uploads\/2019\/06\/showroom_thermia_Girona2.jpg' class='iconimg' alt='Showroom en Girona' \/><h3>Showroom en Girona<\/h3><p><em>Carrer Pla de Dalt,<\/em><br \/>\n<em>17840\u00a0Sarri\u00e0 de Dalt, G\u00e9rone (Espagne)<\/em><\/p>\n<a href=\"https:\/\/thermiabarcelona.com\/fr\/showrooms-thermia-a-gerone\/\" target=\"_self\" class=\"button button-appear color-2 medium \" style=\"border-radius: 2px;\"><span>Voir Showroom <i class='fa fa-chevron-right'><\/i><\/span><\/a>\n<p>&nbsp;<\/p>\n<p>&nbsp;<\/p>\n<p>&nbsp;<\/p>\n<\/p><\/div>[\/vc_column][\/vc_row][vc_row bg_color=\u00a0\u00bb#f4f4f4&Prime; top_padding=\u00a0\u00bb0&Prime;][vc_column width=\u00a0\u00bb1\/1&Prime;][vc_column_text]<\/p>\n<h1 style=\"text-align: left;\">Showrooms\u00a0Thermia\u00ae au P\u00e9rou<\/h1>\n<p>[\/vc_column_text][\/vc_column][\/vc_row][vc_row bg_color=\u00a0\u00bb#f4f4f4&Prime; top_padding=\u00a0\u00bb40&Prime;][vc_column bg_color=\u00a0\u00bb#f4f4f4&Prime; width=\u00a0\u00bb1\/3&Prime;][vc_column_text]<\/p>\n<p style=\"text-align: left;\"><span style=\"font-size: 18pt; color: #f2842f; line-height: 1.2;\">\u00ab\u00a0Les fen\u00eatres doivent nous aider \u00e0 cr\u00e9er des espaces plus confortables, plus calmes et pratiques.\u00a0\u00bb<br \/>\n<\/span><\/p>\n<p>[\/vc_column_text][\/vc_column][vc_column bg_color=\u00a0\u00bb#f4f4f4&Prime; width=\u00a0\u00bb1\/3&Prime;]<div class=\"iconbox  wpb_content_element iconbox-style-6 icon-color-greyscale color-dark clearfix\"><img src='https:\/\/thermiabarcelona.com\/wp-content\/uploads\/2019\/06\/showroom_thermia_lima.jpg' class='iconimg' alt='Showroom en Lima' \/><h3>Showroom en Lima<\/h3><p><em>Av. Paseo de la Rep\u00fablica, 3583<br \/>\nSan\u00a0Isidro, 15047 Lima (P\u00e9rou)<br \/>\n<\/em><\/p>\n<a href=\"https:\/\/thermiabarcelona.com\/fr\/showroom-thermia-a-lima\/\" target=\"_self\" class=\"button button-appear color-2 medium \" style=\"border-radius: 2px;\"><span>Voir Showroom<i class='fa fa-chevron-right'><\/i><\/span><\/a>\n<p>&nbsp;<\/p>\n<p>&nbsp;<\/p>\n<p>&nbsp;<\/p>\n<\/p><\/div>[\/vc_column][vc_column bg_color=\u00a0\u00bb#f4f4f4&Prime; width=\u00a0\u00bb1\/3&Prime;]<div class=\"iconbox  wpb_content_element iconbox-style-6 icon-color-greyscale color-dark clearfix\"><img src='https:\/\/thermiabarcelona.com\/wp-content\/uploads\/2019\/06\/showroom_thermia_Trujillo.jpg' class='iconimg' alt='Showroom en Trujillo' \/><h3>Showroom en Trujillo<\/h3><div class=\"rrnzUe\"><em><span class=\"fy4CJe\">Prol Huallaga 346<\/span><\/em><\/div>\n<div class=\"rrnzUe\"><em><span class=\"fy4CJe\">13006 Trujillo (P<\/span><span class=\"fy4CJe\">\u00e9rou)<\/span><\/em><\/div>\n<p><em>\u00a0<\/em><\/p>\n<p>&nbsp;<\/p>\n<p>&nbsp;<\/p>\n<p>&nbsp;<\/p>\n<\/p><\/div>[\/vc_column][\/vc_row]<\/p>\n<\/div>","protected":false},"excerpt":{"rendered":"<p>[vc_row top_padding=\u00a0\u00bb60&Prime; bottom_padding=\u00a0\u00bb80&Prime;][vc_column width=\u00a0\u00bb1\/1&Prime;][\/vc_column][\/vc_row][vc_row bg_color=\u00a0\u00bb#f4f4f4&Prime; top_padding=\u00a0\u00bb50&Prime;][vc_column width=\u00a0\u00bb1\/1&Prime;][vc_column_text] Showrooms\u00a0Thermia\u00ae en Espagne [\/vc_column_text][\/vc_column][\/vc_row][vc_row bg_color=\u00a0\u00bb#f4f4f4&Prime; top_padding=\u00a0\u00bb40&Prime;][vc_column bg_color=\u00a0\u00bb#f4f4f4&Prime; width=\u00a0\u00bb1\/3&Prime;][vc_column_text] \u00ab\u00a0C&rsquo;est un environnement id\u00e9al pour voir et toucher par vous-m\u00eame nos produits. Laissez-vous convaincre.\u00a0\u00bb [\/vc_column_text][\/vc_column][vc_column bg_color=\u00a0\u00bb#f4f4f4&Prime; width=\u00a0\u00bb1\/3&Prime;][\/vc_column][vc_column bg_color=\u00a0\u00bb#f4f4f4&Prime; width=\u00a0\u00bb1\/3&Prime;][\/vc_column][\/vc_row][vc_row bg_color=\u00a0\u00bb#f4f4f4&Prime; top_padding=\u00a0\u00bb0&Prime;][vc_column width=\u00a0\u00bb1\/1&Prime;][vc_column_text] Showrooms\u00a0Thermia\u00ae au P\u00e9rou [\/vc_column_text][\/vc_column][\/vc_row][vc_row bg_color=\u00a0\u00bb#f4f4f4&Prime; top_padding=\u00a0\u00bb40&Prime;][vc_column bg_color=\u00a0\u00bb#f4f4f4&Prime; width=\u00a0\u00bb1\/3&Prime;][vc_column_text] \u00ab\u00a0Les fen\u00eatres doivent nous aider \u00e0 cr\u00e9er des espaces plus confortables, plus calmes et pratiques.\u00a0\u00bb [\/vc_column_text][\/vc_column][vc_column bg_color=\u00a0\u00bb#f4f4f4&Prime; width=\u00a0\u00bb1\/3&Prime;][\/vc_column][vc_column bg_color=\u00a0\u00bb#f4f4f4&Prime; width=\u00a0\u00bb1\/3&Prime;][\/vc_column][\/vc_row]<\/p>\n","protected":false},"author":3,"featured_media":0,"parent":0,"menu_order":0,"comment_status":"open","ping_status":"open","template":"","meta":{"footnotes":""},"class_list":["post-27207","page","type-page","status-publish","hentry"],"yoast_head":"<!-- This site is optimized with the Yoast SEO Premium plugin v26.7 (Yoast SEO v26.8) - https:\/\/yoast.com\/product\/yoast-seo-premium-wordpress\/ -->\n<title>Showrooms\u00a0Thermia\u00a0Barcelona\u00ae | Fen\u00eatres isolantes de qualit\u00e9<\/title>\n<meta name=\"description\" content=\"Les showrooms de Thermia sont des espaces o\u00f9 sont expos\u00e9es les fen\u00eatres\u00a0Thermia. Ils offrent une exp\u00e9rience sensorielle qui vous aidera tout au long du processus d&#039;achat.\" \/>\n<meta name=\"robots\" content=\"index, follow, max-snippet:-1, max-image-preview:large, max-video-preview:-1\" \/>\n<link rel=\"canonical\" href=\"https:\/\/thermiabarcelona.com\/fr\/showrooms-thermia\/\" \/>\n<meta property=\"og:locale\" content=\"fr_FR\" \/>\n<meta property=\"og:type\" content=\"article\" \/>\n<meta property=\"og:title\" content=\"Showrooms\u00a0Thermia\" \/>\n<meta property=\"og:description\" content=\"Les showrooms de Thermia sont des espaces o\u00f9 sont expos\u00e9es les fen\u00eatres\u00a0Thermia. Ils offrent une exp\u00e9rience sensorielle qui vous aidera tout au long du processus d&#039;achat.\" \/>\n<meta property=\"og:url\" content=\"https:\/\/thermiabarcelona.com\/fr\/showrooms-thermia\/\" \/>\n<meta property=\"og:site_name\" content=\"Thermia Barcelona. Ventanas para vivir mejor\" \/>\n<meta property=\"article:publisher\" content=\"https:\/\/www.facebook.com\/thermiabarcelona\/\" \/>\n<meta property=\"article:modified_time\" content=\"2019-11-27T15:13:46+00:00\" \/>\n<meta property=\"og:image\" content=\"https:\/\/thermiabarcelona.com\/wp-content\/uploads\/2019\/06\/Showroom-ventanas-aluminio-Thermia-Barcelona-Girona.jpg\" \/>\n\t<meta property=\"og:image:width\" content=\"2043\" \/>\n\t<meta property=\"og:image:height\" content=\"999\" \/>\n\t<meta property=\"og:image:type\" content=\"image\/jpeg\" \/>\n<meta name=\"twitter:card\" content=\"summary_large_image\" \/>\n<meta name=\"twitter:label1\" content=\"Dur\u00e9e de lecture estim\u00e9e\" \/>\n\t<meta name=\"twitter:data1\" content=\"2 minutes\" \/>\n<script type=\"application\/ld+json\" class=\"yoast-schema-graph\">{\"@context\":\"https:\/\/schema.org\",\"@graph\":[{\"@type\":\"WebPage\",\"@id\":\"https:\/\/thermiabarcelona.com\/fr\/showrooms-thermia\/\",\"url\":\"https:\/\/thermiabarcelona.com\/fr\/showrooms-thermia\/\",\"name\":\"Showrooms\u00a0Thermia\u00a0Barcelona\u00ae | Fen\u00eatres isolantes de qualit\u00e9\",\"isPartOf\":{\"@id\":\"https:\/\/thermiabarcelona.com\/#website\"},\"datePublished\":\"2019-09-13T08:02:06+00:00\",\"dateModified\":\"2019-11-27T15:13:46+00:00\",\"description\":\"Les showrooms de Thermia sont des espaces o\u00f9 sont expos\u00e9es les fen\u00eatres\u00a0Thermia. Ils offrent une exp\u00e9rience sensorielle qui vous aidera tout au long du processus d'achat.\",\"breadcrumb\":{\"@id\":\"https:\/\/thermiabarcelona.com\/fr\/showrooms-thermia\/#breadcrumb\"},\"inLanguage\":\"fr-FR\",\"potentialAction\":[{\"@type\":\"ReadAction\",\"target\":[\"https:\/\/thermiabarcelona.com\/fr\/showrooms-thermia\/\"]}]},{\"@type\":\"BreadcrumbList\",\"@id\":\"https:\/\/thermiabarcelona.com\/fr\/showrooms-thermia\/#breadcrumb\",\"itemListElement\":[{\"@type\":\"ListItem\",\"position\":1,\"name\":\"Portada\",\"item\":\"https:\/\/thermiabarcelona.com\/\"},{\"@type\":\"ListItem\",\"position\":2,\"name\":\"Showrooms\u00a0Thermia\"}]},{\"@type\":\"WebSite\",\"@id\":\"https:\/\/thermiabarcelona.com\/#website\",\"url\":\"https:\/\/thermiabarcelona.com\/\",\"name\":\"Thermia Barcelona. Ventanas para vivir mejor\",\"description\":\"Ventanas de calidad, duraderas y f\u00e1ciles de fabricar. Dise\u00f1o.Confort.Silencio\",\"publisher\":{\"@id\":\"https:\/\/thermiabarcelona.com\/#organization\"},\"potentialAction\":[{\"@type\":\"SearchAction\",\"target\":{\"@type\":\"EntryPoint\",\"urlTemplate\":\"https:\/\/thermiabarcelona.com\/?s={search_term_string}\"},\"query-input\":{\"@type\":\"PropertyValueSpecification\",\"valueRequired\":true,\"valueName\":\"search_term_string\"}}],\"inLanguage\":\"fr-FR\"},{\"@type\":\"Organization\",\"@id\":\"https:\/\/thermiabarcelona.com\/#organization\",\"name\":\"Thermia Barcelona\",\"url\":\"https:\/\/thermiabarcelona.com\/\",\"logo\":{\"@type\":\"ImageObject\",\"inLanguage\":\"fr-FR\",\"@id\":\"https:\/\/thermiabarcelona.com\/#\/schema\/logo\/image\/\",\"url\":\"https:\/\/thermiabarcelona.com\/wp-content\/uploads\/2018\/08\/logo_thermia-1.jpg\",\"contentUrl\":\"https:\/\/thermiabarcelona.com\/wp-content\/uploads\/2018\/08\/logo_thermia-1.jpg\",\"width\":345,\"height\":158,\"caption\":\"Thermia Barcelona\"},\"image\":{\"@id\":\"https:\/\/thermiabarcelona.com\/#\/schema\/logo\/image\/\"},\"sameAs\":[\"https:\/\/www.facebook.com\/thermiabarcelona\/\",\"https:\/\/www.instagram.com\/thermiabarcelona\/\",\"https:\/\/es.linkedin.com\/company\/thermia-barcelona\",\"https:\/\/www.youtube.com\/thermiabarcelona\"]}]}<\/script>\n<!-- \/ Yoast SEO Premium plugin. -->","yoast_head_json":{"title":"Showrooms\u00a0Thermia\u00a0Barcelona\u00ae | Fen\u00eatres isolantes de qualit\u00e9","description":"Les showrooms de Thermia sont des espaces o\u00f9 sont expos\u00e9es les fen\u00eatres\u00a0Thermia. Ils offrent une exp\u00e9rience sensorielle qui vous aidera tout au long du processus d'achat.","robots":{"index":"index","follow":"follow","max-snippet":"max-snippet:-1","max-image-preview":"max-image-preview:large","max-video-preview":"max-video-preview:-1"},"canonical":"https:\/\/thermiabarcelona.com\/fr\/showrooms-thermia\/","og_locale":"fr_FR","og_type":"article","og_title":"Showrooms\u00a0Thermia","og_description":"Les showrooms de Thermia sont des espaces o\u00f9 sont expos\u00e9es les fen\u00eatres\u00a0Thermia. Ils offrent une exp\u00e9rience sensorielle qui vous aidera tout au long du processus d'achat.","og_url":"https:\/\/thermiabarcelona.com\/fr\/showrooms-thermia\/","og_site_name":"Thermia Barcelona. Ventanas para vivir mejor","article_publisher":"https:\/\/www.facebook.com\/thermiabarcelona\/","article_modified_time":"2019-11-27T15:13:46+00:00","og_image":[{"width":2043,"height":999,"url":"https:\/\/thermiabarcelona.com\/wp-content\/uploads\/2019\/06\/Showroom-ventanas-aluminio-Thermia-Barcelona-Girona.jpg","type":"image\/jpeg"}],"twitter_card":"summary_large_image","twitter_misc":{"Dur\u00e9e de lecture estim\u00e9e":"2 minutes"},"schema":{"@context":"https:\/\/schema.org","@graph":[{"@type":"WebPage","@id":"https:\/\/thermiabarcelona.com\/fr\/showrooms-thermia\/","url":"https:\/\/thermiabarcelona.com\/fr\/showrooms-thermia\/","name":"Showrooms\u00a0Thermia\u00a0Barcelona\u00ae | Fen\u00eatres isolantes de qualit\u00e9","isPartOf":{"@id":"https:\/\/thermiabarcelona.com\/#website"},"datePublished":"2019-09-13T08:02:06+00:00","dateModified":"2019-11-27T15:13:46+00:00","description":"Les showrooms de Thermia sont des espaces o\u00f9 sont expos\u00e9es les fen\u00eatres\u00a0Thermia. Ils offrent une exp\u00e9rience sensorielle qui vous aidera tout au long du processus d'achat.","breadcrumb":{"@id":"https:\/\/thermiabarcelona.com\/fr\/showrooms-thermia\/#breadcrumb"},"inLanguage":"fr-FR","potentialAction":[{"@type":"ReadAction","target":["https:\/\/thermiabarcelona.com\/fr\/showrooms-thermia\/"]}]},{"@type":"BreadcrumbList","@id":"https:\/\/thermiabarcelona.com\/fr\/showrooms-thermia\/#breadcrumb","itemListElement":[{"@type":"ListItem","position":1,"name":"Portada","item":"https:\/\/thermiabarcelona.com\/"},{"@type":"ListItem","position":2,"name":"Showrooms\u00a0Thermia"}]},{"@type":"WebSite","@id":"https:\/\/thermiabarcelona.com\/#website","url":"https:\/\/thermiabarcelona.com\/","name":"Thermia Barcelona. Ventanas para vivir mejor","description":"Ventanas de calidad, duraderas y f\u00e1ciles de fabricar. Dise\u00f1o.Confort.Silencio","publisher":{"@id":"https:\/\/thermiabarcelona.com\/#organization"},"potentialAction":[{"@type":"SearchAction","target":{"@type":"EntryPoint","urlTemplate":"https:\/\/thermiabarcelona.com\/?s={search_term_string}"},"query-input":{"@type":"PropertyValueSpecification","valueRequired":true,"valueName":"search_term_string"}}],"inLanguage":"fr-FR"},{"@type":"Organization","@id":"https:\/\/thermiabarcelona.com\/#organization","name":"Thermia Barcelona","url":"https:\/\/thermiabarcelona.com\/","logo":{"@type":"ImageObject","inLanguage":"fr-FR","@id":"https:\/\/thermiabarcelona.com\/#\/schema\/logo\/image\/","url":"https:\/\/thermiabarcelona.com\/wp-content\/uploads\/2018\/08\/logo_thermia-1.jpg","contentUrl":"https:\/\/thermiabarcelona.com\/wp-content\/uploads\/2018\/08\/logo_thermia-1.jpg","width":345,"height":158,"caption":"Thermia Barcelona"},"image":{"@id":"https:\/\/thermiabarcelona.com\/#\/schema\/logo\/image\/"},"sameAs":["https:\/\/www.facebook.com\/thermiabarcelona\/","https:\/\/www.instagram.com\/thermiabarcelona\/","https:\/\/es.linkedin.com\/company\/thermia-barcelona","https:\/\/www.youtube.com\/thermiabarcelona"]}]}},"_links":{"self":[{"href":"https:\/\/thermiabarcelona.com\/fr\/wp-json\/wp\/v2\/pages\/27207","targetHints":{"allow":["GET"]}}],"collection":[{"href":"https:\/\/thermiabarcelona.com\/fr\/wp-json\/wp\/v2\/pages"}],"about":[{"href":"https:\/\/thermiabarcelona.com\/fr\/wp-json\/wp\/v2\/types\/page"}],"author":[{"embeddable":true,"href":"https:\/\/thermiabarcelona.com\/fr\/wp-json\/wp\/v2\/users\/3"}],"replies":[{"embeddable":true,"href":"https:\/\/thermiabarcelona.com\/fr\/wp-json\/wp\/v2\/comments?post=27207"}],"version-history":[{"count":0,"href":"https:\/\/thermiabarcelona.com\/fr\/wp-json\/wp\/v2\/pages\/27207\/revisions"}],"wp:attachment":[{"href":"https:\/\/thermiabarcelona.com\/fr\/wp-json\/wp\/v2\/media?parent=27207"}],"curies":[{"name":"wp","href":"https:\/\/api.w.org\/{rel}","templated":true}]}}