{"id":27205,"date":"2019-09-13T08:02:00","date_gmt":"2019-09-13T08:02:00","guid":{"rendered":"https:\/\/thermiabarcelona.com\/fenetres-en-aluminium-et-options-desthetisme\/"},"modified":"2019-10-22T13:03:33","modified_gmt":"2019-10-22T13:03:33","slug":"fenetres-en-aluminium-et-options-desthetisme","status":"publish","type":"page","link":"https:\/\/thermiabarcelona.com\/fr\/fenetres-en-aluminium-et-options-desthetisme\/","title":{"rendered":"Fen\u00eatres en aluminium et options esth\u00e9tiques"},"content":{"rendered":"<div class=\"wpb-content-wrapper\"><p>[vc_row][vc_column width=\u00a0\u00bb1\/1&Prime;]<div class=\"single_image wpb_content_element align-left    \" data-animation=\"none\" data-delay=\"0\"><img fetchpriority=\"high\" decoding=\"async\" width=\"2221\" height=\"1076\" src=\"https:\/\/thermiabarcelona.com\/wp-content\/uploads\/2019\/06\/Ventanas-aluminio_Thermia-AR78_cl-1.jpg\" class=\"attachment-full\" alt=\"ventanas de aluminio Thermia efecto madera\" title=\"Ventanas-aluminio_Thermia-AR78+_cl\" srcset=\"https:\/\/thermiabarcelona.com\/wp-content\/uploads\/2019\/06\/Ventanas-aluminio_Thermia-AR78_cl-1.jpg 2221w, https:\/\/thermiabarcelona.com\/wp-content\/uploads\/2019\/06\/Ventanas-aluminio_Thermia-AR78_cl-1-300x145.jpg 300w, https:\/\/thermiabarcelona.com\/wp-content\/uploads\/2019\/06\/Ventanas-aluminio_Thermia-AR78_cl-1-768x372.jpg 768w, https:\/\/thermiabarcelona.com\/wp-content\/uploads\/2019\/06\/Ventanas-aluminio_Thermia-AR78_cl-1-1024x496.jpg 1024w\" sizes=\"(max-width: 2221px) 100vw, 2221px\" \/><\/div>[\/vc_column][\/vc_row][vc_row top_padding=\u00a0\u00bb0&Prime;][vc_column width=\u00a0\u00bb1\/1&Prime;]<div class=\"spacer\" style=\"height: 70px;\"><\/div><h2 class=\"headline font-inherit fontsize-xxxl fontweight-600 lh-12 align-right transform-inherit \" style=\"margin: 0 0 20px 0; color: #000f2c;\">Les fen\u00eatres en aluminium proposent plus d&rsquo;options esth\u00e9tiques et architecturales que les fen\u00eatres en plastique (PVC)<\/h2>[vc_column_text]<\/p>\n<p style=\"text-align: right;\">Source\u00a0: <a href=\"https:\/\/www.mejordealuminio.com\">mejordealuminio.com<\/a><\/p>\n<p>[\/vc_column_text][\/vc_column][\/vc_row][vc_row top_padding=\u00a0\u00bb50&Prime;][vc_column width=\u00a0\u00bb2\/3&Prime;][vc_column_text]<\/p>\n<h2><strong>Les cabinets d&rsquo;architectes choisissent l&rsquo;aluminium<br \/>\n<\/strong><\/h2>\n<p>Les cabinets d&rsquo;architectes les plus prestigieux choisissent l&rsquo;aluminium. Pourquoi\u00a0? Parce qu&rsquo;il s&rsquo;agit d&rsquo;un mat\u00e9riau disponible dans une multitude de couleurs et de finitions, qui peut apporter de nombreuses solutions architecturales. Cela permet aux architectes et aux d\u00e9corateurs de laisser libre cours \u00e0 leur cr\u00e9ativit\u00e9.<\/p>\n<p>L&rsquo;aluminium est polyvalent, stable et se conjugue bien avec tous les styles.<\/p>\n<p><strong>Gr\u00e2ce \u00e0 ses propri\u00e9t\u00e9s intrins\u00e8ques de solidit\u00e9<\/strong>, l&rsquo;aluminium permet de cr\u00e9er des fen\u00eatres avec un profil\u00e9 plus fin, sans r\u00e9duire le poids de la vitre qu&rsquo;il doit soutenir. Le <strong>r\u00e9sultat\u00a0: des fen\u00eatres d&rsquo;un style plus \u00e9pur\u00e9 qui laissent passer davantage de lumi\u00e8re<\/strong>.<\/p>\n<div id=\"attachment_25977\" style=\"width: 605px\" class=\"wp-caption alignleft\"><img decoding=\"async\" aria-describedby=\"caption-attachment-25977\" class=\"wp-image-25977\" src=\"https:\/\/thermiabarcelona.com\/wp-content\/uploads\/2019\/06\/ventanas_aluminio_Thermia-CR40-1024x508.jpg\" alt=\"solution kiss fen\u00eatres\u00a0Thermia\" width=\"595\" height=\"276\"\/><p id=\"caption-attachment-25977\" class=\"wp-caption-text\"><span style=\"font-size: 10pt; color: #808080;\"><em>Solution \u00ab\u00a0Kiss\u00a0\u00bb de la s\u00e9rie\u00a0Thermia\u00ae\u00a0CR40 sans traverse centrale. Quand les ouvrants sont pli\u00e9s, l&rsquo;espace est enti\u00e8rement ouvert.<\/em><\/span><\/p><\/div>\n<p>Gr\u00e2ce \u00e0 leur diversit\u00e9 d&rsquo;ouvertures et de types, les diff\u00e9rents syst\u00e8mes en aluminium offrent davantage d&rsquo;options esth\u00e9tiques et de solutions constructives pour la cr\u00e9ation d&rsquo;espaces dot\u00e9s de fen\u00eatres.<\/p>\n<p>Il est possible d&rsquo;utiliser des finitions bicolores, c&rsquo;est-\u00e0-dire choisir une couleur pour l&rsquo;ext\u00e9rieur d&rsquo;une fen\u00eatre et une autre couleur pour l&rsquo;int\u00e9rieur, afin de garantir l&rsquo;harmonie du style. Les options et combinaisons sont innombrables.<\/p>\n<blockquote>\n<p><span style=\"color: #e57d22; font-size: 14pt;\"><strong>L&rsquo;aluminium peut \u00eatre laqu\u00e9 dans une multitude de tons et de couleurs, notamment des coloris m\u00e9talliques. Il peut recevoir des finitions mates, brillantes et textur\u00e9es, ou un effet bois qui vous surprendra.<\/strong><\/span><\/p>\n<\/blockquote>\n<p>En r\u00e9sum\u00e9, l&rsquo;aluminium permet de cr\u00e9er plus de profil\u00e9s et donc plus de formes. Cela se traduit par un plus grand nombre de solutions pour des projets architecturaux et de d\u00e9coration d&rsquo;int\u00e9rieur.[\/vc_column_text]<div class=\"single_image wpb_content_element align-left    \" data-animation=\"none\" data-delay=\"0\"><img decoding=\"async\" width=\"1468\" height=\"205\" src=\"https:\/\/thermiabarcelona.com\/wp-content\/uploads\/2019\/06\/ventanas-aluminio-colores-y-acabados-Thermia.jpg\" class=\"attachment-full\" alt=\"Acabados y colores en ventanas de aluminio\" title=\"ventanas-aluminio-colores-y-acabados-Thermia\" srcset=\"https:\/\/thermiabarcelona.com\/wp-content\/uploads\/2019\/06\/ventanas-aluminio-colores-y-acabados-Thermia.jpg 1468w, https:\/\/thermiabarcelona.com\/wp-content\/uploads\/2019\/06\/ventanas-aluminio-colores-y-acabados-Thermia-300x42.jpg 300w, https:\/\/thermiabarcelona.com\/wp-content\/uploads\/2019\/06\/ventanas-aluminio-colores-y-acabados-Thermia-768x107.jpg 768w, https:\/\/thermiabarcelona.com\/wp-content\/uploads\/2019\/06\/ventanas-aluminio-colores-y-acabados-Thermia-1024x143.jpg 1024w\" sizes=\"(max-width: 1468px) 100vw, 1468px\" \/><\/div>[\/vc_column][vc_column width=\u00a0\u00bb1\/3&Prime;]<div class=\"flexslider wpb_content_element\"><ul class=\"slides\"><li><img decoding=\"async\" src=\"https:\/\/thermiabarcelona.com\/wp-content\/uploads\/2019\/06\/ventana_Thermia-efecto-madera-2.jpg\" alt=\"Ventana de alumino efecto madera\" \/><\/li><li><img decoding=\"async\" src=\"https:\/\/thermiabarcelona.com\/wp-content\/uploads\/2019\/06\/ventana_aluminio_Thermia-Barcelona.jpg\" alt=\"Ventana de alumino efecto madera\" \/><\/li><li><img decoding=\"async\" src=\"https:\/\/thermiabarcelona.com\/wp-content\/uploads\/2019\/06\/ventana_Thermia-efecto-madera-1.jpg\" alt=\"Ventana de alumino efecto madera\" \/><\/li><li><img decoding=\"async\" src=\"https:\/\/thermiabarcelona.com\/wp-content\/uploads\/2019\/06\/Thermia-Barcelona-CR40-ventanas-aluminio.jpg\" alt=\"\" \/><\/li><li><img decoding=\"async\" src=\"https:\/\/thermiabarcelona.com\/wp-content\/uploads\/2019\/06\/ventanas-aluminio-HotelAromar-Thermia.jpg\" alt=\"\" \/><\/li><li><img decoding=\"async\" src=\"https:\/\/thermiabarcelona.com\/wp-content\/uploads\/2019\/06\/edificio-ventanas-aluminio.jpg\" alt=\"\" \/><\/li><li><img decoding=\"async\" src=\"https:\/\/thermiabarcelona.com\/wp-content\/uploads\/2019\/06\/edificio-aluminio1.jpg\" alt=\"\" \/><\/li><li><img decoding=\"async\" src=\"https:\/\/thermiabarcelona.com\/wp-content\/uploads\/2019\/06\/edificio-aluminio2.jpg\" alt=\"\" \/><\/li><li><img decoding=\"async\" src=\"https:\/\/thermiabarcelona.com\/wp-content\/uploads\/2019\/06\/edificio-aluminio3.jpg\" alt=\"\" \/><\/li><\/ul><\/div><div class=\"box clearfix style-2 wpb_content_element align-left \" style=\"padding: 40px 40px 40px 40px; \">Chez Thermia\u00a0Barcelona, toutes les couleurs et finitions sont disponibles, afin que les fen\u00eatres s&rsquo;adaptent parfaitement \u00e0 tout projet architectural. Nous proposons des <strong>solutions personnalis\u00e9es<\/strong> aussi bien aux architectes et d\u00e9corateurs d&rsquo;int\u00e9rieur qu&rsquo;aux utilisateurs finaux.<\/p>\n<ul>\n<li><a href=\"https:\/\/thermiabarcelona.com\/wp-content\/uploads\/2016\/12\/CARTA-LACADO-LISO.pdf\">Laqu\u00e9 brillant<\/a><\/li>\n<li><a href=\"https:\/\/thermiabarcelona.com\/wp-content\/uploads\/2016\/12\/CARTA-LACADO-TEXTURADO.pdf\">Laqu\u00e9 textur\u00e9<\/a><\/li>\n<li><a href=\"https:\/\/thermiabarcelona.com\/wp-content\/uploads\/2016\/12\/CARTA-ANODIZADOS.pdf\">Anodis\u00e9<\/a><\/li>\n<li><a href=\"https:\/\/thermiabarcelona.com\/wp-content\/uploads\/2016\/12\/CARTA-EFECTO-MADERA-compressed.pdf\">Effet bois<\/a><\/li>\n<\/ul>\n<\/div>[\/vc_column][\/vc_row]<\/p>\n<\/div>","protected":false},"excerpt":{"rendered":"<p>[vc_row][vc_column width=\u00a0\u00bb1\/1&Prime;][\/vc_column][\/vc_row][vc_row top_padding=\u00a0\u00bb0&Prime;][vc_column width=\u00a0\u00bb1\/1&Prime;][vc_column_text] Source\u00a0: mejordealuminio.com [\/vc_column_text][\/vc_column][\/vc_row][vc_row top_padding=\u00a0\u00bb50&Prime;][vc_column width=\u00a0\u00bb2\/3&Prime;][vc_column_text] Les cabinets d&rsquo;architectes choisissent l&rsquo;aluminium Les cabinets d&rsquo;architectes les plus prestigieux choisissent l&rsquo;aluminium. Pourquoi\u00a0? Parce qu&rsquo;il s&rsquo;agit d&rsquo;un mat\u00e9riau disponible dans une multitude de couleurs et de finitions, qui peut apporter de nombreuses solutions architecturales. Cela permet aux architectes et aux d\u00e9corateurs de laisser libre cours \u00e0 leur cr\u00e9ativit\u00e9. L&rsquo;aluminium est polyvalent, stable et se conjugue bien avec tous les styles. Gr\u00e2ce \u00e0 ses propri\u00e9t\u00e9s intrins\u00e8ques de solidit\u00e9, l&rsquo;aluminium permet de cr\u00e9er des fen\u00eatres avec un profil\u00e9 plus fin, sans r\u00e9duire le poids de la vitre qu&rsquo;il doit soutenir. Le r\u00e9sultat\u00a0: des fen\u00eatres d&rsquo;un style plus \u00e9pur\u00e9 qui laissent passer davantage de lumi\u00e8re. Gr\u00e2ce \u00e0 leur diversit\u00e9 d&rsquo;ouvertures et de types, les diff\u00e9rents syst\u00e8mes en aluminium offrent davantage d&rsquo;options esth\u00e9tiques et de solutions constructives pour la cr\u00e9ation d&rsquo;espaces dot\u00e9s de fen\u00eatres. Il est possible d&rsquo;utiliser des finitions bicolores, c&rsquo;est-\u00e0-dire choisir une couleur pour l&rsquo;ext\u00e9rieur d&rsquo;une fen\u00eatre et une autre couleur pour l&rsquo;int\u00e9rieur, afin de garantir l&rsquo;harmonie du style. Les options et combinaisons sont innombrables. L&rsquo;aluminium peut \u00eatre laqu\u00e9 dans une multitude de tons et de couleurs, notamment des coloris m\u00e9talliques. Il peut recevoir des finitions mates, brillantes et textur\u00e9es, ou un [&hellip;]<\/p>\n","protected":false},"author":3,"featured_media":0,"parent":0,"menu_order":0,"comment_status":"closed","ping_status":"closed","template":"","meta":{"footnotes":""},"class_list":["post-27205","page","type-page","status-publish","hentry"],"yoast_head":"<!-- This site is optimized with the Yoast SEO Premium plugin v26.7 (Yoast SEO v26.8) - https:\/\/yoast.com\/product\/yoast-seo-premium-wordpress\/ -->\n<title>Couleurs et finitions pour portes et fen\u00eatres en aluminium | Thermia\u00ae<\/title>\n<meta name=\"description\" content=\"Les fen\u00eatres en aluminium offrent une plus large gamme de couleurs, davantage de textures, de finitions et de possibilit\u00e9s architecturales. Solutions personnalis\u00e9es pour les architectes, les d\u00e9corateurs d&#039;int\u00e9rieur et les utilisateurs finaux.\" \/>\n<meta name=\"robots\" content=\"index, follow, max-snippet:-1, max-image-preview:large, max-video-preview:-1\" \/>\n<link rel=\"canonical\" href=\"https:\/\/thermiabarcelona.com\/fr\/fenetres-en-aluminium-et-options-desthetisme\/\" \/>\n<meta property=\"og:locale\" content=\"fr_FR\" \/>\n<meta property=\"og:type\" content=\"article\" \/>\n<meta property=\"og:title\" content=\"Fen\u00eatres en aluminium et options esth\u00e9tiques\" \/>\n<meta property=\"og:description\" content=\"Les fen\u00eatres en aluminium offrent une plus large gamme de couleurs, davantage de textures, de finitions et de possibilit\u00e9s architecturales. Solutions personnalis\u00e9es pour les architectes, les d\u00e9corateurs d&#039;int\u00e9rieur et les utilisateurs finaux.\" \/>\n<meta property=\"og:url\" content=\"https:\/\/thermiabarcelona.com\/fr\/fenetres-en-aluminium-et-options-desthetisme\/\" \/>\n<meta property=\"og:site_name\" content=\"Thermia Barcelona. Ventanas para vivir mejor\" \/>\n<meta property=\"article:publisher\" content=\"https:\/\/www.facebook.com\/thermiabarcelona\/\" \/>\n<meta property=\"article:modified_time\" content=\"2019-10-22T13:03:33+00:00\" \/>\n<meta property=\"og:image\" content=\"https:\/\/thermiabarcelona.com\/wp-content\/uploads\/2019\/06\/Ventanas-aluminio_Thermia-AR78_cl-1.jpg\" \/>\n\t<meta property=\"og:image:width\" content=\"2221\" \/>\n\t<meta property=\"og:image:height\" content=\"1076\" \/>\n\t<meta property=\"og:image:type\" content=\"image\/jpeg\" \/>\n<meta name=\"twitter:card\" content=\"summary_large_image\" \/>\n<meta name=\"twitter:label1\" content=\"Dur\u00e9e de lecture estim\u00e9e\" \/>\n\t<meta name=\"twitter:data1\" content=\"2 minutes\" \/>\n<script type=\"application\/ld+json\" class=\"yoast-schema-graph\">{\"@context\":\"https:\/\/schema.org\",\"@graph\":[{\"@type\":\"WebPage\",\"@id\":\"https:\/\/thermiabarcelona.com\/fr\/fenetres-en-aluminium-et-options-desthetisme\/\",\"url\":\"https:\/\/thermiabarcelona.com\/fr\/fenetres-en-aluminium-et-options-desthetisme\/\",\"name\":\"Couleurs et finitions pour portes et fen\u00eatres en aluminium | Thermia\u00ae\",\"isPartOf\":{\"@id\":\"https:\/\/thermiabarcelona.com\/#website\"},\"primaryImageOfPage\":{\"@id\":\"https:\/\/thermiabarcelona.com\/fr\/fenetres-en-aluminium-et-options-desthetisme\/#primaryimage\"},\"image\":{\"@id\":\"https:\/\/thermiabarcelona.com\/fr\/fenetres-en-aluminium-et-options-desthetisme\/#primaryimage\"},\"thumbnailUrl\":\"https:\/\/thermiabarcelona.com\/wp-content\/uploads\/2019\/06\/ventanas_aluminio_Thermia-CR40-1024x508.jpg\",\"datePublished\":\"2019-09-13T08:02:00+00:00\",\"dateModified\":\"2019-10-22T13:03:33+00:00\",\"description\":\"Les fen\u00eatres en aluminium offrent une plus large gamme de couleurs, davantage de textures, de finitions et de possibilit\u00e9s architecturales. Solutions personnalis\u00e9es pour les architectes, les d\u00e9corateurs d'int\u00e9rieur et les utilisateurs finaux.\",\"breadcrumb\":{\"@id\":\"https:\/\/thermiabarcelona.com\/fr\/fenetres-en-aluminium-et-options-desthetisme\/#breadcrumb\"},\"inLanguage\":\"fr-FR\",\"potentialAction\":[{\"@type\":\"ReadAction\",\"target\":[\"https:\/\/thermiabarcelona.com\/fr\/fenetres-en-aluminium-et-options-desthetisme\/\"]}]},{\"@type\":\"ImageObject\",\"inLanguage\":\"fr-FR\",\"@id\":\"https:\/\/thermiabarcelona.com\/fr\/fenetres-en-aluminium-et-options-desthetisme\/#primaryimage\",\"url\":\"https:\/\/thermiabarcelona.com\/wp-content\/uploads\/2019\/06\/ventanas_aluminio_Thermia-CR40-1024x508.jpg\",\"contentUrl\":\"https:\/\/thermiabarcelona.com\/wp-content\/uploads\/2019\/06\/ventanas_aluminio_Thermia-CR40-1024x508.jpg\"},{\"@type\":\"BreadcrumbList\",\"@id\":\"https:\/\/thermiabarcelona.com\/fr\/fenetres-en-aluminium-et-options-desthetisme\/#breadcrumb\",\"itemListElement\":[{\"@type\":\"ListItem\",\"position\":1,\"name\":\"Portada\",\"item\":\"https:\/\/thermiabarcelona.com\/\"},{\"@type\":\"ListItem\",\"position\":2,\"name\":\"Fen\u00eatres en aluminium et options esth\u00e9tiques\"}]},{\"@type\":\"WebSite\",\"@id\":\"https:\/\/thermiabarcelona.com\/#website\",\"url\":\"https:\/\/thermiabarcelona.com\/\",\"name\":\"Thermia Barcelona. Ventanas para vivir mejor\",\"description\":\"Ventanas de calidad, duraderas y f\u00e1ciles de fabricar. Dise\u00f1o.Confort.Silencio\",\"publisher\":{\"@id\":\"https:\/\/thermiabarcelona.com\/#organization\"},\"potentialAction\":[{\"@type\":\"SearchAction\",\"target\":{\"@type\":\"EntryPoint\",\"urlTemplate\":\"https:\/\/thermiabarcelona.com\/?s={search_term_string}\"},\"query-input\":{\"@type\":\"PropertyValueSpecification\",\"valueRequired\":true,\"valueName\":\"search_term_string\"}}],\"inLanguage\":\"fr-FR\"},{\"@type\":\"Organization\",\"@id\":\"https:\/\/thermiabarcelona.com\/#organization\",\"name\":\"Thermia Barcelona\",\"url\":\"https:\/\/thermiabarcelona.com\/\",\"logo\":{\"@type\":\"ImageObject\",\"inLanguage\":\"fr-FR\",\"@id\":\"https:\/\/thermiabarcelona.com\/#\/schema\/logo\/image\/\",\"url\":\"https:\/\/thermiabarcelona.com\/wp-content\/uploads\/2018\/08\/logo_thermia-1.jpg\",\"contentUrl\":\"https:\/\/thermiabarcelona.com\/wp-content\/uploads\/2018\/08\/logo_thermia-1.jpg\",\"width\":345,\"height\":158,\"caption\":\"Thermia Barcelona\"},\"image\":{\"@id\":\"https:\/\/thermiabarcelona.com\/#\/schema\/logo\/image\/\"},\"sameAs\":[\"https:\/\/www.facebook.com\/thermiabarcelona\/\",\"https:\/\/www.instagram.com\/thermiabarcelona\/\",\"https:\/\/es.linkedin.com\/company\/thermia-barcelona\",\"https:\/\/www.youtube.com\/thermiabarcelona\"]}]}<\/script>\n<!-- \/ Yoast SEO Premium plugin. -->","yoast_head_json":{"title":"Couleurs et finitions pour portes et fen\u00eatres en aluminium | Thermia\u00ae","description":"Les fen\u00eatres en aluminium offrent une plus large gamme de couleurs, davantage de textures, de finitions et de possibilit\u00e9s architecturales. Solutions personnalis\u00e9es pour les architectes, les d\u00e9corateurs d'int\u00e9rieur et les utilisateurs finaux.","robots":{"index":"index","follow":"follow","max-snippet":"max-snippet:-1","max-image-preview":"max-image-preview:large","max-video-preview":"max-video-preview:-1"},"canonical":"https:\/\/thermiabarcelona.com\/fr\/fenetres-en-aluminium-et-options-desthetisme\/","og_locale":"fr_FR","og_type":"article","og_title":"Fen\u00eatres en aluminium et options esth\u00e9tiques","og_description":"Les fen\u00eatres en aluminium offrent une plus large gamme de couleurs, davantage de textures, de finitions et de possibilit\u00e9s architecturales. Solutions personnalis\u00e9es pour les architectes, les d\u00e9corateurs d'int\u00e9rieur et les utilisateurs finaux.","og_url":"https:\/\/thermiabarcelona.com\/fr\/fenetres-en-aluminium-et-options-desthetisme\/","og_site_name":"Thermia Barcelona. Ventanas para vivir mejor","article_publisher":"https:\/\/www.facebook.com\/thermiabarcelona\/","article_modified_time":"2019-10-22T13:03:33+00:00","og_image":[{"width":2221,"height":1076,"url":"https:\/\/thermiabarcelona.com\/wp-content\/uploads\/2019\/06\/Ventanas-aluminio_Thermia-AR78_cl-1.jpg","type":"image\/jpeg"}],"twitter_card":"summary_large_image","twitter_misc":{"Dur\u00e9e de lecture estim\u00e9e":"2 minutes"},"schema":{"@context":"https:\/\/schema.org","@graph":[{"@type":"WebPage","@id":"https:\/\/thermiabarcelona.com\/fr\/fenetres-en-aluminium-et-options-desthetisme\/","url":"https:\/\/thermiabarcelona.com\/fr\/fenetres-en-aluminium-et-options-desthetisme\/","name":"Couleurs et finitions pour portes et fen\u00eatres en aluminium | Thermia\u00ae","isPartOf":{"@id":"https:\/\/thermiabarcelona.com\/#website"},"primaryImageOfPage":{"@id":"https:\/\/thermiabarcelona.com\/fr\/fenetres-en-aluminium-et-options-desthetisme\/#primaryimage"},"image":{"@id":"https:\/\/thermiabarcelona.com\/fr\/fenetres-en-aluminium-et-options-desthetisme\/#primaryimage"},"thumbnailUrl":"https:\/\/thermiabarcelona.com\/wp-content\/uploads\/2019\/06\/ventanas_aluminio_Thermia-CR40-1024x508.jpg","datePublished":"2019-09-13T08:02:00+00:00","dateModified":"2019-10-22T13:03:33+00:00","description":"Les fen\u00eatres en aluminium offrent une plus large gamme de couleurs, davantage de textures, de finitions et de possibilit\u00e9s architecturales. Solutions personnalis\u00e9es pour les architectes, les d\u00e9corateurs d'int\u00e9rieur et les utilisateurs finaux.","breadcrumb":{"@id":"https:\/\/thermiabarcelona.com\/fr\/fenetres-en-aluminium-et-options-desthetisme\/#breadcrumb"},"inLanguage":"fr-FR","potentialAction":[{"@type":"ReadAction","target":["https:\/\/thermiabarcelona.com\/fr\/fenetres-en-aluminium-et-options-desthetisme\/"]}]},{"@type":"ImageObject","inLanguage":"fr-FR","@id":"https:\/\/thermiabarcelona.com\/fr\/fenetres-en-aluminium-et-options-desthetisme\/#primaryimage","url":"https:\/\/thermiabarcelona.com\/wp-content\/uploads\/2019\/06\/ventanas_aluminio_Thermia-CR40-1024x508.jpg","contentUrl":"https:\/\/thermiabarcelona.com\/wp-content\/uploads\/2019\/06\/ventanas_aluminio_Thermia-CR40-1024x508.jpg"},{"@type":"BreadcrumbList","@id":"https:\/\/thermiabarcelona.com\/fr\/fenetres-en-aluminium-et-options-desthetisme\/#breadcrumb","itemListElement":[{"@type":"ListItem","position":1,"name":"Portada","item":"https:\/\/thermiabarcelona.com\/"},{"@type":"ListItem","position":2,"name":"Fen\u00eatres en aluminium et options esth\u00e9tiques"}]},{"@type":"WebSite","@id":"https:\/\/thermiabarcelona.com\/#website","url":"https:\/\/thermiabarcelona.com\/","name":"Thermia Barcelona. Ventanas para vivir mejor","description":"Ventanas de calidad, duraderas y f\u00e1ciles de fabricar. Dise\u00f1o.Confort.Silencio","publisher":{"@id":"https:\/\/thermiabarcelona.com\/#organization"},"potentialAction":[{"@type":"SearchAction","target":{"@type":"EntryPoint","urlTemplate":"https:\/\/thermiabarcelona.com\/?s={search_term_string}"},"query-input":{"@type":"PropertyValueSpecification","valueRequired":true,"valueName":"search_term_string"}}],"inLanguage":"fr-FR"},{"@type":"Organization","@id":"https:\/\/thermiabarcelona.com\/#organization","name":"Thermia Barcelona","url":"https:\/\/thermiabarcelona.com\/","logo":{"@type":"ImageObject","inLanguage":"fr-FR","@id":"https:\/\/thermiabarcelona.com\/#\/schema\/logo\/image\/","url":"https:\/\/thermiabarcelona.com\/wp-content\/uploads\/2018\/08\/logo_thermia-1.jpg","contentUrl":"https:\/\/thermiabarcelona.com\/wp-content\/uploads\/2018\/08\/logo_thermia-1.jpg","width":345,"height":158,"caption":"Thermia Barcelona"},"image":{"@id":"https:\/\/thermiabarcelona.com\/#\/schema\/logo\/image\/"},"sameAs":["https:\/\/www.facebook.com\/thermiabarcelona\/","https:\/\/www.instagram.com\/thermiabarcelona\/","https:\/\/es.linkedin.com\/company\/thermia-barcelona","https:\/\/www.youtube.com\/thermiabarcelona"]}]}},"_links":{"self":[{"href":"https:\/\/thermiabarcelona.com\/fr\/wp-json\/wp\/v2\/pages\/27205","targetHints":{"allow":["GET"]}}],"collection":[{"href":"https:\/\/thermiabarcelona.com\/fr\/wp-json\/wp\/v2\/pages"}],"about":[{"href":"https:\/\/thermiabarcelona.com\/fr\/wp-json\/wp\/v2\/types\/page"}],"author":[{"embeddable":true,"href":"https:\/\/thermiabarcelona.com\/fr\/wp-json\/wp\/v2\/users\/3"}],"replies":[{"embeddable":true,"href":"https:\/\/thermiabarcelona.com\/fr\/wp-json\/wp\/v2\/comments?post=27205"}],"version-history":[{"count":0,"href":"https:\/\/thermiabarcelona.com\/fr\/wp-json\/wp\/v2\/pages\/27205\/revisions"}],"wp:attachment":[{"href":"https:\/\/thermiabarcelona.com\/fr\/wp-json\/wp\/v2\/media?parent=27205"}],"curies":[{"name":"wp","href":"https:\/\/api.w.org\/{rel}","templated":true}]}}