{"id":27203,"date":"2019-09-13T08:01:54","date_gmt":"2019-09-13T08:01:54","guid":{"rendered":"https:\/\/thermiabarcelona.com\/les-fenetres-en-aluminium-presentent-le-meilleur-rapport-qualite-prix\/"},"modified":"2019-10-22T13:03:34","modified_gmt":"2019-10-22T13:03:34","slug":"les-fenetres-en-aluminium-presentent-le-meilleur-rapport-qualite-prix","status":"publish","type":"page","link":"https:\/\/thermiabarcelona.com\/fr\/les-fenetres-en-aluminium-presentent-le-meilleur-rapport-qualite-prix\/","title":{"rendered":"Les fen\u00eatres en aluminium pr\u00e9sentent le meilleur rapport qualit\u00e9\/prix"},"content":{"rendered":"<div class=\"wpb-content-wrapper\"><p>[vc_row][vc_column width=\u00a0\u00bb1\/1&Prime;]<div class=\"single_image wpb_content_element align-left    \" data-animation=\"none\" data-delay=\"0\"><img fetchpriority=\"high\" decoding=\"async\" width=\"2221\" height=\"1076\" src=\"https:\/\/thermiabarcelona.com\/wp-content\/uploads\/2019\/06\/ventanas-aluminio-corredera.jpg\" class=\"attachment-full\" alt=\"ventana aluminio corredera\" title=\"ventanas-aluminio-corredera\" srcset=\"https:\/\/thermiabarcelona.com\/wp-content\/uploads\/2019\/06\/ventanas-aluminio-corredera.jpg 2221w, https:\/\/thermiabarcelona.com\/wp-content\/uploads\/2019\/06\/ventanas-aluminio-corredera-300x145.jpg 300w, https:\/\/thermiabarcelona.com\/wp-content\/uploads\/2019\/06\/ventanas-aluminio-corredera-768x372.jpg 768w, https:\/\/thermiabarcelona.com\/wp-content\/uploads\/2019\/06\/ventanas-aluminio-corredera-1024x496.jpg 1024w\" sizes=\"(max-width: 2221px) 100vw, 2221px\" \/><\/div>[\/vc_column][\/vc_row][vc_row top_padding=\u00a0\u00bb0&Prime;][vc_column width=\u00a0\u00bb1\/1&Prime;]<div class=\"spacer\" style=\"height: 70px;\"><\/div><h2 class=\"headline font-inherit fontsize-xxxl fontweight-600 lh-12 align-right transform-inherit \" style=\"margin: 0 0 20px 0; color: #000f2c;\">Avec le temps, les fen\u00eatres en aluminium pr\u00e9sentent le meilleur rapport qualit\u00e9\/prix <\/h2>[vc_column_text]<\/p>\n<p style=\"text-align: right;\">Source\u00a0: <a href=\"https:\/\/www.mejordealuminio.com\">mejordealuminio.com<\/a><\/p>\n<p>[\/vc_column_text][\/vc_column][\/vc_row][vc_row top_padding=\u00a0\u00bb50&Prime;][vc_column width=\u00a0\u00bb1\/1&Prime;][vc_column_text]<\/p>\n<h2><strong>Fen\u00eatres en aluminium\u00a0: le meilleur investissement \u00e0 long terme<br \/>\n<\/strong><\/h2>\n<p>Les fen\u00eatres sont des produits que l&rsquo;on installe au moins une fois dans sa vie. Elles doivent \u00eatre durables. L&rsquo;investissement que l&rsquo;on r\u00e9alise aujourd&rsquo;hui doit donc durer plusieurs ann\u00e9es, mais certainement pas au d\u00e9triment des performances.<\/p>\n<p>Par cons\u00e9quent, il convient de trouver des fen\u00eatres compos\u00e9es de mat\u00e9riaux dont la durabilit\u00e9 est garantie, qui conservent leurs performances en mati\u00e8re de solidit\u00e9 et de r\u00e9sistance avec le temps, et qui ne n\u00e9cessitent aucun&nbsp;entretien.<\/p>\n<p>Comme nous l&rsquo;avons d\u00e9j\u00e0 pr\u00e9cis\u00e9, l&rsquo;aluminium est un mat\u00e9riau durable qui conserve toutes ses performances de solidit\u00e9 et de r\u00e9sistance. On ne peut pas en dire autant du plastique (PVC) qui peut subir des transformations avec le temps (dilatation, d\u00e9formation, etc.).<\/p>\n<h2>L&rsquo;aluminium et ses labels de qualit\u00e9<\/h2>\n<p>L&rsquo;aluminium utilis\u00e9 dans les fen\u00eatres\u00a0Thermia\u00a0Barcelona dispose de labels de qualit\u00e9 et d&rsquo;une garantie pour ses finitions, afin d&rsquo;assurer que le passage du temps n&rsquo;aura aucune emprise sur ce mat\u00e9riau.<\/p>\n<p>Pour que cela soit possible, il est essentiel que la fen\u00eatre soit install\u00e9e par <a href=\"https:\/\/thermiabarcelona.com\/fr\/recherche-de-distributeurs-de-fenetres-en-aluminium-thermia-barcelona\/?lang=fr\">un professionnel<\/a>.<\/p>\n<p>Les labels de qualit\u00e9 sont les suivants\u00a0: <a href=\"https:\/\/www.asoc-aluminio.es\/marcas-de-calidad\/qualicoat\">Qualicoat<\/a> pour l&rsquo;aluminium laqu\u00e9, <a href=\"https:\/\/www.asoc-aluminio.es\/marcas-de-calidad\/qualanod\">Qualanod<\/a> pour l&rsquo;aluminium anodis\u00e9 et <a href=\"https:\/\/www.asoc-aluminio.es\/marcas-de-calidad\/qualideco\">Qualideco<\/a> pour les finitions d\u00e9coratives de l&rsquo;aluminium comme l&rsquo;effet bois.[\/vc_column_text]<div class=\"single_image wpb_content_element align-left    \" data-animation=\"none\" data-delay=\"0\"><img decoding=\"async\" width=\"1834\" height=\"624\" src=\"https:\/\/thermiabarcelona.com\/wp-content\/uploads\/2019\/06\/Sellos-calidad_aluminio-2.jpg\" class=\"attachment-full\" alt=\"Sellos calidad aluminio\" title=\"Sellos-calidad_aluminio\" srcset=\"https:\/\/thermiabarcelona.com\/wp-content\/uploads\/2019\/06\/Sellos-calidad_aluminio-2.jpg 1834w, https:\/\/thermiabarcelona.com\/wp-content\/uploads\/2019\/06\/Sellos-calidad_aluminio-2-300x102.jpg 300w, https:\/\/thermiabarcelona.com\/wp-content\/uploads\/2019\/06\/Sellos-calidad_aluminio-2-768x261.jpg 768w, https:\/\/thermiabarcelona.com\/wp-content\/uploads\/2019\/06\/Sellos-calidad_aluminio-2-1024x348.jpg 1024w\" sizes=\"(max-width: 1834px) 100vw, 1834px\" \/><\/div>[\/vc_column][\/vc_row]<\/p>\n<\/div>","protected":false},"excerpt":{"rendered":"<p>[vc_row][vc_column width=\u00a0\u00bb1\/1&Prime;][\/vc_column][\/vc_row][vc_row top_padding=\u00a0\u00bb0&Prime;][vc_column width=\u00a0\u00bb1\/1&Prime;][vc_column_text] Source\u00a0: mejordealuminio.com [\/vc_column_text][\/vc_column][\/vc_row][vc_row top_padding=\u00a0\u00bb50&Prime;][vc_column width=\u00a0\u00bb1\/1&Prime;][vc_column_text] Fen\u00eatres en aluminium\u00a0: le meilleur investissement \u00e0 long terme Les fen\u00eatres sont des produits que l&rsquo;on installe au moins une fois dans sa vie. Elles doivent \u00eatre durables. L&rsquo;investissement que l&rsquo;on r\u00e9alise aujourd&rsquo;hui doit donc durer plusieurs ann\u00e9es, mais certainement pas au d\u00e9triment des performances. Par cons\u00e9quent, il convient de trouver des fen\u00eatres compos\u00e9es de mat\u00e9riaux dont la durabilit\u00e9 est garantie, qui conservent leurs performances en mati\u00e8re de solidit\u00e9 et de r\u00e9sistance avec le temps, et qui ne n\u00e9cessitent aucun&nbsp;entretien. Comme nous l&rsquo;avons d\u00e9j\u00e0 pr\u00e9cis\u00e9, l&rsquo;aluminium est un mat\u00e9riau durable qui conserve toutes ses performances de solidit\u00e9 et de r\u00e9sistance. On ne peut pas en dire autant du plastique (PVC) qui peut subir des transformations avec le temps (dilatation, d\u00e9formation, etc.). L&rsquo;aluminium et ses labels de qualit\u00e9 L&rsquo;aluminium utilis\u00e9 dans les fen\u00eatres\u00a0Thermia\u00a0Barcelona dispose de labels de qualit\u00e9 et d&rsquo;une garantie pour ses finitions, afin d&rsquo;assurer que le passage du temps n&rsquo;aura aucune emprise sur ce mat\u00e9riau. Pour que cela soit possible, il est essentiel que la fen\u00eatre soit install\u00e9e par un professionnel. Les labels de qualit\u00e9 sont les suivants\u00a0: Qualicoat pour l&rsquo;aluminium laqu\u00e9, Qualanod pour l&rsquo;aluminium anodis\u00e9 et Qualideco pour les [&hellip;]<\/p>\n","protected":false},"author":3,"featured_media":0,"parent":0,"menu_order":0,"comment_status":"closed","ping_status":"closed","template":"","meta":{"footnotes":""},"class_list":["post-27203","page","type-page","status-publish","hentry"],"yoast_head":"<!-- This site is optimized with the Yoast SEO Premium plugin v26.7 (Yoast SEO v26.8) - https:\/\/yoast.com\/product\/yoast-seo-premium-wordpress\/ -->\n<title>Fen\u00eatres en aluminium\u00a0: le meilleur rapport qualit\u00e9\/prix \u00e0 long terme<\/title>\n<meta name=\"description\" content=\"Les fen\u00eatres en aluminium pr\u00e9sentent le meilleur rapport qualit\u00e9\/prix au cours du temps, c&#039;est pourquoi elles sont le meilleur investissement \u00e0 long terme. Le plastique, quant \u00e0 lui, se d\u00e9forme avec le temps.\" \/>\n<meta name=\"robots\" content=\"index, follow, max-snippet:-1, max-image-preview:large, max-video-preview:-1\" \/>\n<link rel=\"canonical\" href=\"https:\/\/thermiabarcelona.com\/fr\/les-fenetres-en-aluminium-presentent-le-meilleur-rapport-qualite-prix\/\" \/>\n<meta property=\"og:locale\" content=\"fr_FR\" \/>\n<meta property=\"og:type\" content=\"article\" \/>\n<meta property=\"og:title\" content=\"Les fen\u00eatres en aluminium pr\u00e9sentent le meilleur rapport qualit\u00e9\/prix\" \/>\n<meta property=\"og:description\" content=\"Les fen\u00eatres en aluminium pr\u00e9sentent le meilleur rapport qualit\u00e9\/prix au cours du temps, c&#039;est pourquoi elles sont le meilleur investissement \u00e0 long terme. Le plastique, quant \u00e0 lui, se d\u00e9forme avec le temps.\" \/>\n<meta property=\"og:url\" content=\"https:\/\/thermiabarcelona.com\/fr\/les-fenetres-en-aluminium-presentent-le-meilleur-rapport-qualite-prix\/\" \/>\n<meta property=\"og:site_name\" content=\"Thermia Barcelona. Ventanas para vivir mejor\" \/>\n<meta property=\"article:publisher\" content=\"https:\/\/www.facebook.com\/thermiabarcelona\/\" \/>\n<meta property=\"article:modified_time\" content=\"2019-10-22T13:03:34+00:00\" \/>\n<meta property=\"og:image\" content=\"https:\/\/thermiabarcelona.com\/wp-content\/uploads\/2019\/06\/aislamiento-termico-ventanas.jpg\" \/>\n\t<meta property=\"og:image:width\" content=\"1129\" \/>\n\t<meta property=\"og:image:height\" content=\"800\" \/>\n\t<meta property=\"og:image:type\" content=\"image\/jpeg\" \/>\n<meta name=\"twitter:card\" content=\"summary_large_image\" \/>\n<meta name=\"twitter:label1\" content=\"Dur\u00e9e de lecture estim\u00e9e\" \/>\n\t<meta name=\"twitter:data1\" content=\"2 minutes\" \/>\n<script type=\"application\/ld+json\" class=\"yoast-schema-graph\">{\"@context\":\"https:\/\/schema.org\",\"@graph\":[{\"@type\":\"WebPage\",\"@id\":\"https:\/\/thermiabarcelona.com\/fr\/les-fenetres-en-aluminium-presentent-le-meilleur-rapport-qualite-prix\/\",\"url\":\"https:\/\/thermiabarcelona.com\/fr\/les-fenetres-en-aluminium-presentent-le-meilleur-rapport-qualite-prix\/\",\"name\":\"Fen\u00eatres en aluminium\u00a0: le meilleur rapport qualit\u00e9\/prix \u00e0 long terme\",\"isPartOf\":{\"@id\":\"https:\/\/thermiabarcelona.com\/#website\"},\"datePublished\":\"2019-09-13T08:01:54+00:00\",\"dateModified\":\"2019-10-22T13:03:34+00:00\",\"description\":\"Les fen\u00eatres en aluminium pr\u00e9sentent le meilleur rapport qualit\u00e9\/prix au cours du temps, c'est pourquoi elles sont le meilleur investissement \u00e0 long terme. Le plastique, quant \u00e0 lui, se d\u00e9forme avec le temps.\",\"breadcrumb\":{\"@id\":\"https:\/\/thermiabarcelona.com\/fr\/les-fenetres-en-aluminium-presentent-le-meilleur-rapport-qualite-prix\/#breadcrumb\"},\"inLanguage\":\"fr-FR\",\"potentialAction\":[{\"@type\":\"ReadAction\",\"target\":[\"https:\/\/thermiabarcelona.com\/fr\/les-fenetres-en-aluminium-presentent-le-meilleur-rapport-qualite-prix\/\"]}]},{\"@type\":\"BreadcrumbList\",\"@id\":\"https:\/\/thermiabarcelona.com\/fr\/les-fenetres-en-aluminium-presentent-le-meilleur-rapport-qualite-prix\/#breadcrumb\",\"itemListElement\":[{\"@type\":\"ListItem\",\"position\":1,\"name\":\"Portada\",\"item\":\"https:\/\/thermiabarcelona.com\/\"},{\"@type\":\"ListItem\",\"position\":2,\"name\":\"Les fen\u00eatres en aluminium pr\u00e9sentent le meilleur rapport qualit\u00e9\/prix\"}]},{\"@type\":\"WebSite\",\"@id\":\"https:\/\/thermiabarcelona.com\/#website\",\"url\":\"https:\/\/thermiabarcelona.com\/\",\"name\":\"Thermia Barcelona. Ventanas para vivir mejor\",\"description\":\"Ventanas de calidad, duraderas y f\u00e1ciles de fabricar. Dise\u00f1o.Confort.Silencio\",\"publisher\":{\"@id\":\"https:\/\/thermiabarcelona.com\/#organization\"},\"potentialAction\":[{\"@type\":\"SearchAction\",\"target\":{\"@type\":\"EntryPoint\",\"urlTemplate\":\"https:\/\/thermiabarcelona.com\/?s={search_term_string}\"},\"query-input\":{\"@type\":\"PropertyValueSpecification\",\"valueRequired\":true,\"valueName\":\"search_term_string\"}}],\"inLanguage\":\"fr-FR\"},{\"@type\":\"Organization\",\"@id\":\"https:\/\/thermiabarcelona.com\/#organization\",\"name\":\"Thermia Barcelona\",\"url\":\"https:\/\/thermiabarcelona.com\/\",\"logo\":{\"@type\":\"ImageObject\",\"inLanguage\":\"fr-FR\",\"@id\":\"https:\/\/thermiabarcelona.com\/#\/schema\/logo\/image\/\",\"url\":\"https:\/\/thermiabarcelona.com\/wp-content\/uploads\/2018\/08\/logo_thermia-1.jpg\",\"contentUrl\":\"https:\/\/thermiabarcelona.com\/wp-content\/uploads\/2018\/08\/logo_thermia-1.jpg\",\"width\":345,\"height\":158,\"caption\":\"Thermia Barcelona\"},\"image\":{\"@id\":\"https:\/\/thermiabarcelona.com\/#\/schema\/logo\/image\/\"},\"sameAs\":[\"https:\/\/www.facebook.com\/thermiabarcelona\/\",\"https:\/\/www.instagram.com\/thermiabarcelona\/\",\"https:\/\/es.linkedin.com\/company\/thermia-barcelona\",\"https:\/\/www.youtube.com\/thermiabarcelona\"]}]}<\/script>\n<!-- \/ Yoast SEO Premium plugin. -->","yoast_head_json":{"title":"Fen\u00eatres en aluminium\u00a0: le meilleur rapport qualit\u00e9\/prix \u00e0 long terme","description":"Les fen\u00eatres en aluminium pr\u00e9sentent le meilleur rapport qualit\u00e9\/prix au cours du temps, c'est pourquoi elles sont le meilleur investissement \u00e0 long terme. Le plastique, quant \u00e0 lui, se d\u00e9forme avec le temps.","robots":{"index":"index","follow":"follow","max-snippet":"max-snippet:-1","max-image-preview":"max-image-preview:large","max-video-preview":"max-video-preview:-1"},"canonical":"https:\/\/thermiabarcelona.com\/fr\/les-fenetres-en-aluminium-presentent-le-meilleur-rapport-qualite-prix\/","og_locale":"fr_FR","og_type":"article","og_title":"Les fen\u00eatres en aluminium pr\u00e9sentent le meilleur rapport qualit\u00e9\/prix","og_description":"Les fen\u00eatres en aluminium pr\u00e9sentent le meilleur rapport qualit\u00e9\/prix au cours du temps, c'est pourquoi elles sont le meilleur investissement \u00e0 long terme. Le plastique, quant \u00e0 lui, se d\u00e9forme avec le temps.","og_url":"https:\/\/thermiabarcelona.com\/fr\/les-fenetres-en-aluminium-presentent-le-meilleur-rapport-qualite-prix\/","og_site_name":"Thermia Barcelona. Ventanas para vivir mejor","article_publisher":"https:\/\/www.facebook.com\/thermiabarcelona\/","article_modified_time":"2019-10-22T13:03:34+00:00","og_image":[{"width":1129,"height":800,"url":"https:\/\/thermiabarcelona.com\/wp-content\/uploads\/2019\/06\/aislamiento-termico-ventanas.jpg","type":"image\/jpeg"}],"twitter_card":"summary_large_image","twitter_misc":{"Dur\u00e9e de lecture estim\u00e9e":"2 minutes"},"schema":{"@context":"https:\/\/schema.org","@graph":[{"@type":"WebPage","@id":"https:\/\/thermiabarcelona.com\/fr\/les-fenetres-en-aluminium-presentent-le-meilleur-rapport-qualite-prix\/","url":"https:\/\/thermiabarcelona.com\/fr\/les-fenetres-en-aluminium-presentent-le-meilleur-rapport-qualite-prix\/","name":"Fen\u00eatres en aluminium\u00a0: le meilleur rapport qualit\u00e9\/prix \u00e0 long terme","isPartOf":{"@id":"https:\/\/thermiabarcelona.com\/#website"},"datePublished":"2019-09-13T08:01:54+00:00","dateModified":"2019-10-22T13:03:34+00:00","description":"Les fen\u00eatres en aluminium pr\u00e9sentent le meilleur rapport qualit\u00e9\/prix au cours du temps, c'est pourquoi elles sont le meilleur investissement \u00e0 long terme. Le plastique, quant \u00e0 lui, se d\u00e9forme avec le temps.","breadcrumb":{"@id":"https:\/\/thermiabarcelona.com\/fr\/les-fenetres-en-aluminium-presentent-le-meilleur-rapport-qualite-prix\/#breadcrumb"},"inLanguage":"fr-FR","potentialAction":[{"@type":"ReadAction","target":["https:\/\/thermiabarcelona.com\/fr\/les-fenetres-en-aluminium-presentent-le-meilleur-rapport-qualite-prix\/"]}]},{"@type":"BreadcrumbList","@id":"https:\/\/thermiabarcelona.com\/fr\/les-fenetres-en-aluminium-presentent-le-meilleur-rapport-qualite-prix\/#breadcrumb","itemListElement":[{"@type":"ListItem","position":1,"name":"Portada","item":"https:\/\/thermiabarcelona.com\/"},{"@type":"ListItem","position":2,"name":"Les fen\u00eatres en aluminium pr\u00e9sentent le meilleur rapport qualit\u00e9\/prix"}]},{"@type":"WebSite","@id":"https:\/\/thermiabarcelona.com\/#website","url":"https:\/\/thermiabarcelona.com\/","name":"Thermia Barcelona. Ventanas para vivir mejor","description":"Ventanas de calidad, duraderas y f\u00e1ciles de fabricar. Dise\u00f1o.Confort.Silencio","publisher":{"@id":"https:\/\/thermiabarcelona.com\/#organization"},"potentialAction":[{"@type":"SearchAction","target":{"@type":"EntryPoint","urlTemplate":"https:\/\/thermiabarcelona.com\/?s={search_term_string}"},"query-input":{"@type":"PropertyValueSpecification","valueRequired":true,"valueName":"search_term_string"}}],"inLanguage":"fr-FR"},{"@type":"Organization","@id":"https:\/\/thermiabarcelona.com\/#organization","name":"Thermia Barcelona","url":"https:\/\/thermiabarcelona.com\/","logo":{"@type":"ImageObject","inLanguage":"fr-FR","@id":"https:\/\/thermiabarcelona.com\/#\/schema\/logo\/image\/","url":"https:\/\/thermiabarcelona.com\/wp-content\/uploads\/2018\/08\/logo_thermia-1.jpg","contentUrl":"https:\/\/thermiabarcelona.com\/wp-content\/uploads\/2018\/08\/logo_thermia-1.jpg","width":345,"height":158,"caption":"Thermia Barcelona"},"image":{"@id":"https:\/\/thermiabarcelona.com\/#\/schema\/logo\/image\/"},"sameAs":["https:\/\/www.facebook.com\/thermiabarcelona\/","https:\/\/www.instagram.com\/thermiabarcelona\/","https:\/\/es.linkedin.com\/company\/thermia-barcelona","https:\/\/www.youtube.com\/thermiabarcelona"]}]}},"_links":{"self":[{"href":"https:\/\/thermiabarcelona.com\/fr\/wp-json\/wp\/v2\/pages\/27203","targetHints":{"allow":["GET"]}}],"collection":[{"href":"https:\/\/thermiabarcelona.com\/fr\/wp-json\/wp\/v2\/pages"}],"about":[{"href":"https:\/\/thermiabarcelona.com\/fr\/wp-json\/wp\/v2\/types\/page"}],"author":[{"embeddable":true,"href":"https:\/\/thermiabarcelona.com\/fr\/wp-json\/wp\/v2\/users\/3"}],"replies":[{"embeddable":true,"href":"https:\/\/thermiabarcelona.com\/fr\/wp-json\/wp\/v2\/comments?post=27203"}],"version-history":[{"count":0,"href":"https:\/\/thermiabarcelona.com\/fr\/wp-json\/wp\/v2\/pages\/27203\/revisions"}],"wp:attachment":[{"href":"https:\/\/thermiabarcelona.com\/fr\/wp-json\/wp\/v2\/media?parent=27203"}],"curies":[{"name":"wp","href":"https:\/\/api.w.org\/{rel}","templated":true}]}}