{"id":27201,"date":"2019-09-13T08:01:48","date_gmt":"2019-09-13T08:01:48","guid":{"rendered":"https:\/\/thermiabarcelona.com\/les-fenetres-en-aluminium-assurent-une-isolation-parfaite\/"},"modified":"2019-10-28T09:40:15","modified_gmt":"2019-10-28T09:40:15","slug":"les-fenetres-en-aluminium-assurent-une-isolation-parfaite","status":"publish","type":"page","link":"https:\/\/thermiabarcelona.com\/fr\/les-fenetres-en-aluminium-assurent-une-isolation-parfaite\/","title":{"rendered":"Les fen\u00eatres en aluminium assurent une isolation parfaite"},"content":{"rendered":"<div class=\"wpb-content-wrapper\"><p>[vc_row][vc_column width=\u00a0\u00bb1\/1&Prime;]<div class=\"single_image wpb_content_element align-left    \" data-animation=\"none\" data-delay=\"0\"><img fetchpriority=\"high\" decoding=\"async\" width=\"2221\" height=\"1076\" src=\"https:\/\/thermiabarcelona.com\/wp-content\/uploads\/2019\/06\/ventanas-aluminio-mujer.jpg\" class=\"attachment-full\" alt=\"Mujer mirando ventana aluminio\" title=\"ventanas-aluminio-mujer\" srcset=\"https:\/\/thermiabarcelona.com\/wp-content\/uploads\/2019\/06\/ventanas-aluminio-mujer.jpg 2221w, https:\/\/thermiabarcelona.com\/wp-content\/uploads\/2019\/06\/ventanas-aluminio-mujer-300x145.jpg 300w, https:\/\/thermiabarcelona.com\/wp-content\/uploads\/2019\/06\/ventanas-aluminio-mujer-768x372.jpg 768w, https:\/\/thermiabarcelona.com\/wp-content\/uploads\/2019\/06\/ventanas-aluminio-mujer-1024x496.jpg 1024w\" sizes=\"(max-width: 2221px) 100vw, 2221px\" \/><\/div>[\/vc_column][\/vc_row][vc_row top_padding=\u00a0\u00bb0&Prime;][vc_column width=\u00a0\u00bb1\/1&Prime;]<div class=\"spacer\" style=\"height: 70px;\"><\/div><h2 class=\"headline font-inherit fontsize-xxxl fontweight-600 lh-12 align-right transform-inherit \" style=\"margin: 0 0 20px 0; color: #000f2c;\">Les fen\u00eatres en aluminium assurent une isolation parfaite<\/h2>[vc_column_text]<\/p>\n<p style=\"text-align: right;\">Source\u00a0: <a href=\"https:\/\/www.mejordealuminio.com\">mejordealuminio.com<\/a><\/p>\n<p>[\/vc_column_text][\/vc_column][\/vc_row][vc_row top_padding=\u00a0\u00bb50&Prime;][vc_column width=\u00a0\u00bb1\/2&Prime;][vc_column_text]<\/p>\n<h2><strong>Isolation thermique\u00a0: soyons francs. Inexactitudes concernant \u00ab\u00a0la chaleur du PVC et le froid de l\u2019aluminium\u00a0\u00bb<\/strong><\/h2>\n<p>L\u2019isolation thermique est la capacit\u00e9 d\u2019un \u00e9l\u00e9ment de construction \u00e0 isoler de l\u2019ext\u00e9rieur. Dans le cas d\u2019une fen\u00eatre, on utilise le terme de \u00ab\u00a0facteur de transmission thermique\u00a0\u00bb, qui inclut (et cela est tr\u00e8s important) le dormant et la vitre, et pas seulement le dormant\u00a0!<\/p>\n<p>Il est faux de penser que les fen\u00eatres en plastique isolent mieux uniquement parce qu\u2019elles sont chaudes au toucher, contrairement \u00e0 celle en aluminium. La sensation au toucher a beau \u00eatre plus chaude (il s\u2019agit de plastique, apr\u00e8s tout\u00a0!), la fen\u00eatre pr\u00e9sente, dans son ensemble, un indice de transmission thermique qui <strong>DOIT inclure la vitre<\/strong> et qui est identique \u00e0 celui d\u2019une fen\u00eatre avec un dormant en aluminium. <strong>Ce sont l\u2019ensemble et ses valeurs, et non seulement le dormant et le mat\u00e9riau dont il est fait, qu\u2019il faut prendre en compte en mati\u00e8re d\u2019\u00e9conomies d\u2019\u00e9nergie.<\/strong><\/p>\n<h2>Ne confondons pas tout.<\/h2>\n<p>Il arrive souvent d\u2019induire les consommateurs en erreur lorsque l\u2019on parle du <strong>facteur de transmission thermique de toute la fen\u00eatre<\/strong> en ne faisant r\u00e9f\u00e9rence qu\u2019\u00e0 <strong>celle du profil\u00e9<\/strong> du dormant,comme&nbsp;si cela \u00e9tait plus d\u00e9cisif que \u00e7a ne l\u2019est r\u00e9ellement. Ces arguments et l\u2019influence du facteur de transmission sont manipul\u00e9s de la mani\u00e8re suivante.[\/vc_column_text][\/vc_column][vc_column width=\u00a0\u00bb1\/2&Prime;]<div class=\"single_image wpb_content_element align-left    \" data-animation=\"none\" data-delay=\"0\"><img decoding=\"async\" width=\"1129\" height=\"800\" src=\"https:\/\/thermiabarcelona.com\/wp-content\/uploads\/2019\/06\/Ventanas-Thermia-Barcelona-Perfil-RPT.jpg\" class=\"attachment-full\" alt=\"Perfil ventanan Thermia Barcelona con Rotura Puente Termico\" title=\"Ventanas-Thermia-Barcelona-Perfil-RPT\" srcset=\"https:\/\/thermiabarcelona.com\/wp-content\/uploads\/2019\/06\/Ventanas-Thermia-Barcelona-Perfil-RPT.jpg 1129w, https:\/\/thermiabarcelona.com\/wp-content\/uploads\/2019\/06\/Ventanas-Thermia-Barcelona-Perfil-RPT-300x213.jpg 300w, https:\/\/thermiabarcelona.com\/wp-content\/uploads\/2019\/06\/Ventanas-Thermia-Barcelona-Perfil-RPT-768x544.jpg 768w, https:\/\/thermiabarcelona.com\/wp-content\/uploads\/2019\/06\/Ventanas-Thermia-Barcelona-Perfil-RPT-1024x726.jpg 1024w\" sizes=\"(max-width: 1129px) 100vw, 1129px\" \/><span class=\"single_image_caption\">Secci\u00f3n de ventana de aluminio con Rotura de Puente T\u00e9rmico. Thermia AR62<\/span><\/div>[\/vc_column][\/vc_row][vc_row top_padding=\u00a0\u00bb30&Prime; bottom_padding=\u00a0\u00bb30&Prime;][vc_column width=\u00a0\u00bb1\/2&Prime;]<div class=\"spacer\" style=\"height: 30px;\"><\/div><div class=\"single_image wpb_content_element align-left    \" data-animation=\"none\" data-delay=\"0\"><img decoding=\"async\" width=\"1129\" height=\"624\" src=\"https:\/\/thermiabarcelona.com\/wp-content\/uploads\/2019\/06\/Ventanas-Thermia-Barcelona-Transmitancia-termica.jpg\" class=\"attachment-full\" alt=\"transmitancia t\u00e9rmica ventana\" title=\"Ventanas-Thermia-Barcelona-Transmitancia-termica\" srcset=\"https:\/\/thermiabarcelona.com\/wp-content\/uploads\/2019\/06\/Ventanas-Thermia-Barcelona-Transmitancia-termica.jpg 1129w, https:\/\/thermiabarcelona.com\/wp-content\/uploads\/2019\/06\/Ventanas-Thermia-Barcelona-Transmitancia-termica-300x166.jpg 300w, https:\/\/thermiabarcelona.com\/wp-content\/uploads\/2019\/06\/Ventanas-Thermia-Barcelona-Transmitancia-termica-768x424.jpg 768w, https:\/\/thermiabarcelona.com\/wp-content\/uploads\/2019\/06\/Ventanas-Thermia-Barcelona-Transmitancia-termica-1024x566.jpg 1024w\" sizes=\"(max-width: 1129px) 100vw, 1129px\" \/><\/div><div class=\"spacer\" style=\"height: 30px;\"><\/div>[\/vc_column][vc_column width=\u00a0\u00bb1\/2&Prime;]<div class=\"spacer\" style=\"height: 10px;\"><\/div>[vc_column_text]<\/p>\n<blockquote>\n<p><span style=\"font-size: 18pt; color: #f2842f;\">Une fen\u00eatre est compos\u00e9e d\u2019un dormant et d\u2019une vitre La vitre repr\u00e9sente 80\u00a0% de toute la fen\u00eatre. Lorsque l\u2019on analyse les valeurs du facteur de transmission, il faut analyser l\u2019ensemble de la fen\u00eatre, y compris le verre, afin d\u2019obtenir une valeur correcte. Si l\u2019on s\u2019en tient uniquement au profil\u00e9, on obtiendra des valeurs erron\u00e9es. Personne n\u2019installe de fen\u00eatres sans vitre.<\/span><\/p>\n<\/blockquote>\n<p>[\/vc_column_text]<div class=\"spacer\" style=\"height: 10px;\"><\/div>[\/vc_column][\/vc_row][vc_row][vc_column width=\u00a0\u00bb1\/1&Prime;][vc_column_text]Ce fait si simple est constamment d\u00e9form\u00e9 par les fabricants de fen\u00eatres en plastique (PVC), car ils comparent uniquement le facteur de transmission thermique du dormant et non de l\u2019ensemble de la fen\u00eatre. Avec les arguments selon lesquels le PVC est plus chaud et l\u2019aluminium plus froid, ceux-ci n\u2019\u00e9tant jamais que des comparaisons entre du plastique et du m\u00e9tal, ils font croire que la fen\u00eatre, dans son ensemble, permet de r\u00e9aliser des \u00e9conomies gr\u00e2ce au mat\u00e9riau qui compose son dormant.<\/p>\n<p>Pourquoi ne font-ils pas les calculs en prenant en compte l\u2019ensemble de la fen\u00eatre\u00a0? La r\u00e9ponse est simple\u00a0: en comptant le verre, qui occupe 80\u00a0% de la fen\u00eatre, les soi-disant \u00e9conomies ne seraient r\u00e9alis\u00e9es qu\u2019en raison du facteur de transmission thermique du dormant, lequel repr\u00e9sente uniquement 20\u00a0% du tout.<\/p>\n<p><strong>C\u2019est dans ces 20\u00a0% qu\u2019il faut comparer les mat\u00e9riaux.<\/strong><\/p>\n<p>Lorsque ce faux avantage tombe, il y a d\u2019autres facteurs \u00e0 prendre en compte comme la qualit\u00e9, la r\u00e9sistance, l\u2019esth\u00e9tisme, la s\u00e9curit\u00e9, le recyclage, ou encore la durabilit\u00e9, domaines dans lesquels le plastique ne fait pas le poids.[\/vc_column_text][\/vc_column][\/vc_row][vc_row top_padding=\u00a0\u00bb70&Prime;][vc_column width=\u00a0\u00bb2\/3&Prime;][vc_column_text]<\/p>\n<h2><strong>Conclusion<\/strong><\/h2>\n<p><span style=\"font-size: 14pt;\">Si l\u2019on analyse l\u2019isolation thermique d\u2019une fen\u00eatre en prenant en compte tous ses composants (dormant et vitre), on peut obtenir, avec un aluminium \u00e0 rupture de pont thermique et un verre adapt\u00e9, des donn\u00e9es pratiquement identiques \u00e0 celles d\u2019autres mat\u00e9riaux. <em><strong>Cela veut donc dire que les diff\u00e9rences en mati\u00e8re d\u2019\u00e9conomies d\u2019\u00e9nergie sont insignifiantes, voire inexistantes, et ce quel que soit le mat\u00e9riau des fen\u00eatres install\u00e9es.<\/strong><\/em><\/span><\/p>\n<p><span style=\"font-size: 14pt;\"><strong>Par cons\u00e9quent, d\u2019autres facteurs tels que la qualit\u00e9, la r\u00e9sistance, l\u2019esth\u00e9tisme, la s\u00e9curit\u00e9, le recyclage, ou encore la durabilit\u00e9 de l\u2019aluminium, peuvent \u00eatre des arguments convaincants lorsque l\u2019on h\u00e9site entre diff\u00e9rents mat\u00e9riaux.<\/strong><\/span>[\/vc_column_text][\/vc_column][vc_column width=\u00a0\u00bb1\/3&Prime;]<div class=\"single_image wpb_content_element align-left    \" data-animation=\"none\" data-delay=\"0\"><img loading=\"lazy\" decoding=\"async\" width=\"1129\" height=\"800\" src=\"https:\/\/thermiabarcelona.com\/wp-content\/uploads\/2019\/06\/aislamiento-termico-ventanas.jpg\" class=\"attachment-full\" alt=\"aislamiento t\u00e9rmico ventanas\" title=\"aislamiento-termico-ventanas\" srcset=\"https:\/\/thermiabarcelona.com\/wp-content\/uploads\/2019\/06\/aislamiento-termico-ventanas.jpg 1129w, https:\/\/thermiabarcelona.com\/wp-content\/uploads\/2019\/06\/aislamiento-termico-ventanas-300x213.jpg 300w, https:\/\/thermiabarcelona.com\/wp-content\/uploads\/2019\/06\/aislamiento-termico-ventanas-768x544.jpg 768w, https:\/\/thermiabarcelona.com\/wp-content\/uploads\/2019\/06\/aislamiento-termico-ventanas-1024x726.jpg 1024w\" sizes=\"(max-width: 1129px) 100vw, 1129px\" \/><\/div>[\/vc_column][\/vc_row][vc_row top_padding=\u00a0\u00bb70&Prime;][vc_column width=\u00a0\u00bb1\/3&Prime;]<div class=\"single_image wpb_content_element align-left    \" data-animation=\"none\" data-delay=\"0\"><img loading=\"lazy\" decoding=\"async\" width=\"300\" height=\"213\" src=\"https:\/\/thermiabarcelona.com\/wp-content\/uploads\/2019\/06\/aislamiento-acustico-300x213.jpg\" class=\"attachment-medium\" alt=\"aislamiento acustico\" title=\"aislamiento-acustico\" srcset=\"https:\/\/thermiabarcelona.com\/wp-content\/uploads\/2019\/06\/aislamiento-acustico-300x213.jpg 300w, https:\/\/thermiabarcelona.com\/wp-content\/uploads\/2019\/06\/aislamiento-acustico-768x544.jpg 768w, https:\/\/thermiabarcelona.com\/wp-content\/uploads\/2019\/06\/aislamiento-acustico-1024x726.jpg 1024w, https:\/\/thermiabarcelona.com\/wp-content\/uploads\/2019\/06\/aislamiento-acustico.jpg 1129w\" sizes=\"(max-width: 300px) 100vw, 300px\" \/><\/div>[\/vc_column][vc_column width=\u00a0\u00bb2\/3&Prime;][vc_column_text]<\/p>\n<h2><strong>Avantages des fen\u00eatres en aluminium en mati\u00e8re d\u2019isolation acoustique<\/strong><\/h2>\n<p>Les fen\u00eatres en aluminium assurent une isolation acoustique sensiblement \u00e9gale \u00e0 des fen\u00eatres faites d\u2019autres mat\u00e9riaux, mais elles pr\u00e9sentent des <strong>avantages, car les performances de l\u2019aluminium restent inchang\u00e9es au fil du temps, il ne se d\u00e9forme pas, ne s\u2019alt\u00e8re pas et ne n\u00e9cessite aucun entretien<\/strong>.[\/vc_column_text][\/vc_column][\/vc_row]<\/p>\n<\/div>","protected":false},"excerpt":{"rendered":"<p>[vc_row][vc_column width=\u00a0\u00bb1\/1&Prime;][\/vc_column][\/vc_row][vc_row top_padding=\u00a0\u00bb0&Prime;][vc_column width=\u00a0\u00bb1\/1&Prime;][vc_column_text] Source\u00a0: mejordealuminio.com [\/vc_column_text][\/vc_column][\/vc_row][vc_row top_padding=\u00a0\u00bb50&Prime;][vc_column width=\u00a0\u00bb1\/2&Prime;][vc_column_text] Isolation thermique\u00a0: soyons francs. Inexactitudes concernant \u00ab\u00a0la chaleur du PVC et le froid de l\u2019aluminium\u00a0\u00bb L\u2019isolation thermique est la capacit\u00e9 d\u2019un \u00e9l\u00e9ment de construction \u00e0 isoler de l\u2019ext\u00e9rieur. Dans le cas d\u2019une fen\u00eatre, on utilise le terme de \u00ab\u00a0facteur de transmission thermique\u00a0\u00bb, qui inclut (et cela est tr\u00e8s important) le dormant et la vitre, et pas seulement le dormant\u00a0! Il est faux de penser que les fen\u00eatres en plastique isolent mieux uniquement parce qu\u2019elles sont chaudes au toucher, contrairement \u00e0 celle en aluminium. La sensation au toucher a beau \u00eatre plus chaude (il s\u2019agit de plastique, apr\u00e8s tout\u00a0!), la fen\u00eatre pr\u00e9sente, dans son ensemble, un indice de transmission thermique qui DOIT inclure la vitre et qui est identique \u00e0 celui d\u2019une fen\u00eatre avec un dormant en aluminium. Ce sont l\u2019ensemble et ses valeurs, et non seulement le dormant et le mat\u00e9riau dont il est fait, qu\u2019il faut prendre en compte en mati\u00e8re d\u2019\u00e9conomies d\u2019\u00e9nergie. Ne confondons pas tout. Il arrive souvent d\u2019induire les consommateurs en erreur lorsque l\u2019on parle du facteur de transmission thermique de toute la fen\u00eatre en ne faisant r\u00e9f\u00e9rence qu\u2019\u00e0 celle du profil\u00e9 du dormant,comme&nbsp;si cela \u00e9tait plus [&hellip;]<\/p>\n","protected":false},"author":3,"featured_media":0,"parent":0,"menu_order":0,"comment_status":"closed","ping_status":"closed","template":"","meta":{"footnotes":""},"class_list":["post-27201","page","type-page","status-publish","hentry"],"yoast_head":"<!-- This site is optimized with the Yoast SEO Premium plugin v26.7 (Yoast SEO v27.3) - https:\/\/yoast.com\/product\/yoast-seo-premium-wordpress\/ -->\n<title>Isolation thermique des fen\u00eatres en aluminium | Thermia\u00a0Barcelona<\/title>\n<meta name=\"description\" content=\"Le facteur de transmission thermique d\u2019une fen\u00eatre comprend aussi bien le dormant que la vitre, et pas seulement le profil\u00e9, qu\u2019il soit en plastique ou en aluminium. Une fen\u00eatre est un ensemble.\" \/>\n<meta name=\"robots\" content=\"index, follow, max-snippet:-1, max-image-preview:large, max-video-preview:-1\" \/>\n<link rel=\"canonical\" href=\"https:\/\/thermiabarcelona.com\/fr\/les-fenetres-en-aluminium-assurent-une-isolation-parfaite\/\" \/>\n<meta property=\"og:locale\" content=\"fr_FR\" \/>\n<meta property=\"og:type\" content=\"article\" \/>\n<meta property=\"og:title\" content=\"Les fen\u00eatres en aluminium assurent une isolation parfaite\" \/>\n<meta property=\"og:description\" content=\"Le facteur de transmission thermique d\u2019une fen\u00eatre comprend aussi bien le dormant que la vitre, et pas seulement le profil\u00e9, qu\u2019il soit en plastique ou en aluminium. Une fen\u00eatre est un ensemble.\" \/>\n<meta property=\"og:url\" content=\"https:\/\/thermiabarcelona.com\/fr\/les-fenetres-en-aluminium-assurent-une-isolation-parfaite\/\" \/>\n<meta property=\"og:site_name\" content=\"Thermia Barcelona. Ventanas para vivir mejor\" \/>\n<meta property=\"article:publisher\" content=\"https:\/\/www.facebook.com\/thermiabarcelona\/\" \/>\n<meta property=\"article:modified_time\" content=\"2019-10-28T09:40:15+00:00\" \/>\n<meta property=\"og:image\" content=\"https:\/\/thermiabarcelona.com\/wp-content\/uploads\/2019\/06\/aislamiento-termico-ventanas.jpg\" \/>\n\t<meta property=\"og:image:width\" content=\"1129\" \/>\n\t<meta property=\"og:image:height\" content=\"800\" \/>\n\t<meta property=\"og:image:type\" content=\"image\/jpeg\" \/>\n<meta name=\"twitter:card\" content=\"summary_large_image\" \/>\n<meta name=\"twitter:label1\" content=\"Dur\u00e9e de lecture estim\u00e9e\" \/>\n\t<meta name=\"twitter:data1\" content=\"4 minutes\" \/>\n<script type=\"application\/ld+json\" class=\"yoast-schema-graph\">{\"@context\":\"https:\\\/\\\/schema.org\",\"@graph\":[{\"@type\":\"WebPage\",\"@id\":\"https:\\\/\\\/thermiabarcelona.com\\\/fr\\\/les-fenetres-en-aluminium-assurent-une-isolation-parfaite\\\/\",\"url\":\"https:\\\/\\\/thermiabarcelona.com\\\/fr\\\/les-fenetres-en-aluminium-assurent-une-isolation-parfaite\\\/\",\"name\":\"Isolation thermique des fen\u00eatres en aluminium | Thermia\u00a0Barcelona\",\"isPartOf\":{\"@id\":\"https:\\\/\\\/thermiabarcelona.com\\\/#website\"},\"datePublished\":\"2019-09-13T08:01:48+00:00\",\"dateModified\":\"2019-10-28T09:40:15+00:00\",\"description\":\"Le facteur de transmission thermique d\u2019une fen\u00eatre comprend aussi bien le dormant que la vitre, et pas seulement le profil\u00e9, qu\u2019il soit en plastique ou en aluminium. Une fen\u00eatre est un ensemble.\",\"breadcrumb\":{\"@id\":\"https:\\\/\\\/thermiabarcelona.com\\\/fr\\\/les-fenetres-en-aluminium-assurent-une-isolation-parfaite\\\/#breadcrumb\"},\"inLanguage\":\"fr-FR\",\"potentialAction\":[{\"@type\":\"ReadAction\",\"target\":[\"https:\\\/\\\/thermiabarcelona.com\\\/fr\\\/les-fenetres-en-aluminium-assurent-une-isolation-parfaite\\\/\"]}]},{\"@type\":\"BreadcrumbList\",\"@id\":\"https:\\\/\\\/thermiabarcelona.com\\\/fr\\\/les-fenetres-en-aluminium-assurent-une-isolation-parfaite\\\/#breadcrumb\",\"itemListElement\":[{\"@type\":\"ListItem\",\"position\":1,\"name\":\"Portada\",\"item\":\"https:\\\/\\\/thermiabarcelona.com\\\/\"},{\"@type\":\"ListItem\",\"position\":2,\"name\":\"Les fen\u00eatres en aluminium assurent une isolation parfaite\"}]},{\"@type\":\"WebSite\",\"@id\":\"https:\\\/\\\/thermiabarcelona.com\\\/#website\",\"url\":\"https:\\\/\\\/thermiabarcelona.com\\\/\",\"name\":\"Thermia Barcelona. Ventanas para vivir mejor\",\"description\":\"Ventanas de calidad, duraderas y f\u00e1ciles de fabricar. Dise\u00f1o.Confort.Silencio\",\"publisher\":{\"@id\":\"https:\\\/\\\/thermiabarcelona.com\\\/#organization\"},\"potentialAction\":[{\"@type\":\"SearchAction\",\"target\":{\"@type\":\"EntryPoint\",\"urlTemplate\":\"https:\\\/\\\/thermiabarcelona.com\\\/?s={search_term_string}\"},\"query-input\":{\"@type\":\"PropertyValueSpecification\",\"valueRequired\":true,\"valueName\":\"search_term_string\"}}],\"inLanguage\":\"fr-FR\"},{\"@type\":\"Organization\",\"@id\":\"https:\\\/\\\/thermiabarcelona.com\\\/#organization\",\"name\":\"Thermia Barcelona\",\"url\":\"https:\\\/\\\/thermiabarcelona.com\\\/\",\"logo\":{\"@type\":\"ImageObject\",\"inLanguage\":\"fr-FR\",\"@id\":\"https:\\\/\\\/thermiabarcelona.com\\\/#\\\/schema\\\/logo\\\/image\\\/\",\"url\":\"https:\\\/\\\/thermiabarcelona.com\\\/wp-content\\\/uploads\\\/2018\\\/08\\\/logo_thermia-1.jpg\",\"contentUrl\":\"https:\\\/\\\/thermiabarcelona.com\\\/wp-content\\\/uploads\\\/2018\\\/08\\\/logo_thermia-1.jpg\",\"width\":345,\"height\":158,\"caption\":\"Thermia Barcelona\"},\"image\":{\"@id\":\"https:\\\/\\\/thermiabarcelona.com\\\/#\\\/schema\\\/logo\\\/image\\\/\"},\"sameAs\":[\"https:\\\/\\\/www.facebook.com\\\/thermiabarcelona\\\/\",\"https:\\\/\\\/www.instagram.com\\\/thermiabarcelona\\\/\",\"https:\\\/\\\/es.linkedin.com\\\/company\\\/thermia-barcelona\",\"https:\\\/\\\/www.youtube.com\\\/thermiabarcelona\"]}]}<\/script>\n<!-- \/ Yoast SEO Premium plugin. -->","yoast_head_json":{"title":"Isolation thermique des fen\u00eatres en aluminium | Thermia\u00a0Barcelona","description":"Le facteur de transmission thermique d\u2019une fen\u00eatre comprend aussi bien le dormant que la vitre, et pas seulement le profil\u00e9, qu\u2019il soit en plastique ou en aluminium. Une fen\u00eatre est un ensemble.","robots":{"index":"index","follow":"follow","max-snippet":"max-snippet:-1","max-image-preview":"max-image-preview:large","max-video-preview":"max-video-preview:-1"},"canonical":"https:\/\/thermiabarcelona.com\/fr\/les-fenetres-en-aluminium-assurent-une-isolation-parfaite\/","og_locale":"fr_FR","og_type":"article","og_title":"Les fen\u00eatres en aluminium assurent une isolation parfaite","og_description":"Le facteur de transmission thermique d\u2019une fen\u00eatre comprend aussi bien le dormant que la vitre, et pas seulement le profil\u00e9, qu\u2019il soit en plastique ou en aluminium. Une fen\u00eatre est un ensemble.","og_url":"https:\/\/thermiabarcelona.com\/fr\/les-fenetres-en-aluminium-assurent-une-isolation-parfaite\/","og_site_name":"Thermia Barcelona. Ventanas para vivir mejor","article_publisher":"https:\/\/www.facebook.com\/thermiabarcelona\/","article_modified_time":"2019-10-28T09:40:15+00:00","og_image":[{"width":1129,"height":800,"url":"https:\/\/thermiabarcelona.com\/wp-content\/uploads\/2019\/06\/aislamiento-termico-ventanas.jpg","type":"image\/jpeg"}],"twitter_card":"summary_large_image","twitter_misc":{"Dur\u00e9e de lecture estim\u00e9e":"4 minutes"},"schema":{"@context":"https:\/\/schema.org","@graph":[{"@type":"WebPage","@id":"https:\/\/thermiabarcelona.com\/fr\/les-fenetres-en-aluminium-assurent-une-isolation-parfaite\/","url":"https:\/\/thermiabarcelona.com\/fr\/les-fenetres-en-aluminium-assurent-une-isolation-parfaite\/","name":"Isolation thermique des fen\u00eatres en aluminium | Thermia\u00a0Barcelona","isPartOf":{"@id":"https:\/\/thermiabarcelona.com\/#website"},"datePublished":"2019-09-13T08:01:48+00:00","dateModified":"2019-10-28T09:40:15+00:00","description":"Le facteur de transmission thermique d\u2019une fen\u00eatre comprend aussi bien le dormant que la vitre, et pas seulement le profil\u00e9, qu\u2019il soit en plastique ou en aluminium. Une fen\u00eatre est un ensemble.","breadcrumb":{"@id":"https:\/\/thermiabarcelona.com\/fr\/les-fenetres-en-aluminium-assurent-une-isolation-parfaite\/#breadcrumb"},"inLanguage":"fr-FR","potentialAction":[{"@type":"ReadAction","target":["https:\/\/thermiabarcelona.com\/fr\/les-fenetres-en-aluminium-assurent-une-isolation-parfaite\/"]}]},{"@type":"BreadcrumbList","@id":"https:\/\/thermiabarcelona.com\/fr\/les-fenetres-en-aluminium-assurent-une-isolation-parfaite\/#breadcrumb","itemListElement":[{"@type":"ListItem","position":1,"name":"Portada","item":"https:\/\/thermiabarcelona.com\/"},{"@type":"ListItem","position":2,"name":"Les fen\u00eatres en aluminium assurent une isolation parfaite"}]},{"@type":"WebSite","@id":"https:\/\/thermiabarcelona.com\/#website","url":"https:\/\/thermiabarcelona.com\/","name":"Thermia Barcelona. Ventanas para vivir mejor","description":"Ventanas de calidad, duraderas y f\u00e1ciles de fabricar. Dise\u00f1o.Confort.Silencio","publisher":{"@id":"https:\/\/thermiabarcelona.com\/#organization"},"potentialAction":[{"@type":"SearchAction","target":{"@type":"EntryPoint","urlTemplate":"https:\/\/thermiabarcelona.com\/?s={search_term_string}"},"query-input":{"@type":"PropertyValueSpecification","valueRequired":true,"valueName":"search_term_string"}}],"inLanguage":"fr-FR"},{"@type":"Organization","@id":"https:\/\/thermiabarcelona.com\/#organization","name":"Thermia Barcelona","url":"https:\/\/thermiabarcelona.com\/","logo":{"@type":"ImageObject","inLanguage":"fr-FR","@id":"https:\/\/thermiabarcelona.com\/#\/schema\/logo\/image\/","url":"https:\/\/thermiabarcelona.com\/wp-content\/uploads\/2018\/08\/logo_thermia-1.jpg","contentUrl":"https:\/\/thermiabarcelona.com\/wp-content\/uploads\/2018\/08\/logo_thermia-1.jpg","width":345,"height":158,"caption":"Thermia Barcelona"},"image":{"@id":"https:\/\/thermiabarcelona.com\/#\/schema\/logo\/image\/"},"sameAs":["https:\/\/www.facebook.com\/thermiabarcelona\/","https:\/\/www.instagram.com\/thermiabarcelona\/","https:\/\/es.linkedin.com\/company\/thermia-barcelona","https:\/\/www.youtube.com\/thermiabarcelona"]}]}},"_links":{"self":[{"href":"https:\/\/thermiabarcelona.com\/fr\/wp-json\/wp\/v2\/pages\/27201","targetHints":{"allow":["GET"]}}],"collection":[{"href":"https:\/\/thermiabarcelona.com\/fr\/wp-json\/wp\/v2\/pages"}],"about":[{"href":"https:\/\/thermiabarcelona.com\/fr\/wp-json\/wp\/v2\/types\/page"}],"author":[{"embeddable":true,"href":"https:\/\/thermiabarcelona.com\/fr\/wp-json\/wp\/v2\/users\/3"}],"replies":[{"embeddable":true,"href":"https:\/\/thermiabarcelona.com\/fr\/wp-json\/wp\/v2\/comments?post=27201"}],"version-history":[{"count":0,"href":"https:\/\/thermiabarcelona.com\/fr\/wp-json\/wp\/v2\/pages\/27201\/revisions"}],"wp:attachment":[{"href":"https:\/\/thermiabarcelona.com\/fr\/wp-json\/wp\/v2\/media?parent=27201"}],"curies":[{"name":"wp","href":"https:\/\/api.w.org\/{rel}","templated":true}]}}