{"id":27195,"date":"2019-09-13T08:01:32","date_gmt":"2019-09-13T08:01:32","guid":{"rendered":"https:\/\/thermiabarcelona.com\/les-fenetres-en-aluminium-sont-plus-durables\/"},"modified":"2019-10-11T09:56:42","modified_gmt":"2019-10-11T09:56:42","slug":"les-fenetres-en-aluminium-sont-plus-durables","status":"publish","type":"page","link":"https:\/\/thermiabarcelona.com\/fr\/les-fenetres-en-aluminium-sont-plus-durables\/","title":{"rendered":"Les fen\u00eatres en aluminium sont plus durables"},"content":{"rendered":"<div class=\"wpb-content-wrapper\"><p>[vc_row][vc_column width=\u00a0\u00bb1\/1&Prime;]<div class=\"single_image wpb_content_element align-left    \" data-animation=\"none\" data-delay=\"0\"><img fetchpriority=\"high\" decoding=\"async\" width=\"2221\" height=\"1076\" src=\"https:\/\/thermiabarcelona.com\/wp-content\/uploads\/2019\/06\/Empire-state-building.jpg\" class=\"attachment-full\" alt=\"\" title=\"Empire-state-building\" srcset=\"https:\/\/thermiabarcelona.com\/wp-content\/uploads\/2019\/06\/Empire-state-building.jpg 2221w, https:\/\/thermiabarcelona.com\/wp-content\/uploads\/2019\/06\/Empire-state-building-300x145.jpg 300w, https:\/\/thermiabarcelona.com\/wp-content\/uploads\/2019\/06\/Empire-state-building-768x372.jpg 768w, https:\/\/thermiabarcelona.com\/wp-content\/uploads\/2019\/06\/Empire-state-building-1024x496.jpg 1024w\" sizes=\"(max-width: 2221px) 100vw, 2221px\" \/><\/div>[\/vc_column][\/vc_row][vc_row top_padding=\u00a0\u00bb0&Prime;][vc_column width=\u00a0\u00bb1\/1&Prime;]<div class=\"spacer\" style=\"height: 70px;\"><\/div><h2 class=\"headline font-inherit fontsize-xxxl fontweight-600 lh-12 align-right transform-inherit \" style=\"margin: 0 0 20px 0; color: #000f2c;\">Les fen\u00eatres en aluminium sont plus durables<\/h2>[vc_column_text]<\/p>\n<p style=\"text-align: right;\">Source\u00a0: <a href=\"https:\/\/www.mejordealuminio.com\">mejordealuminio.com<\/a>\/Laboratoire&nbsp;TECNALIA<\/p>\n<p>[\/vc_column_text][\/vc_column][\/vc_row][vc_row top_padding=\u00a0\u00bb50&Prime;][vc_column width=\u00a0\u00bb1\/1&Prime;][vc_column_text]<\/p>\n<h2><strong>B\u00e2timents embl\u00e9matiques centenaires dot\u00e9s de fen\u00eatres en aluminium sur leur fa\u00e7ade<\/strong><\/h2>\n<p>Soixante-dix ans apr\u00e8s leur installation, <strong>les fen\u00eatres de l\u2019Empire\u00a0State\u00a0Building de New\u00a0York<\/strong> ont \u00e9t\u00e9 r\u00e9nov\u00e9es pour adapter les anciennes vitres aux technologies modernes de protection solaire et ajuster leurs ferrages afin de garantir leur bon fonctionnement.<\/p>\n<p>Hormis cela, l\u2019aluminium a \u00e9t\u00e9 nettoy\u00e9, mais n\u2019a pas \u00e9t\u00e9 remplac\u00e9 et est rest\u00e9 intact jusqu\u2019\u00e0 nos jours. Peut-on en dire autant d\u2019autres mat\u00e9riaux\u00a0?[\/vc_column_text][vc_column_text]<\/p>\n<blockquote>\n<p><span style=\"font-size: 18pt; color: #f2842f;\">Il suffit de lever les yeux pour trouver des fen\u00eatres en aluminium sur les fa\u00e7ades de magnifiques \u00e9difices centenaires.<\/span><\/p>\n<\/blockquote>\n<p>[\/vc_column_text][\/vc_column][\/vc_row][vc_row top_padding=\u00a0\u00bb70&Prime;][vc_column width=\u00a0\u00bb1\/2&Prime;][vc_column_text]<\/p>\n<h4>Choisir l\u2019aluminium pour vos fen\u00eatres, c\u2019est choisir un mat\u00e9riau plus durable qui conservera ses vertus au fil des ans. Les fen\u00eatres en aluminium peuvent avoir une dur\u00e9e de vie aussi longue qu\u2019on le souhaite, le tout sans subir de d\u00e9formations ni d\u2019alt\u00e9rations.*<\/h4>\n<p><em>*\u00c0 condition qu\u2019elles soient correctement install\u00e9es par un professionnel.<\/em><\/p>\n<p><strong>M\u00e9tal ou plastique\u00a0: lequel est le plus r\u00e9sistant\u00a0?<\/strong><\/p>\n<p>La plupart du temps, les fen\u00eatres en plastique (PVC) n\u00e9cessitent un renforcement interne en acier, mais subissent de nombreuses d\u00e9formations en raison des charges qui leur sont appliqu\u00e9es, comme le vent ou des poids qui p\u00e8sent sur elles. Cela est d\u00fb au fait que le PVC est un mat\u00e9riel plastique et que sa composition, sa r\u00e9sistance et sa duret\u00e9 ne sont pas les m\u00eames que celles de l\u2019aluminium. On comprend alors assez bien pourquoi la carrosserie des voitures n\u2019est pas en plastique.[\/vc_column_text][\/vc_column][vc_column width=\u00a0\u00bb1\/2&Prime;]<div class=\"single_image wpb_content_element align-left    \" data-animation=\"none\" data-delay=\"0\"><img decoding=\"async\" width=\"798\" height=\"535\" src=\"https:\/\/thermiabarcelona.com\/wp-content\/uploads\/2019\/05\/ventanas_aluminio.jpg\" class=\"attachment-full\" alt=\"ventanas aluminio\" title=\"ventanas_aluminio\" srcset=\"https:\/\/thermiabarcelona.com\/wp-content\/uploads\/2019\/05\/ventanas_aluminio.jpg 798w, https:\/\/thermiabarcelona.com\/wp-content\/uploads\/2019\/05\/ventanas_aluminio-300x201.jpg 300w, https:\/\/thermiabarcelona.com\/wp-content\/uploads\/2019\/05\/ventanas_aluminio-768x515.jpg 768w\" sizes=\"(max-width: 798px) 100vw, 798px\" \/><\/div>[\/vc_column][\/vc_row]<\/p>\n<\/div>","protected":false},"excerpt":{"rendered":"<p>[vc_row][vc_column width=\u00a0\u00bb1\/1&Prime;][\/vc_column][\/vc_row][vc_row top_padding=\u00a0\u00bb0&Prime;][vc_column width=\u00a0\u00bb1\/1&Prime;][vc_column_text] Source\u00a0: mejordealuminio.com\/Laboratoire&nbsp;TECNALIA [\/vc_column_text][\/vc_column][\/vc_row][vc_row top_padding=\u00a0\u00bb50&Prime;][vc_column width=\u00a0\u00bb1\/1&Prime;][vc_column_text] B\u00e2timents embl\u00e9matiques centenaires dot\u00e9s de fen\u00eatres en aluminium sur leur fa\u00e7ade Soixante-dix ans apr\u00e8s leur installation, les fen\u00eatres de l\u2019Empire\u00a0State\u00a0Building de New\u00a0York ont \u00e9t\u00e9 r\u00e9nov\u00e9es pour adapter les anciennes vitres aux technologies modernes de protection solaire et ajuster leurs ferrages afin de garantir leur bon fonctionnement. Hormis cela, l\u2019aluminium a \u00e9t\u00e9 nettoy\u00e9, mais n\u2019a pas \u00e9t\u00e9 remplac\u00e9 et est rest\u00e9 intact jusqu\u2019\u00e0 nos jours. Peut-on en dire autant d\u2019autres mat\u00e9riaux\u00a0?[\/vc_column_text][vc_column_text] Il suffit de lever les yeux pour trouver des fen\u00eatres en aluminium sur les fa\u00e7ades de magnifiques \u00e9difices centenaires. [\/vc_column_text][\/vc_column][\/vc_row][vc_row top_padding=\u00a0\u00bb70&Prime;][vc_column width=\u00a0\u00bb1\/2&Prime;][vc_column_text] Choisir l\u2019aluminium pour vos fen\u00eatres, c\u2019est choisir un mat\u00e9riau plus durable qui conservera ses vertus au fil des ans. Les fen\u00eatres en aluminium peuvent avoir une dur\u00e9e de vie aussi longue qu\u2019on le souhaite, le tout sans subir de d\u00e9formations ni d\u2019alt\u00e9rations.* *\u00c0 condition qu\u2019elles soient correctement install\u00e9es par un professionnel. M\u00e9tal ou plastique\u00a0: lequel est le plus r\u00e9sistant\u00a0? La plupart du temps, les fen\u00eatres en plastique (PVC) n\u00e9cessitent un renforcement interne en acier, mais subissent de nombreuses d\u00e9formations en raison des charges qui leur sont appliqu\u00e9es, comme le vent ou des poids qui p\u00e8sent sur elles. Cela est [&hellip;]<\/p>\n","protected":false},"author":3,"featured_media":0,"parent":0,"menu_order":0,"comment_status":"closed","ping_status":"closed","template":"","meta":{"footnotes":""},"class_list":["post-27195","page","type-page","status-publish","hentry"],"yoast_head":"<!-- This site is optimized with the Yoast SEO Premium plugin v26.7 (Yoast SEO v26.8) - https:\/\/yoast.com\/product\/yoast-seo-premium-wordpress\/ -->\n<title>Les fen\u00eatres en aluminium sont plus durables que les fen\u00eatres en plastique (PVC)<\/title>\n<meta name=\"description\" content=\"Choisir l\u2019aluminium pour vos fen\u00eatres, c\u2019est choisir un mat\u00e9riau plus durable qui conservera ses vertus au fil des ans.\" \/>\n<meta name=\"robots\" content=\"index, follow, max-snippet:-1, max-image-preview:large, max-video-preview:-1\" \/>\n<link rel=\"canonical\" href=\"https:\/\/thermiabarcelona.com\/fr\/les-fenetres-en-aluminium-sont-plus-durables\/\" \/>\n<meta property=\"og:locale\" content=\"fr_FR\" \/>\n<meta property=\"og:type\" content=\"article\" \/>\n<meta property=\"og:title\" content=\"Les fen\u00eatres en aluminium sont plus durables\" \/>\n<meta property=\"og:description\" content=\"Choisir l\u2019aluminium pour vos fen\u00eatres, c\u2019est choisir un mat\u00e9riau plus durable qui conservera ses vertus au fil des ans.\" \/>\n<meta property=\"og:url\" content=\"https:\/\/thermiabarcelona.com\/fr\/les-fenetres-en-aluminium-sont-plus-durables\/\" \/>\n<meta property=\"og:site_name\" content=\"Thermia Barcelona. Ventanas para vivir mejor\" \/>\n<meta property=\"article:publisher\" content=\"https:\/\/www.facebook.com\/thermiabarcelona\/\" \/>\n<meta property=\"article:modified_time\" content=\"2019-10-11T09:56:42+00:00\" \/>\n<meta property=\"og:image\" content=\"https:\/\/thermiabarcelona.com\/wp-content\/uploads\/2019\/05\/ahorro_energetico_ventanas3.jpg\" \/>\n\t<meta property=\"og:image:width\" content=\"2221\" \/>\n\t<meta property=\"og:image:height\" content=\"1076\" \/>\n\t<meta property=\"og:image:type\" content=\"image\/jpeg\" \/>\n<meta name=\"twitter:card\" content=\"summary_large_image\" \/>\n<meta name=\"twitter:label1\" content=\"Dur\u00e9e de lecture estim\u00e9e\" \/>\n\t<meta name=\"twitter:data1\" content=\"2 minutes\" \/>\n<script type=\"application\/ld+json\" class=\"yoast-schema-graph\">{\"@context\":\"https:\/\/schema.org\",\"@graph\":[{\"@type\":\"WebPage\",\"@id\":\"https:\/\/thermiabarcelona.com\/fr\/les-fenetres-en-aluminium-sont-plus-durables\/\",\"url\":\"https:\/\/thermiabarcelona.com\/fr\/les-fenetres-en-aluminium-sont-plus-durables\/\",\"name\":\"Les fen\u00eatres en aluminium sont plus durables que les fen\u00eatres en plastique (PVC)\",\"isPartOf\":{\"@id\":\"https:\/\/thermiabarcelona.com\/#website\"},\"datePublished\":\"2019-09-13T08:01:32+00:00\",\"dateModified\":\"2019-10-11T09:56:42+00:00\",\"description\":\"Choisir l\u2019aluminium pour vos fen\u00eatres, c\u2019est choisir un mat\u00e9riau plus durable qui conservera ses vertus au fil des ans.\",\"breadcrumb\":{\"@id\":\"https:\/\/thermiabarcelona.com\/fr\/les-fenetres-en-aluminium-sont-plus-durables\/#breadcrumb\"},\"inLanguage\":\"fr-FR\",\"potentialAction\":[{\"@type\":\"ReadAction\",\"target\":[\"https:\/\/thermiabarcelona.com\/fr\/les-fenetres-en-aluminium-sont-plus-durables\/\"]}]},{\"@type\":\"BreadcrumbList\",\"@id\":\"https:\/\/thermiabarcelona.com\/fr\/les-fenetres-en-aluminium-sont-plus-durables\/#breadcrumb\",\"itemListElement\":[{\"@type\":\"ListItem\",\"position\":1,\"name\":\"Portada\",\"item\":\"https:\/\/thermiabarcelona.com\/\"},{\"@type\":\"ListItem\",\"position\":2,\"name\":\"Les fen\u00eatres en aluminium sont plus durables\"}]},{\"@type\":\"WebSite\",\"@id\":\"https:\/\/thermiabarcelona.com\/#website\",\"url\":\"https:\/\/thermiabarcelona.com\/\",\"name\":\"Thermia Barcelona. Ventanas para vivir mejor\",\"description\":\"Ventanas de calidad, duraderas y f\u00e1ciles de fabricar. Dise\u00f1o.Confort.Silencio\",\"publisher\":{\"@id\":\"https:\/\/thermiabarcelona.com\/#organization\"},\"potentialAction\":[{\"@type\":\"SearchAction\",\"target\":{\"@type\":\"EntryPoint\",\"urlTemplate\":\"https:\/\/thermiabarcelona.com\/?s={search_term_string}\"},\"query-input\":{\"@type\":\"PropertyValueSpecification\",\"valueRequired\":true,\"valueName\":\"search_term_string\"}}],\"inLanguage\":\"fr-FR\"},{\"@type\":\"Organization\",\"@id\":\"https:\/\/thermiabarcelona.com\/#organization\",\"name\":\"Thermia Barcelona\",\"url\":\"https:\/\/thermiabarcelona.com\/\",\"logo\":{\"@type\":\"ImageObject\",\"inLanguage\":\"fr-FR\",\"@id\":\"https:\/\/thermiabarcelona.com\/#\/schema\/logo\/image\/\",\"url\":\"https:\/\/thermiabarcelona.com\/wp-content\/uploads\/2018\/08\/logo_thermia-1.jpg\",\"contentUrl\":\"https:\/\/thermiabarcelona.com\/wp-content\/uploads\/2018\/08\/logo_thermia-1.jpg\",\"width\":345,\"height\":158,\"caption\":\"Thermia Barcelona\"},\"image\":{\"@id\":\"https:\/\/thermiabarcelona.com\/#\/schema\/logo\/image\/\"},\"sameAs\":[\"https:\/\/www.facebook.com\/thermiabarcelona\/\",\"https:\/\/www.instagram.com\/thermiabarcelona\/\",\"https:\/\/es.linkedin.com\/company\/thermia-barcelona\",\"https:\/\/www.youtube.com\/thermiabarcelona\"]}]}<\/script>\n<!-- \/ Yoast SEO Premium plugin. -->","yoast_head_json":{"title":"Les fen\u00eatres en aluminium sont plus durables que les fen\u00eatres en plastique (PVC)","description":"Choisir l\u2019aluminium pour vos fen\u00eatres, c\u2019est choisir un mat\u00e9riau plus durable qui conservera ses vertus au fil des ans.","robots":{"index":"index","follow":"follow","max-snippet":"max-snippet:-1","max-image-preview":"max-image-preview:large","max-video-preview":"max-video-preview:-1"},"canonical":"https:\/\/thermiabarcelona.com\/fr\/les-fenetres-en-aluminium-sont-plus-durables\/","og_locale":"fr_FR","og_type":"article","og_title":"Les fen\u00eatres en aluminium sont plus durables","og_description":"Choisir l\u2019aluminium pour vos fen\u00eatres, c\u2019est choisir un mat\u00e9riau plus durable qui conservera ses vertus au fil des ans.","og_url":"https:\/\/thermiabarcelona.com\/fr\/les-fenetres-en-aluminium-sont-plus-durables\/","og_site_name":"Thermia Barcelona. Ventanas para vivir mejor","article_publisher":"https:\/\/www.facebook.com\/thermiabarcelona\/","article_modified_time":"2019-10-11T09:56:42+00:00","og_image":[{"width":2221,"height":1076,"url":"https:\/\/thermiabarcelona.com\/wp-content\/uploads\/2019\/05\/ahorro_energetico_ventanas3.jpg","type":"image\/jpeg"}],"twitter_card":"summary_large_image","twitter_misc":{"Dur\u00e9e de lecture estim\u00e9e":"2 minutes"},"schema":{"@context":"https:\/\/schema.org","@graph":[{"@type":"WebPage","@id":"https:\/\/thermiabarcelona.com\/fr\/les-fenetres-en-aluminium-sont-plus-durables\/","url":"https:\/\/thermiabarcelona.com\/fr\/les-fenetres-en-aluminium-sont-plus-durables\/","name":"Les fen\u00eatres en aluminium sont plus durables que les fen\u00eatres en plastique (PVC)","isPartOf":{"@id":"https:\/\/thermiabarcelona.com\/#website"},"datePublished":"2019-09-13T08:01:32+00:00","dateModified":"2019-10-11T09:56:42+00:00","description":"Choisir l\u2019aluminium pour vos fen\u00eatres, c\u2019est choisir un mat\u00e9riau plus durable qui conservera ses vertus au fil des ans.","breadcrumb":{"@id":"https:\/\/thermiabarcelona.com\/fr\/les-fenetres-en-aluminium-sont-plus-durables\/#breadcrumb"},"inLanguage":"fr-FR","potentialAction":[{"@type":"ReadAction","target":["https:\/\/thermiabarcelona.com\/fr\/les-fenetres-en-aluminium-sont-plus-durables\/"]}]},{"@type":"BreadcrumbList","@id":"https:\/\/thermiabarcelona.com\/fr\/les-fenetres-en-aluminium-sont-plus-durables\/#breadcrumb","itemListElement":[{"@type":"ListItem","position":1,"name":"Portada","item":"https:\/\/thermiabarcelona.com\/"},{"@type":"ListItem","position":2,"name":"Les fen\u00eatres en aluminium sont plus durables"}]},{"@type":"WebSite","@id":"https:\/\/thermiabarcelona.com\/#website","url":"https:\/\/thermiabarcelona.com\/","name":"Thermia Barcelona. Ventanas para vivir mejor","description":"Ventanas de calidad, duraderas y f\u00e1ciles de fabricar. Dise\u00f1o.Confort.Silencio","publisher":{"@id":"https:\/\/thermiabarcelona.com\/#organization"},"potentialAction":[{"@type":"SearchAction","target":{"@type":"EntryPoint","urlTemplate":"https:\/\/thermiabarcelona.com\/?s={search_term_string}"},"query-input":{"@type":"PropertyValueSpecification","valueRequired":true,"valueName":"search_term_string"}}],"inLanguage":"fr-FR"},{"@type":"Organization","@id":"https:\/\/thermiabarcelona.com\/#organization","name":"Thermia Barcelona","url":"https:\/\/thermiabarcelona.com\/","logo":{"@type":"ImageObject","inLanguage":"fr-FR","@id":"https:\/\/thermiabarcelona.com\/#\/schema\/logo\/image\/","url":"https:\/\/thermiabarcelona.com\/wp-content\/uploads\/2018\/08\/logo_thermia-1.jpg","contentUrl":"https:\/\/thermiabarcelona.com\/wp-content\/uploads\/2018\/08\/logo_thermia-1.jpg","width":345,"height":158,"caption":"Thermia Barcelona"},"image":{"@id":"https:\/\/thermiabarcelona.com\/#\/schema\/logo\/image\/"},"sameAs":["https:\/\/www.facebook.com\/thermiabarcelona\/","https:\/\/www.instagram.com\/thermiabarcelona\/","https:\/\/es.linkedin.com\/company\/thermia-barcelona","https:\/\/www.youtube.com\/thermiabarcelona"]}]}},"_links":{"self":[{"href":"https:\/\/thermiabarcelona.com\/fr\/wp-json\/wp\/v2\/pages\/27195","targetHints":{"allow":["GET"]}}],"collection":[{"href":"https:\/\/thermiabarcelona.com\/fr\/wp-json\/wp\/v2\/pages"}],"about":[{"href":"https:\/\/thermiabarcelona.com\/fr\/wp-json\/wp\/v2\/types\/page"}],"author":[{"embeddable":true,"href":"https:\/\/thermiabarcelona.com\/fr\/wp-json\/wp\/v2\/users\/3"}],"replies":[{"embeddable":true,"href":"https:\/\/thermiabarcelona.com\/fr\/wp-json\/wp\/v2\/comments?post=27195"}],"version-history":[{"count":0,"href":"https:\/\/thermiabarcelona.com\/fr\/wp-json\/wp\/v2\/pages\/27195\/revisions"}],"wp:attachment":[{"href":"https:\/\/thermiabarcelona.com\/fr\/wp-json\/wp\/v2\/media?parent=27195"}],"curies":[{"name":"wp","href":"https:\/\/api.w.org\/{rel}","templated":true}]}}