{"id":27193,"date":"2019-09-13T08:01:27","date_gmt":"2019-09-13T08:01:27","guid":{"rendered":"https:\/\/thermiabarcelona.com\/les-fenetres-en-aluminium-permettent-de-realiser-plus-deconomies-denergie\/"},"modified":"2019-10-11T10:08:16","modified_gmt":"2019-10-11T10:08:16","slug":"les-fenetres-en-aluminium-permettent-de-realiser-plus-deconomies-denergie","status":"publish","type":"page","link":"https:\/\/thermiabarcelona.com\/fr\/les-fenetres-en-aluminium-permettent-de-realiser-plus-deconomies-denergie\/","title":{"rendered":"Les fen\u00eatres en aluminium permettent de r\u00e9aliser plus d\u2019\u00e9conomies d\u2019\u00e9nergie"},"content":{"rendered":"<div class=\"wpb-content-wrapper\"><p>[vc_row][vc_column width=\u00a0\u00bb1\/1&Prime;]<div class=\"single_image wpb_content_element align-left    \" data-animation=\"none\" data-delay=\"0\"><img fetchpriority=\"high\" decoding=\"async\" width=\"2221\" height=\"1076\" src=\"https:\/\/thermiabarcelona.com\/wp-content\/uploads\/2019\/05\/ahorro_energetico_ventanas3.jpg\" class=\"attachment-full\" alt=\"ahorro_energetico_ventanas3\" title=\"ahorro_energetico_ventanas3\" srcset=\"https:\/\/thermiabarcelona.com\/wp-content\/uploads\/2019\/05\/ahorro_energetico_ventanas3.jpg 2221w, https:\/\/thermiabarcelona.com\/wp-content\/uploads\/2019\/05\/ahorro_energetico_ventanas3-300x145.jpg 300w, https:\/\/thermiabarcelona.com\/wp-content\/uploads\/2019\/05\/ahorro_energetico_ventanas3-768x372.jpg 768w, https:\/\/thermiabarcelona.com\/wp-content\/uploads\/2019\/05\/ahorro_energetico_ventanas3-1024x496.jpg 1024w\" sizes=\"(max-width: 2221px) 100vw, 2221px\" \/><\/div>[\/vc_column][\/vc_row][vc_row top_padding=\u00a0\u00bb0&Prime;][vc_column width=\u00a0\u00bb1\/1&Prime;]<div class=\"spacer\" style=\"height: 70px;\"><\/div><h2 class=\"headline font-inherit fontsize-xxxl fontweight-600 lh-12 align-right transform-inherit \" style=\"margin: 0 0 20px 0; color: #000f2c;\">Les fen\u00eatres en aluminium permettent de r\u00e9aliser plus d\u2019\u00e9conomies d\u2019\u00e9nergie<\/h2>[vc_column_text]<\/p>\n<p style=\"text-align: right;\">Source\u00a0: <a href=\"https:\/\/www.mejordealuminio.com\">mejordealuminio.com<\/a>\/Laboratoire\u00a0TECNALIA<\/p>\n<p>[\/vc_column_text][\/vc_column][\/vc_row][vc_row top_padding=\u00a0\u00bb50&Prime;][vc_column width=\u00a0\u00bb1\/1&Prime;][vc_column_text]<\/p>\n<h2><strong>\u00c9conomies d\u2019\u00e9nergie\u00a0: tout ce qu\u2019il faut savoir<\/strong><\/h2>\n<p>Tout le monde est d\u2019accord pour dire qu\u2019au moment d\u2019acheter un produit comme une fen\u00eatre, l\u2019un des facteurs qui nous touchent le plus en tant que consommateurs, c\u2019est celui des \u00e9conomies d\u2019\u00e9nergie. Nous pouvons nous demander si nous allons r\u00e9aliser plus d\u2019<strong>\u00e9conomies d\u2019\u00e9nergie<\/strong> <strong>avec des fen\u00eatres en aluminium<\/strong> ou des fen\u00eatres en plastique (PVC). Nous allons tenter d\u2019\u00e9claircir ici certains concepts.<\/p>\n<p>Sur ce point, tout n\u2019est pas \u00e0 prendre pour argent comptant. En effet, il est tr\u00e8s important de v\u00e9rifier les informations publi\u00e9es \u00e0 ce propos.<\/p>\n<p>Pour cet article court, nous nous sommes appuy\u00e9s sur les arguments tir\u00e9s des conclusions formul\u00e9es dans des \u00e9tudes techniques s\u00e9rieuses men\u00e9es par le prestigieux laboratoire agr\u00e9\u00e9\u00a0TECNALIA (voir la bibliographie sur <a href=\"https:\/\/www.mejordealuminio.com\/referencias-y-bibliografia\">https:\/\/www.mejordealuminio.com\/referencias-y-bibliografia<\/a>).<\/p>\n<p>Voici les conclusions des \u00e9tudes\u00a0:<\/p>\n<ul>\n<li>Il est d\u00e9montr\u00e9 que, si l\u2019on remplace une <strong>\u00ab\u00a0ancienne\u00a0\u00bb fen\u00eatre<\/strong> par <strong>toute nouvelle fen\u00eatre<\/strong> d\u2019une certaine qualit\u00e9, on r\u00e9alise une \u00e9conomie d\u2019\u00e9nergie consid\u00e9rable, et ce ind\u00e9pendamment du mat\u00e9riau que l\u2019on choisit. Cela va de soi, n\u2019est-ce pas\u00a0?<\/li>\n<li>Il est d\u00e9montr\u00e9 que, si l\u2019on remplace une ancienne fen\u00eatre par une fen\u00eatre en aluminium ou en plastique, pr\u00e9sentant des caract\u00e9ristiques semblables, <strong>les \u00e9conomies d\u2019\u00e9nergie r\u00e9alis\u00e9es sont pratiquement \u00e9quivalentes<\/strong>.<\/li>\n<\/ul>\n<p>[\/vc_column_text][\/vc_column][\/vc_row][vc_row top_padding=\u00a0\u00bb70&Prime;][vc_column width=\u00a0\u00bb1\/2&Prime;]<div class=\"single_image wpb_content_element align-left    \" data-animation=\"none\" data-delay=\"0\"><img decoding=\"async\" width=\"1440\" height=\"900\" src=\"https:\/\/thermiabarcelona.com\/wp-content\/uploads\/2019\/05\/trasnitancia_termica_ventanas_aluminio.jpg\" class=\"attachment-full\" alt=\"Thermia - la transmitancia t\u00e9rmica del marco de una vetnana\" title=\"trasnitancia_termica_ventanas_aluminio\" srcset=\"https:\/\/thermiabarcelona.com\/wp-content\/uploads\/2019\/05\/trasnitancia_termica_ventanas_aluminio.jpg 1440w, https:\/\/thermiabarcelona.com\/wp-content\/uploads\/2019\/05\/trasnitancia_termica_ventanas_aluminio-300x188.jpg 300w, https:\/\/thermiabarcelona.com\/wp-content\/uploads\/2019\/05\/trasnitancia_termica_ventanas_aluminio-768x480.jpg 768w, https:\/\/thermiabarcelona.com\/wp-content\/uploads\/2019\/05\/trasnitancia_termica_ventanas_aluminio-1024x640.jpg 1024w\" sizes=\"(max-width: 1440px) 100vw, 1440px\" \/><\/div>[\/vc_column][vc_column width=\u00a0\u00bb1\/2&Prime;][vc_column_text]<\/p>\n<h2>La v\u00e9rit\u00e9 concernant le facteur de transmission du dormant de la fen\u00eatre<\/h2>\n<p>Qu\u2019est-ce que le facteur de transmission thermique du dormant d\u2019une fen\u00eatre\u00a0?<\/p>\n<p>Il s\u2019agit du passage de la chaleur dans les parties non vitr\u00e9es de la fen\u00eatre, c\u2019est-\u00e0-dire le dormant, que ce dernier soit en aluminium, en bois, en PVC ou encore en acier.<\/p>\n<p>Il s\u2019av\u00e8re que le mat\u00e9riel a une influence moins importante dans l\u2019isolation globale de fen\u00eatre que ce que l\u2019on pr\u00e9tend habituellement dans les publicit\u00e9s en faveur des annonceurs. L\u2019\u00e9tude de Tecnalia indique que, <strong>sur une fen\u00eatre normale<\/strong>, le pourcentage de l\u2019ouverture qu\u2019occupe le dormant ne d\u00e9passe pas 20\u00a0%. <strong>Le verre occupe donc 80\u00a0% de la fen\u00eatre et le dormant seulement 20\u00a0%.<\/strong>[\/vc_column_text][\/vc_column][\/vc_row][vc_row top_padding=\u00a0\u00bb60&Prime; bottom_padding=\u00a0\u00bb20&Prime;][vc_column width=\u00a0\u00bb1\/1&Prime;][vc_column_text]<\/p>\n<blockquote>\n<p><span style=\"color: #e57d22; font-size: 14pt;\">Choisir une fen\u00eatre en ne pensant qu\u2019au faible facteur de transmission du mat\u00e9riau (aluminium ou plastique) est une erreur. <strong>Il convient de la choisir en la voyant pour ce qu\u2019elle est, \u00e0 savoir un ensemble constitu\u00e9 de verre et d\u2019autres composants<\/strong> qui agit comme \u00e9l\u00e9ment cl\u00e9 pour assurer des indices de transmission thermique faibles.<\/span><\/p>\n<\/blockquote>\n<p>[\/vc_column_text][\/vc_column][\/vc_row][vc_row top_padding=\u00a0\u00bb70&Prime;][vc_column width=\u00a0\u00bb2\/3&Prime;][vc_column_text]<\/p>\n<h2><strong>Pour \u00e9conomiser, il faut pr\u00e9voir sur le long terme<\/strong><\/h2>\n<p>Il faut pouvoir r\u00e9aliser des <strong>\u00e9conomies d\u2019\u00e9nergie<\/strong> aussi bien \u00e0 <strong>court terme, qu\u2019\u00e0 moyen et long termes<\/strong>. R\u00e9aliser de fortes \u00e9conomies \u00e0 court terme pour les voir se r\u00e9duire au fil des ans ne devrait pas \u00eatre un but \u00e0 atteindre. Lorsque l\u2019on choisit une fen\u00eatre, il est n\u00e9cessaire d\u2019\u00e9valuer la r\u00e9sistance et la durabilit\u00e9 du produit. <strong>Il est essentiel que la fen\u00eatre conserve ses performances malgr\u00e9 les ann\u00e9es.<\/strong><\/p>\n<p>La fen\u00eatre doit r\u00e9sister au passage du temps sans subir d\u2019alt\u00e9rations. <strong>L\u2019aluminium est un mat\u00e9riau durable qui ne s\u2019alt\u00e8re pas<\/strong>. On ne peut pas en dire autant d\u2019autres mat\u00e9riaux tels que le plastique (PVC), qui peut se d\u00e9former au fil du temps, ou encore le bois, qui n\u00e9cessite un entretien constant pour conserver ses performances \u00e0 moyen et long termes.[\/vc_column_text][\/vc_column][vc_column width=\u00a0\u00bb1\/3&Prime;]<div class=\"single_image wpb_content_element align-left    \" data-animation=\"none\" data-delay=\"0\"><img decoding=\"async\" width=\"1440\" height=\"900\" src=\"https:\/\/thermiabarcelona.com\/wp-content\/uploads\/2019\/05\/Ahorro_energetico.jpg\" class=\"attachment-full\" alt=\"Ahorro_energetico\" title=\"Ahorro_energetico\" srcset=\"https:\/\/thermiabarcelona.com\/wp-content\/uploads\/2019\/05\/Ahorro_energetico.jpg 1440w, https:\/\/thermiabarcelona.com\/wp-content\/uploads\/2019\/05\/Ahorro_energetico-300x188.jpg 300w, https:\/\/thermiabarcelona.com\/wp-content\/uploads\/2019\/05\/Ahorro_energetico-768x480.jpg 768w, https:\/\/thermiabarcelona.com\/wp-content\/uploads\/2019\/05\/Ahorro_energetico-1024x640.jpg 1024w\" sizes=\"(max-width: 1440px) 100vw, 1440px\" \/><\/div>[\/vc_column][\/vc_row][vc_row top_padding=\u00a0\u00bb70&Prime;][vc_column width=\u00a0\u00bb1\/2&Prime;]<div class=\"single_image wpb_content_element align-left    \" data-animation=\"none\" data-delay=\"0\"><img loading=\"lazy\" decoding=\"async\" width=\"798\" height=\"535\" src=\"https:\/\/thermiabarcelona.com\/wp-content\/uploads\/2019\/05\/instalador-1.jpg\" class=\"attachment-full\" alt=\"instalador de ventanas\" title=\"instalador\" srcset=\"https:\/\/thermiabarcelona.com\/wp-content\/uploads\/2019\/05\/instalador-1.jpg 798w, https:\/\/thermiabarcelona.com\/wp-content\/uploads\/2019\/05\/instalador-1-300x201.jpg 300w, https:\/\/thermiabarcelona.com\/wp-content\/uploads\/2019\/05\/instalador-1-768x515.jpg 768w\" sizes=\"(max-width: 798px) 100vw, 798px\" \/><\/div>[\/vc_column][vc_column width=\u00a0\u00bb1\/2&Prime;][vc_column_text]<\/p>\n<h2><strong>Tout est dans l\u2019installation<\/strong><\/h2>\n<p>Vous pouvez acheter le meilleur produit du monde, mais s\u2019il est mal install\u00e9, il ne fonctionnera pas comme pr\u00e9vu et n\u2019atteindra pas les objectifs pour lesquels il a \u00e9t\u00e9 fabriqu\u00e9. Thermia\u00a0Barcelona <a href=\"https:\/\/thermiabarcelona.com\/fr\/recherche-de-distributeurs-de-fenetres-en-aluminium-thermia-barcelona\/?lang=fr\"><strong>vous recommande de toujours faire appel aux services d\u2019un professionnel<\/strong><\/a> qui garantit la <strong>bonne installation de vos fen\u00eatres<\/strong> afin qu\u2019elles remplissent leur fonction pendant de nombreuses ann\u00e9es.<\/p>\n<p>Nous vous\u00a0proposons une liste des <a href=\"https:\/\/thermiabarcelona.com\/fr\/recherche-de-distributeurs-de-fenetres-en-aluminium-thermia-barcelona\/?lang=fr\"><strong>distributeurs de fen\u00eatres\u00a0Thermia<\/strong><\/a> qui pourront vous conseiller tout au long du processus d\u2019achat, de fabrication et d\u2019installation des fen\u00eatres. N\u2019h\u00e9sitez pas \u00e0 les contacter\u00a0![\/vc_column_text][\/vc_column][\/vc_row]<\/p>\n<\/div>","protected":false},"excerpt":{"rendered":"<p>[vc_row][vc_column width=\u00a0\u00bb1\/1&Prime;][\/vc_column][\/vc_row][vc_row top_padding=\u00a0\u00bb0&Prime;][vc_column width=\u00a0\u00bb1\/1&Prime;][vc_column_text] Source\u00a0: mejordealuminio.com\/Laboratoire\u00a0TECNALIA [\/vc_column_text][\/vc_column][\/vc_row][vc_row top_padding=\u00a0\u00bb50&Prime;][vc_column width=\u00a0\u00bb1\/1&Prime;][vc_column_text] \u00c9conomies d\u2019\u00e9nergie\u00a0: tout ce qu\u2019il faut savoir Tout le monde est d\u2019accord pour dire qu\u2019au moment d\u2019acheter un produit comme une fen\u00eatre, l\u2019un des facteurs qui nous touchent le plus en tant que consommateurs, c\u2019est celui des \u00e9conomies d\u2019\u00e9nergie. Nous pouvons nous demander si nous allons r\u00e9aliser plus d\u2019\u00e9conomies d\u2019\u00e9nergie avec des fen\u00eatres en aluminium ou des fen\u00eatres en plastique (PVC). Nous allons tenter d\u2019\u00e9claircir ici certains concepts. Sur ce point, tout n\u2019est pas \u00e0 prendre pour argent comptant. En effet, il est tr\u00e8s important de v\u00e9rifier les informations publi\u00e9es \u00e0 ce propos. Pour cet article court, nous nous sommes appuy\u00e9s sur les arguments tir\u00e9s des conclusions formul\u00e9es dans des \u00e9tudes techniques s\u00e9rieuses men\u00e9es par le prestigieux laboratoire agr\u00e9\u00e9\u00a0TECNALIA (voir la bibliographie sur https:\/\/www.mejordealuminio.com\/referencias-y-bibliografia). Voici les conclusions des \u00e9tudes\u00a0: Il est d\u00e9montr\u00e9 que, si l\u2019on remplace une \u00ab\u00a0ancienne\u00a0\u00bb fen\u00eatre par toute nouvelle fen\u00eatre d\u2019une certaine qualit\u00e9, on r\u00e9alise une \u00e9conomie d\u2019\u00e9nergie consid\u00e9rable, et ce ind\u00e9pendamment du mat\u00e9riau que l\u2019on choisit. Cela va de soi, n\u2019est-ce pas\u00a0? Il est d\u00e9montr\u00e9 que, si l\u2019on remplace une ancienne fen\u00eatre par une fen\u00eatre en aluminium ou en plastique, pr\u00e9sentant des caract\u00e9ristiques semblables, les \u00e9conomies d\u2019\u00e9nergie [&hellip;]<\/p>\n","protected":false},"author":3,"featured_media":0,"parent":0,"menu_order":0,"comment_status":"closed","ping_status":"closed","template":"","meta":{"footnotes":""},"class_list":["post-27193","page","type-page","status-publish","hentry"],"yoast_head":"<!-- This site is optimized with the Yoast SEO Premium plugin v26.7 (Yoast SEO v26.8) - https:\/\/yoast.com\/product\/yoast-seo-premium-wordpress\/ -->\n<title>Quelles fen\u00eatres permettent de r\u00e9aliser le plus d\u2019\u00e9conomies\u00a0? Fen\u00eatres en aluminium ou en PVC\u00a0?<\/title>\n<meta name=\"description\" content=\"\u00c9conomies d\u2019\u00e9nergie\u00a0: tout ce qu\u2019il faut savoir. L\u2019impact du verre sur les performances thermiques est d\u2019une importance cruciale pour d\u00e9terminer les \u00e9conomies d\u2019\u00e9nergie pouvant \u00eatre r\u00e9alis\u00e9es.\" \/>\n<meta name=\"robots\" content=\"index, follow, max-snippet:-1, max-image-preview:large, max-video-preview:-1\" \/>\n<link rel=\"canonical\" href=\"https:\/\/thermiabarcelona.com\/fr\/les-fenetres-en-aluminium-permettent-de-realiser-plus-deconomies-denergie\/\" \/>\n<meta property=\"og:locale\" content=\"fr_FR\" \/>\n<meta property=\"og:type\" content=\"article\" \/>\n<meta property=\"og:title\" content=\"Les fen\u00eatres en aluminium permettent de r\u00e9aliser plus d\u2019\u00e9conomies d\u2019\u00e9nergie\" \/>\n<meta property=\"og:description\" content=\"\u00c9conomies d\u2019\u00e9nergie\u00a0: tout ce qu\u2019il faut savoir. L\u2019impact du verre sur les performances thermiques est d\u2019une importance cruciale pour d\u00e9terminer les \u00e9conomies d\u2019\u00e9nergie pouvant \u00eatre r\u00e9alis\u00e9es.\" \/>\n<meta property=\"og:url\" content=\"https:\/\/thermiabarcelona.com\/fr\/les-fenetres-en-aluminium-permettent-de-realiser-plus-deconomies-denergie\/\" \/>\n<meta property=\"og:site_name\" content=\"Thermia Barcelona. Ventanas para vivir mejor\" \/>\n<meta property=\"article:publisher\" content=\"https:\/\/www.facebook.com\/thermiabarcelona\/\" \/>\n<meta property=\"article:modified_time\" content=\"2019-10-11T10:08:16+00:00\" \/>\n<meta property=\"og:image\" content=\"https:\/\/thermiabarcelona.com\/wp-content\/uploads\/2019\/05\/ahorro_energetico_ventanas3.jpg\" \/>\n\t<meta property=\"og:image:width\" content=\"2221\" \/>\n\t<meta property=\"og:image:height\" content=\"1076\" \/>\n\t<meta property=\"og:image:type\" content=\"image\/jpeg\" \/>\n<meta name=\"twitter:card\" content=\"summary_large_image\" \/>\n<meta name=\"twitter:label1\" content=\"Dur\u00e9e de lecture estim\u00e9e\" \/>\n\t<meta name=\"twitter:data1\" content=\"4 minutes\" \/>\n<script type=\"application\/ld+json\" class=\"yoast-schema-graph\">{\"@context\":\"https:\/\/schema.org\",\"@graph\":[{\"@type\":\"WebPage\",\"@id\":\"https:\/\/thermiabarcelona.com\/fr\/les-fenetres-en-aluminium-permettent-de-realiser-plus-deconomies-denergie\/\",\"url\":\"https:\/\/thermiabarcelona.com\/fr\/les-fenetres-en-aluminium-permettent-de-realiser-plus-deconomies-denergie\/\",\"name\":\"Quelles fen\u00eatres permettent de r\u00e9aliser le plus d\u2019\u00e9conomies\u00a0? Fen\u00eatres en aluminium ou en PVC\u00a0?\",\"isPartOf\":{\"@id\":\"https:\/\/thermiabarcelona.com\/#website\"},\"datePublished\":\"2019-09-13T08:01:27+00:00\",\"dateModified\":\"2019-10-11T10:08:16+00:00\",\"description\":\"\u00c9conomies d\u2019\u00e9nergie\u00a0: tout ce qu\u2019il faut savoir. L\u2019impact du verre sur les performances thermiques est d\u2019une importance cruciale pour d\u00e9terminer les \u00e9conomies d\u2019\u00e9nergie pouvant \u00eatre r\u00e9alis\u00e9es.\",\"breadcrumb\":{\"@id\":\"https:\/\/thermiabarcelona.com\/fr\/les-fenetres-en-aluminium-permettent-de-realiser-plus-deconomies-denergie\/#breadcrumb\"},\"inLanguage\":\"fr-FR\",\"potentialAction\":[{\"@type\":\"ReadAction\",\"target\":[\"https:\/\/thermiabarcelona.com\/fr\/les-fenetres-en-aluminium-permettent-de-realiser-plus-deconomies-denergie\/\"]}]},{\"@type\":\"BreadcrumbList\",\"@id\":\"https:\/\/thermiabarcelona.com\/fr\/les-fenetres-en-aluminium-permettent-de-realiser-plus-deconomies-denergie\/#breadcrumb\",\"itemListElement\":[{\"@type\":\"ListItem\",\"position\":1,\"name\":\"Portada\",\"item\":\"https:\/\/thermiabarcelona.com\/\"},{\"@type\":\"ListItem\",\"position\":2,\"name\":\"Les fen\u00eatres en aluminium permettent de r\u00e9aliser plus d\u2019\u00e9conomies d\u2019\u00e9nergie\"}]},{\"@type\":\"WebSite\",\"@id\":\"https:\/\/thermiabarcelona.com\/#website\",\"url\":\"https:\/\/thermiabarcelona.com\/\",\"name\":\"Thermia Barcelona. Ventanas para vivir mejor\",\"description\":\"Ventanas de calidad, duraderas y f\u00e1ciles de fabricar. Dise\u00f1o.Confort.Silencio\",\"publisher\":{\"@id\":\"https:\/\/thermiabarcelona.com\/#organization\"},\"potentialAction\":[{\"@type\":\"SearchAction\",\"target\":{\"@type\":\"EntryPoint\",\"urlTemplate\":\"https:\/\/thermiabarcelona.com\/?s={search_term_string}\"},\"query-input\":{\"@type\":\"PropertyValueSpecification\",\"valueRequired\":true,\"valueName\":\"search_term_string\"}}],\"inLanguage\":\"fr-FR\"},{\"@type\":\"Organization\",\"@id\":\"https:\/\/thermiabarcelona.com\/#organization\",\"name\":\"Thermia Barcelona\",\"url\":\"https:\/\/thermiabarcelona.com\/\",\"logo\":{\"@type\":\"ImageObject\",\"inLanguage\":\"fr-FR\",\"@id\":\"https:\/\/thermiabarcelona.com\/#\/schema\/logo\/image\/\",\"url\":\"https:\/\/thermiabarcelona.com\/wp-content\/uploads\/2018\/08\/logo_thermia-1.jpg\",\"contentUrl\":\"https:\/\/thermiabarcelona.com\/wp-content\/uploads\/2018\/08\/logo_thermia-1.jpg\",\"width\":345,\"height\":158,\"caption\":\"Thermia Barcelona\"},\"image\":{\"@id\":\"https:\/\/thermiabarcelona.com\/#\/schema\/logo\/image\/\"},\"sameAs\":[\"https:\/\/www.facebook.com\/thermiabarcelona\/\",\"https:\/\/www.instagram.com\/thermiabarcelona\/\",\"https:\/\/es.linkedin.com\/company\/thermia-barcelona\",\"https:\/\/www.youtube.com\/thermiabarcelona\"]}]}<\/script>\n<!-- \/ Yoast SEO Premium plugin. -->","yoast_head_json":{"title":"Quelles fen\u00eatres permettent de r\u00e9aliser le plus d\u2019\u00e9conomies\u00a0? Fen\u00eatres en aluminium ou en PVC\u00a0?","description":"\u00c9conomies d\u2019\u00e9nergie\u00a0: tout ce qu\u2019il faut savoir. L\u2019impact du verre sur les performances thermiques est d\u2019une importance cruciale pour d\u00e9terminer les \u00e9conomies d\u2019\u00e9nergie pouvant \u00eatre r\u00e9alis\u00e9es.","robots":{"index":"index","follow":"follow","max-snippet":"max-snippet:-1","max-image-preview":"max-image-preview:large","max-video-preview":"max-video-preview:-1"},"canonical":"https:\/\/thermiabarcelona.com\/fr\/les-fenetres-en-aluminium-permettent-de-realiser-plus-deconomies-denergie\/","og_locale":"fr_FR","og_type":"article","og_title":"Les fen\u00eatres en aluminium permettent de r\u00e9aliser plus d\u2019\u00e9conomies d\u2019\u00e9nergie","og_description":"\u00c9conomies d\u2019\u00e9nergie\u00a0: tout ce qu\u2019il faut savoir. L\u2019impact du verre sur les performances thermiques est d\u2019une importance cruciale pour d\u00e9terminer les \u00e9conomies d\u2019\u00e9nergie pouvant \u00eatre r\u00e9alis\u00e9es.","og_url":"https:\/\/thermiabarcelona.com\/fr\/les-fenetres-en-aluminium-permettent-de-realiser-plus-deconomies-denergie\/","og_site_name":"Thermia Barcelona. Ventanas para vivir mejor","article_publisher":"https:\/\/www.facebook.com\/thermiabarcelona\/","article_modified_time":"2019-10-11T10:08:16+00:00","og_image":[{"width":2221,"height":1076,"url":"https:\/\/thermiabarcelona.com\/wp-content\/uploads\/2019\/05\/ahorro_energetico_ventanas3.jpg","type":"image\/jpeg"}],"twitter_card":"summary_large_image","twitter_misc":{"Dur\u00e9e de lecture estim\u00e9e":"4 minutes"},"schema":{"@context":"https:\/\/schema.org","@graph":[{"@type":"WebPage","@id":"https:\/\/thermiabarcelona.com\/fr\/les-fenetres-en-aluminium-permettent-de-realiser-plus-deconomies-denergie\/","url":"https:\/\/thermiabarcelona.com\/fr\/les-fenetres-en-aluminium-permettent-de-realiser-plus-deconomies-denergie\/","name":"Quelles fen\u00eatres permettent de r\u00e9aliser le plus d\u2019\u00e9conomies\u00a0? Fen\u00eatres en aluminium ou en PVC\u00a0?","isPartOf":{"@id":"https:\/\/thermiabarcelona.com\/#website"},"datePublished":"2019-09-13T08:01:27+00:00","dateModified":"2019-10-11T10:08:16+00:00","description":"\u00c9conomies d\u2019\u00e9nergie\u00a0: tout ce qu\u2019il faut savoir. L\u2019impact du verre sur les performances thermiques est d\u2019une importance cruciale pour d\u00e9terminer les \u00e9conomies d\u2019\u00e9nergie pouvant \u00eatre r\u00e9alis\u00e9es.","breadcrumb":{"@id":"https:\/\/thermiabarcelona.com\/fr\/les-fenetres-en-aluminium-permettent-de-realiser-plus-deconomies-denergie\/#breadcrumb"},"inLanguage":"fr-FR","potentialAction":[{"@type":"ReadAction","target":["https:\/\/thermiabarcelona.com\/fr\/les-fenetres-en-aluminium-permettent-de-realiser-plus-deconomies-denergie\/"]}]},{"@type":"BreadcrumbList","@id":"https:\/\/thermiabarcelona.com\/fr\/les-fenetres-en-aluminium-permettent-de-realiser-plus-deconomies-denergie\/#breadcrumb","itemListElement":[{"@type":"ListItem","position":1,"name":"Portada","item":"https:\/\/thermiabarcelona.com\/"},{"@type":"ListItem","position":2,"name":"Les fen\u00eatres en aluminium permettent de r\u00e9aliser plus d\u2019\u00e9conomies d\u2019\u00e9nergie"}]},{"@type":"WebSite","@id":"https:\/\/thermiabarcelona.com\/#website","url":"https:\/\/thermiabarcelona.com\/","name":"Thermia Barcelona. Ventanas para vivir mejor","description":"Ventanas de calidad, duraderas y f\u00e1ciles de fabricar. Dise\u00f1o.Confort.Silencio","publisher":{"@id":"https:\/\/thermiabarcelona.com\/#organization"},"potentialAction":[{"@type":"SearchAction","target":{"@type":"EntryPoint","urlTemplate":"https:\/\/thermiabarcelona.com\/?s={search_term_string}"},"query-input":{"@type":"PropertyValueSpecification","valueRequired":true,"valueName":"search_term_string"}}],"inLanguage":"fr-FR"},{"@type":"Organization","@id":"https:\/\/thermiabarcelona.com\/#organization","name":"Thermia Barcelona","url":"https:\/\/thermiabarcelona.com\/","logo":{"@type":"ImageObject","inLanguage":"fr-FR","@id":"https:\/\/thermiabarcelona.com\/#\/schema\/logo\/image\/","url":"https:\/\/thermiabarcelona.com\/wp-content\/uploads\/2018\/08\/logo_thermia-1.jpg","contentUrl":"https:\/\/thermiabarcelona.com\/wp-content\/uploads\/2018\/08\/logo_thermia-1.jpg","width":345,"height":158,"caption":"Thermia Barcelona"},"image":{"@id":"https:\/\/thermiabarcelona.com\/#\/schema\/logo\/image\/"},"sameAs":["https:\/\/www.facebook.com\/thermiabarcelona\/","https:\/\/www.instagram.com\/thermiabarcelona\/","https:\/\/es.linkedin.com\/company\/thermia-barcelona","https:\/\/www.youtube.com\/thermiabarcelona"]}]}},"_links":{"self":[{"href":"https:\/\/thermiabarcelona.com\/fr\/wp-json\/wp\/v2\/pages\/27193","targetHints":{"allow":["GET"]}}],"collection":[{"href":"https:\/\/thermiabarcelona.com\/fr\/wp-json\/wp\/v2\/pages"}],"about":[{"href":"https:\/\/thermiabarcelona.com\/fr\/wp-json\/wp\/v2\/types\/page"}],"author":[{"embeddable":true,"href":"https:\/\/thermiabarcelona.com\/fr\/wp-json\/wp\/v2\/users\/3"}],"replies":[{"embeddable":true,"href":"https:\/\/thermiabarcelona.com\/fr\/wp-json\/wp\/v2\/comments?post=27193"}],"version-history":[{"count":0,"href":"https:\/\/thermiabarcelona.com\/fr\/wp-json\/wp\/v2\/pages\/27193\/revisions"}],"wp:attachment":[{"href":"https:\/\/thermiabarcelona.com\/fr\/wp-json\/wp\/v2\/media?parent=27193"}],"curies":[{"name":"wp","href":"https:\/\/api.w.org\/{rel}","templated":true}]}}