{"id":27191,"date":"2019-09-13T08:01:21","date_gmt":"2019-09-13T08:01:21","guid":{"rendered":"https:\/\/thermiabarcelona.com\/cookies\/"},"modified":"2021-04-07T16:32:47","modified_gmt":"2021-04-07T16:32:47","slug":"cookies","status":"publish","type":"page","link":"https:\/\/thermiabarcelona.com\/fr\/cookies\/","title":{"rendered":"cookies"},"content":{"rendered":"<div class=\"wpb-content-wrapper\"><p>[vc_row][vc_column width=\u00a0\u00bb1\/1&Prime;][vc_column_text]<\/p>\n<h2><strong>POLITIQUE EN MATI\u00c8RE DE COOKIES<\/strong><\/h2>\n<p>Sur son site\u00a0Internet thermiabarcelona.com, la soci\u00e9t\u00e9\u00a0<strong>ACCESORIOS\u00a0DIMAC,\u00a0S.L.<\/strong> utilise, pour son propre compte ou celui de tiers engag\u00e9s pour la prestation de services de mesure, d\u2019analyse et de publicit\u00e9, des cookies lorsqu\u2019un utilisateur navigue sur ledit site\u00a0Internet.<\/p>\n<p>Les cookies sont des fichiers envoy\u00e9s au navigateur par le biais d\u2019un serveur\u00a0Internet dans le but d\u2019enregistrer les activit\u00e9s de l\u2019utilisateur lorsque celui-ci navigue sur le site\u00a0Internet.<\/p>\n<p>Gr\u00e2ce aux cookies, il est possible que le serveur qui h\u00e9berge le site\u00a0Internet reconnaisse le navigateur dont se sert l\u2019utilisateur afin de faciliter la navigation tout en permettant, par exemple, aux utilisateurs inscrits d\u2019acc\u00e9der au site\u00a0Internet, ainsi qu\u2019aux espaces, services, promotions ou concours qui leur sont exclusivement r\u00e9serv\u00e9s sans qu\u2019ils aient besoin de se connecter \u00e0 chaque visite. Ils sont \u00e9galement utilis\u00e9s pour mesurer le nombre de visiteurs et les param\u00e8tres de trafic, ainsi que pour contr\u00f4ler la progression et le nombre d\u2019acc\u00e8s sur le site\u00a0Internet.<\/p>\n<p>Certains cookies peuvent collecter des donn\u00e9es \u00e0 caract\u00e8re personnel.<\/p>\n<p>Vous trouverez ci-dessus la liste des diff\u00e9rents types de cookies existants.<\/p>\n<p><u>Types de cookies<\/u><\/p>\n<p>Exclus\u00a0:<\/p>\n<ul>\n<li><strong>Cookies d\u2019entr\u00e9e de l\u2019utilisateur\u00a0;<\/strong><\/li>\n<li><strong>Cookies d\u2019identification ou d\u2019authentification de l\u2019utilisateur (uniquement de session)\u00a0;<\/strong><\/li>\n<li><strong>Cookies assurant la s\u00e9curit\u00e9 de l\u2019utilisateur\u00a0;<\/strong><\/li>\n<li><strong>Cookies de lecteurs multim\u00e9dias\u00a0;<\/strong><\/li>\n<li><strong>Cookies de session pour \u00e9quilibrer la charge\u00a0;<\/strong><\/li>\n<li><strong>Cookies de personnalisation de l\u2019interface utilisateur\u00a0;<\/strong><\/li>\n<li><strong>Cookies de modules d\u2019extension (plug-in) permettant l\u2019\u00e9change des contenus sur les r\u00e9seaux sociaux.<\/strong><\/li>\n<\/ul>\n<p>Inclus\u00a0:<\/p>\n<ul>\n<li>Le reste des cookies.<\/li>\n<\/ul>\n<p>Cookies selon l\u2019organisme qui les g\u00e8re\u00a0:<\/p>\n<ul>\n<li>Cookies internes\u00a0: cookies envoy\u00e9s \u00e0 l\u2019\u00e9quipement de l\u2019utilisateur depuis un \u00e9quipement ou un domaine g\u00e9r\u00e9 par l\u2019\u00e9diteur du site\u00a0Internet et proposant le service demand\u00e9 par l\u2019utilisateur.<\/li>\n<li>Cookies de tiers\u00a0: cookies envoy\u00e9s \u00e0 l\u2019\u00e9quipement de l\u2019utilisateur depuis un \u00e9quipement ou un domaine qui n\u2019est pas g\u00e9r\u00e9 par l\u2019\u00e9diteur du site\u00a0Internet, mais par un autre organisme qui traite les donn\u00e9es obtenues par le biais desdits cookies.<\/li>\n<\/ul>\n<p>Cookies selon leur dur\u00e9e d\u2019activation\u00a0:<\/p>\n<ul>\n<li>Cookies de session\u00a0: type de cookies con\u00e7us pour collecter et stocker des donn\u00e9es lorsque l\u2019utilisateur acc\u00e8de au site\u00a0Internet.<\/li>\n<li>Cookies persistants\u00a0: type de cookies contenant des donn\u00e9es stock\u00e9es sur le terminal, et auxquels le responsable des cookies peut acc\u00e9der et qu\u2019il peut traiter pendant une dur\u00e9e d\u00e9termin\u00e9e pouvant aller de quelques minutes \u00e0 plusieurs ann\u00e9es.<\/li>\n<\/ul>\n<p>Cookies selon leur but\u00a0:<\/p>\n<ul>\n<li>Cookies d\u2019analyse\u00a0: cookies trait\u00e9s par le titulaire du site\u00a0Internet ou par des tiers qui permettent de quantifier le nombre d\u2019utilisateurs et ainsi d\u2019effectuer la mesure et l\u2019analyse statistiques de l\u2019utilisation que font les utilisateurs du service propos\u00e9.<\/li>\n<\/ul>\n<p>Pour ce faire, la navigation de ces derniers sur le site\u00a0Internet est analys\u00e9e afin d\u2019am\u00e9liorer l\u2019offre de produits ou de services propos\u00e9s.<\/p>\n<ul>\n<li>Cookies publicitaires\u00a0: cookies permettant de g\u00e9rer de la mani\u00e8re la plus efficace possible les espaces publicitaires que l\u2019\u00e9diteur a plac\u00e9s, le cas \u00e9ch\u00e9ant, sur une page, une application ou une plateforme depuis lesquelles le service demand\u00e9 est propos\u00e9 en fonction de crit\u00e8res tels que le contenu \u00e9dit\u00e9 ou la fr\u00e9quence \u00e0 laquelle les publicit\u00e9s sont affich\u00e9es.<\/li>\n<li>Cookies de r\u00e9seaux sociaux\u00a0: cookies n\u00e9cessaires pour les r\u00e9seaux sociaux externes (Facebook, Google, Twitter, Pinterest, Instagram, etc.) et dont la fonction est de v\u00e9rifier l\u2019interaction avec les widgets pr\u00e9sents sur le site\u00a0Internet.<\/li>\n<li>Cookies de publicit\u00e9 comportementale\u00a0: cookies permettant de g\u00e9rer de la mani\u00e8re la plus efficace possible les espaces publicitaires que l\u2019\u00e9diteur a plac\u00e9s, le cas \u00e9ch\u00e9ant, sur une page, une application ou une plateforme depuis laquelle le service demand\u00e9 est propos\u00e9. Ces cookies stockent des informations relatives au comportement des utilisateurs, lesquelles sont obtenues en \u00e9tudiant de mani\u00e8re continue leurs habitudes de navigation, ce qui permet d\u2019\u00e9laborer un profil sp\u00e9cifique en fonction duquel la publicit\u00e9 s\u2019affiche.<\/li>\n<\/ul>\n<p>De plus, il est possible qu\u2019un cookie s\u2019installe, lorsque vous visitez une page du site\u00a0Internet ou que vous ouvrez un courriel contenant une publicit\u00e9 ou toute autre promotion concernant certains produits ou services, afin d\u2019afficher ult\u00e9rieurement des publicit\u00e9s en lien avec toute recherche effectu\u00e9e et ainsi de contr\u00f4ler lesdites publicit\u00e9s, notamment en ce qui concerne le nombre de fois qu\u2019elles ont \u00e9t\u00e9 vues, l\u2019endroit o\u00f9 elles apparaissent, l\u2019heure \u00e0 laquelle elles sont vues, etc.<\/p>\n<p>Vous trouverez ci-dessous les informations relatives aux cookies <u>inclus<\/u>, internes ou de tiers qui sont utilis\u00e9s sur le site\u00a0Internet.<\/p>\n<p>&nbsp;<\/p>\n<p><strong><u>Cookies analytiques de tiers<\/u><\/strong><\/p>\n<p><u>Google\u00a0Analytics<\/u><\/p>\n<p>Google, Inc., 1600\u00a0Amphitheatre Parkway, Mountain\u00a0View (Californie), CA 94043, \u00c9tats-Unis (\u00ab\u00a0Google\u00a0\u00bb)<\/p>\n<p>Politique de confidentialit\u00e9\u00a0:<\/p>\n<p><a href=\"http:\/\/www.google.com\/intl\/en\/policies\/privacy\/\">http:\/\/www.google.com\/intl\/fr\/policies\/privacy\/<\/a><\/p>\n<p>Donn\u00e9es collect\u00e9es\u00a0:<\/p>\n<p>Anonymes\u00a0: publicit\u00e9s vues, donn\u00e9es analytiques, informations du navigateur, donn\u00e9es des cookies, date et heure, donn\u00e9es d\u00e9mographiques, type de mat\u00e9riel et de logiciel, donn\u00e9es d\u2019interaction, pages visit\u00e9es et serveur du domaine.<\/p>\n<p>Pseudonymis\u00e9es\u00a0: Adresse\u00a0IP (donn\u00e9es \u00e0 caract\u00e8re personnel de l\u2019\u00e9quipement de l\u2019utilisateur), historique de recherche, donn\u00e9es d\u2019emplacement, cha\u00eene de clic de donn\u00e9es, identifiant du dispositif (donn\u00e9es \u00e0 caract\u00e8re personnel de l\u2019\u00e9quipement de l\u2019utilisateur), nom, adresse, num\u00e9ro de t\u00e9l\u00e9phone, adresse \u00e9lectronique et identifiant de connexion.<\/p>\n<p>Donn\u00e9es c\u00e9d\u00e9es \u00e0 des tiers\u00a0:<\/p>\n<p>Non divulgu\u00e9<\/p>\n<p>Conservation de donn\u00e9es\u00a0:<\/p>\n<p>Non divulgu\u00e9<\/p>\n<p>&nbsp;<\/p>\n<p>Pour plus d\u2019informations, rendez-vous sur\u00a0: <a href=\"http:\/\/www.google.es\/intl\/es\/policies\/technologies\/types\/\">www.google.fr\/intl\/fr\/policies\/technologies\/types<\/a><\/p>\n<p><a href=\"https:\/\/developers.google.com\/analytics\/devguides\/collection\/analyticsjs\/cookie-usage\">https:\/\/developers.google.com\/analytics\/devguides\/collection\/analyticsjs\/cookie-usage<\/a><\/p>\n<p>&nbsp;<\/p>\n<p><strong><u>Cookies publicitaires de tiers<\/u><\/strong><\/p>\n<p><u>DoubleClick<\/u><\/p>\n<p>DoubleClick, 111\u00a0Eighth Avenue, 10th\u00a0Floor, New\u00a0York, NY, 10011, \u00c9tats-Unis<\/p>\n<p>Adresse \u00e9lectronique\u00a0:\u00a0<a href=\"mailto:privacydept@doubleclick.com\">privacydept@doubleclick.com<\/a><\/p>\n<p>Type\u00a0: publicit\u00e9<\/p>\n<p>Politique de confidentialit\u00e9\u00a0:<\/p>\n<p><u>https:\/\/www.google.com\/intl\/fr\/policies\/privacy\/<\/u><u>\u00a0<\/u><\/p>\n<p>Donn\u00e9es collect\u00e9es\u00a0:<\/p>\n<p>Anonymes\u00a0: publicit\u00e9s vues, donn\u00e9es analytiques, informations du navigateur, donn\u00e9es des cookies, date et heure, donn\u00e9es d\u00e9mographiques, type de mat\u00e9riel et de logiciel, fournisseur d\u2019acc\u00e8s \u00e0 Internet, donn\u00e9es d\u2019interaction, pages visit\u00e9es et serveur du domaine.<\/p>\n<p>Pseudonymis\u00e9es\u00a0: Adresse\u00a0IP (donn\u00e9es \u00e0 caract\u00e8re personnel de l\u2019\u00e9quipement de l\u2019utilisateur), historique de recherche, donn\u00e9es d\u2019emplacement, cha\u00eene de clic de donn\u00e9es, identifiant du dispositif (donn\u00e9es \u00e0 caract\u00e8re personnel de l\u2019\u00e9quipement de l\u2019utilisateur).<\/p>\n<p>Donn\u00e9es \u00e0 caract\u00e8re personnel\u00a0: nom, adresse, num\u00e9ro de t\u00e9l\u00e9phone, adresse \u00e9lectronique, informations relatives au d\u00e9marrage de la session et adresse\u00a0IP de l\u2019\u00e9quipement de l\u2019utilisateur.<\/p>\n<p>Donn\u00e9es c\u00e9d\u00e9es \u00e0 des tiers\u00a0:<\/p>\n<p>Les donn\u00e9es agr\u00e9g\u00e9es et anonymes sont partag\u00e9es avec des tiers.<\/p>\n<p>Conservation de donn\u00e9es\u00a0:<\/p>\n<p>Non divulgu\u00e9<\/p>\n<p>&nbsp;<\/p>\n<p><u>Facebook\u00a0Business (audience personnalis\u00e9e Facebook)<\/u><\/p>\n<p>Facebook\u00a0Inc. 1601\u00a0Willow\u00a0Road, Menlo\u00a0Park, CA, 94025, \u00c9tats-Unis<\/p>\n<p>Politique de confidentialit\u00e9\u00a0:<\/p>\n<p><a href=\"https:\/\/www.facebook.com\/full_data_use_policy\">https:\/\/www.facebook.com\/full_data_use_policy<\/a><\/p>\n<p>&nbsp;<\/p>\n<p>Donn\u00e9es collect\u00e9es\u00a0:<\/p>\n<p>Anonymes\u00a0: publicit\u00e9s vues, donn\u00e9es analytiques, informations du navigateur, donn\u00e9es des cookies, date et heure, donn\u00e9es d\u00e9mographiques, type de mat\u00e9riel et de logiciel, fournisseur d\u2019acc\u00e8s \u00e0 Internet, donn\u00e9es d\u2019interaction, pages visit\u00e9es et serveur du domaine.<\/p>\n<p>Pseudonymis\u00e9es\u00a0: Adresse\u00a0IP (donn\u00e9es \u00e0 caract\u00e8re personnel de l\u2019\u00e9quipement de l\u2019utilisateur), donn\u00e9es d\u2019emplacement et identifiant du dispositif (donn\u00e9es \u00e0 caract\u00e8re personnel de l\u2019\u00e9quipement de l\u2019utilisateur).<\/p>\n<p>Donn\u00e9es \u00e0 caract\u00e8re personnel\u00a0: nom, adresse, num\u00e9ro de t\u00e9l\u00e9phone, adresse \u00e9lectronique, informations relatives au d\u00e9marrage de la session, adresse\u00a0IP de l\u2019\u00e9quipement de l\u2019utilisateur, identifiant unique du dispositif et donn\u00e9es \u00e0 caract\u00e8re personnel collect\u00e9es pour des tiers.<\/p>\n<p>Donn\u00e9es c\u00e9d\u00e9es \u00e0 des tiers\u00a0:<\/p>\n<p>Les donn\u00e9es agr\u00e9g\u00e9es sont partag\u00e9es avec des tiers (non divulgu\u00e9es).<\/p>\n<p>Conservation de donn\u00e9es\u00a0:<\/p>\n<p>Non divulgu\u00e9<\/p>\n<p>&nbsp;<\/p>\n<p><strong><u>Cookies de r\u00e9seaux sociaux<\/u><\/strong><\/p>\n<p><u>Facebook\u00a0Connect\/Facebook\u00a0Social\u00a0Plugins (widget de r\u00e9seau social)<\/u><\/p>\n<p>Facebook\u00a0Inc. 1601\u00a0Willow\u00a0Road, Menlo\u00a0Park, CA, 94025, \u00c9tats-Unis<\/p>\n<p>&nbsp;<\/p>\n<p>Donn\u00e9es collect\u00e9es\u00a0:<\/p>\n<p>Sont collect\u00e9es des informations anonymes, des donn\u00e9es relatives au navigateur, la date et l\u2019heure, les pages visit\u00e9es, les informations d\u00e9mographiques et relatives au logiciel et au mat\u00e9riel dont se sert l\u2019utilisateur.<\/p>\n<p>Des informations concernant l\u2019adresse\u00a0IP peuvent \u00eatre collect\u00e9es.<\/p>\n<p>Des donn\u00e9es anonymes peuvent \u00eatre partag\u00e9es avec des tiers.<\/p>\n<p>Pour plus d\u2019informations, rendez-vous sur\u00a0: <a href=\"http:\/\/www.facebook.com\/about\/privacy\/\">http:\/\/www.facebook.com\/about\/privacy<\/a><\/p>\n<p>Vous trouverez ci-dessous des liens redirigeant vers les informations d\u00e9taillant la mani\u00e8re dont vous pouvez configurer vos pr\u00e9f\u00e9rences en mati\u00e8re de cookies sur les principaux navigateurs\u00a0Internet\u00a0:<\/p>\n<ul>\n<li><strong>Google\u00a0Chrome<\/strong><\/li>\n<\/ul>\n<p><a href=\"https:\/\/support.google.com\/chrome\/answer\/95647?hl=es\">https:\/\/support.google.com\/chrome\/answer\/95647?hl=fr<\/a><\/p>\n<ul>\n<li><strong>Mozilla\u00a0Firefox\u00a0<\/strong><\/li>\n<\/ul>\n<p><a href=\"http:\/\/support.mozilla.org\/es\/kb\/cookies-informacion-que-los-sitios-web-guardan-en-?redirectlocale=en-US&amp;redirectslug=Cookies\">https:\/\/support.mozilla.org\/fr\/kb\/cookies-informations-sites-enregistrent<\/a><\/p>\n<ul>\n<li><strong>Internet\u00a0Explorer\u00a0<\/strong><\/li>\n<\/ul>\n<p><a href=\"https:\/\/support.microsoft.com\/es-es\/help\/17442\/windows-internet-explorer-delete-manage-cookies\">https:\/\/support.microsoft.com\/es-es\/help\/17442\/windows-internet-explorer-delete-manage-cookies<\/a><\/p>\n<ul>\n<li><strong>Safari<\/strong><\/li>\n<\/ul>\n<p><a href=\"http:\/\/support.apple.com\/kb\/ph5042\">http:\/\/support.apple.com\/kb\/ph5042<\/a><\/p>\n<ul>\n<li><strong>Safari\u00a0iOS (iPhone, iPad)<\/strong><\/li>\n<\/ul>\n<p><a href=\"http:\/\/support.apple.com\/kb\/HT1677?viewlocale=es_ES&amp;locale=es_ES\">http:\/\/support.apple.com\/kb\/HT1677?viewlocale=es_ES&amp;locale=es_ES<\/a><\/p>\n<ul>\n<li><strong>Cookies\u00a0Flash<\/strong><\/li>\n<\/ul>\n<p><a href=\"http:\/\/www.macromedia.com\/support\/documentation\/es\/flashplayer\/help\/settings_manager07.html\">http:\/\/www.macromedia.com\/support\/documentation\/fr\/flashplayer\/help\/settings_manager07.html<\/a><\/p>\n<p>Vous pouvez \u00e9galement visionner les tutoriels publi\u00e9s par l\u2019Agence espagnole de protection des donn\u00e9es \u00e0 l\u2019adresse suivante\u00a0: <a href=\"http:\/\/www.youtube.com\/user\/desdelaAEPD\">http:\/\/www.youtube.com\/user\/desdelaAEPD<\/a><\/p>\n<p>Pour en savoir plus sur les cookies, rendez-vous sur https:\/\/fr.wikipedia.org\/wiki\/Cookie_(informatique).<\/p>\n<p>Vous pouvez nous contacter concernant la politique en mati\u00e8re de cookies \u00e0 l\u2019adresse suivante\u00a0: info@ekamat.es.[\/vc_column_text][\/vc_column][\/vc_row]<\/p>\n<\/div>","protected":false},"excerpt":{"rendered":"<p>[vc_row][vc_column width=\u00a0\u00bb1\/1&Prime;][vc_column_text] POLITIQUE EN MATI\u00c8RE DE COOKIES Sur son site\u00a0Internet thermiabarcelona.com, la soci\u00e9t\u00e9\u00a0ACCESORIOS\u00a0DIMAC,\u00a0S.L. utilise, pour son propre compte ou celui de tiers engag\u00e9s pour la prestation de services de mesure, d\u2019analyse et de publicit\u00e9, des cookies lorsqu\u2019un utilisateur navigue sur ledit site\u00a0Internet. Les cookies sont des fichiers envoy\u00e9s au navigateur par le biais d\u2019un serveur\u00a0Internet dans le but d\u2019enregistrer les activit\u00e9s de l\u2019utilisateur lorsque celui-ci navigue sur le site\u00a0Internet. Gr\u00e2ce aux cookies, il est possible que le serveur qui h\u00e9berge le site\u00a0Internet reconnaisse le navigateur dont se sert l\u2019utilisateur afin de faciliter la navigation tout en permettant, par exemple, aux utilisateurs inscrits d\u2019acc\u00e9der au site\u00a0Internet, ainsi qu\u2019aux espaces, services, promotions ou concours qui leur sont exclusivement r\u00e9serv\u00e9s sans qu\u2019ils aient besoin de se connecter \u00e0 chaque visite. Ils sont \u00e9galement utilis\u00e9s pour mesurer le nombre de visiteurs et les param\u00e8tres de trafic, ainsi que pour contr\u00f4ler la progression et le nombre d\u2019acc\u00e8s sur le site\u00a0Internet. Certains cookies peuvent collecter des donn\u00e9es \u00e0 caract\u00e8re personnel. Vous trouverez ci-dessus la liste des diff\u00e9rents types de cookies existants. Types de cookies Exclus\u00a0: Cookies d\u2019entr\u00e9e de l\u2019utilisateur\u00a0; Cookies d\u2019identification ou d\u2019authentification de l\u2019utilisateur (uniquement de session)\u00a0; Cookies assurant la s\u00e9curit\u00e9 de l\u2019utilisateur\u00a0; Cookies de [&hellip;]<\/p>\n","protected":false},"author":5,"featured_media":0,"parent":0,"menu_order":0,"comment_status":"closed","ping_status":"closed","template":"","meta":{"footnotes":""},"class_list":["post-27191","page","type-page","status-publish","hentry"],"yoast_head":"<!-- This site is optimized with the Yoast SEO Premium plugin v26.7 (Yoast SEO v27.3) - https:\/\/yoast.com\/product\/yoast-seo-premium-wordpress\/ -->\n<title>cookies<\/title>\n<meta name=\"description\" content=\"POLITIQUE EN MATI\u00c8RE DE COOKIES Sur son site\u00a0Internet thermiabarcelona.com, la soci\u00e9t\u00e9\u00a0ACCESORIOS\u00a0DIMAC,\u00a0S.L. utilise, pour son propre compte ou celui de\" \/>\n<meta name=\"robots\" content=\"noindex, nofollow\" \/>\n<meta property=\"og:locale\" content=\"fr_FR\" \/>\n<meta property=\"og:type\" content=\"article\" \/>\n<meta property=\"og:title\" content=\"cookies\" \/>\n<meta property=\"og:description\" content=\"POLITIQUE EN MATI\u00c8RE DE COOKIES Sur son site\u00a0Internet thermiabarcelona.com, la soci\u00e9t\u00e9\u00a0ACCESORIOS\u00a0DIMAC,\u00a0S.L. utilise, pour son propre compte ou celui de\" \/>\n<meta property=\"og:url\" content=\"https:\/\/thermiabarcelona.com\/fr\/cookies\/\" \/>\n<meta property=\"og:site_name\" content=\"Thermia Barcelona. Ventanas para vivir mejor\" \/>\n<meta property=\"article:publisher\" content=\"https:\/\/www.facebook.com\/thermiabarcelona\/\" \/>\n<meta property=\"article:modified_time\" content=\"2021-04-07T16:32:47+00:00\" \/>\n<meta name=\"twitter:card\" content=\"summary_large_image\" \/>\n<meta name=\"twitter:label1\" content=\"Dur\u00e9e de lecture estim\u00e9e\" \/>\n\t<meta name=\"twitter:data1\" content=\"8 minutes\" \/>\n<script type=\"application\/ld+json\" class=\"yoast-schema-graph\">{\"@context\":\"https:\\\/\\\/schema.org\",\"@graph\":[{\"@type\":\"WebPage\",\"@id\":\"https:\\\/\\\/thermiabarcelona.com\\\/fr\\\/cookies\\\/\",\"url\":\"https:\\\/\\\/thermiabarcelona.com\\\/fr\\\/cookies\\\/\",\"name\":\"cookies\",\"isPartOf\":{\"@id\":\"https:\\\/\\\/thermiabarcelona.com\\\/#website\"},\"datePublished\":\"2019-09-13T08:01:21+00:00\",\"dateModified\":\"2021-04-07T16:32:47+00:00\",\"description\":\"POLITIQUE EN MATI\u00c8RE DE COOKIES Sur son site\u00a0Internet thermiabarcelona.com, la soci\u00e9t\u00e9\u00a0ACCESORIOS\u00a0DIMAC,\u00a0S.L. utilise, pour son propre compte ou celui de\",\"breadcrumb\":{\"@id\":\"https:\\\/\\\/thermiabarcelona.com\\\/fr\\\/cookies\\\/#breadcrumb\"},\"inLanguage\":\"fr-FR\",\"potentialAction\":[{\"@type\":\"ReadAction\",\"target\":[\"https:\\\/\\\/thermiabarcelona.com\\\/fr\\\/cookies\\\/\"]}]},{\"@type\":\"BreadcrumbList\",\"@id\":\"https:\\\/\\\/thermiabarcelona.com\\\/fr\\\/cookies\\\/#breadcrumb\",\"itemListElement\":[{\"@type\":\"ListItem\",\"position\":1,\"name\":\"Portada\",\"item\":\"https:\\\/\\\/thermiabarcelona.com\\\/\"},{\"@type\":\"ListItem\",\"position\":2,\"name\":\"cookies\"}]},{\"@type\":\"WebSite\",\"@id\":\"https:\\\/\\\/thermiabarcelona.com\\\/#website\",\"url\":\"https:\\\/\\\/thermiabarcelona.com\\\/\",\"name\":\"Thermia Barcelona. Ventanas para vivir mejor\",\"description\":\"Ventanas de calidad, duraderas y f\u00e1ciles de fabricar. Dise\u00f1o.Confort.Silencio\",\"publisher\":{\"@id\":\"https:\\\/\\\/thermiabarcelona.com\\\/#organization\"},\"potentialAction\":[{\"@type\":\"SearchAction\",\"target\":{\"@type\":\"EntryPoint\",\"urlTemplate\":\"https:\\\/\\\/thermiabarcelona.com\\\/?s={search_term_string}\"},\"query-input\":{\"@type\":\"PropertyValueSpecification\",\"valueRequired\":true,\"valueName\":\"search_term_string\"}}],\"inLanguage\":\"fr-FR\"},{\"@type\":\"Organization\",\"@id\":\"https:\\\/\\\/thermiabarcelona.com\\\/#organization\",\"name\":\"Thermia Barcelona\",\"url\":\"https:\\\/\\\/thermiabarcelona.com\\\/\",\"logo\":{\"@type\":\"ImageObject\",\"inLanguage\":\"fr-FR\",\"@id\":\"https:\\\/\\\/thermiabarcelona.com\\\/#\\\/schema\\\/logo\\\/image\\\/\",\"url\":\"https:\\\/\\\/thermiabarcelona.com\\\/wp-content\\\/uploads\\\/2018\\\/08\\\/logo_thermia-1.jpg\",\"contentUrl\":\"https:\\\/\\\/thermiabarcelona.com\\\/wp-content\\\/uploads\\\/2018\\\/08\\\/logo_thermia-1.jpg\",\"width\":345,\"height\":158,\"caption\":\"Thermia Barcelona\"},\"image\":{\"@id\":\"https:\\\/\\\/thermiabarcelona.com\\\/#\\\/schema\\\/logo\\\/image\\\/\"},\"sameAs\":[\"https:\\\/\\\/www.facebook.com\\\/thermiabarcelona\\\/\",\"https:\\\/\\\/www.instagram.com\\\/thermiabarcelona\\\/\",\"https:\\\/\\\/es.linkedin.com\\\/company\\\/thermia-barcelona\",\"https:\\\/\\\/www.youtube.com\\\/thermiabarcelona\"]}]}<\/script>\n<!-- \/ Yoast SEO Premium plugin. -->","yoast_head_json":{"title":"cookies","description":"POLITIQUE EN MATI\u00c8RE DE COOKIES Sur son site\u00a0Internet thermiabarcelona.com, la soci\u00e9t\u00e9\u00a0ACCESORIOS\u00a0DIMAC,\u00a0S.L. utilise, pour son propre compte ou celui de","robots":{"index":"noindex","follow":"nofollow"},"og_locale":"fr_FR","og_type":"article","og_title":"cookies","og_description":"POLITIQUE EN MATI\u00c8RE DE COOKIES Sur son site\u00a0Internet thermiabarcelona.com, la soci\u00e9t\u00e9\u00a0ACCESORIOS\u00a0DIMAC,\u00a0S.L. utilise, pour son propre compte ou celui de","og_url":"https:\/\/thermiabarcelona.com\/fr\/cookies\/","og_site_name":"Thermia Barcelona. Ventanas para vivir mejor","article_publisher":"https:\/\/www.facebook.com\/thermiabarcelona\/","article_modified_time":"2021-04-07T16:32:47+00:00","twitter_card":"summary_large_image","twitter_misc":{"Dur\u00e9e de lecture estim\u00e9e":"8 minutes"},"schema":{"@context":"https:\/\/schema.org","@graph":[{"@type":"WebPage","@id":"https:\/\/thermiabarcelona.com\/fr\/cookies\/","url":"https:\/\/thermiabarcelona.com\/fr\/cookies\/","name":"cookies","isPartOf":{"@id":"https:\/\/thermiabarcelona.com\/#website"},"datePublished":"2019-09-13T08:01:21+00:00","dateModified":"2021-04-07T16:32:47+00:00","description":"POLITIQUE EN MATI\u00c8RE DE COOKIES Sur son site\u00a0Internet thermiabarcelona.com, la soci\u00e9t\u00e9\u00a0ACCESORIOS\u00a0DIMAC,\u00a0S.L. utilise, pour son propre compte ou celui de","breadcrumb":{"@id":"https:\/\/thermiabarcelona.com\/fr\/cookies\/#breadcrumb"},"inLanguage":"fr-FR","potentialAction":[{"@type":"ReadAction","target":["https:\/\/thermiabarcelona.com\/fr\/cookies\/"]}]},{"@type":"BreadcrumbList","@id":"https:\/\/thermiabarcelona.com\/fr\/cookies\/#breadcrumb","itemListElement":[{"@type":"ListItem","position":1,"name":"Portada","item":"https:\/\/thermiabarcelona.com\/"},{"@type":"ListItem","position":2,"name":"cookies"}]},{"@type":"WebSite","@id":"https:\/\/thermiabarcelona.com\/#website","url":"https:\/\/thermiabarcelona.com\/","name":"Thermia Barcelona. Ventanas para vivir mejor","description":"Ventanas de calidad, duraderas y f\u00e1ciles de fabricar. Dise\u00f1o.Confort.Silencio","publisher":{"@id":"https:\/\/thermiabarcelona.com\/#organization"},"potentialAction":[{"@type":"SearchAction","target":{"@type":"EntryPoint","urlTemplate":"https:\/\/thermiabarcelona.com\/?s={search_term_string}"},"query-input":{"@type":"PropertyValueSpecification","valueRequired":true,"valueName":"search_term_string"}}],"inLanguage":"fr-FR"},{"@type":"Organization","@id":"https:\/\/thermiabarcelona.com\/#organization","name":"Thermia Barcelona","url":"https:\/\/thermiabarcelona.com\/","logo":{"@type":"ImageObject","inLanguage":"fr-FR","@id":"https:\/\/thermiabarcelona.com\/#\/schema\/logo\/image\/","url":"https:\/\/thermiabarcelona.com\/wp-content\/uploads\/2018\/08\/logo_thermia-1.jpg","contentUrl":"https:\/\/thermiabarcelona.com\/wp-content\/uploads\/2018\/08\/logo_thermia-1.jpg","width":345,"height":158,"caption":"Thermia Barcelona"},"image":{"@id":"https:\/\/thermiabarcelona.com\/#\/schema\/logo\/image\/"},"sameAs":["https:\/\/www.facebook.com\/thermiabarcelona\/","https:\/\/www.instagram.com\/thermiabarcelona\/","https:\/\/es.linkedin.com\/company\/thermia-barcelona","https:\/\/www.youtube.com\/thermiabarcelona"]}]}},"_links":{"self":[{"href":"https:\/\/thermiabarcelona.com\/fr\/wp-json\/wp\/v2\/pages\/27191","targetHints":{"allow":["GET"]}}],"collection":[{"href":"https:\/\/thermiabarcelona.com\/fr\/wp-json\/wp\/v2\/pages"}],"about":[{"href":"https:\/\/thermiabarcelona.com\/fr\/wp-json\/wp\/v2\/types\/page"}],"author":[{"embeddable":true,"href":"https:\/\/thermiabarcelona.com\/fr\/wp-json\/wp\/v2\/users\/5"}],"replies":[{"embeddable":true,"href":"https:\/\/thermiabarcelona.com\/fr\/wp-json\/wp\/v2\/comments?post=27191"}],"version-history":[{"count":0,"href":"https:\/\/thermiabarcelona.com\/fr\/wp-json\/wp\/v2\/pages\/27191\/revisions"}],"wp:attachment":[{"href":"https:\/\/thermiabarcelona.com\/fr\/wp-json\/wp\/v2\/media?parent=27191"}],"curies":[{"name":"wp","href":"https:\/\/api.w.org\/{rel}","templated":true}]}}