{"id":27123,"date":"2019-09-03T08:40:59","date_gmt":"2019-09-03T08:40:59","guid":{"rendered":"https:\/\/thermiabarcelona.com\/couleurs-et-textures\/"},"modified":"2019-10-22T13:53:14","modified_gmt":"2019-10-22T13:53:14","slug":"couleurs-et-textures","status":"publish","type":"page","link":"https:\/\/thermiabarcelona.com\/fr\/couleurs-et-textures\/","title":{"rendered":"Couleurs et textures"},"content":{"rendered":"<div class=\"wpb-content-wrapper\"><p>[vc_row bg_color=\u00a0\u00bb#ffffff\u00a0\u00bb top_padding=\u00a0\u00bb50&Prime; bottom_padding=\u00a0\u00bb10&Prime;][vc_column bg_color=\u00a0\u00bb#ffffff\u00a0\u00bb column_center=\u00a0\u00bbtrue\u00a0\u00bb width=\u00a0\u00bb1\/1&Prime;][vc_column_text]<\/p>\n<h2 style=\"text-align: center;\"><span style=\"color: #2b2b2b;\">FINITIONS DES FEN\u00caTRES\u00a0THERMIA\u00a0: couleurs et textures des fen\u00eatres en aluminium<br \/><\/span><\/h2>\n<p>[\/vc_column_text][vc_column_text]Le <strong>traitement de surface<\/strong> permet \u00e9galement d&rsquo;apporter <strong>une touche personnelle aux fen\u00eatres et de cr\u00e9er une harmonie<\/strong> avec l&rsquo;ensemble de l&rsquo;architecture (int\u00e9rieur et ext\u00e9rieur). C&rsquo;est pourquoi <strong>Thermia\u00a0Barcelona\u00ae <\/strong>a \u00e9labor\u00e9 une <strong>s\u00e9lection des finitions les plus recherch\u00e9es<\/strong> dans l&rsquo;architecture actuelle et vous les propose au meilleur prix.[\/vc_column_text][\/vc_column][\/vc_row][vc_row bg_color=\u00a0\u00bb#ffffff\u00a0\u00bb section_arrow=\u00a0\u00bbfalse\u00a0\u00bb top_padding=\u00a0\u00bb20&Prime; bottom_padding=\u00a0\u00bb0&Prime; bg_position=\u00a0\u00bbleft top\u00a0\u00bb][vc_column width=\u00a0\u00bb1\/2&Prime;]<div class=\"single_image wpb_content_element align-left    \" data-animation=\"none\" data-delay=\"0\"><img fetchpriority=\"high\" decoding=\"async\" width=\"500\" height=\"282\" src=\"https:\/\/thermiabarcelona.com\/wp-content\/uploads\/2016\/12\/thermia-acabados-lisos-1.jpg\" class=\"attachment-full\" alt=\"\" title=\"thermia-acabados-lisos\" srcset=\"https:\/\/thermiabarcelona.com\/wp-content\/uploads\/2016\/12\/thermia-acabados-lisos-1.jpg 500w, https:\/\/thermiabarcelona.com\/wp-content\/uploads\/2016\/12\/thermia-acabados-lisos-1-300x169.jpg 300w\" sizes=\"(max-width: 500px) 100vw, 500px\" \/><\/div>[vc_column_text]<\/p>\n<h3><strong>Laqu\u00e9 lisse<\/strong><\/h3>\n<a href=\"\/wp-content\/uploads\/2016\/12\/CARTA-LACADO-LISO.pdf\" target=\"_blank\" class=\"button color-1 small \" style=\"border-radius: 2px;\">T\u00e9l\u00e9charger PDF<\/a>[\/vc_column_text]<div class=\"spacer\" style=\"height: 40px;\"><\/div><div class=\"single_image wpb_content_element align-left    \" data-animation=\"none\" data-delay=\"0\"><img decoding=\"async\" width=\"500\" height=\"282\" src=\"https:\/\/thermiabarcelona.com\/wp-content\/uploads\/2016\/12\/thermia-acabados-texturados.jpg\" class=\"attachment-full\" alt=\"\" title=\"thermia-acabados-texturados\" srcset=\"https:\/\/thermiabarcelona.com\/wp-content\/uploads\/2016\/12\/thermia-acabados-texturados.jpg 500w, https:\/\/thermiabarcelona.com\/wp-content\/uploads\/2016\/12\/thermia-acabados-texturados-300x169.jpg 300w\" sizes=\"(max-width: 500px) 100vw, 500px\" \/><\/div>[vc_column_text]<\/p>\n<h4><strong>Laqu\u00e9 textur\u00e9<\/strong><\/h4>\n<a href=\"\/wp-content\/uploads\/2016\/12\/CARTA-LACADO-TEXTURADO.pdf\" target=\"_blank\" class=\"button color-1 small \" style=\"border-radius: 2px;\">T\u00e9l\u00e9charger PDF<\/a>[\/vc_column_text]<div class=\"spacer\" style=\"height: 40px;\"><\/div>[\/vc_column][vc_column width=\u00a0\u00bb1\/2&Prime;]<div class=\"single_image wpb_content_element align-left    \" data-animation=\"none\" data-delay=\"0\"><img decoding=\"async\" width=\"500\" height=\"282\" src=\"https:\/\/thermiabarcelona.com\/wp-content\/uploads\/2016\/12\/thermia-acabados-anodizado.jpg\" class=\"attachment-full\" alt=\"\" title=\"thermia-acabados-anodizado\" srcset=\"https:\/\/thermiabarcelona.com\/wp-content\/uploads\/2016\/12\/thermia-acabados-anodizado.jpg 500w, https:\/\/thermiabarcelona.com\/wp-content\/uploads\/2016\/12\/thermia-acabados-anodizado-300x169.jpg 300w\" sizes=\"(max-width: 500px) 100vw, 500px\" \/><\/div>[vc_column_text]<\/p>\n<h4>Anodis\u00e9<\/h4>\n<a href=\"\/wp-content\/uploads\/2016\/12\/CARTA-ANODIZADOS.pdf\" target=\"_blank\" class=\"button color-1 small \" style=\"border-radius: 2px;\">T\u00e9l\u00e9charger PDF<\/a>[\/vc_column_text]<div class=\"spacer\" style=\"height: 40px;\"><\/div><div class=\"single_image wpb_content_element align-left    \" data-animation=\"none\" data-delay=\"0\"><img loading=\"lazy\" decoding=\"async\" width=\"500\" height=\"282\" src=\"https:\/\/thermiabarcelona.com\/wp-content\/uploads\/2016\/12\/thermia-acabados-madera-1.jpg\" class=\"attachment-full\" alt=\"\" title=\"thermia-acabados-madera\" srcset=\"https:\/\/thermiabarcelona.com\/wp-content\/uploads\/2016\/12\/thermia-acabados-madera-1.jpg 500w, https:\/\/thermiabarcelona.com\/wp-content\/uploads\/2016\/12\/thermia-acabados-madera-1-300x169.jpg 300w\" sizes=\"(max-width: 500px) 100vw, 500px\" \/><\/div>[vc_column_text]<\/p>\n<h4>Effet bois<\/h4>\n<a href=\"\/wp-content\/uploads\/2016\/12\/CARTA-EFECTO-MADERA-compressed.pdf\" target=\"_blank\" class=\"button color-1 small \" style=\"border-radius: 2px;\">T\u00e9l\u00e9charger PDF<\/a>[\/vc_column_text]<div class=\"spacer\" style=\"height: 40px;\"><\/div>[\/vc_column][\/vc_row][vc_row type=\u00a0\u00bbfull_width_section\u00a0\u00bb top_padding=\u00a0\u00bb0&Prime; bg_position=\u00a0\u00bbleft top\u00a0\u00bb][vc_column width=\u00a0\u00bb1\/1&Prime;]<div class=\"callout clearfix\" style=\"background-color:#6393ec; color:#ffffff;\">\n\t\t<div class=\"callout-text\">Vous souhaitez que nous fabriquions des \u00e9l\u00e9ments pour vous\u00a0? <\/div>\n\t\t\t<div class=\"callout-button\"><a class=\"button medium color-8\" href=\"\/contacto\/\" target=\"_blank\">Contactez-nous<\/a><\/div>\n\t\t<\/div>[\/vc_column][\/vc_row]<\/p>\n<\/div>","protected":false},"excerpt":{"rendered":"<p>[vc_row bg_color=\u00a0\u00bb#ffffff\u00a0\u00bb top_padding=\u00a0\u00bb50&Prime; bottom_padding=\u00a0\u00bb10&Prime;][vc_column bg_color=\u00a0\u00bb#ffffff\u00a0\u00bb column_center=\u00a0\u00bbtrue\u00a0\u00bb width=\u00a0\u00bb1\/1&Prime;][vc_column_text] FINITIONS DES FEN\u00caTRES\u00a0THERMIA\u00a0: couleurs et textures des fen\u00eatres en aluminium [\/vc_column_text][vc_column_text]Le traitement de surface permet \u00e9galement d&rsquo;apporter une touche personnelle aux fen\u00eatres et de cr\u00e9er une harmonie avec l&rsquo;ensemble de l&rsquo;architecture (int\u00e9rieur et ext\u00e9rieur). C&rsquo;est pourquoi Thermia\u00a0Barcelona\u00ae a \u00e9labor\u00e9 une s\u00e9lection des finitions les plus recherch\u00e9es dans l&rsquo;architecture actuelle et vous les propose au meilleur prix.[\/vc_column_text][\/vc_column][\/vc_row][vc_row bg_color=\u00a0\u00bb#ffffff\u00a0\u00bb section_arrow=\u00a0\u00bbfalse\u00a0\u00bb top_padding=\u00a0\u00bb20&Prime; bottom_padding=\u00a0\u00bb0&Prime; bg_position=\u00a0\u00bbleft top\u00a0\u00bb][vc_column width=\u00a0\u00bb1\/2&Prime;][vc_column_text] Laqu\u00e9 lisse [\/vc_column_text][vc_column_text] Laqu\u00e9 textur\u00e9 [\/vc_column_text][\/vc_column][vc_column width=\u00a0\u00bb1\/2&Prime;][vc_column_text] Anodis\u00e9 [\/vc_column_text][vc_column_text] Effet bois [\/vc_column_text][\/vc_column][\/vc_row][vc_row type=\u00a0\u00bbfull_width_section\u00a0\u00bb top_padding=\u00a0\u00bb0&Prime; bg_position=\u00a0\u00bbleft top\u00a0\u00bb][vc_column width=\u00a0\u00bb1\/1&Prime;][\/vc_column][\/vc_row]<\/p>\n","protected":false},"author":5,"featured_media":0,"parent":0,"menu_order":0,"comment_status":"open","ping_status":"open","template":"","meta":{"footnotes":""},"class_list":["post-27123","page","type-page","status-publish","hentry"],"yoast_head":"<!-- This site is optimized with the Yoast SEO Premium plugin v26.7 (Yoast SEO v27.3) - https:\/\/yoast.com\/product\/yoast-seo-premium-wordpress\/ -->\n<title>Couleurs et finitions pour portes et fen\u00eatres | Thermia\u00a0Barcelona<\/title>\n<meta name=\"description\" content=\"Les fen\u00eatres en aluminium\u00a0Thermia\u00ae peuvent \u00eatre trait\u00e9es avec la couleur la mieux adapt\u00e9e. Finitions laqu\u00e9 lisse, textur\u00e9, anodis\u00e9 et effet bois.\" \/>\n<meta name=\"robots\" content=\"index, follow, max-snippet:-1, max-image-preview:large, max-video-preview:-1\" \/>\n<link rel=\"canonical\" href=\"https:\/\/thermiabarcelona.com\/fr\/couleurs-et-textures\/\" \/>\n<meta property=\"og:locale\" content=\"fr_FR\" \/>\n<meta property=\"og:type\" content=\"article\" \/>\n<meta property=\"og:title\" content=\"Couleurs et textures\" \/>\n<meta property=\"og:description\" content=\"Les fen\u00eatres en aluminium\u00a0Thermia\u00ae peuvent \u00eatre trait\u00e9es avec la couleur la mieux adapt\u00e9e. Finitions laqu\u00e9 lisse, textur\u00e9, anodis\u00e9 et effet bois.\" \/>\n<meta property=\"og:url\" content=\"https:\/\/thermiabarcelona.com\/fr\/couleurs-et-textures\/\" \/>\n<meta property=\"og:site_name\" content=\"Thermia Barcelona. Ventanas para vivir mejor\" \/>\n<meta property=\"article:publisher\" content=\"https:\/\/www.facebook.com\/thermiabarcelona\/\" \/>\n<meta property=\"article:modified_time\" content=\"2019-10-22T13:53:14+00:00\" \/>\n<meta property=\"og:image\" content=\"https:\/\/thermiabarcelona.com\/wp-content\/uploads\/2017\/01\/CORREDERAS-DESTACADA.jpg\" \/>\n\t<meta property=\"og:image:width\" content=\"800\" \/>\n\t<meta property=\"og:image:height\" content=\"532\" \/>\n\t<meta property=\"og:image:type\" content=\"image\/jpeg\" \/>\n<meta name=\"twitter:card\" content=\"summary_large_image\" \/>\n<meta name=\"twitter:label1\" content=\"Dur\u00e9e de lecture estim\u00e9e\" \/>\n\t<meta name=\"twitter:data1\" content=\"2 minutes\" \/>\n<script type=\"application\/ld+json\" class=\"yoast-schema-graph\">{\"@context\":\"https:\\\/\\\/schema.org\",\"@graph\":[{\"@type\":\"WebPage\",\"@id\":\"https:\\\/\\\/thermiabarcelona.com\\\/fr\\\/couleurs-et-textures\\\/\",\"url\":\"https:\\\/\\\/thermiabarcelona.com\\\/fr\\\/couleurs-et-textures\\\/\",\"name\":\"Couleurs et finitions pour portes et fen\u00eatres | Thermia\u00a0Barcelona\",\"isPartOf\":{\"@id\":\"https:\\\/\\\/thermiabarcelona.com\\\/#website\"},\"datePublished\":\"2019-09-03T08:40:59+00:00\",\"dateModified\":\"2019-10-22T13:53:14+00:00\",\"description\":\"Les fen\u00eatres en aluminium\u00a0Thermia\u00ae peuvent \u00eatre trait\u00e9es avec la couleur la mieux adapt\u00e9e. Finitions laqu\u00e9 lisse, textur\u00e9, anodis\u00e9 et effet bois.\",\"breadcrumb\":{\"@id\":\"https:\\\/\\\/thermiabarcelona.com\\\/fr\\\/couleurs-et-textures\\\/#breadcrumb\"},\"inLanguage\":\"fr-FR\",\"potentialAction\":[{\"@type\":\"ReadAction\",\"target\":[\"https:\\\/\\\/thermiabarcelona.com\\\/fr\\\/couleurs-et-textures\\\/\"]}]},{\"@type\":\"BreadcrumbList\",\"@id\":\"https:\\\/\\\/thermiabarcelona.com\\\/fr\\\/couleurs-et-textures\\\/#breadcrumb\",\"itemListElement\":[{\"@type\":\"ListItem\",\"position\":1,\"name\":\"Portada\",\"item\":\"https:\\\/\\\/thermiabarcelona.com\\\/\"},{\"@type\":\"ListItem\",\"position\":2,\"name\":\"Couleurs et textures\"}]},{\"@type\":\"WebSite\",\"@id\":\"https:\\\/\\\/thermiabarcelona.com\\\/#website\",\"url\":\"https:\\\/\\\/thermiabarcelona.com\\\/\",\"name\":\"Thermia Barcelona. Ventanas para vivir mejor\",\"description\":\"Ventanas de calidad, duraderas y f\u00e1ciles de fabricar. Dise\u00f1o.Confort.Silencio\",\"publisher\":{\"@id\":\"https:\\\/\\\/thermiabarcelona.com\\\/#organization\"},\"potentialAction\":[{\"@type\":\"SearchAction\",\"target\":{\"@type\":\"EntryPoint\",\"urlTemplate\":\"https:\\\/\\\/thermiabarcelona.com\\\/?s={search_term_string}\"},\"query-input\":{\"@type\":\"PropertyValueSpecification\",\"valueRequired\":true,\"valueName\":\"search_term_string\"}}],\"inLanguage\":\"fr-FR\"},{\"@type\":\"Organization\",\"@id\":\"https:\\\/\\\/thermiabarcelona.com\\\/#organization\",\"name\":\"Thermia Barcelona\",\"url\":\"https:\\\/\\\/thermiabarcelona.com\\\/\",\"logo\":{\"@type\":\"ImageObject\",\"inLanguage\":\"fr-FR\",\"@id\":\"https:\\\/\\\/thermiabarcelona.com\\\/#\\\/schema\\\/logo\\\/image\\\/\",\"url\":\"https:\\\/\\\/thermiabarcelona.com\\\/wp-content\\\/uploads\\\/2018\\\/08\\\/logo_thermia-1.jpg\",\"contentUrl\":\"https:\\\/\\\/thermiabarcelona.com\\\/wp-content\\\/uploads\\\/2018\\\/08\\\/logo_thermia-1.jpg\",\"width\":345,\"height\":158,\"caption\":\"Thermia Barcelona\"},\"image\":{\"@id\":\"https:\\\/\\\/thermiabarcelona.com\\\/#\\\/schema\\\/logo\\\/image\\\/\"},\"sameAs\":[\"https:\\\/\\\/www.facebook.com\\\/thermiabarcelona\\\/\",\"https:\\\/\\\/www.instagram.com\\\/thermiabarcelona\\\/\",\"https:\\\/\\\/es.linkedin.com\\\/company\\\/thermia-barcelona\",\"https:\\\/\\\/www.youtube.com\\\/thermiabarcelona\"]}]}<\/script>\n<!-- \/ Yoast SEO Premium plugin. -->","yoast_head_json":{"title":"Couleurs et finitions pour portes et fen\u00eatres | Thermia\u00a0Barcelona","description":"Les fen\u00eatres en aluminium\u00a0Thermia\u00ae peuvent \u00eatre trait\u00e9es avec la couleur la mieux adapt\u00e9e. Finitions laqu\u00e9 lisse, textur\u00e9, anodis\u00e9 et effet bois.","robots":{"index":"index","follow":"follow","max-snippet":"max-snippet:-1","max-image-preview":"max-image-preview:large","max-video-preview":"max-video-preview:-1"},"canonical":"https:\/\/thermiabarcelona.com\/fr\/couleurs-et-textures\/","og_locale":"fr_FR","og_type":"article","og_title":"Couleurs et textures","og_description":"Les fen\u00eatres en aluminium\u00a0Thermia\u00ae peuvent \u00eatre trait\u00e9es avec la couleur la mieux adapt\u00e9e. Finitions laqu\u00e9 lisse, textur\u00e9, anodis\u00e9 et effet bois.","og_url":"https:\/\/thermiabarcelona.com\/fr\/couleurs-et-textures\/","og_site_name":"Thermia Barcelona. Ventanas para vivir mejor","article_publisher":"https:\/\/www.facebook.com\/thermiabarcelona\/","article_modified_time":"2019-10-22T13:53:14+00:00","og_image":[{"width":800,"height":532,"url":"https:\/\/thermiabarcelona.com\/wp-content\/uploads\/2017\/01\/CORREDERAS-DESTACADA.jpg","type":"image\/jpeg"}],"twitter_card":"summary_large_image","twitter_misc":{"Dur\u00e9e de lecture estim\u00e9e":"2 minutes"},"schema":{"@context":"https:\/\/schema.org","@graph":[{"@type":"WebPage","@id":"https:\/\/thermiabarcelona.com\/fr\/couleurs-et-textures\/","url":"https:\/\/thermiabarcelona.com\/fr\/couleurs-et-textures\/","name":"Couleurs et finitions pour portes et fen\u00eatres | Thermia\u00a0Barcelona","isPartOf":{"@id":"https:\/\/thermiabarcelona.com\/#website"},"datePublished":"2019-09-03T08:40:59+00:00","dateModified":"2019-10-22T13:53:14+00:00","description":"Les fen\u00eatres en aluminium\u00a0Thermia\u00ae peuvent \u00eatre trait\u00e9es avec la couleur la mieux adapt\u00e9e. Finitions laqu\u00e9 lisse, textur\u00e9, anodis\u00e9 et effet bois.","breadcrumb":{"@id":"https:\/\/thermiabarcelona.com\/fr\/couleurs-et-textures\/#breadcrumb"},"inLanguage":"fr-FR","potentialAction":[{"@type":"ReadAction","target":["https:\/\/thermiabarcelona.com\/fr\/couleurs-et-textures\/"]}]},{"@type":"BreadcrumbList","@id":"https:\/\/thermiabarcelona.com\/fr\/couleurs-et-textures\/#breadcrumb","itemListElement":[{"@type":"ListItem","position":1,"name":"Portada","item":"https:\/\/thermiabarcelona.com\/"},{"@type":"ListItem","position":2,"name":"Couleurs et textures"}]},{"@type":"WebSite","@id":"https:\/\/thermiabarcelona.com\/#website","url":"https:\/\/thermiabarcelona.com\/","name":"Thermia Barcelona. Ventanas para vivir mejor","description":"Ventanas de calidad, duraderas y f\u00e1ciles de fabricar. Dise\u00f1o.Confort.Silencio","publisher":{"@id":"https:\/\/thermiabarcelona.com\/#organization"},"potentialAction":[{"@type":"SearchAction","target":{"@type":"EntryPoint","urlTemplate":"https:\/\/thermiabarcelona.com\/?s={search_term_string}"},"query-input":{"@type":"PropertyValueSpecification","valueRequired":true,"valueName":"search_term_string"}}],"inLanguage":"fr-FR"},{"@type":"Organization","@id":"https:\/\/thermiabarcelona.com\/#organization","name":"Thermia Barcelona","url":"https:\/\/thermiabarcelona.com\/","logo":{"@type":"ImageObject","inLanguage":"fr-FR","@id":"https:\/\/thermiabarcelona.com\/#\/schema\/logo\/image\/","url":"https:\/\/thermiabarcelona.com\/wp-content\/uploads\/2018\/08\/logo_thermia-1.jpg","contentUrl":"https:\/\/thermiabarcelona.com\/wp-content\/uploads\/2018\/08\/logo_thermia-1.jpg","width":345,"height":158,"caption":"Thermia Barcelona"},"image":{"@id":"https:\/\/thermiabarcelona.com\/#\/schema\/logo\/image\/"},"sameAs":["https:\/\/www.facebook.com\/thermiabarcelona\/","https:\/\/www.instagram.com\/thermiabarcelona\/","https:\/\/es.linkedin.com\/company\/thermia-barcelona","https:\/\/www.youtube.com\/thermiabarcelona"]}]}},"_links":{"self":[{"href":"https:\/\/thermiabarcelona.com\/fr\/wp-json\/wp\/v2\/pages\/27123","targetHints":{"allow":["GET"]}}],"collection":[{"href":"https:\/\/thermiabarcelona.com\/fr\/wp-json\/wp\/v2\/pages"}],"about":[{"href":"https:\/\/thermiabarcelona.com\/fr\/wp-json\/wp\/v2\/types\/page"}],"author":[{"embeddable":true,"href":"https:\/\/thermiabarcelona.com\/fr\/wp-json\/wp\/v2\/users\/5"}],"replies":[{"embeddable":true,"href":"https:\/\/thermiabarcelona.com\/fr\/wp-json\/wp\/v2\/comments?post=27123"}],"version-history":[{"count":0,"href":"https:\/\/thermiabarcelona.com\/fr\/wp-json\/wp\/v2\/pages\/27123\/revisions"}],"wp:attachment":[{"href":"https:\/\/thermiabarcelona.com\/fr\/wp-json\/wp\/v2\/media?parent=27123"}],"curies":[{"name":"wp","href":"https:\/\/api.w.org\/{rel}","templated":true}]}}