{"id":27121,"date":"2019-09-03T08:40:44","date_gmt":"2019-09-03T08:40:44","guid":{"rendered":"https:\/\/thermiabarcelona.com\/fabricants-de-fenetres\/"},"modified":"2019-10-22T13:53:14","modified_gmt":"2019-10-22T13:53:14","slug":"fabricants-de-fenetres","status":"publish","type":"page","link":"https:\/\/thermiabarcelona.com\/fr\/fabricants-de-fenetres\/","title":{"rendered":"Fabricants de fen\u00eatres"},"content":{"rendered":"<div class=\"wpb-content-wrapper\"><p>[vc_row][vc_column width=\u00a0\u00bb1\/1&Prime;]<div class=\"spacer\" style=\"height: 60px;\"><\/div>[\/vc_column][\/vc_row][vc_row][vc_column width=\u00a0\u00bb1\/1&Prime;]<h2 class=\"headline font-inherit fontsize-xxxl fontweight-600 lh-12 align-center transform-inherit \" style=\"margin: 0 0 20px 0;\">Vous \u00eates fabricant de fen\u00eatres\u00a0? Nous proposons un service sur mesure adapt\u00e9 \u00e0 votre mod\u00e8le \u00e9conomique.<\/h2><div class=\"headline font-inherit fontsize-xl fontweight-300 lh-12 align-center transform-inherit \" style=\"margin: 0 0 20px 0; color: #ea7a2e;\">Nous avons pour objectif de proposer \u00e0 <b>tous les professionnels sp\u00e9cialis\u00e9s dans les dispositifs de fermeture<\/b> les meilleurs profil\u00e9s\u00a0Thermia\u00ae, ainsi que des accessoires certifi\u00e9s, \u00e9l\u00e9gants et de qualit\u00e9. <\/div><div class=\"spacer\" style=\"height: 10px;\"><\/div>[\/vc_column][\/vc_row][vc_row top_padding=\u00a0\u00bb50&Prime; bottom_padding=\u00a0\u00bb50&Prime;][vc_column width=\u00a0\u00bb1\/1&Prime;]<div class=\"single_image wpb_content_element align-center    \" data-animation=\"none\" data-delay=\"0\"><img fetchpriority=\"high\" decoding=\"async\" width=\"1550\" height=\"863\" src=\"https:\/\/thermiabarcelona.com\/wp-content\/uploads\/2017\/02\/fabricante-ventana.jpg\" class=\"attachment-full\" alt=\"fabricante-ventana\" title=\"fabricante-ventana\" srcset=\"https:\/\/thermiabarcelona.com\/wp-content\/uploads\/2017\/02\/fabricante-ventana.jpg 1550w, https:\/\/thermiabarcelona.com\/wp-content\/uploads\/2017\/02\/fabricante-ventana-300x167.jpg 300w, https:\/\/thermiabarcelona.com\/wp-content\/uploads\/2017\/02\/fabricante-ventana-768x428.jpg 768w, https:\/\/thermiabarcelona.com\/wp-content\/uploads\/2017\/02\/fabricante-ventana-1024x570.jpg 1024w\" sizes=\"(max-width: 1550px) 100vw, 1550px\" \/><\/div>[\/vc_column][\/vc_row][vc_row bg_color=\u00a0\u00bb#ffffff\u00a0\u00bb top_padding=\u00a0\u00bb20&Prime; bottom_padding=\u00a0\u00bb50&Prime;][vc_column width=\u00a0\u00bb1\/3&Prime;][vc_column_text]<\/p>\n<h6><span style=\"color: #333333;\">Les syst\u00e8mes en aluminium\u00a0Thermia\u00ae permettent de <strong>combiner tous types de formes, de couleurs et de caract\u00e9ristiques<\/strong> techniques, tout en s&rsquo;adaptant \u00e0 vos besoins, afin d&rsquo;obtenir des fen\u00eatres de qualit\u00e9.<br \/>\n<\/span><\/h6>\n<h2><span style=\"color: #ea7a2e;\"><strong>Moins, c&rsquo;est plus.<\/strong><\/span><\/h2>\n<p>Tous les syst\u00e8mes ont \u00e9t\u00e9 cr\u00e9\u00e9s dans le but de fournir aux fabricants un <strong>processus de fabrication de fen\u00eatres flexible et rapide<\/strong> qui leur permet&nbsp;d&rsquo;optimiser au maximum leurs processus de production et d&rsquo;entreposage.[\/vc_column_text][\/vc_column][vc_column width=\u00a0\u00bb1\/3&Prime;][vc_column_text]<\/p>\n<h2><span style=\"color: #ea7a2e;\"><strong>Principaux avantages du syst\u00e8me\u00a0Thermia\u00ae<br \/>\n<\/strong><\/span><\/h2>\n<p>L&rsquo;id\u00e9e qui sous-tend la conception des fen\u00eatres\u00a0Thermia\u00ae est simple. Une grande partie des composants et certains profil\u00e9s ont \u00e9t\u00e9 unifi\u00e9s afin qu&rsquo;ils puissent \u00eatre utilis\u00e9s dans n&rsquo;importe quelle s\u00e9rie\u00a0Thermia\u00ae de leur cat\u00e9gorie.<\/p>\n<ul>\n<li>&nbsp;Accessoires de man\u0153uvre communs<\/li>\n<li>Accessoires d&rsquo;\u00e9tanch\u00e9it\u00e9 communs<\/li>\n<li>Accessoires d&rsquo;assemblage communs<\/li>\n<\/ul>\n<p>[\/vc_column_text][\/vc_column][vc_column bg_color=\u00a0\u00bb#e8e8e8&Prime; width=\u00a0\u00bb1\/3&Prime;]<div class=\"spacer\" style=\"height: 40px;\"><\/div><div class=\"testimonial-slider-wrap wpb_content_element\"><div class=\"testimonial-slide\">Trabajar con thermia es f\u00e1cil y agradable. Nos ayudan en todo lo que necesitamos.<span>&#45; Jose Perez - Aluminios Perez<\/span><\/div><div class=\"testimonial-slide\">Thermia Barcelona es sin lugar a dudas una marca en la que confiar. El producto es muy bueno y los clientes siempre quedan satisfechos.<span>&#45; Jose Maria Benitez - RuDFA<\/span><\/div><\/div><div class=\"spacer\" style=\"height: 20px;\"><\/div>[\/vc_column][\/vc_row][vc_row type=\u00a0\u00bbfull_width_section\u00a0\u00bb bg_image=\u00a0\u00bb19361&Prime; parallax_bg=\u00a0\u00bbtrue\u00a0\u00bb stellar_class=\u00a0\u00bbfixed\u00a0\u00bb bg_color=\u00a0\u00bb#022344&Prime; text_align=\u00a0\u00bbcenter\u00a0\u00bb top_padding=\u00a0\u00bb60&Prime; bottom_padding=\u00a0\u00bb80&Prime;][vc_column width=\u00a0\u00bb1\/1&Prime;]<div class=\"spacer\" style=\"height: 20px;\"><\/div><h1 class=\"headline font-inherit fontsize-xxl fontweight-inherit lh-12 align-center transform-inherit \" style=\"margin: 0 0 20px 0; color: #ffffff;\"><span style=\"color: #e46f09;\">GAGNEZ<\/span> EN AGILIT\u00c9, EN TEMPS DE FABRICATION<br \/>\nET EN ESPACE D&rsquo;ENTREPOSAGE<\/h1><div class=\"callout clearfix\" style=\"background-color:; color:#ffffff;\">\n\t\t<div class=\"callout-text\">Vous \u00eates int\u00e9ress\u00e9\u00a0?<\/div>\n\t\t\t<div class=\"callout-button\"><a class=\"button medium orange\" href=\"\" target=\"_self\">Contacter Thermia<\/a><\/div>\n\t\t<\/div><div class=\"spacer\" style=\"height: 20px;\"><\/div>[\/vc_column][\/vc_row][vc_row bg_color=\u00a0\u00bb#ededed\u00a0\u00bb top_padding=\u00a0\u00bb60&Prime; bottom_padding=\u00a0\u00bb100&Prime; class=\u00a0\u00bbequal-boxes\u00a0\u00bb][vc_column animation=\u00a0\u00bbfade-in-from-left\u00a0\u00bb column_center=\u00a0\u00bbtrue\u00a0\u00bb width=\u00a0\u00bb1\/3&Prime;]<div class=\"box clearfix style-1 wpb_content_element align-center \" style=\"padding: 40px 40px 40px 40px; \"><img decoding=\"async\" class=\"aligncenter size-full wp-image-19456\" src=\"http:\/\/thermiabarcelona.com\/wp-content\/uploads\/2017\/02\/Num-set_2.jpg\" alt=\"Num-set_2\" width=\"157\" height=\"98\"\/><\/p>\n<h3 style=\"text-align: center;\"><span style=\"color: #ea7a2e;\">SOLUTIONS DE FEN\u00caTRES \u00c0 LA FRAN\u00c7AISE<\/span><\/h3>\n<ul>\n<li style=\"text-align: left;\"><span style=\"color: #333333;\"><strong>Canal europ\u00e9en<\/strong><\/span><\/li>\n<li style=\"text-align: left;\"><span style=\"color: #333333;\"><strong>Canal\u00a016<\/strong><\/span><\/li>\n<li style=\"text-align: left;\"><span style=\"color: #333333;\"><strong>Avec ou sans rupture de pont thermique<\/strong><\/span><\/li>\n<li style=\"text-align: left;\"><span style=\"color: #333333;\"><strong>Mod\u00e8le droit, elliptique et \u00e0 ouvrant cach\u00e9.<\/strong><\/span><\/li>\n<\/ul>\n<h6>&nbsp;<a href=\"http:\/\/thermiabarcelona.com\/productos\/ventanas-abatibles\/\" target=\"_self\" class=\"button button-appear color-2 medium \" style=\"border-radius: 2px;\"><span>Consulter la liste <i class='fa fa-chevron-right'><\/i><\/span><\/a><\/h6>\n<\/div>[\/vc_column][vc_column animation=\u00a0\u00bbfade-in-from-bottom\u00a0\u00bb width=\u00a0\u00bb1\/3&Prime;]<div class=\"box clearfix style-1 wpb_content_element align-center \" style=\"padding: 40px 40px 40px 40px; \"><img decoding=\"async\" class=\"wp-image-19457 size-full aligncenter\" src=\"https:\/\/thermiabarcelona.com\/wp-content\/uploads\/2017\/02\/num-vuit_2.jpg\" alt=\"num-vuit_2\" width=\"157\" height=\"98\"\/><\/p>\n<h3 style=\"text-align: center;\"><span style=\"color: #ea7a2e;\">SOLUTIONS DE FEN\u00caTRES&nbsp;COULISSANTES<\/span><\/h3>\n<ul>\n<li style=\"text-align: left;\"><span style=\"color: #333333;\"><strong>Fen\u00eatres coulissantes simples<\/strong><\/span><\/li>\n<li style=\"text-align: left;\"><span style=\"color: #333333;\"><strong>Fen\u00eatres coulissantes pour portes-fen\u00eatres et grands formats<\/strong><\/span><\/li>\n<li style=\"text-align: left;\"><span style=\"color: #333333;\"><strong>Syst\u00e8me de ferrures \u00e0 levage<\/strong><\/span><\/li>\n<li style=\"text-align: left;\"><span style=\"color: #333333;\"><strong>Avec ou sans rupture de pont thermique<\/strong><\/span><\/li>\n<\/ul>\n<h6>&nbsp;<a href=\"http:\/\/thermiabarcelona.com\/productos\/correderas\/\" target=\"_self\" class=\"button button-appear color-2 medium \" style=\"border-radius: 2px;\"><span>Consulter la liste <i class='fa fa-chevron-right'><\/i><\/span><\/a><\/h6>\n<\/div>[\/vc_column][vc_column animation=\u00a0\u00bbfade-in-from-right\u00a0\u00bb column_padding=\u00a0\u00bbpadding-3&Prime; width=\u00a0\u00bb1\/3&Prime;]<div class=\"box clearfix style-1 wpb_content_element align-center \" style=\"padding: 40px 40px 40px 40px; \"><img loading=\"lazy\" decoding=\"async\" class=\"wp-image-19455 size-full aligncenter\" src=\"https:\/\/thermiabarcelona.com\/wp-content\/uploads\/2017\/02\/num-cinc_2.jpg\" alt=\"num-cinc_2\" width=\"157\" height=\"98\"\/><\/p>\n<h3 style=\"text-align: center;\"><span style=\"color: #ea7a2e;\">SOLUTIONS DE PROTECTION DES FA\u00c7ADES<\/span><\/h3>\n<ul>\n<li style=\"list-style-type: none;\">\n<ul>\n<li style=\"text-align: left;\"><span style=\"color: #333333;\"><strong>Volets majorquins<\/strong><\/span><\/li>\n<li style=\"text-align: left;\"><span style=\"color: #333333;\"><strong>Moustiquaires<\/strong><\/span><\/li>\n<li style=\"text-align: left;\"><span style=\"color: #333333;\"><strong>Jalousies et brise-soleil<\/strong><\/span><\/li>\n<li style=\"text-align: left;\"><span style=\"color: #333333;\"><strong>Garde-corps<\/strong><\/span><\/li>\n<\/ul>\n<\/li>\n<\/ul>\n<p>&nbsp;<\/p>\n<h6>&nbsp;<a href=\"http:\/\/thermiabarcelona.com\/productos\/correderas\/\" target=\"_self\" class=\"button button-appear color-2 medium \" style=\"border-radius: 2px;\"><span>Consulter la liste <i class='fa fa-chevron-right'><\/i><\/span><\/a><\/h6>\n<\/div>[\/vc_column][\/vc_row][vc_row type=\u00a0\u00bbfull_width_section\u00a0\u00bb][vc_column animation=\u00a0\u00bbfade-in\u00a0\u00bb bg_color=\u00a0\u00bb#010230&Prime; column_padding=\u00a0\u00bbpadding-1&Prime; text_align=\u00a0\u00bbright\u00a0\u00bb width=\u00a0\u00bb1\/2&Prime;]<h2 class=\"headline font-special fontsize-xxxxl fontweight-300 lh-12 align-right transform-uppercase \" style=\"margin: 50px 70px 0px 0; color: #ffffff;\">NOUS VOUS ACCOMPAGNONS<br \/>\nSUR LA VOIE<br \/>\nDE LA<br \/>\n<span style=\"color: #ffffff;\">R\u00c9USSITE<\/span><\/h2><div class=\"headline font-inherit fontsize-m fontweight-300 lh-12 align-right transform-inherit \" style=\"margin: 15px 70px 70px 70px; color: #ea7a2e;\">La complexit\u00e9 de la fabrication des fen\u00eatres exige un soutien constant de votre fournisseur. Notre principal objectif est d&rsquo;accompagner et de conseiller nos clients \u00e0 tout moment.<\/div>[\/vc_column][vc_column column_padding=\u00a0\u00bbpadding-2&Prime; width=\u00a0\u00bb1\/2&Prime;]<div class=\"spacer\" style=\"height: 80px;\"><\/div><h5 class=\"headline font-inherit fontsize-m fontweight-500 lh-20 align-left transform-inherit \" style=\"margin: 0 0 20px 20px; color: #ea7a2e;\">+ Livraison de l&rsquo;outillage n\u00e9cessaire \u00e0 la fabrication optimale des fen\u00eatres\u00a0Thermia<br \/>\n+ Logiciel adapt\u00e9 \u00e0 la gestion des processus de production et d&rsquo;administration<br \/>\n+ Assistance technique et commerciale personnalis\u00e9e<br \/>\n+ Adaption technique pour les projets de grande envergure<br \/>\n+ Soutien promotionnel de la marque<\/p>\n<\/h5>[\/vc_column][\/vc_row][vc_row type=\u00a0\u00bbfull_width_section\u00a0\u00bb][vc_column width=\u00a0\u00bb1\/1&Prime;]<div class=\"callout clearfix\" style=\"background-color:#ea7a2e; color:#ffffff;\">\n\t\t<div class=\"callout-text\">C&rsquo;est parti\u00a0!<\/div>\n\t\t\t<div class=\"callout-button\"><a class=\"button medium color-1\" href=\"http:\/\/thermiabarcelona.com\/contacto\/\" target=\"_self\">Contactez-nous d\u00e8s \u00e0 pr\u00e9sent<\/a><\/div>\n\t\t<\/div>[\/vc_column][\/vc_row][vc_column width=\u00a0\u00bb1\/1&Prime;][\/vc_column]<\/p>\n<\/div>","protected":false},"excerpt":{"rendered":"<p>[vc_row][vc_column width=\u00a0\u00bb1\/1&Prime;][\/vc_column][\/vc_row][vc_row][vc_column width=\u00a0\u00bb1\/1&Prime;][\/vc_column][\/vc_row][vc_row top_padding=\u00a0\u00bb50&Prime; bottom_padding=\u00a0\u00bb50&Prime;][vc_column width=\u00a0\u00bb1\/1&Prime;][\/vc_column][\/vc_row][vc_row bg_color=\u00a0\u00bb#ffffff\u00a0\u00bb top_padding=\u00a0\u00bb20&Prime; bottom_padding=\u00a0\u00bb50&Prime;][vc_column width=\u00a0\u00bb1\/3&Prime;][vc_column_text] Les syst\u00e8mes en aluminium\u00a0Thermia\u00ae permettent de combiner tous types de formes, de couleurs et de caract\u00e9ristiques techniques, tout en s&rsquo;adaptant \u00e0 vos besoins, afin d&rsquo;obtenir des fen\u00eatres de qualit\u00e9. Moins, c&rsquo;est plus. Tous les syst\u00e8mes ont \u00e9t\u00e9 cr\u00e9\u00e9s dans le but de fournir aux fabricants un processus de fabrication de fen\u00eatres flexible et rapide qui leur permet&nbsp;d&rsquo;optimiser au maximum leurs processus de production et d&rsquo;entreposage.[\/vc_column_text][\/vc_column][vc_column width=\u00a0\u00bb1\/3&Prime;][vc_column_text] Principaux avantages du syst\u00e8me\u00a0Thermia\u00ae L&rsquo;id\u00e9e qui sous-tend la conception des fen\u00eatres\u00a0Thermia\u00ae est simple. Une grande partie des composants et certains profil\u00e9s ont \u00e9t\u00e9 unifi\u00e9s afin qu&rsquo;ils puissent \u00eatre utilis\u00e9s dans n&rsquo;importe quelle s\u00e9rie\u00a0Thermia\u00ae de leur cat\u00e9gorie. &nbsp;Accessoires de man\u0153uvre communs Accessoires d&rsquo;\u00e9tanch\u00e9it\u00e9 communs Accessoires d&rsquo;assemblage communs [\/vc_column_text][\/vc_column][vc_column bg_color=\u00a0\u00bb#e8e8e8&Prime; width=\u00a0\u00bb1\/3&Prime;][\/vc_column][\/vc_row][vc_row type=\u00a0\u00bbfull_width_section\u00a0\u00bb bg_image=\u00a0\u00bb19361&Prime; parallax_bg=\u00a0\u00bbtrue\u00a0\u00bb stellar_class=\u00a0\u00bbfixed\u00a0\u00bb bg_color=\u00a0\u00bb#022344&Prime; text_align=\u00a0\u00bbcenter\u00a0\u00bb top_padding=\u00a0\u00bb60&Prime; bottom_padding=\u00a0\u00bb80&Prime;][vc_column width=\u00a0\u00bb1\/1&Prime;][\/vc_column][\/vc_row][vc_row bg_color=\u00a0\u00bb#ededed\u00a0\u00bb top_padding=\u00a0\u00bb60&Prime; bottom_padding=\u00a0\u00bb100&Prime; class=\u00a0\u00bbequal-boxes\u00a0\u00bb][vc_column animation=\u00a0\u00bbfade-in-from-left\u00a0\u00bb column_center=\u00a0\u00bbtrue\u00a0\u00bb width=\u00a0\u00bb1\/3&Prime;][\/vc_column][vc_column animation=\u00a0\u00bbfade-in-from-bottom\u00a0\u00bb width=\u00a0\u00bb1\/3&Prime;][\/vc_column][vc_column animation=\u00a0\u00bbfade-in-from-right\u00a0\u00bb column_padding=\u00a0\u00bbpadding-3&Prime; width=\u00a0\u00bb1\/3&Prime;][\/vc_column][\/vc_row][vc_row type=\u00a0\u00bbfull_width_section\u00a0\u00bb][vc_column animation=\u00a0\u00bbfade-in\u00a0\u00bb bg_color=\u00a0\u00bb#010230&Prime; column_padding=\u00a0\u00bbpadding-1&Prime; text_align=\u00a0\u00bbright\u00a0\u00bb width=\u00a0\u00bb1\/2&Prime;][\/vc_column][vc_column column_padding=\u00a0\u00bbpadding-2&Prime; width=\u00a0\u00bb1\/2&Prime;][\/vc_column][\/vc_row][vc_row type=\u00a0\u00bbfull_width_section\u00a0\u00bb][vc_column width=\u00a0\u00bb1\/1&Prime;][\/vc_column][\/vc_row][vc_column width=\u00a0\u00bb1\/1&Prime;][\/vc_column]<\/p>\n","protected":false},"author":5,"featured_media":0,"parent":0,"menu_order":0,"comment_status":"closed","ping_status":"closed","template":"","meta":{"footnotes":""},"class_list":["post-27121","page","type-page","status-publish","hentry"],"yoast_head":"<!-- This site is optimized with the Yoast SEO Premium plugin v26.7 (Yoast SEO v26.8) - https:\/\/yoast.com\/product\/yoast-seo-premium-wordpress\/ -->\n<title>Sp\u00e9cialistes de la fabrication de fen\u00eatres en aluminium | Thermia\u00a0Barcelona<\/title>\n<meta name=\"description\" content=\"Nous sommes sp\u00e9cialis\u00e9s dans la fabrication de fen\u00eatres en aluminium. Nous proposons aux professionnels du secteur des fen\u00eatres de qualit\u00e9 certifi\u00e9e, polyvalentes, afin de leur fournir une solution pour leur projet.\" \/>\n<meta name=\"robots\" content=\"index, follow, max-snippet:-1, max-image-preview:large, max-video-preview:-1\" \/>\n<link rel=\"canonical\" href=\"https:\/\/thermiabarcelona.com\/fr\/fabricants-de-fenetres\/\" \/>\n<meta property=\"og:locale\" content=\"fr_FR\" \/>\n<meta property=\"og:type\" content=\"article\" \/>\n<meta property=\"og:title\" content=\"Fabricants de fen\u00eatres\" \/>\n<meta property=\"og:description\" content=\"Nous sommes sp\u00e9cialis\u00e9s dans la fabrication de fen\u00eatres en aluminium. Nous proposons aux professionnels du secteur des fen\u00eatres de qualit\u00e9 certifi\u00e9e, polyvalentes, afin de leur fournir une solution pour leur projet.\" \/>\n<meta property=\"og:url\" content=\"https:\/\/thermiabarcelona.com\/fr\/fabricants-de-fenetres\/\" \/>\n<meta property=\"og:site_name\" content=\"Thermia Barcelona. Ventanas para vivir mejor\" \/>\n<meta property=\"article:publisher\" content=\"https:\/\/www.facebook.com\/thermiabarcelona\/\" \/>\n<meta property=\"article:modified_time\" content=\"2019-10-22T13:53:14+00:00\" \/>\n<meta property=\"og:image\" content=\"http:\/\/thermiabarcelona.com\/wp-content\/uploads\/2017\/02\/Num-set_2.jpg\" \/>\n<meta name=\"twitter:card\" content=\"summary_large_image\" \/>\n<meta name=\"twitter:label1\" content=\"Dur\u00e9e de lecture estim\u00e9e\" \/>\n\t<meta name=\"twitter:data1\" content=\"4 minutes\" \/>\n<script type=\"application\/ld+json\" class=\"yoast-schema-graph\">{\"@context\":\"https:\/\/schema.org\",\"@graph\":[{\"@type\":\"WebPage\",\"@id\":\"https:\/\/thermiabarcelona.com\/fr\/fabricants-de-fenetres\/\",\"url\":\"https:\/\/thermiabarcelona.com\/fr\/fabricants-de-fenetres\/\",\"name\":\"Sp\u00e9cialistes de la fabrication de fen\u00eatres en aluminium | Thermia\u00a0Barcelona\",\"isPartOf\":{\"@id\":\"https:\/\/thermiabarcelona.com\/#website\"},\"primaryImageOfPage\":{\"@id\":\"https:\/\/thermiabarcelona.com\/fr\/fabricants-de-fenetres\/#primaryimage\"},\"image\":{\"@id\":\"https:\/\/thermiabarcelona.com\/fr\/fabricants-de-fenetres\/#primaryimage\"},\"thumbnailUrl\":\"http:\/\/thermiabarcelona.com\/wp-content\/uploads\/2017\/02\/Num-set_2.jpg\",\"datePublished\":\"2019-09-03T08:40:44+00:00\",\"dateModified\":\"2019-10-22T13:53:14+00:00\",\"description\":\"Nous sommes sp\u00e9cialis\u00e9s dans la fabrication de fen\u00eatres en aluminium. Nous proposons aux professionnels du secteur des fen\u00eatres de qualit\u00e9 certifi\u00e9e, polyvalentes, afin de leur fournir une solution pour leur projet.\",\"breadcrumb\":{\"@id\":\"https:\/\/thermiabarcelona.com\/fr\/fabricants-de-fenetres\/#breadcrumb\"},\"inLanguage\":\"fr-FR\",\"potentialAction\":[{\"@type\":\"ReadAction\",\"target\":[\"https:\/\/thermiabarcelona.com\/fr\/fabricants-de-fenetres\/\"]}]},{\"@type\":\"ImageObject\",\"inLanguage\":\"fr-FR\",\"@id\":\"https:\/\/thermiabarcelona.com\/fr\/fabricants-de-fenetres\/#primaryimage\",\"url\":\"http:\/\/thermiabarcelona.com\/wp-content\/uploads\/2017\/02\/Num-set_2.jpg\",\"contentUrl\":\"http:\/\/thermiabarcelona.com\/wp-content\/uploads\/2017\/02\/Num-set_2.jpg\"},{\"@type\":\"BreadcrumbList\",\"@id\":\"https:\/\/thermiabarcelona.com\/fr\/fabricants-de-fenetres\/#breadcrumb\",\"itemListElement\":[{\"@type\":\"ListItem\",\"position\":1,\"name\":\"Portada\",\"item\":\"https:\/\/thermiabarcelona.com\/\"},{\"@type\":\"ListItem\",\"position\":2,\"name\":\"Fabricants de fen\u00eatres\"}]},{\"@type\":\"WebSite\",\"@id\":\"https:\/\/thermiabarcelona.com\/#website\",\"url\":\"https:\/\/thermiabarcelona.com\/\",\"name\":\"Thermia Barcelona. Ventanas para vivir mejor\",\"description\":\"Ventanas de calidad, duraderas y f\u00e1ciles de fabricar. Dise\u00f1o.Confort.Silencio\",\"publisher\":{\"@id\":\"https:\/\/thermiabarcelona.com\/#organization\"},\"potentialAction\":[{\"@type\":\"SearchAction\",\"target\":{\"@type\":\"EntryPoint\",\"urlTemplate\":\"https:\/\/thermiabarcelona.com\/?s={search_term_string}\"},\"query-input\":{\"@type\":\"PropertyValueSpecification\",\"valueRequired\":true,\"valueName\":\"search_term_string\"}}],\"inLanguage\":\"fr-FR\"},{\"@type\":\"Organization\",\"@id\":\"https:\/\/thermiabarcelona.com\/#organization\",\"name\":\"Thermia Barcelona\",\"url\":\"https:\/\/thermiabarcelona.com\/\",\"logo\":{\"@type\":\"ImageObject\",\"inLanguage\":\"fr-FR\",\"@id\":\"https:\/\/thermiabarcelona.com\/#\/schema\/logo\/image\/\",\"url\":\"https:\/\/thermiabarcelona.com\/wp-content\/uploads\/2018\/08\/logo_thermia-1.jpg\",\"contentUrl\":\"https:\/\/thermiabarcelona.com\/wp-content\/uploads\/2018\/08\/logo_thermia-1.jpg\",\"width\":345,\"height\":158,\"caption\":\"Thermia Barcelona\"},\"image\":{\"@id\":\"https:\/\/thermiabarcelona.com\/#\/schema\/logo\/image\/\"},\"sameAs\":[\"https:\/\/www.facebook.com\/thermiabarcelona\/\",\"https:\/\/www.instagram.com\/thermiabarcelona\/\",\"https:\/\/es.linkedin.com\/company\/thermia-barcelona\",\"https:\/\/www.youtube.com\/thermiabarcelona\"]}]}<\/script>\n<!-- \/ Yoast SEO Premium plugin. -->","yoast_head_json":{"title":"Sp\u00e9cialistes de la fabrication de fen\u00eatres en aluminium | Thermia\u00a0Barcelona","description":"Nous sommes sp\u00e9cialis\u00e9s dans la fabrication de fen\u00eatres en aluminium. Nous proposons aux professionnels du secteur des fen\u00eatres de qualit\u00e9 certifi\u00e9e, polyvalentes, afin de leur fournir une solution pour leur projet.","robots":{"index":"index","follow":"follow","max-snippet":"max-snippet:-1","max-image-preview":"max-image-preview:large","max-video-preview":"max-video-preview:-1"},"canonical":"https:\/\/thermiabarcelona.com\/fr\/fabricants-de-fenetres\/","og_locale":"fr_FR","og_type":"article","og_title":"Fabricants de fen\u00eatres","og_description":"Nous sommes sp\u00e9cialis\u00e9s dans la fabrication de fen\u00eatres en aluminium. Nous proposons aux professionnels du secteur des fen\u00eatres de qualit\u00e9 certifi\u00e9e, polyvalentes, afin de leur fournir une solution pour leur projet.","og_url":"https:\/\/thermiabarcelona.com\/fr\/fabricants-de-fenetres\/","og_site_name":"Thermia Barcelona. Ventanas para vivir mejor","article_publisher":"https:\/\/www.facebook.com\/thermiabarcelona\/","article_modified_time":"2019-10-22T13:53:14+00:00","og_image":[{"url":"http:\/\/thermiabarcelona.com\/wp-content\/uploads\/2017\/02\/Num-set_2.jpg","type":"","width":"","height":""}],"twitter_card":"summary_large_image","twitter_misc":{"Dur\u00e9e de lecture estim\u00e9e":"4 minutes"},"schema":{"@context":"https:\/\/schema.org","@graph":[{"@type":"WebPage","@id":"https:\/\/thermiabarcelona.com\/fr\/fabricants-de-fenetres\/","url":"https:\/\/thermiabarcelona.com\/fr\/fabricants-de-fenetres\/","name":"Sp\u00e9cialistes de la fabrication de fen\u00eatres en aluminium | Thermia\u00a0Barcelona","isPartOf":{"@id":"https:\/\/thermiabarcelona.com\/#website"},"primaryImageOfPage":{"@id":"https:\/\/thermiabarcelona.com\/fr\/fabricants-de-fenetres\/#primaryimage"},"image":{"@id":"https:\/\/thermiabarcelona.com\/fr\/fabricants-de-fenetres\/#primaryimage"},"thumbnailUrl":"http:\/\/thermiabarcelona.com\/wp-content\/uploads\/2017\/02\/Num-set_2.jpg","datePublished":"2019-09-03T08:40:44+00:00","dateModified":"2019-10-22T13:53:14+00:00","description":"Nous sommes sp\u00e9cialis\u00e9s dans la fabrication de fen\u00eatres en aluminium. Nous proposons aux professionnels du secteur des fen\u00eatres de qualit\u00e9 certifi\u00e9e, polyvalentes, afin de leur fournir une solution pour leur projet.","breadcrumb":{"@id":"https:\/\/thermiabarcelona.com\/fr\/fabricants-de-fenetres\/#breadcrumb"},"inLanguage":"fr-FR","potentialAction":[{"@type":"ReadAction","target":["https:\/\/thermiabarcelona.com\/fr\/fabricants-de-fenetres\/"]}]},{"@type":"ImageObject","inLanguage":"fr-FR","@id":"https:\/\/thermiabarcelona.com\/fr\/fabricants-de-fenetres\/#primaryimage","url":"http:\/\/thermiabarcelona.com\/wp-content\/uploads\/2017\/02\/Num-set_2.jpg","contentUrl":"http:\/\/thermiabarcelona.com\/wp-content\/uploads\/2017\/02\/Num-set_2.jpg"},{"@type":"BreadcrumbList","@id":"https:\/\/thermiabarcelona.com\/fr\/fabricants-de-fenetres\/#breadcrumb","itemListElement":[{"@type":"ListItem","position":1,"name":"Portada","item":"https:\/\/thermiabarcelona.com\/"},{"@type":"ListItem","position":2,"name":"Fabricants de fen\u00eatres"}]},{"@type":"WebSite","@id":"https:\/\/thermiabarcelona.com\/#website","url":"https:\/\/thermiabarcelona.com\/","name":"Thermia Barcelona. Ventanas para vivir mejor","description":"Ventanas de calidad, duraderas y f\u00e1ciles de fabricar. Dise\u00f1o.Confort.Silencio","publisher":{"@id":"https:\/\/thermiabarcelona.com\/#organization"},"potentialAction":[{"@type":"SearchAction","target":{"@type":"EntryPoint","urlTemplate":"https:\/\/thermiabarcelona.com\/?s={search_term_string}"},"query-input":{"@type":"PropertyValueSpecification","valueRequired":true,"valueName":"search_term_string"}}],"inLanguage":"fr-FR"},{"@type":"Organization","@id":"https:\/\/thermiabarcelona.com\/#organization","name":"Thermia Barcelona","url":"https:\/\/thermiabarcelona.com\/","logo":{"@type":"ImageObject","inLanguage":"fr-FR","@id":"https:\/\/thermiabarcelona.com\/#\/schema\/logo\/image\/","url":"https:\/\/thermiabarcelona.com\/wp-content\/uploads\/2018\/08\/logo_thermia-1.jpg","contentUrl":"https:\/\/thermiabarcelona.com\/wp-content\/uploads\/2018\/08\/logo_thermia-1.jpg","width":345,"height":158,"caption":"Thermia Barcelona"},"image":{"@id":"https:\/\/thermiabarcelona.com\/#\/schema\/logo\/image\/"},"sameAs":["https:\/\/www.facebook.com\/thermiabarcelona\/","https:\/\/www.instagram.com\/thermiabarcelona\/","https:\/\/es.linkedin.com\/company\/thermia-barcelona","https:\/\/www.youtube.com\/thermiabarcelona"]}]}},"_links":{"self":[{"href":"https:\/\/thermiabarcelona.com\/fr\/wp-json\/wp\/v2\/pages\/27121","targetHints":{"allow":["GET"]}}],"collection":[{"href":"https:\/\/thermiabarcelona.com\/fr\/wp-json\/wp\/v2\/pages"}],"about":[{"href":"https:\/\/thermiabarcelona.com\/fr\/wp-json\/wp\/v2\/types\/page"}],"author":[{"embeddable":true,"href":"https:\/\/thermiabarcelona.com\/fr\/wp-json\/wp\/v2\/users\/5"}],"replies":[{"embeddable":true,"href":"https:\/\/thermiabarcelona.com\/fr\/wp-json\/wp\/v2\/comments?post=27121"}],"version-history":[{"count":0,"href":"https:\/\/thermiabarcelona.com\/fr\/wp-json\/wp\/v2\/pages\/27121\/revisions"}],"wp:attachment":[{"href":"https:\/\/thermiabarcelona.com\/fr\/wp-json\/wp\/v2\/media?parent=27121"}],"curies":[{"name":"wp","href":"https:\/\/api.w.org\/{rel}","templated":true}]}}