{"id":27115,"date":"2019-09-03T08:39:58","date_gmt":"2019-09-03T08:39:58","guid":{"rendered":"https:\/\/thermiabarcelona.com\/projets\/autres-constructions\/"},"modified":"2019-10-11T09:56:43","modified_gmt":"2019-10-11T09:56:43","slug":"autres-constructions","status":"publish","type":"page","link":"https:\/\/thermiabarcelona.com\/fr\/projets-architecturaux\/autres-constructions\/","title":{"rendered":"Autres constructions"},"content":{"rendered":"<div class=\"wpb-content-wrapper\"><p>[vc_row][vc_column width=\u00a0\u00bb1\/1&Prime;][vc_column_text]<\/p>\n<h1 style=\"text-align: center;\"><span style=\"color: #000f2c;\"><strong>Projets de fen\u00eatres\u00a0Thermia\u00ae pour autres constructions<br \/><\/strong><\/span><\/h1>\n<p style=\"text-align: center;\"><span style=\"color: #000f2c;\"><strong>Le syst\u00e8me\u00a0Thermia\u00ae<\/strong> permet aux architectes et aux professionnels de donner vie \u00e0 tout type de projet et de cr\u00e9er des fermetures qui r\u00e9pondent \u00e0 des exigences qualitatives, fonctionnelles et de conception. Voici plusieurs exemples o\u00f9 les fen\u00eatres\u00a0Thermia\u00a0Barcelona ont \u00e9t\u00e9 utilis\u00e9es pour r\u00e9pondre \u00e0 ces exigences.<\/span><\/p>\n<p>[\/vc_column_text][\/vc_column][\/vc_row][vc_row bg_color=\u00a0\u00bb#ffffff\u00a0\u00bb section_arrow=\u00a0\u00bbfalse\u00a0\u00bb top_padding=\u00a0\u00bb20&Prime; bottom_padding=\u00a0\u00bb20&Prime;][vc_column bg_color=\u00a0\u00bb#ffffff\u00a0\u00bb column_padding=\u00a0\u00bbpadding-3&Prime; width=\u00a0\u00bb1\/1&Prime;]\n\t\t<div class=\"portfolio-element\">\n\n\t\t\n\t\t\t\t\t<div class=\"container\">\n\t\t\n\t\t\t\t\t<div id=\"2004218147\" class=\"portfolio-items portfolio-default portfolio-overlay-icon clearfix\" data-id=\"2004218147\">  \n\t\t\t\t\t\t\n\t\t\t\t\t\t\t\n\t\t\t\t\t\t\t\n\t\t\t\t\t\t\n\t\t\t\t\t\t\t\t\t\t\t\t\t\t\t\t\n\t\t\t\t\t\t\t\t   \n\n\t\t\t\t\t\t\t\t<div class=\"term-otras-construcciones term-ventanas-abatibles term-ventanas-correderas portfolio-item one-third column\">\n\t\t\t\t\t\t\t\t\t<div class=\"portfolio-image\"><a href=\"https:\/\/thermiabarcelona.com\/wp-content\/uploads\/2021\/02\/ventanas-thermia-obra-natura-destacada.jpg\" class=\"prettyPhoto\" rel=\"prettyPhoto[portfolio]\" title=\"EDIFICIO NATURA\"><div class=\"portfolio-image-img\"><img decoding=\"async\" src=\"https:\/\/thermiabarcelona.com\/wp-content\/uploads\/2021\/02\/ventanas-thermia-obra-natura-destacada-600x400.jpg\" alt=\"EDIFICIO NATURA\" \/><\/div><div class=\"portfolio-overlay overlay-icon\"><\/div><i class=\"icon-minti-search\"><\/i><\/a><\/div>\n\t\t\t\t\t\t\t\t\t<h4><a href=\"https:\/\/thermiabarcelona.com\/proyectos-thermia\/edificio-natura-ecuador\/\" title=\"EDIFICIO NATURA\">EDIFICIO NATURA<\/a><\/h4>\n\t\t\t\t\t\t\t\t\t<span class=\"portfolio-subtitle\"><\/span>\n\t\t\t\t\t\t\t\t<\/div>\n\n\t\t\t\t\t\t\t\t\t\t\t\t  \n\t\t\t\t\t\t\n\t\t\t\t\t\t\t\n\t\t\t\t\t\t\t\n\t\t\t\t\t\t\n\t\t\t\t\t\t\t\t\t\t\t\t\t\t\t\t\n\t\t\t\t\t\t\t\t   \n\n\t\t\t\t\t\t\t\t<div class=\"term-otras-construcciones term-ventanas-abatibles term-ventanas-correderas portfolio-item one-third column\">\n\t\t\t\t\t\t\t\t\t<div class=\"portfolio-image\"><a href=\"https:\/\/thermiabarcelona.com\/wp-content\/uploads\/2020\/02\/destacada-institut-mila-ventana-thermia.jpg\" class=\"prettyPhoto\" rel=\"prettyPhoto[portfolio]\" title=\"INSTITUTO MIL\u00c0 I FONTANALS\"><div class=\"portfolio-image-img\"><img decoding=\"async\" src=\"https:\/\/thermiabarcelona.com\/wp-content\/uploads\/2020\/02\/destacada-institut-mila-ventana-thermia-600x400.jpg\" alt=\"INSTITUTO MIL\u00c0 I FONTANALS\" \/><\/div><div class=\"portfolio-overlay overlay-icon\"><\/div><i class=\"icon-minti-search\"><\/i><\/a><\/div>\n\t\t\t\t\t\t\t\t\t<h4><a href=\"https:\/\/thermiabarcelona.com\/proyectos-thermia\/instituto-de-ensenanza-secundaria-mila-i-fontanals\/\" title=\"INSTITUTO MIL\u00c0 I FONTANALS\">INSTITUTO MIL\u00c0 I FONTANALS<\/a><\/h4>\n\t\t\t\t\t\t\t\t\t<span class=\"portfolio-subtitle\"><\/span>\n\t\t\t\t\t\t\t\t<\/div>\n\n\t\t\t\t\t\t\t\t\t\t\t\t  \n\t\t\t\t\t\t\n\t\t\t\t\t\t\t\n\t\t\t\t\t\t\t\n\t\t\t\t\t\t\n\t\t\t\t\t\t\t\t\t\t\t\t\t\t\t\t\n\t\t\t\t\t\t\t\t   \n\n\t\t\t\t\t\t\t\t<div class=\"term-autres-constructions term-fenetres-a-la-francaise portfolio-item one-third column\">\n\t\t\t\t\t\t\t\t\t<div class=\"portfolio-image\"><a href=\"https:\/\/thermiabarcelona.com\/wp-content\/uploads\/2017\/04\/residencia-geriatrica-ventanas-thermia.jpg\" class=\"prettyPhoto\" rel=\"prettyPhoto[portfolio]\" title=\"MAISON DE RETRAITE \u00c0 TOL\u00c8DE\"><div class=\"portfolio-image-img\"><img decoding=\"async\" src=\"https:\/\/thermiabarcelona.com\/wp-content\/uploads\/2017\/04\/residencia-geriatrica-ventanas-thermia-600x400.jpg\" alt=\"MAISON DE RETRAITE \u00c0 TOL\u00c8DE\" \/><\/div><div class=\"portfolio-overlay overlay-icon\"><\/div><i class=\"icon-minti-search\"><\/i><\/a><\/div>\n\t\t\t\t\t\t\t\t\t<h4><a href=\"https:\/\/thermiabarcelona.com\/fr\/proyectos-thermia\/maison-de-retraite-a-tolede\/\" title=\"MAISON DE RETRAITE \u00c0 TOL\u00c8DE\">MAISON DE RETRAITE \u00c0 TOL\u00c8DE<\/a><\/h4>\n\t\t\t\t\t\t\t\t\t<span class=\"portfolio-subtitle\"><\/span>\n\t\t\t\t\t\t\t\t<\/div>\n\n\t\t\t\t\t\t\t\t\t\t\t\t  \n\t\t\t\t\t\t\n\t\t\t\t\t\t\t\n\t\t\t\t\t\t\t\n\t\t\t\t\t\t\n\t\t\t\t\t\t\t\t\t\t\t\t\t\t\t\t\n\t\t\t\t\t\t\t\t   \n\n\t\t\t\t\t\t\t\t<div class=\"term-autres-constructions portfolio-item one-third column\">\n\t\t\t\t\t\t\t\t\t<div class=\"portfolio-image\"><a href=\"https:\/\/thermiabarcelona.com\/wp-content\/uploads\/2016\/11\/NARCISO-web.jpg\" class=\"prettyPhoto\" rel=\"prettyPhoto[portfolio]\" title=\"IMMEUBLE DE BUREAUX NARCISO DE LA COLINA\"><div class=\"portfolio-image-img\"><img decoding=\"async\" src=\"https:\/\/thermiabarcelona.com\/wp-content\/uploads\/2016\/11\/NARCISO-web-600x400.jpg\" alt=\"IMMEUBLE DE BUREAUX NARCISO DE LA COLINA\" \/><\/div><div class=\"portfolio-overlay overlay-icon\"><\/div><i class=\"icon-minti-search\"><\/i><\/a><\/div>\n\t\t\t\t\t\t\t\t\t<h4><a href=\"https:\/\/thermiabarcelona.com\/fr\/proyectos-thermia\/immeuble-de-bureaux-narciso-de-la-colina\/\" title=\"IMMEUBLE DE BUREAUX NARCISO DE LA COLINA\">IMMEUBLE DE BUREAUX NARCISO DE LA COLINA<\/a><\/h4>\n\t\t\t\t\t\t\t\t\t<span class=\"portfolio-subtitle\"><\/span>\n\t\t\t\t\t\t\t\t<\/div>\n\n\t\t\t\t\t\t\t\t\t\t\t\t  \n\t\t\t\t\t\t\n\t\t\t\t\t\t\t\n\t\t\t\t\t\t\t\n\t\t\t\t\t\t\n\t\t\t\t\t\t\t\t\t\t\t\t\t\t\t\t\n\t\t\t\t\t\t\t\t   \n\n\t\t\t\t\t\t\t\t<div class=\"term-autres-constructions portfolio-item one-third column\">\n\t\t\t\t\t\t\t\t\t<div class=\"portfolio-image\"><a href=\"https:\/\/thermiabarcelona.com\/wp-content\/uploads\/2016\/11\/WEB_fixe.jpg\" class=\"prettyPhoto\" rel=\"prettyPhoto[portfolio]\" title=\"USINE DE TABAC\"><div class=\"portfolio-image-img\"><img decoding=\"async\" src=\"https:\/\/thermiabarcelona.com\/wp-content\/uploads\/2016\/11\/WEB_fixe-600x400.jpg\" alt=\"USINE DE TABAC\" \/><\/div><div class=\"portfolio-overlay overlay-icon\"><\/div><i class=\"icon-minti-search\"><\/i><\/a><\/div>\n\t\t\t\t\t\t\t\t\t<h4><a href=\"https:\/\/thermiabarcelona.com\/fr\/proyectos-thermia\/usine-de-tabac\/\" title=\"USINE DE TABAC\">USINE DE TABAC<\/a><\/h4>\n\t\t\t\t\t\t\t\t\t<span class=\"portfolio-subtitle\"><\/span>\n\t\t\t\t\t\t\t\t<\/div>\n\n\t\t\t\t\t\t\t\t\t\t\t\t  \n\t\t\t\t\t\t\n\t\t\t\t\t\t\t\n\t\t\t\t\t\t\t\n\t\t\t\t\t\t\n\t\t\t\t\t\t\t\t\t\t\t\t\t\t\t\t\n\t\t\t\t\t\t\t\t   \n\n\t\t\t\t\t\t\t\t<div class=\"term-autres-constructions portfolio-item one-third column\">\n\t\t\t\t\t\t\t\t\t<div class=\"portfolio-image\"><a href=\"https:\/\/thermiabarcelona.com\/wp-content\/uploads\/2016\/11\/WEB_exterior-HDR.jpg\" class=\"prettyPhoto\" rel=\"prettyPhoto[portfolio]\" title=\"CLUB DE TENNIS\u00a0REUS\u00a0MONTEROLS\"><div class=\"portfolio-image-img\"><img decoding=\"async\" src=\"https:\/\/thermiabarcelona.com\/wp-content\/uploads\/2016\/11\/WEB_exterior-HDR-600x400.jpg\" alt=\"CLUB DE TENNIS\u00a0REUS\u00a0MONTEROLS\" \/><\/div><div class=\"portfolio-overlay overlay-icon\"><\/div><i class=\"icon-minti-search\"><\/i><\/a><\/div>\n\t\t\t\t\t\t\t\t\t<h4><a href=\"https:\/\/thermiabarcelona.com\/fr\/proyectos-thermia\/club-de-tennis-reus-monterols\/\" title=\"CLUB DE TENNIS\u00a0REUS\u00a0MONTEROLS\">CLUB DE TENNIS\u00a0REUS\u00a0MONTEROLS<\/a><\/h4>\n\t\t\t\t\t\t\t\t\t<span class=\"portfolio-subtitle\"><\/span>\n\t\t\t\t\t\t\t\t<\/div>\n\n\t\t\t\t\t\t\t\t\t\t\t\t  \n\t\t\t\t\t\t\n\t\t\t\t\t\t\t\n\t\t\t\t\t\t\t\n\t\t\t\t\t\t\n\t\t\t\t\t\t\t\t\t\t\t\t\t\t\t\t\n\t\t\t\t\t\t\t\t   \n\n\t\t\t\t\t\t\t\t<div class=\"term-autres-constructions portfolio-item one-third column\">\n\t\t\t\t\t\t\t\t\t<div class=\"portfolio-image\"><a href=\"https:\/\/thermiabarcelona.com\/wp-content\/uploads\/2016\/11\/WEB_PILATES.jpg\" class=\"prettyPhoto\" rel=\"prettyPhoto[portfolio]\" title=\"GYM\u00a0METROPOLITAN\"><div class=\"portfolio-image-img\"><img decoding=\"async\" src=\"https:\/\/thermiabarcelona.com\/wp-content\/uploads\/2016\/11\/WEB_PILATES-600x400.jpg\" alt=\"GYM\u00a0METROPOLITAN\" \/><\/div><div class=\"portfolio-overlay overlay-icon\"><\/div><i class=\"icon-minti-search\"><\/i><\/a><\/div>\n\t\t\t\t\t\t\t\t\t<h4><a href=\"https:\/\/thermiabarcelona.com\/fr\/proyectos-thermia\/gym-metropolitan\/\" title=\"GYM\u00a0METROPOLITAN\">GYM\u00a0METROPOLITAN<\/a><\/h4>\n\t\t\t\t\t\t\t\t\t<span class=\"portfolio-subtitle\"><\/span>\n\t\t\t\t\t\t\t\t<\/div>\n\n\t\t\t\t\t\t\t\t\t\t\t\t  \n\t\t\t\t\t\t\n\t\t\t\t\t\t\t\n\t\t\t\t\t\t\t\n\t\t\t\t\t\t\n\t\t\t\t\t\t\t\t\t\t\t\t\t\t\t\t\n\t\t\t\t\t\t\t\t   \n\n\t\t\t\t\t\t\t\t<div class=\"term-autres-constructions term-hotels-fr portfolio-item one-third column\">\n\t\t\t\t\t\t\t\t\t<div class=\"portfolio-image\"><a href=\"https:\/\/thermiabarcelona.com\/wp-content\/uploads\/2017\/02\/hotel-windham-destacada.jpg\" class=\"prettyPhoto\" rel=\"prettyPhoto[portfolio]\" title=\"H\u00d4TEL\u00a0WYNDHAM GRAND\u00a0CONDOR\u00a0**** SUP\"><div class=\"portfolio-image-img\"><img decoding=\"async\" src=\"https:\/\/thermiabarcelona.com\/wp-content\/uploads\/2017\/02\/hotel-windham-destacada-600x400.jpg\" alt=\"H\u00d4TEL\u00a0WYNDHAM GRAND\u00a0CONDOR\u00a0**** SUP\" \/><\/div><div class=\"portfolio-overlay overlay-icon\"><\/div><i class=\"icon-minti-search\"><\/i><\/a><\/div>\n\t\t\t\t\t\t\t\t\t<h4><a href=\"https:\/\/thermiabarcelona.com\/fr\/proyectos-thermia\/hotel-wyndham-grand-condor-sup\/\" title=\"H\u00d4TEL\u00a0WYNDHAM GRAND\u00a0CONDOR\u00a0**** SUP\">H\u00d4TEL\u00a0WYNDHAM GRAND\u00a0CONDOR\u00a0**** SUP<\/a><\/h4>\n\t\t\t\t\t\t\t\t\t<span class=\"portfolio-subtitle\"><\/span>\n\t\t\t\t\t\t\t\t<\/div>\n\n\t\t\t\t\t\t\t\t\t\t\t\t  \n\t\t\t\t\t\t\t\t\t\t\t<\/div>\n\n\t\t\t\t\t<\/div>\n\t\t\n\t\t<\/div>\n\t\t\t\n\t\t\t\t\t<div class=\"pagination-default\"><p class=\"hidden\"><\/p><\/div>\n\t\t\t\t\n\t\t[\/vc_column][\/vc_row]<\/p>\n<\/div>","protected":false},"excerpt":{"rendered":"<p>[vc_row][vc_column width=\u00a0\u00bb1\/1&Prime;][vc_column_text] Projets de fen\u00eatres\u00a0Thermia\u00ae pour autres constructions Le syst\u00e8me\u00a0Thermia\u00ae permet aux architectes et aux professionnels de donner vie \u00e0 tout type de projet et de cr\u00e9er des fermetures qui r\u00e9pondent \u00e0 des exigences qualitatives, fonctionnelles et de conception. Voici plusieurs exemples o\u00f9 les fen\u00eatres\u00a0Thermia\u00a0Barcelona ont \u00e9t\u00e9 utilis\u00e9es pour r\u00e9pondre \u00e0 ces exigences. [\/vc_column_text][\/vc_column][\/vc_row][vc_row bg_color=\u00a0\u00bb#ffffff\u00a0\u00bb section_arrow=\u00a0\u00bbfalse\u00a0\u00bb top_padding=\u00a0\u00bb20&Prime; bottom_padding=\u00a0\u00bb20&Prime;][vc_column bg_color=\u00a0\u00bb#ffffff\u00a0\u00bb column_padding=\u00a0\u00bbpadding-3&Prime; width=\u00a0\u00bb1\/1&Prime;][\/vc_column][\/vc_row]<\/p>\n","protected":false},"author":2,"featured_media":0,"parent":27105,"menu_order":0,"comment_status":"closed","ping_status":"closed","template":"","meta":{"footnotes":""},"class_list":["post-27115","page","type-page","status-publish","hentry"],"yoast_head":"<!-- This site is optimized with the Yoast SEO Premium plugin v26.7 (Yoast SEO v26.8) - https:\/\/yoast.com\/product\/yoast-seo-premium-wordpress\/ -->\n<title>Projets r\u00e9alis\u00e9s avec les fen\u00eatres\u00a0Thermia\u00ae | Fen\u00eatres et aluminium<\/title>\n<meta name=\"description\" content=\"D\u00e9couvrez les projets r\u00e9alis\u00e9s avec le syst\u00e8me pour fen\u00eatres\u00a0Thermia\u00ae. Nous r\u00e9pondons \u00e0 toute exigence, quel que soit le type de construction.\" \/>\n<meta name=\"robots\" content=\"index, follow, max-snippet:-1, max-image-preview:large, max-video-preview:-1\" \/>\n<link rel=\"canonical\" href=\"https:\/\/thermiabarcelona.com\/fr\/projets-architecturaux\/autres-constructions\/\" \/>\n<meta property=\"og:locale\" content=\"fr_FR\" \/>\n<meta property=\"og:type\" content=\"article\" \/>\n<meta property=\"og:title\" content=\"Autres constructions\" \/>\n<meta property=\"og:description\" content=\"D\u00e9couvrez les projets r\u00e9alis\u00e9s avec le syst\u00e8me pour fen\u00eatres\u00a0Thermia\u00ae. Nous r\u00e9pondons \u00e0 toute exigence, quel que soit le type de construction.\" \/>\n<meta property=\"og:url\" content=\"https:\/\/thermiabarcelona.com\/fr\/projets-architecturaux\/autres-constructions\/\" \/>\n<meta property=\"og:site_name\" content=\"Thermia Barcelona. Ventanas para vivir mejor\" \/>\n<meta property=\"article:publisher\" content=\"https:\/\/www.facebook.com\/thermiabarcelona\/\" \/>\n<meta property=\"article:modified_time\" content=\"2019-10-11T09:56:43+00:00\" \/>\n<meta name=\"twitter:card\" content=\"summary_large_image\" \/>\n<meta name=\"twitter:label1\" content=\"Dur\u00e9e de lecture estim\u00e9e\" \/>\n\t<meta name=\"twitter:data1\" content=\"1 minute\" \/>\n<script type=\"application\/ld+json\" class=\"yoast-schema-graph\">{\"@context\":\"https:\/\/schema.org\",\"@graph\":[{\"@type\":\"WebPage\",\"@id\":\"https:\/\/thermiabarcelona.com\/fr\/projets-architecturaux\/autres-constructions\/\",\"url\":\"https:\/\/thermiabarcelona.com\/fr\/projets-architecturaux\/autres-constructions\/\",\"name\":\"Projets r\u00e9alis\u00e9s avec les fen\u00eatres\u00a0Thermia\u00ae | Fen\u00eatres et aluminium\",\"isPartOf\":{\"@id\":\"https:\/\/thermiabarcelona.com\/#website\"},\"datePublished\":\"2019-09-03T08:39:58+00:00\",\"dateModified\":\"2019-10-11T09:56:43+00:00\",\"description\":\"D\u00e9couvrez les projets r\u00e9alis\u00e9s avec le syst\u00e8me pour fen\u00eatres\u00a0Thermia\u00ae. Nous r\u00e9pondons \u00e0 toute exigence, quel que soit le type de construction.\",\"breadcrumb\":{\"@id\":\"https:\/\/thermiabarcelona.com\/fr\/projets-architecturaux\/autres-constructions\/#breadcrumb\"},\"inLanguage\":\"fr-FR\",\"potentialAction\":[{\"@type\":\"ReadAction\",\"target\":[\"https:\/\/thermiabarcelona.com\/fr\/projets-architecturaux\/autres-constructions\/\"]}]},{\"@type\":\"BreadcrumbList\",\"@id\":\"https:\/\/thermiabarcelona.com\/fr\/projets-architecturaux\/autres-constructions\/#breadcrumb\",\"itemListElement\":[{\"@type\":\"ListItem\",\"position\":1,\"name\":\"Portada\",\"item\":\"https:\/\/thermiabarcelona.com\/\"},{\"@type\":\"ListItem\",\"position\":2,\"name\":\"Projets\",\"item\":\"https:\/\/thermiabarcelona.com\/fr\/projets-architecturaux\/\"},{\"@type\":\"ListItem\",\"position\":3,\"name\":\"Autres constructions\"}]},{\"@type\":\"WebSite\",\"@id\":\"https:\/\/thermiabarcelona.com\/#website\",\"url\":\"https:\/\/thermiabarcelona.com\/\",\"name\":\"Thermia Barcelona. Ventanas para vivir mejor\",\"description\":\"Ventanas de calidad, duraderas y f\u00e1ciles de fabricar. Dise\u00f1o.Confort.Silencio\",\"publisher\":{\"@id\":\"https:\/\/thermiabarcelona.com\/#organization\"},\"potentialAction\":[{\"@type\":\"SearchAction\",\"target\":{\"@type\":\"EntryPoint\",\"urlTemplate\":\"https:\/\/thermiabarcelona.com\/?s={search_term_string}\"},\"query-input\":{\"@type\":\"PropertyValueSpecification\",\"valueRequired\":true,\"valueName\":\"search_term_string\"}}],\"inLanguage\":\"fr-FR\"},{\"@type\":\"Organization\",\"@id\":\"https:\/\/thermiabarcelona.com\/#organization\",\"name\":\"Thermia Barcelona\",\"url\":\"https:\/\/thermiabarcelona.com\/\",\"logo\":{\"@type\":\"ImageObject\",\"inLanguage\":\"fr-FR\",\"@id\":\"https:\/\/thermiabarcelona.com\/#\/schema\/logo\/image\/\",\"url\":\"https:\/\/thermiabarcelona.com\/wp-content\/uploads\/2018\/08\/logo_thermia-1.jpg\",\"contentUrl\":\"https:\/\/thermiabarcelona.com\/wp-content\/uploads\/2018\/08\/logo_thermia-1.jpg\",\"width\":345,\"height\":158,\"caption\":\"Thermia Barcelona\"},\"image\":{\"@id\":\"https:\/\/thermiabarcelona.com\/#\/schema\/logo\/image\/\"},\"sameAs\":[\"https:\/\/www.facebook.com\/thermiabarcelona\/\",\"https:\/\/www.instagram.com\/thermiabarcelona\/\",\"https:\/\/es.linkedin.com\/company\/thermia-barcelona\",\"https:\/\/www.youtube.com\/thermiabarcelona\"]}]}<\/script>\n<!-- \/ Yoast SEO Premium plugin. -->","yoast_head_json":{"title":"Projets r\u00e9alis\u00e9s avec les fen\u00eatres\u00a0Thermia\u00ae | Fen\u00eatres et aluminium","description":"D\u00e9couvrez les projets r\u00e9alis\u00e9s avec le syst\u00e8me pour fen\u00eatres\u00a0Thermia\u00ae. Nous r\u00e9pondons \u00e0 toute exigence, quel que soit le type de construction.","robots":{"index":"index","follow":"follow","max-snippet":"max-snippet:-1","max-image-preview":"max-image-preview:large","max-video-preview":"max-video-preview:-1"},"canonical":"https:\/\/thermiabarcelona.com\/fr\/projets-architecturaux\/autres-constructions\/","og_locale":"fr_FR","og_type":"article","og_title":"Autres constructions","og_description":"D\u00e9couvrez les projets r\u00e9alis\u00e9s avec le syst\u00e8me pour fen\u00eatres\u00a0Thermia\u00ae. Nous r\u00e9pondons \u00e0 toute exigence, quel que soit le type de construction.","og_url":"https:\/\/thermiabarcelona.com\/fr\/projets-architecturaux\/autres-constructions\/","og_site_name":"Thermia Barcelona. Ventanas para vivir mejor","article_publisher":"https:\/\/www.facebook.com\/thermiabarcelona\/","article_modified_time":"2019-10-11T09:56:43+00:00","twitter_card":"summary_large_image","twitter_misc":{"Dur\u00e9e de lecture estim\u00e9e":"1 minute"},"schema":{"@context":"https:\/\/schema.org","@graph":[{"@type":"WebPage","@id":"https:\/\/thermiabarcelona.com\/fr\/projets-architecturaux\/autres-constructions\/","url":"https:\/\/thermiabarcelona.com\/fr\/projets-architecturaux\/autres-constructions\/","name":"Projets r\u00e9alis\u00e9s avec les fen\u00eatres\u00a0Thermia\u00ae | Fen\u00eatres et aluminium","isPartOf":{"@id":"https:\/\/thermiabarcelona.com\/#website"},"datePublished":"2019-09-03T08:39:58+00:00","dateModified":"2019-10-11T09:56:43+00:00","description":"D\u00e9couvrez les projets r\u00e9alis\u00e9s avec le syst\u00e8me pour fen\u00eatres\u00a0Thermia\u00ae. Nous r\u00e9pondons \u00e0 toute exigence, quel que soit le type de construction.","breadcrumb":{"@id":"https:\/\/thermiabarcelona.com\/fr\/projets-architecturaux\/autres-constructions\/#breadcrumb"},"inLanguage":"fr-FR","potentialAction":[{"@type":"ReadAction","target":["https:\/\/thermiabarcelona.com\/fr\/projets-architecturaux\/autres-constructions\/"]}]},{"@type":"BreadcrumbList","@id":"https:\/\/thermiabarcelona.com\/fr\/projets-architecturaux\/autres-constructions\/#breadcrumb","itemListElement":[{"@type":"ListItem","position":1,"name":"Portada","item":"https:\/\/thermiabarcelona.com\/"},{"@type":"ListItem","position":2,"name":"Projets","item":"https:\/\/thermiabarcelona.com\/fr\/projets-architecturaux\/"},{"@type":"ListItem","position":3,"name":"Autres constructions"}]},{"@type":"WebSite","@id":"https:\/\/thermiabarcelona.com\/#website","url":"https:\/\/thermiabarcelona.com\/","name":"Thermia Barcelona. Ventanas para vivir mejor","description":"Ventanas de calidad, duraderas y f\u00e1ciles de fabricar. Dise\u00f1o.Confort.Silencio","publisher":{"@id":"https:\/\/thermiabarcelona.com\/#organization"},"potentialAction":[{"@type":"SearchAction","target":{"@type":"EntryPoint","urlTemplate":"https:\/\/thermiabarcelona.com\/?s={search_term_string}"},"query-input":{"@type":"PropertyValueSpecification","valueRequired":true,"valueName":"search_term_string"}}],"inLanguage":"fr-FR"},{"@type":"Organization","@id":"https:\/\/thermiabarcelona.com\/#organization","name":"Thermia Barcelona","url":"https:\/\/thermiabarcelona.com\/","logo":{"@type":"ImageObject","inLanguage":"fr-FR","@id":"https:\/\/thermiabarcelona.com\/#\/schema\/logo\/image\/","url":"https:\/\/thermiabarcelona.com\/wp-content\/uploads\/2018\/08\/logo_thermia-1.jpg","contentUrl":"https:\/\/thermiabarcelona.com\/wp-content\/uploads\/2018\/08\/logo_thermia-1.jpg","width":345,"height":158,"caption":"Thermia Barcelona"},"image":{"@id":"https:\/\/thermiabarcelona.com\/#\/schema\/logo\/image\/"},"sameAs":["https:\/\/www.facebook.com\/thermiabarcelona\/","https:\/\/www.instagram.com\/thermiabarcelona\/","https:\/\/es.linkedin.com\/company\/thermia-barcelona","https:\/\/www.youtube.com\/thermiabarcelona"]}]}},"_links":{"self":[{"href":"https:\/\/thermiabarcelona.com\/fr\/wp-json\/wp\/v2\/pages\/27115","targetHints":{"allow":["GET"]}}],"collection":[{"href":"https:\/\/thermiabarcelona.com\/fr\/wp-json\/wp\/v2\/pages"}],"about":[{"href":"https:\/\/thermiabarcelona.com\/fr\/wp-json\/wp\/v2\/types\/page"}],"author":[{"embeddable":true,"href":"https:\/\/thermiabarcelona.com\/fr\/wp-json\/wp\/v2\/users\/2"}],"replies":[{"embeddable":true,"href":"https:\/\/thermiabarcelona.com\/fr\/wp-json\/wp\/v2\/comments?post=27115"}],"version-history":[{"count":0,"href":"https:\/\/thermiabarcelona.com\/fr\/wp-json\/wp\/v2\/pages\/27115\/revisions"}],"up":[{"embeddable":true,"href":"https:\/\/thermiabarcelona.com\/fr\/wp-json\/wp\/v2\/pages\/27105"}],"wp:attachment":[{"href":"https:\/\/thermiabarcelona.com\/fr\/wp-json\/wp\/v2\/media?parent=27115"}],"curies":[{"name":"wp","href":"https:\/\/api.w.org\/{rel}","templated":true}]}}