{"id":27111,"date":"2019-09-03T08:39:29","date_gmt":"2019-09-03T08:39:29","guid":{"rendered":"https:\/\/thermiabarcelona.com\/projets\/restaurants\/"},"modified":"2019-10-11T10:09:15","modified_gmt":"2019-10-11T10:09:15","slug":"restaurants","status":"publish","type":"page","link":"https:\/\/thermiabarcelona.com\/fr\/projets-architecturaux\/restaurants\/","title":{"rendered":"Restaurants"},"content":{"rendered":"<div class=\"wpb-content-wrapper\"><p>[vc_row][vc_column width=\u00a0\u00bb1\/1&Prime;][vc_column_text]<\/p>\n<h1 style=\"text-align: center;\"><span style=\"color: #000f2c;\"><strong>Projets de fen\u00eatres\u00a0Thermia\u00ae pour restaurants<br \/><\/strong><\/span><\/h1>\n<p style=\"text-align: center;\"><span style=\"color: #000f2c;\"><strong>Le syst\u00e8me\u00a0Thermia\u00ae<\/strong> permet aux architectes et aux professionnels de donner vie \u00e0 tout type de projet et de cr\u00e9er des fermetures qui r\u00e9pondent \u00e0 des exigences qualitatives, fonctionnelles et de conception. Voici plusieurs exemples de restaurants o\u00f9 les fen\u00eatres\u00a0Thermia\u00a0Barcelona ont \u00e9t\u00e9 utilis\u00e9es pour r\u00e9pondre \u00e0 ces exigences.<\/span><\/p>\n<p>[\/vc_column_text][\/vc_column][\/vc_row][vc_row bg_color=\u00a0\u00bb#ffffff\u00a0\u00bb section_arrow=\u00a0\u00bbfalse\u00a0\u00bb top_padding=\u00a0\u00bb20&Prime; bottom_padding=\u00a0\u00bb20&Prime;][vc_column bg_color=\u00a0\u00bb#ffffff\u00a0\u00bb column_padding=\u00a0\u00bbpadding-3&Prime; width=\u00a0\u00bb1\/1&Prime;]\n\t\t<div class=\"portfolio-element\">\n\n\t\t\n\t\t\t\t\t<div class=\"container\">\n\t\t\n\t\t\t\t\t<div id=\"559869267\" class=\"portfolio-items portfolio-default portfolio-overlay-icon clearfix\" data-id=\"559869267\">  \n\t\t\t\t\t\t\n\t\t\t\t\t\t\t\n\t\t\t\t\t\t\t\n\t\t\t\t\t\t\n\t\t\t\t\t\t\t\t\t\t\t\t\t\t\t\t\n\t\t\t\t\t\t\t\t   \n\n\t\t\t\t\t\t\t\t<div class=\"term-restaurants-fr portfolio-item one-third column\">\n\t\t\t\t\t\t\t\t\t<div class=\"portfolio-image\"><a href=\"https:\/\/thermiabarcelona.com\/fr\/proyectos-thermia\/restaurant-papillon\/\" title=\"RESTAURANT\u00a0PAPILLON\"><div class=\"portfolio-image-img\"><img decoding=\"async\" src=\"\" alt=\"RESTAURANT\u00a0PAPILLON\" \/><\/div><div class=\"portfolio-overlay overlay-icon\"><\/div><i class=\"icon-minti-plus\"><\/i><\/a><\/div>\n\t\t\t\t\t\t\t\t\t<h4><a href=\"https:\/\/thermiabarcelona.com\/fr\/proyectos-thermia\/restaurant-papillon\/\" title=\"RESTAURANT\u00a0PAPILLON\">RESTAURANT\u00a0PAPILLON<\/a><\/h4>\n\t\t\t\t\t\t\t\t\t<span class=\"portfolio-subtitle\"><\/span>\n\t\t\t\t\t\t\t\t<\/div>\n\n\t\t\t\t\t\t\t\t\t\t\t\t  \n\t\t\t\t\t\t\n\t\t\t\t\t\t\t\n\t\t\t\t\t\t\t\n\t\t\t\t\t\t\n\t\t\t\t\t\t\t\t\t\t\t\t\t\t\t\t\n\t\t\t\t\t\t\t\t   \n\n\t\t\t\t\t\t\t\t<div class=\"term-restaurants-fr portfolio-item one-third column\">\n\t\t\t\t\t\t\t\t\t<div class=\"portfolio-image\"><a href=\"https:\/\/thermiabarcelona.com\/fr\/proyectos-thermia\/costa-coffee\/\" title=\"COSTA\u00a0COFFEE\"><div class=\"portfolio-image-img\"><img decoding=\"async\" src=\"\" alt=\"COSTA\u00a0COFFEE\" \/><\/div><div class=\"portfolio-overlay overlay-icon\"><\/div><i class=\"icon-minti-plus\"><\/i><\/a><\/div>\n\t\t\t\t\t\t\t\t\t<h4><a href=\"https:\/\/thermiabarcelona.com\/fr\/proyectos-thermia\/costa-coffee\/\" title=\"COSTA\u00a0COFFEE\">COSTA\u00a0COFFEE<\/a><\/h4>\n\t\t\t\t\t\t\t\t\t<span class=\"portfolio-subtitle\"><\/span>\n\t\t\t\t\t\t\t\t<\/div>\n\n\t\t\t\t\t\t\t\t\t\t\t\t  \n\t\t\t\t\t\t\n\t\t\t\t\t\t\t\n\t\t\t\t\t\t\t\n\t\t\t\t\t\t\n\t\t\t\t\t\t\t\t\t\t\t\t\t\t\t\t\n\t\t\t\t\t\t\t\t   \n\n\t\t\t\t\t\t\t\t<div class=\"term-restaurants-fr portfolio-item one-third column\">\n\t\t\t\t\t\t\t\t\t<div class=\"portfolio-image\"><a href=\"https:\/\/thermiabarcelona.com\/fr\/proyectos-thermia\/bar-restaurant-lamurada\/\" title=\"BAR-RESTAURANT\u00a0LAMURADA\"><div class=\"portfolio-image-img\"><img decoding=\"async\" src=\"\" alt=\"BAR-RESTAURANT\u00a0LAMURADA\" \/><\/div><div class=\"portfolio-overlay overlay-icon\"><\/div><i class=\"icon-minti-plus\"><\/i><\/a><\/div>\n\t\t\t\t\t\t\t\t\t<h4><a href=\"https:\/\/thermiabarcelona.com\/fr\/proyectos-thermia\/bar-restaurant-lamurada\/\" title=\"BAR-RESTAURANT\u00a0LAMURADA\">BAR-RESTAURANT\u00a0LAMURADA<\/a><\/h4>\n\t\t\t\t\t\t\t\t\t<span class=\"portfolio-subtitle\"><\/span>\n\t\t\t\t\t\t\t\t<\/div>\n\n\t\t\t\t\t\t\t\t\t\t\t\t  \n\t\t\t\t\t\t\n\t\t\t\t\t\t\t\n\t\t\t\t\t\t\t\n\t\t\t\t\t\t\n\t\t\t\t\t\t\t\t\t\t\t\t\t\t\t\t\n\t\t\t\t\t\t\t\t   \n\n\t\t\t\t\t\t\t\t<div class=\"term-fenetres-a-la-francaise term-restaurants-fr portfolio-item one-third column\">\n\t\t\t\t\t\t\t\t\t<div class=\"portfolio-image\"><a href=\"https:\/\/thermiabarcelona.com\/fr\/proyectos-thermia\/restaurant-sa-pedrera-des-pujol\/\" title=\"RESTAURANT\u00a0SA\u00a0PEDRERA D&rsquo;ES PUJOL\"><div class=\"portfolio-image-img\"><img decoding=\"async\" src=\"\" alt=\"RESTAURANT\u00a0SA\u00a0PEDRERA D&rsquo;ES PUJOL\" \/><\/div><div class=\"portfolio-overlay overlay-icon\"><\/div><i class=\"icon-minti-plus\"><\/i><\/a><\/div>\n\t\t\t\t\t\t\t\t\t<h4><a href=\"https:\/\/thermiabarcelona.com\/fr\/proyectos-thermia\/restaurant-sa-pedrera-des-pujol\/\" title=\"RESTAURANT\u00a0SA\u00a0PEDRERA D&rsquo;ES PUJOL\">RESTAURANT\u00a0SA\u00a0PEDRERA D&rsquo;ES PUJOL<\/a><\/h4>\n\t\t\t\t\t\t\t\t\t<span class=\"portfolio-subtitle\"><\/span>\n\t\t\t\t\t\t\t\t<\/div>\n\n\t\t\t\t\t\t\t\t\t\t\t\t  \n\t\t\t\t\t\t\n\t\t\t\t\t\t\t\n\t\t\t\t\t\t\t\n\t\t\t\t\t\t\n\t\t\t\t\t\t\t\t\t\t\t\t\t\t\t\t\n\t\t\t\t\t\t\t\t   \n\n\t\t\t\t\t\t\t\t<div class=\"term-restaurants-fr portfolio-item one-third column\">\n\t\t\t\t\t\t\t\t\t<div class=\"portfolio-image\"><a href=\"https:\/\/thermiabarcelona.com\/fr\/proyectos-thermia\/restaurant-aradi\/\" title=\"RESTAURANT\u00a0ARADI\"><div class=\"portfolio-image-img\"><img decoding=\"async\" src=\"\" alt=\"RESTAURANT\u00a0ARADI\" \/><\/div><div class=\"portfolio-overlay overlay-icon\"><\/div><i class=\"icon-minti-plus\"><\/i><\/a><\/div>\n\t\t\t\t\t\t\t\t\t<h4><a href=\"https:\/\/thermiabarcelona.com\/fr\/proyectos-thermia\/restaurant-aradi\/\" title=\"RESTAURANT\u00a0ARADI\">RESTAURANT\u00a0ARADI<\/a><\/h4>\n\t\t\t\t\t\t\t\t\t<span class=\"portfolio-subtitle\"><\/span>\n\t\t\t\t\t\t\t\t<\/div>\n\n\t\t\t\t\t\t\t\t\t\t\t\t  \n\t\t\t\t\t\t\n\t\t\t\t\t\t\t\n\t\t\t\t\t\t\t\n\t\t\t\t\t\t\n\t\t\t\t\t\t\t\t\t\t\t\t\t\t\t\t\n\t\t\t\t\t\t\t\t   \n\n\t\t\t\t\t\t\t\t<div class=\"term-restaurants-fr portfolio-item one-third column\">\n\t\t\t\t\t\t\t\t\t<div class=\"portfolio-image\"><a href=\"https:\/\/thermiabarcelona.com\/fr\/proyectos-thermia\/restaurant-lizarran\/\" title=\"RESTAURANT\u00a0LIZARRAN\"><div class=\"portfolio-image-img\"><img decoding=\"async\" src=\"\" alt=\"RESTAURANT\u00a0LIZARRAN\" \/><\/div><div class=\"portfolio-overlay overlay-icon\"><\/div><i class=\"icon-minti-plus\"><\/i><\/a><\/div>\n\t\t\t\t\t\t\t\t\t<h4><a href=\"https:\/\/thermiabarcelona.com\/fr\/proyectos-thermia\/restaurant-lizarran\/\" title=\"RESTAURANT\u00a0LIZARRAN\">RESTAURANT\u00a0LIZARRAN<\/a><\/h4>\n\t\t\t\t\t\t\t\t\t<span class=\"portfolio-subtitle\"><\/span>\n\t\t\t\t\t\t\t\t<\/div>\n\n\t\t\t\t\t\t\t\t\t\t\t\t  \n\t\t\t\t\t\t\t\t\t\t\t<\/div>\n\n\t\t\t\t\t<\/div>\n\t\t\n\t\t<\/div>\n\t\t\t\n\t\t\t\t\t<div class=\"pagination-default\"><p class=\"hidden\"><\/p><\/div>\n\t\t\t\t\n\t\t[\/vc_column][\/vc_row]<\/p>\n<\/div>","protected":false},"excerpt":{"rendered":"<p>[vc_row][vc_column width=\u00a0\u00bb1\/1&Prime;][vc_column_text] Projets de fen\u00eatres\u00a0Thermia\u00ae pour restaurants Le syst\u00e8me\u00a0Thermia\u00ae permet aux architectes et aux professionnels de donner vie \u00e0 tout type de projet et de cr\u00e9er des fermetures qui r\u00e9pondent \u00e0 des exigences qualitatives, fonctionnelles et de conception. Voici plusieurs exemples de restaurants o\u00f9 les fen\u00eatres\u00a0Thermia\u00a0Barcelona ont \u00e9t\u00e9 utilis\u00e9es pour r\u00e9pondre \u00e0 ces exigences. [\/vc_column_text][\/vc_column][\/vc_row][vc_row bg_color=\u00a0\u00bb#ffffff\u00a0\u00bb section_arrow=\u00a0\u00bbfalse\u00a0\u00bb top_padding=\u00a0\u00bb20&Prime; bottom_padding=\u00a0\u00bb20&Prime;][vc_column bg_color=\u00a0\u00bb#ffffff\u00a0\u00bb column_padding=\u00a0\u00bbpadding-3&Prime; width=\u00a0\u00bb1\/1&Prime;][\/vc_column][\/vc_row]<\/p>\n","protected":false},"author":2,"featured_media":0,"parent":27105,"menu_order":0,"comment_status":"closed","ping_status":"closed","template":"","meta":{"footnotes":""},"class_list":["post-27111","page","type-page","status-publish","hentry"],"yoast_head":"<!-- This site is optimized with the Yoast SEO Premium plugin v26.7 (Yoast SEO v27.3) - https:\/\/yoast.com\/product\/yoast-seo-premium-wordpress\/ -->\n<title>Projets de fen\u00eatres\u00a0Thermia\u00ae dans des restaurants | Fen\u00eatres en aluminium<\/title>\n<meta name=\"description\" content=\"Voici plusieurs exemples de restaurants o\u00f9 les fen\u00eatres en aluminium\u00a0Thermia\u00a0Barcelona ont \u00e9t\u00e9 utilis\u00e9es pour r\u00e9pondre \u00e0 ces exigences.\" \/>\n<meta name=\"robots\" content=\"index, follow, max-snippet:-1, max-image-preview:large, max-video-preview:-1\" \/>\n<link rel=\"canonical\" href=\"https:\/\/thermiabarcelona.com\/fr\/projets-architecturaux\/restaurants\/\" \/>\n<meta property=\"og:locale\" content=\"fr_FR\" \/>\n<meta property=\"og:type\" content=\"article\" \/>\n<meta property=\"og:title\" content=\"Restaurants\" \/>\n<meta property=\"og:description\" content=\"Voici plusieurs exemples de restaurants o\u00f9 les fen\u00eatres en aluminium\u00a0Thermia\u00a0Barcelona ont \u00e9t\u00e9 utilis\u00e9es pour r\u00e9pondre \u00e0 ces exigences.\" \/>\n<meta property=\"og:url\" content=\"https:\/\/thermiabarcelona.com\/fr\/projets-architecturaux\/restaurants\/\" \/>\n<meta property=\"og:site_name\" content=\"Thermia Barcelona. Ventanas para vivir mejor\" \/>\n<meta property=\"article:publisher\" content=\"https:\/\/www.facebook.com\/thermiabarcelona\/\" \/>\n<meta property=\"article:modified_time\" content=\"2019-10-11T10:09:15+00:00\" \/>\n<meta name=\"twitter:card\" content=\"summary_large_image\" \/>\n<meta name=\"twitter:label1\" content=\"Dur\u00e9e de lecture estim\u00e9e\" \/>\n\t<meta name=\"twitter:data1\" content=\"1 minute\" \/>\n<script type=\"application\/ld+json\" class=\"yoast-schema-graph\">{\"@context\":\"https:\\\/\\\/schema.org\",\"@graph\":[{\"@type\":\"WebPage\",\"@id\":\"https:\\\/\\\/thermiabarcelona.com\\\/fr\\\/projets-architecturaux\\\/restaurants\\\/\",\"url\":\"https:\\\/\\\/thermiabarcelona.com\\\/fr\\\/projets-architecturaux\\\/restaurants\\\/\",\"name\":\"Projets de fen\u00eatres\u00a0Thermia\u00ae dans des restaurants | Fen\u00eatres en aluminium\",\"isPartOf\":{\"@id\":\"https:\\\/\\\/thermiabarcelona.com\\\/#website\"},\"datePublished\":\"2019-09-03T08:39:29+00:00\",\"dateModified\":\"2019-10-11T10:09:15+00:00\",\"description\":\"Voici plusieurs exemples de restaurants o\u00f9 les fen\u00eatres en aluminium\u00a0Thermia\u00a0Barcelona ont \u00e9t\u00e9 utilis\u00e9es pour r\u00e9pondre \u00e0 ces exigences.\",\"breadcrumb\":{\"@id\":\"https:\\\/\\\/thermiabarcelona.com\\\/fr\\\/projets-architecturaux\\\/restaurants\\\/#breadcrumb\"},\"inLanguage\":\"fr-FR\",\"potentialAction\":[{\"@type\":\"ReadAction\",\"target\":[\"https:\\\/\\\/thermiabarcelona.com\\\/fr\\\/projets-architecturaux\\\/restaurants\\\/\"]}]},{\"@type\":\"BreadcrumbList\",\"@id\":\"https:\\\/\\\/thermiabarcelona.com\\\/fr\\\/projets-architecturaux\\\/restaurants\\\/#breadcrumb\",\"itemListElement\":[{\"@type\":\"ListItem\",\"position\":1,\"name\":\"Portada\",\"item\":\"https:\\\/\\\/thermiabarcelona.com\\\/\"},{\"@type\":\"ListItem\",\"position\":2,\"name\":\"Projets\",\"item\":\"https:\\\/\\\/thermiabarcelona.com\\\/fr\\\/projets-architecturaux\\\/\"},{\"@type\":\"ListItem\",\"position\":3,\"name\":\"Restaurants\"}]},{\"@type\":\"WebSite\",\"@id\":\"https:\\\/\\\/thermiabarcelona.com\\\/#website\",\"url\":\"https:\\\/\\\/thermiabarcelona.com\\\/\",\"name\":\"Thermia Barcelona. Ventanas para vivir mejor\",\"description\":\"Ventanas de calidad, duraderas y f\u00e1ciles de fabricar. Dise\u00f1o.Confort.Silencio\",\"publisher\":{\"@id\":\"https:\\\/\\\/thermiabarcelona.com\\\/#organization\"},\"potentialAction\":[{\"@type\":\"SearchAction\",\"target\":{\"@type\":\"EntryPoint\",\"urlTemplate\":\"https:\\\/\\\/thermiabarcelona.com\\\/?s={search_term_string}\"},\"query-input\":{\"@type\":\"PropertyValueSpecification\",\"valueRequired\":true,\"valueName\":\"search_term_string\"}}],\"inLanguage\":\"fr-FR\"},{\"@type\":\"Organization\",\"@id\":\"https:\\\/\\\/thermiabarcelona.com\\\/#organization\",\"name\":\"Thermia Barcelona\",\"url\":\"https:\\\/\\\/thermiabarcelona.com\\\/\",\"logo\":{\"@type\":\"ImageObject\",\"inLanguage\":\"fr-FR\",\"@id\":\"https:\\\/\\\/thermiabarcelona.com\\\/#\\\/schema\\\/logo\\\/image\\\/\",\"url\":\"https:\\\/\\\/thermiabarcelona.com\\\/wp-content\\\/uploads\\\/2018\\\/08\\\/logo_thermia-1.jpg\",\"contentUrl\":\"https:\\\/\\\/thermiabarcelona.com\\\/wp-content\\\/uploads\\\/2018\\\/08\\\/logo_thermia-1.jpg\",\"width\":345,\"height\":158,\"caption\":\"Thermia Barcelona\"},\"image\":{\"@id\":\"https:\\\/\\\/thermiabarcelona.com\\\/#\\\/schema\\\/logo\\\/image\\\/\"},\"sameAs\":[\"https:\\\/\\\/www.facebook.com\\\/thermiabarcelona\\\/\",\"https:\\\/\\\/www.instagram.com\\\/thermiabarcelona\\\/\",\"https:\\\/\\\/es.linkedin.com\\\/company\\\/thermia-barcelona\",\"https:\\\/\\\/www.youtube.com\\\/thermiabarcelona\"]}]}<\/script>\n<!-- \/ Yoast SEO Premium plugin. -->","yoast_head_json":{"title":"Projets de fen\u00eatres\u00a0Thermia\u00ae dans des restaurants | Fen\u00eatres en aluminium","description":"Voici plusieurs exemples de restaurants o\u00f9 les fen\u00eatres en aluminium\u00a0Thermia\u00a0Barcelona ont \u00e9t\u00e9 utilis\u00e9es pour r\u00e9pondre \u00e0 ces exigences.","robots":{"index":"index","follow":"follow","max-snippet":"max-snippet:-1","max-image-preview":"max-image-preview:large","max-video-preview":"max-video-preview:-1"},"canonical":"https:\/\/thermiabarcelona.com\/fr\/projets-architecturaux\/restaurants\/","og_locale":"fr_FR","og_type":"article","og_title":"Restaurants","og_description":"Voici plusieurs exemples de restaurants o\u00f9 les fen\u00eatres en aluminium\u00a0Thermia\u00a0Barcelona ont \u00e9t\u00e9 utilis\u00e9es pour r\u00e9pondre \u00e0 ces exigences.","og_url":"https:\/\/thermiabarcelona.com\/fr\/projets-architecturaux\/restaurants\/","og_site_name":"Thermia Barcelona. Ventanas para vivir mejor","article_publisher":"https:\/\/www.facebook.com\/thermiabarcelona\/","article_modified_time":"2019-10-11T10:09:15+00:00","twitter_card":"summary_large_image","twitter_misc":{"Dur\u00e9e de lecture estim\u00e9e":"1 minute"},"schema":{"@context":"https:\/\/schema.org","@graph":[{"@type":"WebPage","@id":"https:\/\/thermiabarcelona.com\/fr\/projets-architecturaux\/restaurants\/","url":"https:\/\/thermiabarcelona.com\/fr\/projets-architecturaux\/restaurants\/","name":"Projets de fen\u00eatres\u00a0Thermia\u00ae dans des restaurants | Fen\u00eatres en aluminium","isPartOf":{"@id":"https:\/\/thermiabarcelona.com\/#website"},"datePublished":"2019-09-03T08:39:29+00:00","dateModified":"2019-10-11T10:09:15+00:00","description":"Voici plusieurs exemples de restaurants o\u00f9 les fen\u00eatres en aluminium\u00a0Thermia\u00a0Barcelona ont \u00e9t\u00e9 utilis\u00e9es pour r\u00e9pondre \u00e0 ces exigences.","breadcrumb":{"@id":"https:\/\/thermiabarcelona.com\/fr\/projets-architecturaux\/restaurants\/#breadcrumb"},"inLanguage":"fr-FR","potentialAction":[{"@type":"ReadAction","target":["https:\/\/thermiabarcelona.com\/fr\/projets-architecturaux\/restaurants\/"]}]},{"@type":"BreadcrumbList","@id":"https:\/\/thermiabarcelona.com\/fr\/projets-architecturaux\/restaurants\/#breadcrumb","itemListElement":[{"@type":"ListItem","position":1,"name":"Portada","item":"https:\/\/thermiabarcelona.com\/"},{"@type":"ListItem","position":2,"name":"Projets","item":"https:\/\/thermiabarcelona.com\/fr\/projets-architecturaux\/"},{"@type":"ListItem","position":3,"name":"Restaurants"}]},{"@type":"WebSite","@id":"https:\/\/thermiabarcelona.com\/#website","url":"https:\/\/thermiabarcelona.com\/","name":"Thermia Barcelona. Ventanas para vivir mejor","description":"Ventanas de calidad, duraderas y f\u00e1ciles de fabricar. Dise\u00f1o.Confort.Silencio","publisher":{"@id":"https:\/\/thermiabarcelona.com\/#organization"},"potentialAction":[{"@type":"SearchAction","target":{"@type":"EntryPoint","urlTemplate":"https:\/\/thermiabarcelona.com\/?s={search_term_string}"},"query-input":{"@type":"PropertyValueSpecification","valueRequired":true,"valueName":"search_term_string"}}],"inLanguage":"fr-FR"},{"@type":"Organization","@id":"https:\/\/thermiabarcelona.com\/#organization","name":"Thermia Barcelona","url":"https:\/\/thermiabarcelona.com\/","logo":{"@type":"ImageObject","inLanguage":"fr-FR","@id":"https:\/\/thermiabarcelona.com\/#\/schema\/logo\/image\/","url":"https:\/\/thermiabarcelona.com\/wp-content\/uploads\/2018\/08\/logo_thermia-1.jpg","contentUrl":"https:\/\/thermiabarcelona.com\/wp-content\/uploads\/2018\/08\/logo_thermia-1.jpg","width":345,"height":158,"caption":"Thermia Barcelona"},"image":{"@id":"https:\/\/thermiabarcelona.com\/#\/schema\/logo\/image\/"},"sameAs":["https:\/\/www.facebook.com\/thermiabarcelona\/","https:\/\/www.instagram.com\/thermiabarcelona\/","https:\/\/es.linkedin.com\/company\/thermia-barcelona","https:\/\/www.youtube.com\/thermiabarcelona"]}]}},"_links":{"self":[{"href":"https:\/\/thermiabarcelona.com\/fr\/wp-json\/wp\/v2\/pages\/27111","targetHints":{"allow":["GET"]}}],"collection":[{"href":"https:\/\/thermiabarcelona.com\/fr\/wp-json\/wp\/v2\/pages"}],"about":[{"href":"https:\/\/thermiabarcelona.com\/fr\/wp-json\/wp\/v2\/types\/page"}],"author":[{"embeddable":true,"href":"https:\/\/thermiabarcelona.com\/fr\/wp-json\/wp\/v2\/users\/2"}],"replies":[{"embeddable":true,"href":"https:\/\/thermiabarcelona.com\/fr\/wp-json\/wp\/v2\/comments?post=27111"}],"version-history":[{"count":0,"href":"https:\/\/thermiabarcelona.com\/fr\/wp-json\/wp\/v2\/pages\/27111\/revisions"}],"up":[{"embeddable":true,"href":"https:\/\/thermiabarcelona.com\/fr\/wp-json\/wp\/v2\/pages\/27105"}],"wp:attachment":[{"href":"https:\/\/thermiabarcelona.com\/fr\/wp-json\/wp\/v2\/media?parent=27111"}],"curies":[{"name":"wp","href":"https:\/\/api.w.org\/{rel}","templated":true}]}}