{"id":27091,"date":"2019-09-03T08:36:24","date_gmt":"2019-09-03T08:36:24","guid":{"rendered":"https:\/\/thermiabarcelona.com\/entreprise\/"},"modified":"2019-11-18T13:56:51","modified_gmt":"2019-11-18T13:56:51","slug":"entreprise","status":"publish","type":"page","link":"https:\/\/thermiabarcelona.com\/fr\/entreprise\/","title":{"rendered":"Entreprise"},"content":{"rendered":"<div class=\"wpb-content-wrapper\"><p>[vc_row][vc_column width=\u00a0\u00bb1\/1&Prime;]<div class=\"spacer\" style=\"height: 40px;\"><\/div>[\/vc_column][\/vc_row][vc_row][vc_column width=\u00a0\u00bb1\/4&Prime;]<div class=\"single_image wpb_content_element align-left   image_opacity \" data-animation=\"none\" data-delay=\"0\"><img fetchpriority=\"high\" decoding=\"async\" width=\"1021\" height=\"699\" src=\"https:\/\/thermiabarcelona.com\/wp-content\/uploads\/2017\/01\/ThermiaBarcelona-oficinas01.jpg\" class=\"attachment-full\" alt=\"oficinas thermia\" title=\"ThermiaBarcelona-oficinas01\" srcset=\"https:\/\/thermiabarcelona.com\/wp-content\/uploads\/2017\/01\/ThermiaBarcelona-oficinas01.jpg 1021w, https:\/\/thermiabarcelona.com\/wp-content\/uploads\/2017\/01\/ThermiaBarcelona-oficinas01-300x205.jpg 300w, https:\/\/thermiabarcelona.com\/wp-content\/uploads\/2017\/01\/ThermiaBarcelona-oficinas01-768x526.jpg 768w\" sizes=\"(max-width: 1021px) 100vw, 1021px\" \/><\/div>[\/vc_column][vc_column width=\u00a0\u00bb3\/4&Prime;][vc_column_text]<\/p>\n<h1>UN PETIT PEU D\u2019HISTOIRE CONCERNANT THERMIA\u00a0BARCELONA<\/h1>\n<p class=\"p1\"><span class=\"s1\"><strong>Thermia\u00a0Barcelona<\/strong><\/span><\/p>\n<p>L\u2019entreprise a \u00e9t\u00e9 fond\u00e9e il y a 35\u00a0ans par deux fr\u00e8res, Xavier et Josep\u00a0Maria\u00a0Blasi. Tout a commenc\u00e9 dans un petit entrep\u00f4t familial d\u2019environ 40\u00a0m\u00b2, o\u00f9 ils vendaient quelques composants pour fen\u00eatres en aluminium. Il leur apparaissait \u00e9vident qu\u2019il s\u2019agissait d\u2019un march\u00e9 \u00e9mergent et, malgr\u00e9 les premi\u00e8res contraintes et difficult\u00e9s, ils ont pu consolider l\u2019entreprise. Apr\u00e8s quelques ann\u00e9es, ils ont commenc\u00e9 \u00e0 vendre et distribuer des profil\u00e9s en aluminium pour les ateliers de fabrication de fen\u00eatres. Convaincus que les produits existants pouvaient \u00eatre am\u00e9lior\u00e9s et puisqu\u2019ils disposaient d\u2019un bureau d\u2019\u00e9tudes, ils ont d\u00e9cid\u00e9 de concevoir leurs propres syst\u00e8mes en aluminium. C\u2019est ainsi qu\u2019est n\u00e9 Thermia\u00a0Barcelona.<\/p>\n<h6>MISSION<\/h6>\n<p>Notre objectif est de proposer \u00e0 tous les professionnels du secteur des fen\u00eatres de qualit\u00e9 certifi\u00e9e, polyvalentes et capables de fournir une solution \u00e0 tout type de projet. Conscients de la complexit\u00e9 que pr\u00e9sente l\u2019\u00e9laboration de fen\u00eatres, nous nous \u00e9vertuons \u00e0 garantir un soutien constant et une communication fluide avec tous ses clients.<\/p>\n<h6>VISION<\/h6>\n<p>Pour nous, une fen\u00eatre doit accomplir plusieurs fonctions. Elle doit cr\u00e9er des espaces l\u00e0 o\u00f9 il n\u2019y en avait pas, laisser la lumi\u00e8re naturelle inonder le foyer, \u00eatre isolante afin de vous prot\u00e9ger du froid et de la chaleur, installer une atmosph\u00e8re o\u00f9 r\u00e8gne le silence, \u00eatre d\u2019un style qui s\u2019accorde avec le reste de l\u2019architecture et permettre de r\u00e9aliser des \u00e9conomies d\u2019\u00e9nergie. En somme, une fen\u00eatre doit permettre de cr\u00e9er des foyers confortables et fonctionnels en d\u00e9ployant le moins d\u2019efforts. <strong>Pour nous, une fen\u00eatre doit \u00eatre un outil pour jouir d\u2019un plus grand confort.<\/strong>[\/vc_column_text][\/vc_column][\/vc_row][vc_row][vc_column width=\u00a0\u00bb1\/1&Prime;]<div class=\"spacer\" style=\"height: 50px;\"><\/div>[\/vc_column][\/vc_row][vc_row][vc_column width=\u00a0\u00bb1\/3&Prime;][\/vc_column][vc_column width=\u00a0\u00bb1\/3&Prime;]<a href=\"https:\/\/thermiabarcelona.com\/fr\/equipe\/\" target=\"_self\" class=\"button orange medium \" style=\"border-radius: 2px;\">Notre \u00e9quipe<\/a>[\/vc_column][vc_column width=\u00a0\u00bb1\/3&Prime;]<a href=\"https:\/\/thermiabarcelona.com\/fr\/installations\/\" target=\"_self\" class=\"button orange medium \" style=\"border-radius: 2px;\">Nos installations<\/a>[\/vc_column][\/vc_row]<\/p>\n<\/div>","protected":false},"excerpt":{"rendered":"<p>[vc_row][vc_column width=\u00a0\u00bb1\/1&Prime;][\/vc_column][\/vc_row][vc_row][vc_column width=\u00a0\u00bb1\/4&Prime;][\/vc_column][vc_column width=\u00a0\u00bb3\/4&Prime;][vc_column_text] UN PETIT PEU D\u2019HISTOIRE CONCERNANT THERMIA\u00a0BARCELONA Thermia\u00a0Barcelona L\u2019entreprise a \u00e9t\u00e9 fond\u00e9e il y a 35\u00a0ans par deux fr\u00e8res, Xavier et Josep\u00a0Maria\u00a0Blasi. Tout a commenc\u00e9 dans un petit entrep\u00f4t familial d\u2019environ 40\u00a0m\u00b2, o\u00f9 ils vendaient quelques composants pour fen\u00eatres en aluminium. Il leur apparaissait \u00e9vident qu\u2019il s\u2019agissait d\u2019un march\u00e9 \u00e9mergent et, malgr\u00e9 les premi\u00e8res contraintes et difficult\u00e9s, ils ont pu consolider l\u2019entreprise. Apr\u00e8s quelques ann\u00e9es, ils ont commenc\u00e9 \u00e0 vendre et distribuer des profil\u00e9s en aluminium pour les ateliers de fabrication de fen\u00eatres. Convaincus que les produits existants pouvaient \u00eatre am\u00e9lior\u00e9s et puisqu\u2019ils disposaient d\u2019un bureau d\u2019\u00e9tudes, ils ont d\u00e9cid\u00e9 de concevoir leurs propres syst\u00e8mes en aluminium. C\u2019est ainsi qu\u2019est n\u00e9 Thermia\u00a0Barcelona. MISSION Notre objectif est de proposer \u00e0 tous les professionnels du secteur des fen\u00eatres de qualit\u00e9 certifi\u00e9e, polyvalentes et capables de fournir une solution \u00e0 tout type de projet. Conscients de la complexit\u00e9 que pr\u00e9sente l\u2019\u00e9laboration de fen\u00eatres, nous nous \u00e9vertuons \u00e0 garantir un soutien constant et une communication fluide avec tous ses clients. VISION Pour nous, une fen\u00eatre doit accomplir plusieurs fonctions. Elle doit cr\u00e9er des espaces l\u00e0 o\u00f9 il n\u2019y en avait pas, laisser la lumi\u00e8re naturelle inonder le foyer, \u00eatre isolante afin [&hellip;]<\/p>\n","protected":false},"author":5,"featured_media":0,"parent":0,"menu_order":0,"comment_status":"closed","ping_status":"closed","template":"","meta":{"footnotes":""},"class_list":["post-27091","page","type-page","status-publish","hentry"],"yoast_head":"<!-- This site is optimized with the Yoast SEO Premium plugin v26.7 (Yoast SEO v26.8) - https:\/\/yoast.com\/product\/yoast-seo-premium-wordpress\/ -->\n<title>Thermia\u00a0Barcelona | Entreprise sp\u00e9cialis\u00e9e en fen\u00eatres et volets | Qui sommes-nous\u00a0?<\/title>\n<meta name=\"description\" content=\"D\u00e9couvrez l\u2019histoire de l\u2019entreprise\u00a0Thermia\u00a0Barcelona ainsi que sa mission, sa vision et ses valeurs. Ne manquez pas cela.\" \/>\n<meta name=\"robots\" content=\"index, follow, max-snippet:-1, max-image-preview:large, max-video-preview:-1\" \/>\n<link rel=\"canonical\" href=\"https:\/\/thermiabarcelona.com\/fr\/entreprise\/\" \/>\n<meta property=\"og:locale\" content=\"fr_FR\" \/>\n<meta property=\"og:type\" content=\"article\" \/>\n<meta property=\"og:title\" content=\"Entreprise\" \/>\n<meta property=\"og:description\" content=\"D\u00e9couvrez l\u2019histoire de l\u2019entreprise\u00a0Thermia\u00a0Barcelona ainsi que sa mission, sa vision et ses valeurs. Ne manquez pas cela.\" \/>\n<meta property=\"og:url\" content=\"https:\/\/thermiabarcelona.com\/fr\/entreprise\/\" \/>\n<meta property=\"og:site_name\" content=\"Thermia Barcelona. Ventanas para vivir mejor\" \/>\n<meta property=\"article:publisher\" content=\"https:\/\/www.facebook.com\/thermiabarcelona\/\" \/>\n<meta property=\"article:modified_time\" content=\"2019-11-18T13:56:51+00:00\" \/>\n<meta name=\"twitter:card\" content=\"summary_large_image\" \/>\n<meta name=\"twitter:label1\" content=\"Dur\u00e9e de lecture estim\u00e9e\" \/>\n\t<meta name=\"twitter:data1\" content=\"2 minutes\" \/>\n<script type=\"application\/ld+json\" class=\"yoast-schema-graph\">{\"@context\":\"https:\/\/schema.org\",\"@graph\":[{\"@type\":\"WebPage\",\"@id\":\"https:\/\/thermiabarcelona.com\/fr\/entreprise\/\",\"url\":\"https:\/\/thermiabarcelona.com\/fr\/entreprise\/\",\"name\":\"Thermia\u00a0Barcelona | Entreprise sp\u00e9cialis\u00e9e en fen\u00eatres et volets | Qui sommes-nous\u00a0?\",\"isPartOf\":{\"@id\":\"https:\/\/thermiabarcelona.com\/#website\"},\"datePublished\":\"2019-09-03T08:36:24+00:00\",\"dateModified\":\"2019-11-18T13:56:51+00:00\",\"description\":\"D\u00e9couvrez l\u2019histoire de l\u2019entreprise\u00a0Thermia\u00a0Barcelona ainsi que sa mission, sa vision et ses valeurs. Ne manquez pas cela.\",\"breadcrumb\":{\"@id\":\"https:\/\/thermiabarcelona.com\/fr\/entreprise\/#breadcrumb\"},\"inLanguage\":\"fr-FR\",\"potentialAction\":[{\"@type\":\"ReadAction\",\"target\":[\"https:\/\/thermiabarcelona.com\/fr\/entreprise\/\"]}]},{\"@type\":\"BreadcrumbList\",\"@id\":\"https:\/\/thermiabarcelona.com\/fr\/entreprise\/#breadcrumb\",\"itemListElement\":[{\"@type\":\"ListItem\",\"position\":1,\"name\":\"Portada\",\"item\":\"https:\/\/thermiabarcelona.com\/\"},{\"@type\":\"ListItem\",\"position\":2,\"name\":\"Entreprise\"}]},{\"@type\":\"WebSite\",\"@id\":\"https:\/\/thermiabarcelona.com\/#website\",\"url\":\"https:\/\/thermiabarcelona.com\/\",\"name\":\"Thermia Barcelona. Ventanas para vivir mejor\",\"description\":\"Ventanas de calidad, duraderas y f\u00e1ciles de fabricar. Dise\u00f1o.Confort.Silencio\",\"publisher\":{\"@id\":\"https:\/\/thermiabarcelona.com\/#organization\"},\"potentialAction\":[{\"@type\":\"SearchAction\",\"target\":{\"@type\":\"EntryPoint\",\"urlTemplate\":\"https:\/\/thermiabarcelona.com\/?s={search_term_string}\"},\"query-input\":{\"@type\":\"PropertyValueSpecification\",\"valueRequired\":true,\"valueName\":\"search_term_string\"}}],\"inLanguage\":\"fr-FR\"},{\"@type\":\"Organization\",\"@id\":\"https:\/\/thermiabarcelona.com\/#organization\",\"name\":\"Thermia Barcelona\",\"url\":\"https:\/\/thermiabarcelona.com\/\",\"logo\":{\"@type\":\"ImageObject\",\"inLanguage\":\"fr-FR\",\"@id\":\"https:\/\/thermiabarcelona.com\/#\/schema\/logo\/image\/\",\"url\":\"https:\/\/thermiabarcelona.com\/wp-content\/uploads\/2018\/08\/logo_thermia-1.jpg\",\"contentUrl\":\"https:\/\/thermiabarcelona.com\/wp-content\/uploads\/2018\/08\/logo_thermia-1.jpg\",\"width\":345,\"height\":158,\"caption\":\"Thermia Barcelona\"},\"image\":{\"@id\":\"https:\/\/thermiabarcelona.com\/#\/schema\/logo\/image\/\"},\"sameAs\":[\"https:\/\/www.facebook.com\/thermiabarcelona\/\",\"https:\/\/www.instagram.com\/thermiabarcelona\/\",\"https:\/\/es.linkedin.com\/company\/thermia-barcelona\",\"https:\/\/www.youtube.com\/thermiabarcelona\"]}]}<\/script>\n<!-- \/ Yoast SEO Premium plugin. -->","yoast_head_json":{"title":"Thermia\u00a0Barcelona | Entreprise sp\u00e9cialis\u00e9e en fen\u00eatres et volets | Qui sommes-nous\u00a0?","description":"D\u00e9couvrez l\u2019histoire de l\u2019entreprise\u00a0Thermia\u00a0Barcelona ainsi que sa mission, sa vision et ses valeurs. Ne manquez pas cela.","robots":{"index":"index","follow":"follow","max-snippet":"max-snippet:-1","max-image-preview":"max-image-preview:large","max-video-preview":"max-video-preview:-1"},"canonical":"https:\/\/thermiabarcelona.com\/fr\/entreprise\/","og_locale":"fr_FR","og_type":"article","og_title":"Entreprise","og_description":"D\u00e9couvrez l\u2019histoire de l\u2019entreprise\u00a0Thermia\u00a0Barcelona ainsi que sa mission, sa vision et ses valeurs. Ne manquez pas cela.","og_url":"https:\/\/thermiabarcelona.com\/fr\/entreprise\/","og_site_name":"Thermia Barcelona. Ventanas para vivir mejor","article_publisher":"https:\/\/www.facebook.com\/thermiabarcelona\/","article_modified_time":"2019-11-18T13:56:51+00:00","twitter_card":"summary_large_image","twitter_misc":{"Dur\u00e9e de lecture estim\u00e9e":"2 minutes"},"schema":{"@context":"https:\/\/schema.org","@graph":[{"@type":"WebPage","@id":"https:\/\/thermiabarcelona.com\/fr\/entreprise\/","url":"https:\/\/thermiabarcelona.com\/fr\/entreprise\/","name":"Thermia\u00a0Barcelona | Entreprise sp\u00e9cialis\u00e9e en fen\u00eatres et volets | Qui sommes-nous\u00a0?","isPartOf":{"@id":"https:\/\/thermiabarcelona.com\/#website"},"datePublished":"2019-09-03T08:36:24+00:00","dateModified":"2019-11-18T13:56:51+00:00","description":"D\u00e9couvrez l\u2019histoire de l\u2019entreprise\u00a0Thermia\u00a0Barcelona ainsi que sa mission, sa vision et ses valeurs. Ne manquez pas cela.","breadcrumb":{"@id":"https:\/\/thermiabarcelona.com\/fr\/entreprise\/#breadcrumb"},"inLanguage":"fr-FR","potentialAction":[{"@type":"ReadAction","target":["https:\/\/thermiabarcelona.com\/fr\/entreprise\/"]}]},{"@type":"BreadcrumbList","@id":"https:\/\/thermiabarcelona.com\/fr\/entreprise\/#breadcrumb","itemListElement":[{"@type":"ListItem","position":1,"name":"Portada","item":"https:\/\/thermiabarcelona.com\/"},{"@type":"ListItem","position":2,"name":"Entreprise"}]},{"@type":"WebSite","@id":"https:\/\/thermiabarcelona.com\/#website","url":"https:\/\/thermiabarcelona.com\/","name":"Thermia Barcelona. Ventanas para vivir mejor","description":"Ventanas de calidad, duraderas y f\u00e1ciles de fabricar. Dise\u00f1o.Confort.Silencio","publisher":{"@id":"https:\/\/thermiabarcelona.com\/#organization"},"potentialAction":[{"@type":"SearchAction","target":{"@type":"EntryPoint","urlTemplate":"https:\/\/thermiabarcelona.com\/?s={search_term_string}"},"query-input":{"@type":"PropertyValueSpecification","valueRequired":true,"valueName":"search_term_string"}}],"inLanguage":"fr-FR"},{"@type":"Organization","@id":"https:\/\/thermiabarcelona.com\/#organization","name":"Thermia Barcelona","url":"https:\/\/thermiabarcelona.com\/","logo":{"@type":"ImageObject","inLanguage":"fr-FR","@id":"https:\/\/thermiabarcelona.com\/#\/schema\/logo\/image\/","url":"https:\/\/thermiabarcelona.com\/wp-content\/uploads\/2018\/08\/logo_thermia-1.jpg","contentUrl":"https:\/\/thermiabarcelona.com\/wp-content\/uploads\/2018\/08\/logo_thermia-1.jpg","width":345,"height":158,"caption":"Thermia Barcelona"},"image":{"@id":"https:\/\/thermiabarcelona.com\/#\/schema\/logo\/image\/"},"sameAs":["https:\/\/www.facebook.com\/thermiabarcelona\/","https:\/\/www.instagram.com\/thermiabarcelona\/","https:\/\/es.linkedin.com\/company\/thermia-barcelona","https:\/\/www.youtube.com\/thermiabarcelona"]}]}},"_links":{"self":[{"href":"https:\/\/thermiabarcelona.com\/fr\/wp-json\/wp\/v2\/pages\/27091","targetHints":{"allow":["GET"]}}],"collection":[{"href":"https:\/\/thermiabarcelona.com\/fr\/wp-json\/wp\/v2\/pages"}],"about":[{"href":"https:\/\/thermiabarcelona.com\/fr\/wp-json\/wp\/v2\/types\/page"}],"author":[{"embeddable":true,"href":"https:\/\/thermiabarcelona.com\/fr\/wp-json\/wp\/v2\/users\/5"}],"replies":[{"embeddable":true,"href":"https:\/\/thermiabarcelona.com\/fr\/wp-json\/wp\/v2\/comments?post=27091"}],"version-history":[{"count":0,"href":"https:\/\/thermiabarcelona.com\/fr\/wp-json\/wp\/v2\/pages\/27091\/revisions"}],"wp:attachment":[{"href":"https:\/\/thermiabarcelona.com\/fr\/wp-json\/wp\/v2\/media?parent=27091"}],"curies":[{"name":"wp","href":"https:\/\/api.w.org\/{rel}","templated":true}]}}