{"id":27083,"date":"2019-09-03T08:35:05","date_gmt":"2019-09-03T08:35:05","guid":{"rendered":"https:\/\/thermiabarcelona.com\/installations\/"},"modified":"2019-11-14T11:50:57","modified_gmt":"2019-11-14T11:50:57","slug":"installations","status":"publish","type":"page","link":"https:\/\/thermiabarcelona.com\/fr\/installations\/","title":{"rendered":"Installations"},"content":{"rendered":"<div class=\"wpb-content-wrapper\"><p>[vc_row bg_image=\u00a0\u00bb26537&Prime; top_padding=\u00a0\u00bb200&Prime; bottom_padding=\u00a0\u00bb150&Prime;][vc_column width=\u00a0\u00bb1\/1&Prime;]<h1 class=\"headline font-inherit fontsize-inherit fontweight-inherit lh-inherit align-center transform-inherit \" style=\"margin: 0 0 30px 0;\"><\/h1>[\/vc_column][\/vc_row][vc_row bg_color=\u00a0\u00bb#f7f7f7&Prime; top_padding=\u00a0\u00bb50&Prime; bottom_padding=\u00a0\u00bb20&Prime;][vc_column bg_color=\u00a0\u00bb#f7f7f7&Prime; width=\u00a0\u00bb1\/2&Prime;][vc_column_text]<\/p>\n<h1 style=\"text-align: left;\">SITUATION STRAT\u00c9GIQUE<\/h1>\n<hr style=\"width: 15%;\" \/>\n<p>[\/vc_column_text][vc_column_text]<\/p>\n<h4 style=\"text-align: left;\"><span style=\"color: #4a4a4a;\"><strong>Thermia\u00a0Barcelona dispose de deux entrep\u00f4ts \u00e9quip\u00e9s des\u00a0 technologies n\u00e9cessaires pour proposer des services optimaux \u00e0 tous ses clients.<\/strong><\/span><\/h4>\n<p>[\/vc_column_text][vc_column_text]<strong>Les installations de Thermia\u00a0Barcelona<\/strong> se trouvent dans l&rsquo;un des plus grands centres industriels de la r\u00e9gion de Barcelone.\u00a0Elles sont desservies par des axes routiers\u00a0qui s&rsquo;\u00e9tendent jusqu&rsquo;au centre de la capitale,\u00a0aux provinces limitrophes, au centre et au sud de l&rsquo;Espagne ainsi que jusqu&rsquo;au sud de la France. Cela nous permet \u00e9galement de livrer\u00a0 rapidement des marchandises \u00e0 l&rsquo;a\u00e9roport international d&rsquo;El\u00a0Prat-Barcelone pour des exp\u00e9ditions par avion, et au port de Barcelone pour des exp\u00e9ditions par voie maritime.[\/vc_column_text][\/vc_column][vc_column width=\u00a0\u00bb1\/2&Prime;][vc_column_text]<iframe style=\"border: 0;\" src=\"https:\/\/www.google.com\/maps\/embed?pb=!1m18!1m12!1m3!1d242262.0072448158!2d1.7539197781440514!3d41.44835822877214!2m3!1f0!2f0!3f0!3m2!1i1024!2i768!4f13.1!3m3!1m2!1s0x12a4944ee23504c1%3A0x788a5f2688787f7f!2sThermia+Barcelona!5e0!3m2!1sen!2ses!4v1485432830632\" width=\"600\" height=\"450\" frameborder=\"0\" allowfullscreen=\"allowfullscreen\"><\/iframe>[\/vc_column_text][\/vc_column][\/vc_row][vc_row type=\u00a0\u00bbfull_width_section\u00a0\u00bb bg_image=\u00a0\u00bb18682&Prime; parallax_bg=\u00a0\u00bbtrue\u00a0\u00bb section_arrow=\u00a0\u00bbfalse\u00a0\u00bb top_padding=\u00a0\u00bb5&Prime; bottom_padding=\u00a0\u00bb5&Prime; bg_position=\u00a0\u00bbleft top\u00a0\u00bb][vc_column column_padding=\u00a0\u00bbpadding-5&Prime; text_color=\u00a0\u00bblight\u00a0\u00bb text_align=\u00a0\u00bbcenter\u00a0\u00bb width=\u00a0\u00bb1\/1&Prime;]<div class=\"headline font-special fontsize-xxl fontweight-inherit lh-12 align-center transform-uppercase \" style=\"margin: 0 0 5px 0; color: #ffffff;\"><span style=\"color: #e46f09;\">PLUS DE 6\u00a0000\u00a0m\u00b2<\/span><br \/>\nCONSACR\u00c9S \u00c0 LA MENUISERIE ALUMINIUM<br \/>\n<\/div>[\/vc_column][\/vc_row][vc_row bg_color=\u00a0\u00bb#ffffff\u00a0\u00bb text_align=\u00a0\u00bbcenter\u00a0\u00bb top_padding=\u00a0\u00bb60&Prime; bottom_padding=\u00a0\u00bb5&Prime;][vc_column width=\u00a0\u00bb1\/1&Prime;]<div class=\"headline font-inherit fontsize-m fontweight-600 lh-inherit align-center transform-inherit \" style=\"margin: 0 0 10px 0; color: #000f2c;\"><span style=\"color: #e46f09;\">INSTALLATIONS DE THERMIA\u00a0BARCELONA<\/span><\/div>[\/vc_column][\/vc_row][vc_row][vc_column width=\u00a0\u00bb1\/1&Prime;]<div class=\"divider-title align-left\" >ENTREPOSAGE ET EXP\u00c9DITION<\/div>[\/vc_column][\/vc_row][vc_row bg_color=\u00a0\u00bb#ffffff\u00a0\u00bb top_padding=\u00a0\u00bb15&Prime; bottom_padding=\u00a0\u00bb25&Prime; bg_position=\u00a0\u00bbleft top\u00a0\u00bb][vc_column width=\u00a0\u00bb1\/3&Prime;]<div class=\"imagebox wpb_content_element style-1\"><div class=\"imagebox-img\"><img decoding=\"async\" src=\"https:\/\/thermiabarcelona.com\/wp-content\/uploads\/2017\/01\/ThermiaBarcelona-bruto-horizontal.jpg\" alt=\"nave industrial thermia\" \/><\/div>\n<ul>\n<li>\n<h6><span style=\"color: #ffffff;\">Zone de gestion et d&rsquo;entreposage des profil\u00e9s bruts.<\/span><\/h6>\n<\/li>\n<\/ul>\n<\/div>[\/vc_column][vc_column bg_color=\u00a0\u00bb#ffffff\u00a0\u00bb width=\u00a0\u00bb1\/3&Prime;]<div class=\"imagebox wpb_content_element style-1\"><div class=\"imagebox-img\"><img decoding=\"async\" src=\"https:\/\/thermiabarcelona.com\/wp-content\/uploads\/2017\/01\/ThermiaBarcelona_nave1-small.jpg\" alt=\"espacio thermia\" \/><\/div>\n<ul>\n<li>\n<h6><span style=\"color: #ffffff;\">Espace de gestion, d&rsquo;entreposage et d&rsquo;exp\u00e9dition des profil\u00e9s trait\u00e9s.<\/span><\/h6>\n<\/li>\n<\/ul>\n<\/div>[\/vc_column][vc_column width=\u00a0\u00bb1\/3&Prime;]<div class=\"imagebox wpb_content_element style-1\"><div class=\"imagebox-img\"><img decoding=\"async\" src=\"https:\/\/thermiabarcelona.com\/wp-content\/uploads\/2017\/01\/ThermiaBarcelona-accesorios.jpg\" alt=\"accesorios thermia\" \/><\/div>\n<ul>\n<li>\n<h6><span style=\"color: #ffffff;\">Espace d&rsquo;entreposage et de gestion\u00a0des composants (accessoires).<\/span><\/h6>\n<\/li>\n<\/ul>\n<\/div>[\/vc_column][\/vc_row][vc_row bg_color=\u00a0\u00bb#ffffff\u00a0\u00bb top_padding=\u00a0\u00bb15&Prime; bottom_padding=\u00a0\u00bb25&Prime; bg_position=\u00a0\u00bbleft top\u00a0\u00bb][vc_column width=\u00a0\u00bb1\/2&Prime;]<div class=\"box clearfix style-2 wpb_content_element align-left \" style=\"padding: 10px 10px 10px 10px; \">\n<ul>\n<li>\n<div class=\"wpb_text_column wpb_content_element \">\n<h6 class=\"wpb_wrapper\"><strong>Production de fen\u00eatres\u00a0<\/strong>Thermia\u00ae.<\/h6>\n<p>Le service de fabrication de fen\u00eatres r\u00e9serv\u00e9 aux fabricants et aux installateurs comprend plusieurs espaces destin\u00e9s au montage parfait des fen\u00eatres.<\/p>\n<ul>\n<li>D\u00e9coupe et assemblage des profil\u00e9s<\/li>\n<li>Montage des accessoires<\/li>\n<li>Vitrage<\/li>\n<li>Contr\u00f4le qualit\u00e9<\/li>\n<li>Emballage<\/li>\n<li>Exp\u00e9dition des fen\u00eatres fabriqu\u00e9es<\/li>\n<\/ul>\n<\/div>\n<\/li>\n<\/ul>\n<\/div>[\/vc_column][vc_column bg_color=\u00a0\u00bb#ffffff\u00a0\u00bb width=\u00a0\u00bb1\/2&Prime;]<div class=\"flexslider wpb_content_element\"><ul class=\"slides\"><li><img decoding=\"async\" src=\"https:\/\/thermiabarcelona.com\/wp-content\/uploads\/2017\/01\/ThermiaBarcelona-fabricacion_ventanas_aluminio2.jpg\" alt=\"fabricar ventanas\" \/><\/li><li><img decoding=\"async\" src=\"https:\/\/thermiabarcelona.com\/wp-content\/uploads\/2017\/01\/ThermiaBarcelona-fabricacion_ventanas_aluminio.jpg\" alt=\"fabricacion y ventanas aluminio\" \/><\/li><li><img decoding=\"async\" src=\"https:\/\/thermiabarcelona.com\/wp-content\/uploads\/2017\/01\/ThermiaBarcelona-taller01.jpg\" alt=\"taller industrial\" \/><\/li><li><img decoding=\"async\" src=\"https:\/\/thermiabarcelona.com\/wp-content\/uploads\/2017\/01\/ThermiaBarcelona-taller02.jpg\" alt=\"Taller Thermia Barcelona\" \/><\/li><li><img decoding=\"async\" src=\"https:\/\/thermiabarcelona.com\/wp-content\/uploads\/2017\/01\/ThermiaBarcelona-curva.jpg\" alt=\"curva material\" \/><\/li><\/ul><\/div>[\/vc_column][\/vc_row][vc_row top_padding=\u00a0\u00bb15&Prime; bottom_padding=\u00a0\u00bb15&Prime;][vc_column width=\u00a0\u00bb1\/1&Prime;]<div class=\"divider divider4\" style='margin:20px 0 10px 0 !important;'><\/div>[\/vc_column][\/vc_row][vc_row top_padding=\u00a0\u00bb20&Prime; bottom_padding=\u00a0\u00bb50&Prime;][vc_column width=\u00a0\u00bb1\/2&Prime;]<div class=\"divider-title align-left\" >BUREAUX DE THERMIA\u00a0BARCELONA<\/div>[vc_column_text]Nous disposons de plusieurs bureaux o\u00f9 sont men\u00e9es les diff\u00e9rentes activit\u00e9s de l&rsquo;entreprise\u00a0:<\/p>\n<ul>\n<li>Administration<\/li>\n<li>D\u00e9veloppement de produits<\/li>\n<li>Service de distribution national et international<\/li>\n<li>Service de fabrication pour les installateurs<\/li>\n<li>Service apr\u00e8s-vente<\/li>\n<\/ul>\n<p>[\/vc_column_text][\/vc_column][vc_column width=\u00a0\u00bb1\/4&Prime;]<div class=\"single_image wpb_content_element align-left    \" data-animation=\"none\" data-delay=\"0\"><a href=\"https:\/\/thermiabarcelona.com\/wp-content\/uploads\/2017\/01\/ThermiaBarcelona-Oficina_Tecnica2.jpg\" class=\"prettyPhoto\" rel=\"prettyPhoto[image]\"><img fetchpriority=\"high\" decoding=\"async\" width=\"1021\" height=\"699\" src=\"https:\/\/thermiabarcelona.com\/wp-content\/uploads\/2017\/01\/ThermiaBarcelona-Oficina_Tecnica2.jpg\" class=\"attachment-full\" alt=\"oficina tecnica\" title=\"ThermiaBarcelona-Oficina_Tecnica2\" srcset=\"https:\/\/thermiabarcelona.com\/wp-content\/uploads\/2017\/01\/ThermiaBarcelona-Oficina_Tecnica2.jpg 1021w, https:\/\/thermiabarcelona.com\/wp-content\/uploads\/2017\/01\/ThermiaBarcelona-Oficina_Tecnica2-300x205.jpg 300w, https:\/\/thermiabarcelona.com\/wp-content\/uploads\/2017\/01\/ThermiaBarcelona-Oficina_Tecnica2-768x526.jpg 768w\" sizes=\"(max-width: 1021px) 100vw, 1021px\" \/><\/a><\/div>[\/vc_column][vc_column width=\u00a0\u00bb1\/4&Prime;]<div class=\"single_image wpb_content_element align-left    \" data-animation=\"none\" data-delay=\"0\"><a href=\"https:\/\/thermiabarcelona.com\/wp-content\/uploads\/2017\/01\/ThermiaBarcelona-oficinas01.jpg\" class=\"prettyPhoto\" rel=\"prettyPhoto[image]\"><img decoding=\"async\" width=\"1021\" height=\"699\" src=\"https:\/\/thermiabarcelona.com\/wp-content\/uploads\/2017\/01\/ThermiaBarcelona-oficinas01.jpg\" class=\"attachment-full\" alt=\"oficinas thermia\" title=\"ThermiaBarcelona-oficinas01\" srcset=\"https:\/\/thermiabarcelona.com\/wp-content\/uploads\/2017\/01\/ThermiaBarcelona-oficinas01.jpg 1021w, https:\/\/thermiabarcelona.com\/wp-content\/uploads\/2017\/01\/ThermiaBarcelona-oficinas01-300x205.jpg 300w, https:\/\/thermiabarcelona.com\/wp-content\/uploads\/2017\/01\/ThermiaBarcelona-oficinas01-768x526.jpg 768w\" sizes=\"(max-width: 1021px) 100vw, 1021px\" \/><\/a><\/div>[\/vc_column][\/vc_row]<\/p>\n<\/div>","protected":false},"excerpt":{"rendered":"<p>[vc_row bg_image=\u00a0\u00bb26537&Prime; top_padding=\u00a0\u00bb200&Prime; bottom_padding=\u00a0\u00bb150&Prime;][vc_column width=\u00a0\u00bb1\/1&Prime;][\/vc_column][\/vc_row][vc_row bg_color=\u00a0\u00bb#f7f7f7&Prime; top_padding=\u00a0\u00bb50&Prime; bottom_padding=\u00a0\u00bb20&Prime;][vc_column bg_color=\u00a0\u00bb#f7f7f7&Prime; width=\u00a0\u00bb1\/2&Prime;][vc_column_text] SITUATION STRAT\u00c9GIQUE [\/vc_column_text][vc_column_text] Thermia\u00a0Barcelona dispose de deux entrep\u00f4ts \u00e9quip\u00e9s des\u00a0 technologies n\u00e9cessaires pour proposer des services optimaux \u00e0 tous ses clients. [\/vc_column_text][vc_column_text]Les installations de Thermia\u00a0Barcelona se trouvent dans l&rsquo;un des plus grands centres industriels de la r\u00e9gion de Barcelone.\u00a0Elles sont desservies par des axes routiers\u00a0qui s&rsquo;\u00e9tendent jusqu&rsquo;au centre de la capitale,\u00a0aux provinces limitrophes, au centre et au sud de l&rsquo;Espagne ainsi que jusqu&rsquo;au sud de la France. Cela nous permet \u00e9galement de livrer\u00a0 rapidement des marchandises \u00e0 l&rsquo;a\u00e9roport international d&rsquo;El\u00a0Prat-Barcelone pour des exp\u00e9ditions par avion, et au port de Barcelone pour des exp\u00e9ditions par voie maritime.[\/vc_column_text][\/vc_column][vc_column width=\u00a0\u00bb1\/2&Prime;][vc_column_text][\/vc_column_text][\/vc_column][\/vc_row][vc_row type=\u00a0\u00bbfull_width_section\u00a0\u00bb bg_image=\u00a0\u00bb18682&Prime; parallax_bg=\u00a0\u00bbtrue\u00a0\u00bb section_arrow=\u00a0\u00bbfalse\u00a0\u00bb top_padding=\u00a0\u00bb5&Prime; bottom_padding=\u00a0\u00bb5&Prime; bg_position=\u00a0\u00bbleft top\u00a0\u00bb][vc_column column_padding=\u00a0\u00bbpadding-5&Prime; text_color=\u00a0\u00bblight\u00a0\u00bb text_align=\u00a0\u00bbcenter\u00a0\u00bb width=\u00a0\u00bb1\/1&Prime;][\/vc_column][\/vc_row][vc_row bg_color=\u00a0\u00bb#ffffff\u00a0\u00bb text_align=\u00a0\u00bbcenter\u00a0\u00bb top_padding=\u00a0\u00bb60&Prime; bottom_padding=\u00a0\u00bb5&Prime;][vc_column width=\u00a0\u00bb1\/1&Prime;][\/vc_column][\/vc_row][vc_row][vc_column width=\u00a0\u00bb1\/1&Prime;][\/vc_column][\/vc_row][vc_row bg_color=\u00a0\u00bb#ffffff\u00a0\u00bb top_padding=\u00a0\u00bb15&Prime; bottom_padding=\u00a0\u00bb25&Prime; bg_position=\u00a0\u00bbleft top\u00a0\u00bb][vc_column width=\u00a0\u00bb1\/3&Prime;][\/vc_column][vc_column bg_color=\u00a0\u00bb#ffffff\u00a0\u00bb width=\u00a0\u00bb1\/3&Prime;][\/vc_column][vc_column width=\u00a0\u00bb1\/3&Prime;][\/vc_column][\/vc_row][vc_row bg_color=\u00a0\u00bb#ffffff\u00a0\u00bb top_padding=\u00a0\u00bb15&Prime; bottom_padding=\u00a0\u00bb25&Prime; bg_position=\u00a0\u00bbleft top\u00a0\u00bb][vc_column width=\u00a0\u00bb1\/2&Prime;][\/vc_column][vc_column bg_color=\u00a0\u00bb#ffffff\u00a0\u00bb width=\u00a0\u00bb1\/2&Prime;][\/vc_column][\/vc_row][vc_row top_padding=\u00a0\u00bb15&Prime; bottom_padding=\u00a0\u00bb15&Prime;][vc_column width=\u00a0\u00bb1\/1&Prime;][\/vc_column][\/vc_row][vc_row top_padding=\u00a0\u00bb20&Prime; bottom_padding=\u00a0\u00bb50&Prime;][vc_column width=\u00a0\u00bb1\/2&Prime;][vc_column_text]Nous disposons de plusieurs bureaux o\u00f9 sont men\u00e9es les diff\u00e9rentes activit\u00e9s de l&rsquo;entreprise\u00a0: Administration D\u00e9veloppement de produits Service de distribution national et international Service de fabrication pour les installateurs Service apr\u00e8s-vente [\/vc_column_text][\/vc_column][vc_column width=\u00a0\u00bb1\/4&Prime;][\/vc_column][vc_column width=\u00a0\u00bb1\/4&Prime;][\/vc_column][\/vc_row]<\/p>\n","protected":false},"author":3,"featured_media":0,"parent":0,"menu_order":0,"comment_status":"open","ping_status":"open","template":"","meta":{"footnotes":""},"class_list":["post-27083","page","type-page","status-publish","hentry"],"yoast_head":"<!-- This site is optimized with the Yoast SEO Premium plugin v26.7 (Yoast SEO v27.3) - https:\/\/yoast.com\/product\/yoast-seo-premium-wordpress\/ -->\n<title>Installations de Thermia\u00a0Barcelona | O\u00f9 nous trouver<\/title>\n<meta name=\"description\" content=\"Les installations de Thermia\u00a0Barcelona se trouvent dans l&#039;un des plus grands centres industriels de la r\u00e9gion de Barcelone.\" \/>\n<meta name=\"robots\" content=\"index, follow, max-snippet:-1, max-image-preview:large, max-video-preview:-1\" \/>\n<link rel=\"canonical\" href=\"https:\/\/thermiabarcelona.com\/fr\/installations\/\" \/>\n<meta property=\"og:locale\" content=\"fr_FR\" \/>\n<meta property=\"og:type\" content=\"article\" \/>\n<meta property=\"og:title\" content=\"Installations\" \/>\n<meta property=\"og:description\" content=\"Les installations de Thermia\u00a0Barcelona se trouvent dans l&#039;un des plus grands centres industriels de la r\u00e9gion de Barcelone.\" \/>\n<meta property=\"og:url\" content=\"https:\/\/thermiabarcelona.com\/fr\/installations\/\" \/>\n<meta property=\"og:site_name\" content=\"Thermia Barcelona. Ventanas para vivir mejor\" \/>\n<meta property=\"article:publisher\" content=\"https:\/\/www.facebook.com\/thermiabarcelona\/\" \/>\n<meta property=\"article:modified_time\" content=\"2019-11-14T11:50:57+00:00\" \/>\n<meta name=\"twitter:card\" content=\"summary_large_image\" \/>\n<meta name=\"twitter:label1\" content=\"Dur\u00e9e de lecture estim\u00e9e\" \/>\n\t<meta name=\"twitter:data1\" content=\"3 minutes\" \/>\n<script type=\"application\/ld+json\" class=\"yoast-schema-graph\">{\"@context\":\"https:\\\/\\\/schema.org\",\"@graph\":[{\"@type\":\"WebPage\",\"@id\":\"https:\\\/\\\/thermiabarcelona.com\\\/fr\\\/installations\\\/\",\"url\":\"https:\\\/\\\/thermiabarcelona.com\\\/fr\\\/installations\\\/\",\"name\":\"Installations de Thermia\u00a0Barcelona | O\u00f9 nous trouver\",\"isPartOf\":{\"@id\":\"https:\\\/\\\/thermiabarcelona.com\\\/#website\"},\"datePublished\":\"2019-09-03T08:35:05+00:00\",\"dateModified\":\"2019-11-14T11:50:57+00:00\",\"description\":\"Les installations de Thermia\u00a0Barcelona se trouvent dans l'un des plus grands centres industriels de la r\u00e9gion de Barcelone.\",\"breadcrumb\":{\"@id\":\"https:\\\/\\\/thermiabarcelona.com\\\/fr\\\/installations\\\/#breadcrumb\"},\"inLanguage\":\"fr-FR\",\"potentialAction\":[{\"@type\":\"ReadAction\",\"target\":[\"https:\\\/\\\/thermiabarcelona.com\\\/fr\\\/installations\\\/\"]}]},{\"@type\":\"BreadcrumbList\",\"@id\":\"https:\\\/\\\/thermiabarcelona.com\\\/fr\\\/installations\\\/#breadcrumb\",\"itemListElement\":[{\"@type\":\"ListItem\",\"position\":1,\"name\":\"Portada\",\"item\":\"https:\\\/\\\/thermiabarcelona.com\\\/\"},{\"@type\":\"ListItem\",\"position\":2,\"name\":\"Installations\"}]},{\"@type\":\"WebSite\",\"@id\":\"https:\\\/\\\/thermiabarcelona.com\\\/#website\",\"url\":\"https:\\\/\\\/thermiabarcelona.com\\\/\",\"name\":\"Thermia Barcelona. Ventanas para vivir mejor\",\"description\":\"Ventanas de calidad, duraderas y f\u00e1ciles de fabricar. Dise\u00f1o.Confort.Silencio\",\"publisher\":{\"@id\":\"https:\\\/\\\/thermiabarcelona.com\\\/#organization\"},\"potentialAction\":[{\"@type\":\"SearchAction\",\"target\":{\"@type\":\"EntryPoint\",\"urlTemplate\":\"https:\\\/\\\/thermiabarcelona.com\\\/?s={search_term_string}\"},\"query-input\":{\"@type\":\"PropertyValueSpecification\",\"valueRequired\":true,\"valueName\":\"search_term_string\"}}],\"inLanguage\":\"fr-FR\"},{\"@type\":\"Organization\",\"@id\":\"https:\\\/\\\/thermiabarcelona.com\\\/#organization\",\"name\":\"Thermia Barcelona\",\"url\":\"https:\\\/\\\/thermiabarcelona.com\\\/\",\"logo\":{\"@type\":\"ImageObject\",\"inLanguage\":\"fr-FR\",\"@id\":\"https:\\\/\\\/thermiabarcelona.com\\\/#\\\/schema\\\/logo\\\/image\\\/\",\"url\":\"https:\\\/\\\/thermiabarcelona.com\\\/wp-content\\\/uploads\\\/2018\\\/08\\\/logo_thermia-1.jpg\",\"contentUrl\":\"https:\\\/\\\/thermiabarcelona.com\\\/wp-content\\\/uploads\\\/2018\\\/08\\\/logo_thermia-1.jpg\",\"width\":345,\"height\":158,\"caption\":\"Thermia Barcelona\"},\"image\":{\"@id\":\"https:\\\/\\\/thermiabarcelona.com\\\/#\\\/schema\\\/logo\\\/image\\\/\"},\"sameAs\":[\"https:\\\/\\\/www.facebook.com\\\/thermiabarcelona\\\/\",\"https:\\\/\\\/www.instagram.com\\\/thermiabarcelona\\\/\",\"https:\\\/\\\/es.linkedin.com\\\/company\\\/thermia-barcelona\",\"https:\\\/\\\/www.youtube.com\\\/thermiabarcelona\"]}]}<\/script>\n<!-- \/ Yoast SEO Premium plugin. -->","yoast_head_json":{"title":"Installations de Thermia\u00a0Barcelona | O\u00f9 nous trouver","description":"Les installations de Thermia\u00a0Barcelona se trouvent dans l'un des plus grands centres industriels de la r\u00e9gion de Barcelone.","robots":{"index":"index","follow":"follow","max-snippet":"max-snippet:-1","max-image-preview":"max-image-preview:large","max-video-preview":"max-video-preview:-1"},"canonical":"https:\/\/thermiabarcelona.com\/fr\/installations\/","og_locale":"fr_FR","og_type":"article","og_title":"Installations","og_description":"Les installations de Thermia\u00a0Barcelona se trouvent dans l'un des plus grands centres industriels de la r\u00e9gion de Barcelone.","og_url":"https:\/\/thermiabarcelona.com\/fr\/installations\/","og_site_name":"Thermia Barcelona. Ventanas para vivir mejor","article_publisher":"https:\/\/www.facebook.com\/thermiabarcelona\/","article_modified_time":"2019-11-14T11:50:57+00:00","twitter_card":"summary_large_image","twitter_misc":{"Dur\u00e9e de lecture estim\u00e9e":"3 minutes"},"schema":{"@context":"https:\/\/schema.org","@graph":[{"@type":"WebPage","@id":"https:\/\/thermiabarcelona.com\/fr\/installations\/","url":"https:\/\/thermiabarcelona.com\/fr\/installations\/","name":"Installations de Thermia\u00a0Barcelona | O\u00f9 nous trouver","isPartOf":{"@id":"https:\/\/thermiabarcelona.com\/#website"},"datePublished":"2019-09-03T08:35:05+00:00","dateModified":"2019-11-14T11:50:57+00:00","description":"Les installations de Thermia\u00a0Barcelona se trouvent dans l'un des plus grands centres industriels de la r\u00e9gion de Barcelone.","breadcrumb":{"@id":"https:\/\/thermiabarcelona.com\/fr\/installations\/#breadcrumb"},"inLanguage":"fr-FR","potentialAction":[{"@type":"ReadAction","target":["https:\/\/thermiabarcelona.com\/fr\/installations\/"]}]},{"@type":"BreadcrumbList","@id":"https:\/\/thermiabarcelona.com\/fr\/installations\/#breadcrumb","itemListElement":[{"@type":"ListItem","position":1,"name":"Portada","item":"https:\/\/thermiabarcelona.com\/"},{"@type":"ListItem","position":2,"name":"Installations"}]},{"@type":"WebSite","@id":"https:\/\/thermiabarcelona.com\/#website","url":"https:\/\/thermiabarcelona.com\/","name":"Thermia Barcelona. Ventanas para vivir mejor","description":"Ventanas de calidad, duraderas y f\u00e1ciles de fabricar. Dise\u00f1o.Confort.Silencio","publisher":{"@id":"https:\/\/thermiabarcelona.com\/#organization"},"potentialAction":[{"@type":"SearchAction","target":{"@type":"EntryPoint","urlTemplate":"https:\/\/thermiabarcelona.com\/?s={search_term_string}"},"query-input":{"@type":"PropertyValueSpecification","valueRequired":true,"valueName":"search_term_string"}}],"inLanguage":"fr-FR"},{"@type":"Organization","@id":"https:\/\/thermiabarcelona.com\/#organization","name":"Thermia Barcelona","url":"https:\/\/thermiabarcelona.com\/","logo":{"@type":"ImageObject","inLanguage":"fr-FR","@id":"https:\/\/thermiabarcelona.com\/#\/schema\/logo\/image\/","url":"https:\/\/thermiabarcelona.com\/wp-content\/uploads\/2018\/08\/logo_thermia-1.jpg","contentUrl":"https:\/\/thermiabarcelona.com\/wp-content\/uploads\/2018\/08\/logo_thermia-1.jpg","width":345,"height":158,"caption":"Thermia Barcelona"},"image":{"@id":"https:\/\/thermiabarcelona.com\/#\/schema\/logo\/image\/"},"sameAs":["https:\/\/www.facebook.com\/thermiabarcelona\/","https:\/\/www.instagram.com\/thermiabarcelona\/","https:\/\/es.linkedin.com\/company\/thermia-barcelona","https:\/\/www.youtube.com\/thermiabarcelona"]}]}},"_links":{"self":[{"href":"https:\/\/thermiabarcelona.com\/fr\/wp-json\/wp\/v2\/pages\/27083","targetHints":{"allow":["GET"]}}],"collection":[{"href":"https:\/\/thermiabarcelona.com\/fr\/wp-json\/wp\/v2\/pages"}],"about":[{"href":"https:\/\/thermiabarcelona.com\/fr\/wp-json\/wp\/v2\/types\/page"}],"author":[{"embeddable":true,"href":"https:\/\/thermiabarcelona.com\/fr\/wp-json\/wp\/v2\/users\/3"}],"replies":[{"embeddable":true,"href":"https:\/\/thermiabarcelona.com\/fr\/wp-json\/wp\/v2\/comments?post=27083"}],"version-history":[{"count":0,"href":"https:\/\/thermiabarcelona.com\/fr\/wp-json\/wp\/v2\/pages\/27083\/revisions"}],"wp:attachment":[{"href":"https:\/\/thermiabarcelona.com\/fr\/wp-json\/wp\/v2\/media?parent=27083"}],"curies":[{"name":"wp","href":"https:\/\/api.w.org\/{rel}","templated":true}]}}