{"id":27081,"date":"2019-09-03T08:34:47","date_gmt":"2019-09-03T08:34:47","guid":{"rendered":"https:\/\/thermiabarcelona.com\/familles\/"},"modified":"2019-10-11T09:56:45","modified_gmt":"2019-10-11T09:56:45","slug":"familles","status":"publish","type":"page","link":"https:\/\/thermiabarcelona.com\/fr\/familles\/","title":{"rendered":"Familles"},"content":{"rendered":"<div class=\"wpb-content-wrapper\"><p>[vc_row][vc_column width=\u00a0\u00bb1\/1&Prime;]<h1 class=\"headline font-inherit fontsize-xl fontweight-inherit lh-inherit align-left transform-inherit \" style=\"margin: 0 0 20px 0;\">FEN\u00caTRES THERMIA BARCELONA<\/h1>[\/vc_column][\/vc_row][vc_row][vc_column width=\u00a0\u00bb1\/3&Prime;]<div class=\"single_image wpb_content_element align-left    \" data-animation=\"none\" data-delay=\"0\"><a href=\"https:\/\/thermiabarcelona.com\/wp-content\/uploads\/2017\/01\/ABATIBLES-DESTACADA.jpg\" class=\"prettyPhoto\" rel=\"prettyPhoto[image]\"><img fetchpriority=\"high\" decoding=\"async\" width=\"800\" height=\"532\" src=\"https:\/\/thermiabarcelona.com\/wp-content\/uploads\/2017\/01\/ABATIBLES-DESTACADA.jpg\" class=\"attachment-full\" alt=\"abatibles madera\" title=\"ABATIBLES-DESTACADA\" srcset=\"https:\/\/thermiabarcelona.com\/wp-content\/uploads\/2017\/01\/ABATIBLES-DESTACADA.jpg 800w, https:\/\/thermiabarcelona.com\/wp-content\/uploads\/2017\/01\/ABATIBLES-DESTACADA-300x200.jpg 300w, https:\/\/thermiabarcelona.com\/wp-content\/uploads\/2017\/01\/ABATIBLES-DESTACADA-768x511.jpg 768w, https:\/\/thermiabarcelona.com\/wp-content\/uploads\/2017\/01\/ABATIBLES-DESTACADA-600x400.jpg 600w\" sizes=\"(max-width: 800px) 100vw, 800px\" \/><\/a><\/div>[vc_column_text]<a href=\"\/productos\/ventanas-abatibles\/\" target=\"_blank\" rel=\"noopener noreferrer\"><strong>FEN\u00caTRES \u00c0 LA&nbsp;FRAN\u00c7AISE<\/strong><\/a>[\/vc_column_text][\/vc_column][vc_column width=\u00a0\u00bb1\/3&Prime;]<div class=\"single_image wpb_content_element align-left    \" data-animation=\"none\" data-delay=\"0\"><a href=\"https:\/\/thermiabarcelona.com\/wp-content\/uploads\/2017\/01\/ABATIBLES-C16-DESTACADA.jpg\" class=\"prettyPhoto\" rel=\"prettyPhoto[image]\"><img decoding=\"async\" width=\"800\" height=\"532\" src=\"https:\/\/thermiabarcelona.com\/wp-content\/uploads\/2017\/01\/ABATIBLES-C16-DESTACADA.jpg\" class=\"attachment-full\" alt=\"abatibles\" title=\"ABATIBLES-C16-DESTACADA\" srcset=\"https:\/\/thermiabarcelona.com\/wp-content\/uploads\/2017\/01\/ABATIBLES-C16-DESTACADA.jpg 800w, https:\/\/thermiabarcelona.com\/wp-content\/uploads\/2017\/01\/ABATIBLES-C16-DESTACADA-300x200.jpg 300w, https:\/\/thermiabarcelona.com\/wp-content\/uploads\/2017\/01\/ABATIBLES-C16-DESTACADA-768x511.jpg 768w, https:\/\/thermiabarcelona.com\/wp-content\/uploads\/2017\/01\/ABATIBLES-C16-DESTACADA-600x400.jpg 600w\" sizes=\"(max-width: 800px) 100vw, 800px\" \/><\/a><\/div>[vc_column_text]<\/p>\n<p><a href=\"https:\/\/thermiabarcelona.com\/fr\/produits\/fenetres-c16-thermia-barcelona\/?lang=fr\" target=\"_blank\" rel=\"noopener noreferrer\"><strong>FEN\u00caTRES&nbsp;C16<\/strong><\/a><\/p>\n<p>[\/vc_column_text][\/vc_column][vc_column width=\u00a0\u00bb1\/3&Prime;]<div class=\"single_image wpb_content_element align-left    \" data-animation=\"none\" data-delay=\"0\"><a href=\"https:\/\/thermiabarcelona.com\/wp-content\/uploads\/2017\/01\/CORREDERAS-DESTACADA.jpg\" class=\"prettyPhoto\" rel=\"prettyPhoto[image]\"><img decoding=\"async\" width=\"800\" height=\"532\" src=\"https:\/\/thermiabarcelona.com\/wp-content\/uploads\/2017\/01\/CORREDERAS-DESTACADA.jpg\" class=\"attachment-full\" alt=\"puerta corredera\" title=\"CORREDERAS-DESTACADA\" srcset=\"https:\/\/thermiabarcelona.com\/wp-content\/uploads\/2017\/01\/CORREDERAS-DESTACADA.jpg 800w, https:\/\/thermiabarcelona.com\/wp-content\/uploads\/2017\/01\/CORREDERAS-DESTACADA-300x200.jpg 300w, https:\/\/thermiabarcelona.com\/wp-content\/uploads\/2017\/01\/CORREDERAS-DESTACADA-768x511.jpg 768w, https:\/\/thermiabarcelona.com\/wp-content\/uploads\/2017\/01\/CORREDERAS-DESTACADA-600x400.jpg 600w\" sizes=\"(max-width: 800px) 100vw, 800px\" \/><\/a><\/div>[vc_column_text]<a href=\"https:\/\/thermiabarcelona.com\/fr\/produits\/fenetres-c16-thermia-barcelona\/?lang=fr\" target=\"_blank\" rel=\"noopener noreferrer\"><strong>FEN\u00caTRES&nbsp;COULISSANTES<\/strong><\/a>[\/vc_column_text][\/vc_column][\/vc_row][vc_row][vc_column width=\u00a0\u00bb1\/1&Prime;]<div class=\"spacer\" style=\"height: 40px;\"><\/div>[\/vc_column][\/vc_row][vc_row][vc_column width=\u00a0\u00bb1\/3&Prime;]<div class=\"single_image wpb_content_element align-left    \" data-animation=\"none\" data-delay=\"0\"><a href=\"https:\/\/thermiabarcelona.com\/wp-content\/uploads\/2017\/01\/PUERTAS-DE-ENTRADA-DESTACADA.jpg\" class=\"prettyPhoto\" rel=\"prettyPhoto[image]\"><img loading=\"lazy\" decoding=\"async\" width=\"800\" height=\"532\" src=\"https:\/\/thermiabarcelona.com\/wp-content\/uploads\/2017\/01\/PUERTAS-DE-ENTRADA-DESTACADA.jpg\" class=\"attachment-full\" alt=\"puerta de entrada\" title=\"PUERTAS-DE-ENTRADA-DESTACADA\" srcset=\"https:\/\/thermiabarcelona.com\/wp-content\/uploads\/2017\/01\/PUERTAS-DE-ENTRADA-DESTACADA.jpg 800w, https:\/\/thermiabarcelona.com\/wp-content\/uploads\/2017\/01\/PUERTAS-DE-ENTRADA-DESTACADA-300x200.jpg 300w, https:\/\/thermiabarcelona.com\/wp-content\/uploads\/2017\/01\/PUERTAS-DE-ENTRADA-DESTACADA-768x511.jpg 768w, https:\/\/thermiabarcelona.com\/wp-content\/uploads\/2017\/01\/PUERTAS-DE-ENTRADA-DESTACADA-600x400.jpg 600w\" sizes=\"(max-width: 800px) 100vw, 800px\" \/><\/a><\/div>[vc_column_text]<strong>PORTES D\u2019ENTR\u00c9E<\/strong>[\/vc_column_text][\/vc_column][vc_column width=\u00a0\u00bb1\/3&Prime;]<div class=\"single_image wpb_content_element align-left    \" data-animation=\"none\" data-delay=\"0\"><a href=\"https:\/\/thermiabarcelona.com\/wp-content\/uploads\/2017\/01\/PERSIANA-MALLORQUINA-DESTACADA.jpg\" class=\"prettyPhoto\" rel=\"prettyPhoto[image]\"><img loading=\"lazy\" decoding=\"async\" width=\"800\" height=\"532\" src=\"https:\/\/thermiabarcelona.com\/wp-content\/uploads\/2017\/01\/PERSIANA-MALLORQUINA-DESTACADA.jpg\" class=\"attachment-full\" alt=\"persiana mallorquina\" title=\"PERSIANA-MALLORQUINA-DESTACADA\" srcset=\"https:\/\/thermiabarcelona.com\/wp-content\/uploads\/2017\/01\/PERSIANA-MALLORQUINA-DESTACADA.jpg 800w, https:\/\/thermiabarcelona.com\/wp-content\/uploads\/2017\/01\/PERSIANA-MALLORQUINA-DESTACADA-300x200.jpg 300w, https:\/\/thermiabarcelona.com\/wp-content\/uploads\/2017\/01\/PERSIANA-MALLORQUINA-DESTACADA-768x511.jpg 768w, https:\/\/thermiabarcelona.com\/wp-content\/uploads\/2017\/01\/PERSIANA-MALLORQUINA-DESTACADA-600x400.jpg 600w\" sizes=\"(max-width: 800px) 100vw, 800px\" \/><\/a><\/div>[vc_column_text]<strong>VOLETS MAJORQUINS<\/strong>[\/vc_column_text][\/vc_column][vc_column width=\u00a0\u00bb1\/3&Prime;]<div class=\"single_image wpb_content_element align-left    \" data-animation=\"none\" data-delay=\"0\"><a href=\"https:\/\/thermiabarcelona.com\/wp-content\/uploads\/2017\/01\/BARANDILLAS-DESTACADA.jpg\" class=\"prettyPhoto\" rel=\"prettyPhoto[image]\"><img loading=\"lazy\" decoding=\"async\" width=\"800\" height=\"532\" src=\"https:\/\/thermiabarcelona.com\/wp-content\/uploads\/2017\/01\/BARANDILLAS-DESTACADA.jpg\" class=\"attachment-full\" alt=\"barandillas hotel\" title=\"BARANDILLAS-DESTACADA\" srcset=\"https:\/\/thermiabarcelona.com\/wp-content\/uploads\/2017\/01\/BARANDILLAS-DESTACADA.jpg 800w, https:\/\/thermiabarcelona.com\/wp-content\/uploads\/2017\/01\/BARANDILLAS-DESTACADA-300x200.jpg 300w, https:\/\/thermiabarcelona.com\/wp-content\/uploads\/2017\/01\/BARANDILLAS-DESTACADA-768x511.jpg 768w, https:\/\/thermiabarcelona.com\/wp-content\/uploads\/2017\/01\/BARANDILLAS-DESTACADA-600x400.jpg 600w\" sizes=\"(max-width: 800px) 100vw, 800px\" \/><\/a><\/div>[vc_column_text]<strong>BALUSTRADES<\/strong>[\/vc_column_text][\/vc_column][\/vc_row][vc_row][vc_column width=\u00a0\u00bb1\/1&Prime;]<div class=\"spacer\" style=\"height: 40px;\"><\/div>[\/vc_column][\/vc_row][vc_row][vc_column width=\u00a0\u00bb1\/3&Prime;]<div class=\"single_image wpb_content_element align-left    \" data-animation=\"none\" data-delay=\"0\"><a href=\"https:\/\/thermiabarcelona.com\/wp-content\/uploads\/2017\/01\/PUERTAS-DE-ENTRADA-DESTACADA.jpg\" class=\"prettyPhoto\" rel=\"prettyPhoto[image]\"><img loading=\"lazy\" decoding=\"async\" width=\"800\" height=\"532\" src=\"https:\/\/thermiabarcelona.com\/wp-content\/uploads\/2017\/01\/PUERTAS-DE-ENTRADA-DESTACADA.jpg\" class=\"attachment-full\" alt=\"puerta de entrada\" title=\"PUERTAS-DE-ENTRADA-DESTACADA\" srcset=\"https:\/\/thermiabarcelona.com\/wp-content\/uploads\/2017\/01\/PUERTAS-DE-ENTRADA-DESTACADA.jpg 800w, https:\/\/thermiabarcelona.com\/wp-content\/uploads\/2017\/01\/PUERTAS-DE-ENTRADA-DESTACADA-300x200.jpg 300w, https:\/\/thermiabarcelona.com\/wp-content\/uploads\/2017\/01\/PUERTAS-DE-ENTRADA-DESTACADA-768x511.jpg 768w, https:\/\/thermiabarcelona.com\/wp-content\/uploads\/2017\/01\/PUERTAS-DE-ENTRADA-DESTACADA-600x400.jpg 600w\" sizes=\"(max-width: 800px) 100vw, 800px\" \/><\/a><\/div>[vc_column_text]<strong>MOUSTIQUAIRES<\/strong>[\/vc_column_text][\/vc_column][vc_column width=\u00a0\u00bb1\/3&Prime;][\/vc_column][vc_column width=\u00a0\u00bb1\/3&Prime;][\/vc_column][\/vc_row]<\/p>\n<\/div>","protected":false},"excerpt":{"rendered":"<p>[vc_row][vc_column width=\u00a0\u00bb1\/1&Prime;][\/vc_column][\/vc_row][vc_row][vc_column width=\u00a0\u00bb1\/3&Prime;][vc_column_text]FEN\u00caTRES \u00c0 LA&nbsp;FRAN\u00c7AISE[\/vc_column_text][\/vc_column][vc_column width=\u00a0\u00bb1\/3&Prime;][vc_column_text] FEN\u00caTRES&nbsp;C16 [\/vc_column_text][\/vc_column][vc_column width=\u00a0\u00bb1\/3&Prime;][vc_column_text]FEN\u00caTRES&nbsp;COULISSANTES[\/vc_column_text][\/vc_column][\/vc_row][vc_row][vc_column width=\u00a0\u00bb1\/1&Prime;][\/vc_column][\/vc_row][vc_row][vc_column width=\u00a0\u00bb1\/3&Prime;][vc_column_text]PORTES D\u2019ENTR\u00c9E[\/vc_column_text][\/vc_column][vc_column width=\u00a0\u00bb1\/3&Prime;][vc_column_text]VOLETS MAJORQUINS[\/vc_column_text][\/vc_column][vc_column width=\u00a0\u00bb1\/3&Prime;][vc_column_text]BALUSTRADES[\/vc_column_text][\/vc_column][\/vc_row][vc_row][vc_column width=\u00a0\u00bb1\/1&Prime;][\/vc_column][\/vc_row][vc_row][vc_column width=\u00a0\u00bb1\/3&Prime;][vc_column_text]MOUSTIQUAIRES[\/vc_column_text][\/vc_column][vc_column width=\u00a0\u00bb1\/3&Prime;][\/vc_column][vc_column width=\u00a0\u00bb1\/3&Prime;][\/vc_column][\/vc_row]<\/p>\n","protected":false},"author":2,"featured_media":0,"parent":0,"menu_order":0,"comment_status":"closed","ping_status":"closed","template":"","meta":{"footnotes":""},"class_list":["post-27081","page","type-page","status-publish","hentry"],"yoast_head":"<!-- This site is optimized with the Yoast SEO Premium plugin v26.7 (Yoast SEO v27.3) - https:\/\/yoast.com\/product\/yoast-seo-premium-wordpress\/ -->\n<title>Fen\u00eatres en aluminium\u00a0Thermia\u00a0Barcelona | Des fen\u00eatres pour un plus grand confort<\/title>\n<meta name=\"description\" content=\"D\u00e9couvrez les diff\u00e9rentes s\u00e9ries qui composent les familles de fen\u00eatres en aluminium\u00a0Thermia\u00a0Barcelona. Des fen\u00eatres pour un plus grand confort.\" \/>\n<meta name=\"robots\" content=\"index, follow, max-snippet:-1, max-image-preview:large, max-video-preview:-1\" \/>\n<link rel=\"canonical\" href=\"https:\/\/thermiabarcelona.com\/fr\/familles\/\" \/>\n<meta property=\"og:locale\" content=\"fr_FR\" \/>\n<meta property=\"og:type\" content=\"article\" \/>\n<meta property=\"og:title\" content=\"Familles\" \/>\n<meta property=\"og:description\" content=\"D\u00e9couvrez les diff\u00e9rentes s\u00e9ries qui composent les familles de fen\u00eatres en aluminium\u00a0Thermia\u00a0Barcelona. Des fen\u00eatres pour un plus grand confort.\" \/>\n<meta property=\"og:url\" content=\"https:\/\/thermiabarcelona.com\/fr\/familles\/\" \/>\n<meta property=\"og:site_name\" content=\"Thermia Barcelona. Ventanas para vivir mejor\" \/>\n<meta property=\"article:publisher\" content=\"https:\/\/www.facebook.com\/thermiabarcelona\/\" \/>\n<meta property=\"article:modified_time\" content=\"2019-10-11T09:56:45+00:00\" \/>\n<meta name=\"twitter:card\" content=\"summary_large_image\" \/>\n<meta name=\"twitter:label1\" content=\"Dur\u00e9e de lecture estim\u00e9e\" \/>\n\t<meta name=\"twitter:data1\" content=\"1 minute\" \/>\n<script type=\"application\/ld+json\" class=\"yoast-schema-graph\">{\"@context\":\"https:\\\/\\\/schema.org\",\"@graph\":[{\"@type\":\"WebPage\",\"@id\":\"https:\\\/\\\/thermiabarcelona.com\\\/fr\\\/familles\\\/\",\"url\":\"https:\\\/\\\/thermiabarcelona.com\\\/fr\\\/familles\\\/\",\"name\":\"Fen\u00eatres en aluminium\u00a0Thermia\u00a0Barcelona | Des fen\u00eatres pour un plus grand confort\",\"isPartOf\":{\"@id\":\"https:\\\/\\\/thermiabarcelona.com\\\/#website\"},\"datePublished\":\"2019-09-03T08:34:47+00:00\",\"dateModified\":\"2019-10-11T09:56:45+00:00\",\"description\":\"D\u00e9couvrez les diff\u00e9rentes s\u00e9ries qui composent les familles de fen\u00eatres en aluminium\u00a0Thermia\u00a0Barcelona. Des fen\u00eatres pour un plus grand confort.\",\"breadcrumb\":{\"@id\":\"https:\\\/\\\/thermiabarcelona.com\\\/fr\\\/familles\\\/#breadcrumb\"},\"inLanguage\":\"fr-FR\",\"potentialAction\":[{\"@type\":\"ReadAction\",\"target\":[\"https:\\\/\\\/thermiabarcelona.com\\\/fr\\\/familles\\\/\"]}]},{\"@type\":\"BreadcrumbList\",\"@id\":\"https:\\\/\\\/thermiabarcelona.com\\\/fr\\\/familles\\\/#breadcrumb\",\"itemListElement\":[{\"@type\":\"ListItem\",\"position\":1,\"name\":\"Portada\",\"item\":\"https:\\\/\\\/thermiabarcelona.com\\\/\"},{\"@type\":\"ListItem\",\"position\":2,\"name\":\"Familles\"}]},{\"@type\":\"WebSite\",\"@id\":\"https:\\\/\\\/thermiabarcelona.com\\\/#website\",\"url\":\"https:\\\/\\\/thermiabarcelona.com\\\/\",\"name\":\"Thermia Barcelona. Ventanas para vivir mejor\",\"description\":\"Ventanas de calidad, duraderas y f\u00e1ciles de fabricar. Dise\u00f1o.Confort.Silencio\",\"publisher\":{\"@id\":\"https:\\\/\\\/thermiabarcelona.com\\\/#organization\"},\"potentialAction\":[{\"@type\":\"SearchAction\",\"target\":{\"@type\":\"EntryPoint\",\"urlTemplate\":\"https:\\\/\\\/thermiabarcelona.com\\\/?s={search_term_string}\"},\"query-input\":{\"@type\":\"PropertyValueSpecification\",\"valueRequired\":true,\"valueName\":\"search_term_string\"}}],\"inLanguage\":\"fr-FR\"},{\"@type\":\"Organization\",\"@id\":\"https:\\\/\\\/thermiabarcelona.com\\\/#organization\",\"name\":\"Thermia Barcelona\",\"url\":\"https:\\\/\\\/thermiabarcelona.com\\\/\",\"logo\":{\"@type\":\"ImageObject\",\"inLanguage\":\"fr-FR\",\"@id\":\"https:\\\/\\\/thermiabarcelona.com\\\/#\\\/schema\\\/logo\\\/image\\\/\",\"url\":\"https:\\\/\\\/thermiabarcelona.com\\\/wp-content\\\/uploads\\\/2018\\\/08\\\/logo_thermia-1.jpg\",\"contentUrl\":\"https:\\\/\\\/thermiabarcelona.com\\\/wp-content\\\/uploads\\\/2018\\\/08\\\/logo_thermia-1.jpg\",\"width\":345,\"height\":158,\"caption\":\"Thermia Barcelona\"},\"image\":{\"@id\":\"https:\\\/\\\/thermiabarcelona.com\\\/#\\\/schema\\\/logo\\\/image\\\/\"},\"sameAs\":[\"https:\\\/\\\/www.facebook.com\\\/thermiabarcelona\\\/\",\"https:\\\/\\\/www.instagram.com\\\/thermiabarcelona\\\/\",\"https:\\\/\\\/es.linkedin.com\\\/company\\\/thermia-barcelona\",\"https:\\\/\\\/www.youtube.com\\\/thermiabarcelona\"]}]}<\/script>\n<!-- \/ Yoast SEO Premium plugin. -->","yoast_head_json":{"title":"Fen\u00eatres en aluminium\u00a0Thermia\u00a0Barcelona | Des fen\u00eatres pour un plus grand confort","description":"D\u00e9couvrez les diff\u00e9rentes s\u00e9ries qui composent les familles de fen\u00eatres en aluminium\u00a0Thermia\u00a0Barcelona. Des fen\u00eatres pour un plus grand confort.","robots":{"index":"index","follow":"follow","max-snippet":"max-snippet:-1","max-image-preview":"max-image-preview:large","max-video-preview":"max-video-preview:-1"},"canonical":"https:\/\/thermiabarcelona.com\/fr\/familles\/","og_locale":"fr_FR","og_type":"article","og_title":"Familles","og_description":"D\u00e9couvrez les diff\u00e9rentes s\u00e9ries qui composent les familles de fen\u00eatres en aluminium\u00a0Thermia\u00a0Barcelona. Des fen\u00eatres pour un plus grand confort.","og_url":"https:\/\/thermiabarcelona.com\/fr\/familles\/","og_site_name":"Thermia Barcelona. Ventanas para vivir mejor","article_publisher":"https:\/\/www.facebook.com\/thermiabarcelona\/","article_modified_time":"2019-10-11T09:56:45+00:00","twitter_card":"summary_large_image","twitter_misc":{"Dur\u00e9e de lecture estim\u00e9e":"1 minute"},"schema":{"@context":"https:\/\/schema.org","@graph":[{"@type":"WebPage","@id":"https:\/\/thermiabarcelona.com\/fr\/familles\/","url":"https:\/\/thermiabarcelona.com\/fr\/familles\/","name":"Fen\u00eatres en aluminium\u00a0Thermia\u00a0Barcelona | Des fen\u00eatres pour un plus grand confort","isPartOf":{"@id":"https:\/\/thermiabarcelona.com\/#website"},"datePublished":"2019-09-03T08:34:47+00:00","dateModified":"2019-10-11T09:56:45+00:00","description":"D\u00e9couvrez les diff\u00e9rentes s\u00e9ries qui composent les familles de fen\u00eatres en aluminium\u00a0Thermia\u00a0Barcelona. Des fen\u00eatres pour un plus grand confort.","breadcrumb":{"@id":"https:\/\/thermiabarcelona.com\/fr\/familles\/#breadcrumb"},"inLanguage":"fr-FR","potentialAction":[{"@type":"ReadAction","target":["https:\/\/thermiabarcelona.com\/fr\/familles\/"]}]},{"@type":"BreadcrumbList","@id":"https:\/\/thermiabarcelona.com\/fr\/familles\/#breadcrumb","itemListElement":[{"@type":"ListItem","position":1,"name":"Portada","item":"https:\/\/thermiabarcelona.com\/"},{"@type":"ListItem","position":2,"name":"Familles"}]},{"@type":"WebSite","@id":"https:\/\/thermiabarcelona.com\/#website","url":"https:\/\/thermiabarcelona.com\/","name":"Thermia Barcelona. Ventanas para vivir mejor","description":"Ventanas de calidad, duraderas y f\u00e1ciles de fabricar. Dise\u00f1o.Confort.Silencio","publisher":{"@id":"https:\/\/thermiabarcelona.com\/#organization"},"potentialAction":[{"@type":"SearchAction","target":{"@type":"EntryPoint","urlTemplate":"https:\/\/thermiabarcelona.com\/?s={search_term_string}"},"query-input":{"@type":"PropertyValueSpecification","valueRequired":true,"valueName":"search_term_string"}}],"inLanguage":"fr-FR"},{"@type":"Organization","@id":"https:\/\/thermiabarcelona.com\/#organization","name":"Thermia Barcelona","url":"https:\/\/thermiabarcelona.com\/","logo":{"@type":"ImageObject","inLanguage":"fr-FR","@id":"https:\/\/thermiabarcelona.com\/#\/schema\/logo\/image\/","url":"https:\/\/thermiabarcelona.com\/wp-content\/uploads\/2018\/08\/logo_thermia-1.jpg","contentUrl":"https:\/\/thermiabarcelona.com\/wp-content\/uploads\/2018\/08\/logo_thermia-1.jpg","width":345,"height":158,"caption":"Thermia Barcelona"},"image":{"@id":"https:\/\/thermiabarcelona.com\/#\/schema\/logo\/image\/"},"sameAs":["https:\/\/www.facebook.com\/thermiabarcelona\/","https:\/\/www.instagram.com\/thermiabarcelona\/","https:\/\/es.linkedin.com\/company\/thermia-barcelona","https:\/\/www.youtube.com\/thermiabarcelona"]}]}},"_links":{"self":[{"href":"https:\/\/thermiabarcelona.com\/fr\/wp-json\/wp\/v2\/pages\/27081","targetHints":{"allow":["GET"]}}],"collection":[{"href":"https:\/\/thermiabarcelona.com\/fr\/wp-json\/wp\/v2\/pages"}],"about":[{"href":"https:\/\/thermiabarcelona.com\/fr\/wp-json\/wp\/v2\/types\/page"}],"author":[{"embeddable":true,"href":"https:\/\/thermiabarcelona.com\/fr\/wp-json\/wp\/v2\/users\/2"}],"replies":[{"embeddable":true,"href":"https:\/\/thermiabarcelona.com\/fr\/wp-json\/wp\/v2\/comments?post=27081"}],"version-history":[{"count":0,"href":"https:\/\/thermiabarcelona.com\/fr\/wp-json\/wp\/v2\/pages\/27081\/revisions"}],"wp:attachment":[{"href":"https:\/\/thermiabarcelona.com\/fr\/wp-json\/wp\/v2\/media?parent=27081"}],"curies":[{"name":"wp","href":"https:\/\/api.w.org\/{rel}","templated":true}]}}