{"id":27077,"date":"2019-09-03T08:34:11","date_gmt":"2019-09-03T08:34:11","guid":{"rendered":"https:\/\/thermiabarcelona.com\/produits\/fenetres-c16-thermia-barcelona\/"},"modified":"2020-07-28T08:13:11","modified_gmt":"2020-07-28T08:13:11","slug":"fenetres-c16-thermia-barcelona","status":"publish","type":"page","link":"https:\/\/thermiabarcelona.com\/fr\/produits\/fenetres-c16-thermia-barcelona\/","title":{"rendered":"Fen\u00eatres\u00a0C16 | Thermia\u00a0Barcelona"},"content":{"rendered":"<div class=\"wpb-content-wrapper\"><p>[vc_row][vc_column width=\u00a0\u00bb1\/1&Prime;]<h2 class=\"headline font-inherit fontsize-l fontweight-700 lh-inherit align-left transform-inherit \" style=\"margin: 0 0 20px 0;\">Fen\u00eatres C16<\/h2><div class=\"newdivider align-center\" style=\"border-bottom-style: solid; border-color: #595959; border-bottom-width: 1px; margin-top: 5px; margin-bottom: 5px; width: 100%; \"><\/div><div class=\"clear\"><\/div><div class=\"spacer\" style=\"height: 10px;\"><\/div>[\/vc_column][\/vc_row][vc_row][vc_column width=\u00a0\u00bb1\/1&Prime;]<h3 class=\"headline font-inherit fontsize-m fontweight-700 lh-inherit align-left transform-inherit \" style=\"margin: 0 0 20px 0;\">Avec rupture de pont thermique<\/h3><div class=\"newdivider align-center\" style=\"border-bottom-style: solid; border-color: #ededed; border-bottom-width: 1px; margin-top: 5px; margin-bottom: 5px; width: 100%; \"><\/div><div class=\"clear\"><\/div><div class=\"spacer\" style=\"height: 20px;\"><\/div>[\/vc_column][\/vc_row][vc_row bottom_padding=\u00a0\u00bb60px\u00a0\u00bb][vc_column width=\u00a0\u00bb1\/3&Prime;]<div class=\"divider-title align-left\" >THERMIA AR78+C16<\/div>[vc_column_text]La s\u00e9rie\u00a0<strong>Thermia\u00a0AR78+<\/strong> <strong>C16 <\/strong>est un syst\u00e8me pour <strong>portes et fen\u00eatres aux performances techniques exceptionnelles<\/strong> qui assure une\u00a0<strong>isolation thermique et acoustique maximale<\/strong>. Elle dispose de solutions adapt\u00e9es \u00e0 diff\u00e9rents types de portes et de fen\u00eatres. De plus, tous ses profil\u00e9s sont disponibles en finition bicolore et pour fen\u00eatres cintr\u00e9es.[\/vc_column_text]<a href=\"\/serie-thermia-ar78c16\/\" target=\"_blank\" class=\"button custom small \" style=\"background-color: #3583c6; border-color: #3583c6;border-radius: 2px;\">Voir fiche Thermia AR78+C16<\/a>[\/vc_column][vc_column width=\u00a0\u00bb1\/3&Prime;]<div class=\"single_image wpb_content_element align-left    \" data-animation=\"none\" data-delay=\"0\"><img fetchpriority=\"high\" decoding=\"async\" class=\"\" src=\"https:\/\/thermiabarcelona.com\/wp-content\/uploads\/2016\/12\/AR78C16-SMALL-300x300.jpg\" width=\"300\" height=\"300\" alt=\"ar78c16-small\" title=\"ar78c16-small\" \/><\/div>[\/vc_column][vc_column width=\u00a0\u00bb1\/3&Prime;]<div class=\"single_image wpb_content_element align-left   image_opacity \" data-animation=\"none\" data-delay=\"0\"><img decoding=\"async\" width=\"260\" height=\"358\" src=\"https:\/\/thermiabarcelona.com\/wp-content\/uploads\/2016\/12\/ENSAYOS-AR78-CANAL-16.jpg\" class=\"attachment-full\" alt=\"\" title=\"ensayos-ar78-canal-16\" srcset=\"https:\/\/thermiabarcelona.com\/wp-content\/uploads\/2016\/12\/ENSAYOS-AR78-CANAL-16.jpg 260w, https:\/\/thermiabarcelona.com\/wp-content\/uploads\/2016\/12\/ENSAYOS-AR78-CANAL-16-218x300.jpg 218w\" sizes=\"(max-width: 260px) 100vw, 260px\" \/><\/div>[\/vc_column][\/vc_row][vc_row][vc_column width=\u00a0\u00bb1\/1&Prime;]<div class=\"spacer\" style=\"height: 10px;\"><\/div>[\/vc_column][\/vc_row][vc_row bottom_padding=\u00a0\u00bb60px\u00a0\u00bb][vc_column width=\u00a0\u00bb1\/3&Prime;]<div class=\"divider-title align-left\" >THERMIA OC78+C16<\/div>[vc_column_text]La <strong>s\u00e9rie Thermia OC78+ C16<\/strong> se distingue par son esth\u00e9tique \u00e9pur\u00e9e et simple. Cette s\u00e9rie allie \u00e9l\u00e9gance et excellentes performances thermiques et acoustiques. Avec ces fen\u00eatres, vous maximiserez la surface vitr\u00e9e, pour optimiser l&rsquo;\u00e9clairage naturel.[\/vc_column_text]<a href=\"\/serie-thermia-oc78c16\/\" target=\"_blank\" class=\"button custom small \" style=\"background-color: #3583c6; border-color: #3583c6;border-radius: 2px;\">Voir fiche Thermia OC78+C16<\/a>[\/vc_column][vc_column width=\u00a0\u00bb1\/3&Prime;]<div class=\"single_image wpb_content_element align-left    \" data-animation=\"none\" data-delay=\"0\"><img decoding=\"async\" class=\"\" src=\"https:\/\/thermiabarcelona.com\/wp-content\/uploads\/2016\/12\/OC78C16-SMALL-300x300.jpg\" width=\"300\" height=\"300\" alt=\"ventana thermia\" title=\"oc78c16-small\" \/><\/div>[\/vc_column][vc_column width=\u00a0\u00bb1\/3&Prime;]<div class=\"single_image wpb_content_element align-left   image_opacity \" data-animation=\"none\" data-delay=\"0\"><img loading=\"lazy\" decoding=\"async\" width=\"260\" height=\"358\" src=\"https:\/\/thermiabarcelona.com\/wp-content\/uploads\/2016\/12\/ensayo-thermia-oc78-canal-16.jpg\" class=\"attachment-full\" alt=\"\" title=\"ensayo-thermia-oc78-canal-16\" srcset=\"https:\/\/thermiabarcelona.com\/wp-content\/uploads\/2016\/12\/ensayo-thermia-oc78-canal-16.jpg 260w, https:\/\/thermiabarcelona.com\/wp-content\/uploads\/2016\/12\/ensayo-thermia-oc78-canal-16-218x300.jpg 218w\" sizes=\"(max-width: 260px) 100vw, 260px\" \/><\/div>[\/vc_column][\/vc_row][vc_row][vc_column width=\u00a0\u00bb1\/1&Prime;]<h2 class=\"headline font-inherit fontsize-m fontweight-700 lh-inherit align-left transform-inherit \" style=\"margin: 0 0 20px 0;\">Sans rupture de pont thermique<\/h2><div class=\"newdivider align-center\" style=\"border-bottom-style: solid; border-color: #595959; border-bottom-width: 1px; margin-top: 5px; margin-bottom: 0; width: 100%; \"><\/div><div class=\"clear\"><\/div><div class=\"spacer\" style=\"height: 10px;\"><\/div>[\/vc_column][\/vc_row][vc_row bottom_padding=\u00a0\u00bb60px\u00a0\u00bb][vc_column width=\u00a0\u00bb1\/3&Prime;]<div class=\"divider-title align-left\" >THERMIA AF52<\/div>[vc_column_text]La <strong>s\u00e9rie de fen\u00eatres \u00e0 la fran\u00e7aise\u00a0Thermia\u00a0AF52<\/strong>\u00a0<strong>C16<\/strong> permet d&rsquo;utiliser un syst\u00e8me simple pour une multitude de projets architecturaux qui ne demandent pas une isolation thermique \u00e9lev\u00e9e, tout en b\u00e9n\u00e9ficiant d&rsquo;un bon affaiblissement acoustique et d&rsquo;un syst\u00e8me durable.[\/vc_column_text]<a href=\"\/serie-thermia-af52\/\" target=\"_blank\" class=\"button custom small \" style=\"background-color: #3583c6; border-color: #3583c6;border-radius: 2px;\">Voir fiche Thermia AF52 C16<\/a>[\/vc_column][vc_column width=\u00a0\u00bb1\/3&Prime;]<div class=\"single_image wpb_content_element align-left    \" data-animation=\"none\" data-delay=\"0\"><img loading=\"lazy\" decoding=\"async\" class=\"\" src=\"https:\/\/thermiabarcelona.com\/wp-content\/uploads\/2016\/12\/AF52C16-BIG-300x300.jpg\" width=\"300\" height=\"300\" alt=\"ventana lateral\" title=\"af52c16-big\" \/><\/div>[\/vc_column][vc_column width=\u00a0\u00bb1\/3&Prime;]<div class=\"single_image wpb_content_element align-left   image_opacity \" data-animation=\"none\" data-delay=\"0\"><img loading=\"lazy\" decoding=\"async\" width=\"260\" height=\"272\" src=\"https:\/\/thermiabarcelona.com\/wp-content\/uploads\/2016\/12\/ENSAYOS-THERMIA-AF52-CANAL-16.jpg\" class=\"attachment-full\" alt=\"\" title=\"ensayos-thermia-af52-canal-16\" \/><\/div>[\/vc_column][\/vc_row][vc_row][vc_column width=\u00a0\u00bb1\/1&Prime;]<div class=\"spacer\" style=\"height: 20px;\"><\/div>[\/vc_column][\/vc_row][vc_row][vc_column][vc_column_text]<br \/>\n[\/vc_column_text][\/vc_column][\/vc_row][vc_row top_padding=\u00a0\u00bb20&Prime;][vc_column width=\u00a0\u00bb1\/1&Prime;]<div class=\"spacer\" style=\"height: 30px;\"><\/div><div class=\"divider-title align-center\" >PROJETS ASSOCI\u00c9S<\/div>\n\t\t<div class=\"portfolio-element\">\n\n\t\t\n\t\t\t\t\t<div class=\"container\">\n\t\t\n\t\t\t\t\t<div id=\"2000431231\" class=\"portfolio-items portfolio-default portfolio-overlay-icon clearfix\" data-id=\"2000431231\">  \n\t\t\t\t\t\t\n\t\t\t\t\t\t\t\n\t\t\t\t\t\t\t\n\t\t\t\t\t\t\n\t\t\t\t\t\t\t\t\t\t\t\t\t\t\t\t\n\t\t\t\t\t\t\t\t   \n\n\t\t\t\t\t\t\t\t<div class=\"term-ventanas-abatibles term-ventanas-correderas term-viviendas-multifamiliares portfolio-item one-third column\">\n\t\t\t\t\t\t\t\t\t<div class=\"portfolio-image\"><a href=\"https:\/\/thermiabarcelona.com\/wp-content\/uploads\/2022\/05\/matriu-destacada-casa-3-aguas.jpg\" class=\"prettyPhoto\" rel=\"prettyPhoto[portfolio]\" title=\"CASA 3 AGUAS\"><div class=\"portfolio-image-img\"><img decoding=\"async\" src=\"https:\/\/thermiabarcelona.com\/wp-content\/uploads\/2022\/05\/matriu-destacada-casa-3-aguas-600x400.jpg\" alt=\"CASA 3 AGUAS\" \/><\/div><div class=\"portfolio-overlay overlay-icon\"><\/div><i class=\"icon-minti-search\"><\/i><\/a><\/div>\n\t\t\t\t\t\t\t\t\t<h4><a href=\"https:\/\/thermiabarcelona.com\/proyectos-thermia\/obra-diez-muller-casa-3-aguas-ecuador-con-ventanas-de-alto-standing-europeas-thermia\/\" title=\"CASA 3 AGUAS\">CASA 3 AGUAS<\/a><\/h4>\n\t\t\t\t\t\t\t\t\t<span class=\"portfolio-subtitle\"><\/span>\n\t\t\t\t\t\t\t\t<\/div>\n\n\t\t\t\t\t\t\t\t\t\t\t\t  \n\t\t\t\t\t\t\n\t\t\t\t\t\t\t\n\t\t\t\t\t\t\t\n\t\t\t\t\t\t\n\t\t\t\t\t\t\t\t\t\t\t\t\t\t\t\t\n\t\t\t\t\t\t\t\t   \n\n\t\t\t\t\t\t\t\t<div class=\"term-ventanas-abatibles term-ventanas-correderas term-viviendas-unifamiliares portfolio-item one-third column\">\n\t\t\t\t\t\t\t\t\t<div class=\"portfolio-image\"><a href=\"https:\/\/thermiabarcelona.com\/wp-content\/uploads\/2022\/05\/CASA-FRAGATA-MATRIU-DESTACADA.jpg\" class=\"prettyPhoto\" rel=\"prettyPhoto[portfolio]\" title=\"CASA PLAYA BONITA\"><div class=\"portfolio-image-img\"><img decoding=\"async\" src=\"https:\/\/thermiabarcelona.com\/wp-content\/uploads\/2022\/05\/CASA-FRAGATA-MATRIU-DESTACADA-600x400.jpg\" alt=\"CASA PLAYA BONITA\" \/><\/div><div class=\"portfolio-overlay overlay-icon\"><\/div><i class=\"icon-minti-search\"><\/i><\/a><\/div>\n\t\t\t\t\t\t\t\t\t<h4><a href=\"https:\/\/thermiabarcelona.com\/proyectos-thermia\/residencia-casa-bonita-en-peru-sistemas-alto-standing-thermia\/\" title=\"CASA PLAYA BONITA\">CASA PLAYA BONITA<\/a><\/h4>\n\t\t\t\t\t\t\t\t\t<span class=\"portfolio-subtitle\"><\/span>\n\t\t\t\t\t\t\t\t<\/div>\n\n\t\t\t\t\t\t\t\t\t\t\t\t  \n\t\t\t\t\t\t\n\t\t\t\t\t\t\t\n\t\t\t\t\t\t\t\n\t\t\t\t\t\t\n\t\t\t\t\t\t\t\t\t\t\t\t\t\t\t\t\n\t\t\t\t\t\t\t\t   \n\n\t\t\t\t\t\t\t\t<div class=\"term-ventanas-abatibles term-ventanas-correderas term-viviendas-unifamiliares portfolio-item one-third column\">\n\t\t\t\t\t\t\t\t\t<div class=\"portfolio-image\"><a href=\"https:\/\/thermiabarcelona.com\/wp-content\/uploads\/2022\/05\/WhatsApp-Image-2021-12-07-at-21.50.42.jpg\" class=\"prettyPhoto\" rel=\"prettyPhoto[portfolio]\" title=\"CASA BERM\u00daDEZ PASTORIZA\"><div class=\"portfolio-image-img\"><img decoding=\"async\" src=\"https:\/\/thermiabarcelona.com\/wp-content\/uploads\/2022\/05\/WhatsApp-Image-2021-12-07-at-21.50.42-600x400.jpg\" alt=\"CASA BERM\u00daDEZ PASTORIZA\" \/><\/div><div class=\"portfolio-overlay overlay-icon\"><\/div><i class=\"icon-minti-search\"><\/i><\/a><\/div>\n\t\t\t\t\t\t\t\t\t<h4><a href=\"https:\/\/thermiabarcelona.com\/proyectos-thermia\/instalacion-ventanas-thermia-con-tecnologia-europea-casa-bermudez-en-republica-dominicana\/\" title=\"CASA BERM\u00daDEZ PASTORIZA\">CASA BERM\u00daDEZ PASTORIZA<\/a><\/h4>\n\t\t\t\t\t\t\t\t\t<span class=\"portfolio-subtitle\"><\/span>\n\t\t\t\t\t\t\t\t<\/div>\n\n\t\t\t\t\t\t\t\t\t\t\t\t  \n\t\t\t\t\t\t\t\t\t\t\t<\/div>\n\n\t\t\t\t\t<\/div>\n\t\t\n\t\t<\/div>\n\t\t\t\n\t\t\t\t\n\t\t[\/vc_column][\/vc_row][vc_row type=\u00a0\u00bbfull_width_section\u00a0\u00bb bg_position=\u00a0\u00bbleft top\u00a0\u00bb][vc_column width=\u00a0\u00bb1\/1&Prime;]<div class=\"callout clearfix\" style=\"background-color:#6393ec; color:#ffffff;\">\n\t\t<div class=\"callout-text\">Quel est votre projet\u00a0? Contactez d\u00e8s \u00e0 pr\u00e9sent Thermia\u00a0Barcelona<\/div>\n\t\t\t<div class=\"callout-button\"><a class=\"button medium color-8\" href=\"\/contacto\/\" target=\"_blank\">Contactez-nous !<\/a><\/div>\n\t\t<\/div>[\/vc_column][\/vc_row][vc_column width=\u00a0\u00bb1\/1&Prime;][\/vc_column]<\/p>\n<\/div>","protected":false},"excerpt":{"rendered":"<p>[vc_row][vc_column width=\u00a0\u00bb1\/1&Prime;][\/vc_column][\/vc_row][vc_row][vc_column width=\u00a0\u00bb1\/1&Prime;][\/vc_column][\/vc_row][vc_row bottom_padding=\u00a0\u00bb60px\u00a0\u00bb][vc_column width=\u00a0\u00bb1\/3&Prime;][vc_column_text]La s\u00e9rie\u00a0Thermia\u00a0AR78+ C16 est un syst\u00e8me pour portes et fen\u00eatres aux performances techniques exceptionnelles qui assure une\u00a0isolation thermique et acoustique maximale. Elle dispose de solutions adapt\u00e9es \u00e0 diff\u00e9rents types de portes et de fen\u00eatres. De plus, tous ses profil\u00e9s sont disponibles en finition bicolore et pour fen\u00eatres cintr\u00e9es.[\/vc_column_text][\/vc_column][vc_column width=\u00a0\u00bb1\/3&Prime;][\/vc_column][vc_column width=\u00a0\u00bb1\/3&Prime;][\/vc_column][\/vc_row][vc_row][vc_column width=\u00a0\u00bb1\/1&Prime;][\/vc_column][\/vc_row][vc_row bottom_padding=\u00a0\u00bb60px\u00a0\u00bb][vc_column width=\u00a0\u00bb1\/3&Prime;][vc_column_text]La s\u00e9rie Thermia OC78+ C16 se distingue par son esth\u00e9tique \u00e9pur\u00e9e et simple. Cette s\u00e9rie allie \u00e9l\u00e9gance et excellentes performances thermiques et acoustiques. Avec ces fen\u00eatres, vous maximiserez la surface vitr\u00e9e, pour optimiser l&rsquo;\u00e9clairage naturel.[\/vc_column_text][\/vc_column][vc_column width=\u00a0\u00bb1\/3&Prime;][\/vc_column][vc_column width=\u00a0\u00bb1\/3&Prime;][\/vc_column][\/vc_row][vc_row][vc_column width=\u00a0\u00bb1\/1&Prime;][\/vc_column][\/vc_row][vc_row bottom_padding=\u00a0\u00bb60px\u00a0\u00bb][vc_column width=\u00a0\u00bb1\/3&Prime;][vc_column_text]La s\u00e9rie de fen\u00eatres \u00e0 la fran\u00e7aise\u00a0Thermia\u00a0AF52\u00a0C16 permet d&rsquo;utiliser un syst\u00e8me simple pour une multitude de projets architecturaux qui ne demandent pas une isolation thermique \u00e9lev\u00e9e, tout en b\u00e9n\u00e9ficiant d&rsquo;un bon affaiblissement acoustique et d&rsquo;un syst\u00e8me durable.[\/vc_column_text][\/vc_column][vc_column width=\u00a0\u00bb1\/3&Prime;][\/vc_column][vc_column width=\u00a0\u00bb1\/3&Prime;][\/vc_column][\/vc_row][vc_row][vc_column width=\u00a0\u00bb1\/1&Prime;][\/vc_column][\/vc_row][vc_row][vc_column][vc_column_text] [\/vc_column_text][\/vc_column][\/vc_row][vc_row top_padding=\u00a0\u00bb20&Prime;][vc_column width=\u00a0\u00bb1\/1&Prime;][\/vc_column][\/vc_row][vc_row type=\u00a0\u00bbfull_width_section\u00a0\u00bb bg_position=\u00a0\u00bbleft top\u00a0\u00bb][vc_column width=\u00a0\u00bb1\/1&Prime;][\/vc_column][\/vc_row][vc_column width=\u00a0\u00bb1\/1&Prime;][\/vc_column]<\/p>\n","protected":false},"author":2,"featured_media":0,"parent":26973,"menu_order":0,"comment_status":"closed","ping_status":"closed","template":"","meta":{"footnotes":""},"class_list":["post-27077","page","type-page","status-publish","hentry"],"yoast_head":"<!-- This site is optimized with the Yoast SEO Premium plugin v26.7 (Yoast SEO v27.3) - https:\/\/yoast.com\/product\/yoast-seo-premium-wordpress\/ -->\n<title>Fen\u00eatres\u00a0C16 | Thermia\u00a0Barcelona | Des fen\u00eatres pour un plus grand confort<\/title>\n<meta name=\"description\" content=\"Une s\u00e9rie de produits de tr\u00e8s grande qualit\u00e9, dot\u00e9e de finitions d&#039;une pr\u00e9cision remarquable. S\u00e9ries avec ou sans rupture de pont thermique. D\u00e9couvrez-les ici\u00a0!\" \/>\n<meta name=\"robots\" content=\"index, follow, max-snippet:-1, max-image-preview:large, max-video-preview:-1\" \/>\n<link rel=\"canonical\" href=\"https:\/\/thermiabarcelona.com\/fr\/produits\/fenetres-c16-thermia-barcelona\/\" \/>\n<meta property=\"og:locale\" content=\"fr_FR\" \/>\n<meta property=\"og:type\" content=\"article\" \/>\n<meta property=\"og:title\" content=\"Fen\u00eatres\u00a0C16 | Thermia\u00a0Barcelona\" \/>\n<meta property=\"og:description\" content=\"Une s\u00e9rie de produits de tr\u00e8s grande qualit\u00e9, dot\u00e9e de finitions d&#039;une pr\u00e9cision remarquable. S\u00e9ries avec ou sans rupture de pont thermique. D\u00e9couvrez-les ici\u00a0!\" \/>\n<meta property=\"og:url\" content=\"https:\/\/thermiabarcelona.com\/fr\/produits\/fenetres-c16-thermia-barcelona\/\" \/>\n<meta property=\"og:site_name\" content=\"Thermia Barcelona. Ventanas para vivir mejor\" \/>\n<meta property=\"article:publisher\" content=\"https:\/\/www.facebook.com\/thermiabarcelona\/\" \/>\n<meta property=\"article:modified_time\" content=\"2020-07-28T08:13:11+00:00\" \/>\n<meta name=\"twitter:card\" content=\"summary_large_image\" \/>\n<meta name=\"twitter:label1\" content=\"Dur\u00e9e de lecture estim\u00e9e\" \/>\n\t<meta name=\"twitter:data1\" content=\"3 minutes\" \/>\n<script type=\"application\/ld+json\" class=\"yoast-schema-graph\">{\"@context\":\"https:\\\/\\\/schema.org\",\"@graph\":[{\"@type\":\"WebPage\",\"@id\":\"https:\\\/\\\/thermiabarcelona.com\\\/fr\\\/produits\\\/fenetres-c16-thermia-barcelona\\\/\",\"url\":\"https:\\\/\\\/thermiabarcelona.com\\\/fr\\\/produits\\\/fenetres-c16-thermia-barcelona\\\/\",\"name\":\"Fen\u00eatres\u00a0C16 | Thermia\u00a0Barcelona | Des fen\u00eatres pour un plus grand confort\",\"isPartOf\":{\"@id\":\"https:\\\/\\\/thermiabarcelona.com\\\/#website\"},\"datePublished\":\"2019-09-03T08:34:11+00:00\",\"dateModified\":\"2020-07-28T08:13:11+00:00\",\"description\":\"Une s\u00e9rie de produits de tr\u00e8s grande qualit\u00e9, dot\u00e9e de finitions d'une pr\u00e9cision remarquable. S\u00e9ries avec ou sans rupture de pont thermique. D\u00e9couvrez-les ici\u00a0!\",\"breadcrumb\":{\"@id\":\"https:\\\/\\\/thermiabarcelona.com\\\/fr\\\/produits\\\/fenetres-c16-thermia-barcelona\\\/#breadcrumb\"},\"inLanguage\":\"fr-FR\",\"potentialAction\":[{\"@type\":\"ReadAction\",\"target\":[\"https:\\\/\\\/thermiabarcelona.com\\\/fr\\\/produits\\\/fenetres-c16-thermia-barcelona\\\/\"]}]},{\"@type\":\"BreadcrumbList\",\"@id\":\"https:\\\/\\\/thermiabarcelona.com\\\/fr\\\/produits\\\/fenetres-c16-thermia-barcelona\\\/#breadcrumb\",\"itemListElement\":[{\"@type\":\"ListItem\",\"position\":1,\"name\":\"Portada\",\"item\":\"https:\\\/\\\/thermiabarcelona.com\\\/\"},{\"@type\":\"ListItem\",\"position\":2,\"name\":\"Produits\",\"item\":\"https:\\\/\\\/thermiabarcelona.com\\\/fr\\\/produits\\\/\"},{\"@type\":\"ListItem\",\"position\":3,\"name\":\"Fen\u00eatres\u00a0C16 | Thermia\u00a0Barcelona\"}]},{\"@type\":\"WebSite\",\"@id\":\"https:\\\/\\\/thermiabarcelona.com\\\/#website\",\"url\":\"https:\\\/\\\/thermiabarcelona.com\\\/\",\"name\":\"Thermia Barcelona. Ventanas para vivir mejor\",\"description\":\"Ventanas de calidad, duraderas y f\u00e1ciles de fabricar. Dise\u00f1o.Confort.Silencio\",\"publisher\":{\"@id\":\"https:\\\/\\\/thermiabarcelona.com\\\/#organization\"},\"potentialAction\":[{\"@type\":\"SearchAction\",\"target\":{\"@type\":\"EntryPoint\",\"urlTemplate\":\"https:\\\/\\\/thermiabarcelona.com\\\/?s={search_term_string}\"},\"query-input\":{\"@type\":\"PropertyValueSpecification\",\"valueRequired\":true,\"valueName\":\"search_term_string\"}}],\"inLanguage\":\"fr-FR\"},{\"@type\":\"Organization\",\"@id\":\"https:\\\/\\\/thermiabarcelona.com\\\/#organization\",\"name\":\"Thermia Barcelona\",\"url\":\"https:\\\/\\\/thermiabarcelona.com\\\/\",\"logo\":{\"@type\":\"ImageObject\",\"inLanguage\":\"fr-FR\",\"@id\":\"https:\\\/\\\/thermiabarcelona.com\\\/#\\\/schema\\\/logo\\\/image\\\/\",\"url\":\"https:\\\/\\\/thermiabarcelona.com\\\/wp-content\\\/uploads\\\/2018\\\/08\\\/logo_thermia-1.jpg\",\"contentUrl\":\"https:\\\/\\\/thermiabarcelona.com\\\/wp-content\\\/uploads\\\/2018\\\/08\\\/logo_thermia-1.jpg\",\"width\":345,\"height\":158,\"caption\":\"Thermia Barcelona\"},\"image\":{\"@id\":\"https:\\\/\\\/thermiabarcelona.com\\\/#\\\/schema\\\/logo\\\/image\\\/\"},\"sameAs\":[\"https:\\\/\\\/www.facebook.com\\\/thermiabarcelona\\\/\",\"https:\\\/\\\/www.instagram.com\\\/thermiabarcelona\\\/\",\"https:\\\/\\\/es.linkedin.com\\\/company\\\/thermia-barcelona\",\"https:\\\/\\\/www.youtube.com\\\/thermiabarcelona\"]}]}<\/script>\n<!-- \/ Yoast SEO Premium plugin. -->","yoast_head_json":{"title":"Fen\u00eatres\u00a0C16 | Thermia\u00a0Barcelona | Des fen\u00eatres pour un plus grand confort","description":"Une s\u00e9rie de produits de tr\u00e8s grande qualit\u00e9, dot\u00e9e de finitions d'une pr\u00e9cision remarquable. S\u00e9ries avec ou sans rupture de pont thermique. D\u00e9couvrez-les ici\u00a0!","robots":{"index":"index","follow":"follow","max-snippet":"max-snippet:-1","max-image-preview":"max-image-preview:large","max-video-preview":"max-video-preview:-1"},"canonical":"https:\/\/thermiabarcelona.com\/fr\/produits\/fenetres-c16-thermia-barcelona\/","og_locale":"fr_FR","og_type":"article","og_title":"Fen\u00eatres\u00a0C16 | Thermia\u00a0Barcelona","og_description":"Une s\u00e9rie de produits de tr\u00e8s grande qualit\u00e9, dot\u00e9e de finitions d'une pr\u00e9cision remarquable. S\u00e9ries avec ou sans rupture de pont thermique. D\u00e9couvrez-les ici\u00a0!","og_url":"https:\/\/thermiabarcelona.com\/fr\/produits\/fenetres-c16-thermia-barcelona\/","og_site_name":"Thermia Barcelona. Ventanas para vivir mejor","article_publisher":"https:\/\/www.facebook.com\/thermiabarcelona\/","article_modified_time":"2020-07-28T08:13:11+00:00","twitter_card":"summary_large_image","twitter_misc":{"Dur\u00e9e de lecture estim\u00e9e":"3 minutes"},"schema":{"@context":"https:\/\/schema.org","@graph":[{"@type":"WebPage","@id":"https:\/\/thermiabarcelona.com\/fr\/produits\/fenetres-c16-thermia-barcelona\/","url":"https:\/\/thermiabarcelona.com\/fr\/produits\/fenetres-c16-thermia-barcelona\/","name":"Fen\u00eatres\u00a0C16 | Thermia\u00a0Barcelona | Des fen\u00eatres pour un plus grand confort","isPartOf":{"@id":"https:\/\/thermiabarcelona.com\/#website"},"datePublished":"2019-09-03T08:34:11+00:00","dateModified":"2020-07-28T08:13:11+00:00","description":"Une s\u00e9rie de produits de tr\u00e8s grande qualit\u00e9, dot\u00e9e de finitions d'une pr\u00e9cision remarquable. S\u00e9ries avec ou sans rupture de pont thermique. D\u00e9couvrez-les ici\u00a0!","breadcrumb":{"@id":"https:\/\/thermiabarcelona.com\/fr\/produits\/fenetres-c16-thermia-barcelona\/#breadcrumb"},"inLanguage":"fr-FR","potentialAction":[{"@type":"ReadAction","target":["https:\/\/thermiabarcelona.com\/fr\/produits\/fenetres-c16-thermia-barcelona\/"]}]},{"@type":"BreadcrumbList","@id":"https:\/\/thermiabarcelona.com\/fr\/produits\/fenetres-c16-thermia-barcelona\/#breadcrumb","itemListElement":[{"@type":"ListItem","position":1,"name":"Portada","item":"https:\/\/thermiabarcelona.com\/"},{"@type":"ListItem","position":2,"name":"Produits","item":"https:\/\/thermiabarcelona.com\/fr\/produits\/"},{"@type":"ListItem","position":3,"name":"Fen\u00eatres\u00a0C16 | Thermia\u00a0Barcelona"}]},{"@type":"WebSite","@id":"https:\/\/thermiabarcelona.com\/#website","url":"https:\/\/thermiabarcelona.com\/","name":"Thermia Barcelona. Ventanas para vivir mejor","description":"Ventanas de calidad, duraderas y f\u00e1ciles de fabricar. Dise\u00f1o.Confort.Silencio","publisher":{"@id":"https:\/\/thermiabarcelona.com\/#organization"},"potentialAction":[{"@type":"SearchAction","target":{"@type":"EntryPoint","urlTemplate":"https:\/\/thermiabarcelona.com\/?s={search_term_string}"},"query-input":{"@type":"PropertyValueSpecification","valueRequired":true,"valueName":"search_term_string"}}],"inLanguage":"fr-FR"},{"@type":"Organization","@id":"https:\/\/thermiabarcelona.com\/#organization","name":"Thermia Barcelona","url":"https:\/\/thermiabarcelona.com\/","logo":{"@type":"ImageObject","inLanguage":"fr-FR","@id":"https:\/\/thermiabarcelona.com\/#\/schema\/logo\/image\/","url":"https:\/\/thermiabarcelona.com\/wp-content\/uploads\/2018\/08\/logo_thermia-1.jpg","contentUrl":"https:\/\/thermiabarcelona.com\/wp-content\/uploads\/2018\/08\/logo_thermia-1.jpg","width":345,"height":158,"caption":"Thermia Barcelona"},"image":{"@id":"https:\/\/thermiabarcelona.com\/#\/schema\/logo\/image\/"},"sameAs":["https:\/\/www.facebook.com\/thermiabarcelona\/","https:\/\/www.instagram.com\/thermiabarcelona\/","https:\/\/es.linkedin.com\/company\/thermia-barcelona","https:\/\/www.youtube.com\/thermiabarcelona"]}]}},"_links":{"self":[{"href":"https:\/\/thermiabarcelona.com\/fr\/wp-json\/wp\/v2\/pages\/27077","targetHints":{"allow":["GET"]}}],"collection":[{"href":"https:\/\/thermiabarcelona.com\/fr\/wp-json\/wp\/v2\/pages"}],"about":[{"href":"https:\/\/thermiabarcelona.com\/fr\/wp-json\/wp\/v2\/types\/page"}],"author":[{"embeddable":true,"href":"https:\/\/thermiabarcelona.com\/fr\/wp-json\/wp\/v2\/users\/2"}],"replies":[{"embeddable":true,"href":"https:\/\/thermiabarcelona.com\/fr\/wp-json\/wp\/v2\/comments?post=27077"}],"version-history":[{"count":0,"href":"https:\/\/thermiabarcelona.com\/fr\/wp-json\/wp\/v2\/pages\/27077\/revisions"}],"up":[{"embeddable":true,"href":"https:\/\/thermiabarcelona.com\/fr\/wp-json\/wp\/v2\/pages\/26973"}],"wp:attachment":[{"href":"https:\/\/thermiabarcelona.com\/fr\/wp-json\/wp\/v2\/media?parent=27077"}],"curies":[{"name":"wp","href":"https:\/\/api.w.org\/{rel}","templated":true}]}}