{"id":27044,"date":"2019-09-03T08:30:06","date_gmt":"2019-09-03T08:30:06","guid":{"rendered":"https:\/\/thermiabarcelona.com\/showroom\/"},"modified":"2019-11-27T16:25:29","modified_gmt":"2019-11-27T16:25:29","slug":"showroom","status":"publish","type":"page","link":"https:\/\/thermiabarcelona.com\/fr\/showroom\/","title":{"rendered":"Showroom"},"content":{"rendered":"<div class=\"wpb-content-wrapper\"><p>[vc_row bg_image=\u00a0\u00bb18518&Prime; top_padding=\u00a0\u00bb200&Prime; bottom_padding=\u00a0\u00bb150&Prime;][vc_column width=\u00a0\u00bb1\/1&Prime;]<div class=\"headline font-inherit fontsize-inherit fontweight-inherit lh-inherit align-center transform-inherit \" style=\"margin: 0 0 30px 0;\"><\/div>[\/vc_column][\/vc_row][vc_row top_padding=\u00a0\u00bb60&Prime;][vc_column width=\u00a0\u00bb1\/1&Prime;][vc_column_text]<\/p>\n<h1 style=\"text-align: center;\">Showroom des fen\u00eatres\u00a0Thermia\u00ae \u00e0\u00a0 Barcelone<\/h1>\n<p>[\/vc_column_text][\/vc_column][\/vc_row][vc_row bg_color=\u00a0\u00bb#ffffff\u00a0\u00bb section_arrow=\u00a0\u00bbfalse\u00a0\u00bb top_padding=\u00a0\u00bb60&Prime; bottom_padding=\u00a0\u00bb60&Prime; bg_position=\u00a0\u00bbleft top\u00a0\u00bb][vc_column width=\u00a0\u00bb1\/3&Prime;]<h2 class=\"headline font-special fontsize-m fontweight-700 lh-15 align-left transform-uppercase \" style=\"margin: 0; color: #e46f09;\">L&rsquo;OUTIL COMMERCIAL<br \/>\nID\u00c9AL POUR<br \/>\nNOS CLIENTS<\/h2><div class=\"headline font-special fontsize-xs fontweight-700 lh-16 align-left transform-uppercase \" style=\"margin: 20px 0 0 0; color: #e46f09;\">POUR POUVOIR PARTAGER UN MAXIMUM D&rsquo;INFORMATIONS SUR LES FEN\u00caTRES\u00a0THERMIA\u00ae, NOUS AVONS CON\u00c7U UN ESPACE INTERACTIF (SHOWROOM) PERMETTANT UNE COMMUNICATION RAPIDE ET FLUIDE ENTRE FABRICANTS ET CLIENTS.<br \/>\n<\/div><div class=\"spacer\" style=\"height: 20px;\"><\/div><a href=\"http:\/\/thermiabarcelona.com\/tourvirtual\" target=\"_blank\" class=\"button orange full \" style=\"border-radius: 2px;\">Voir Showroom<\/a>[\/vc_column][vc_column width=\u00a0\u00bb1\/3&Prime;]<div class=\"iconbox  wpb_content_element iconbox-style-2 icon-color-greyscale color-dark clearfix\"><div class=\"iconbox-icon\"><img src='https:\/\/thermiabarcelona.com\/wp-content\/uploads\/2016\/12\/icon_asesoramiento.png' class='iconimg' alt='Assistance commerciale' \/><\/div><div class=\"iconbox-content\"><h3>Assistance commerciale<\/h3><p>Durant la visite de notre showroom de Barcelone, vous pourrez faire appel au personnel de Thermia, qui vous dispensera des conseils commerciaux et d\u00e9crira les points forts des produits ainsi que les qualit\u00e9s des processus.<\/p>\n<\/p><\/div><\/div><div class=\"spacer\" style=\"height: 47px;\"><\/div>[\/vc_column][vc_column width=\u00a0\u00bb1\/3&Prime;]<div class=\"iconbox  wpb_content_element iconbox-style-2 icon-color-greyscale color-dark clearfix\"><div class=\"iconbox-icon\"><img src='https:\/\/thermiabarcelona.com\/wp-content\/uploads\/2016\/12\/icon_calc_pressu.png' class='iconimg' alt='Assistance technique' \/><\/div><div class=\"iconbox-content\"><h3>Assistance technique<\/h3><p><strong>Si le projet de votre client requiert une assistance technique avanc\u00e9e<\/strong>, le personnel de notre bureau d&rsquo;\u00e9tudes vous accompagnera et \u00e9valuera vos besoins lors d&rsquo;une r\u00e9union, pour vous proposer des solutions compl\u00e8tes.<\/p>\n<\/p><\/div><\/div><div class=\"spacer\" style=\"height: 0px;\"><\/div>[\/vc_column][\/vc_row][vc_row type=\u00a0\u00bbfull_width_section\u00a0\u00bb bg_color=\u00a0\u00bb#000f2c\u00a0\u00bb section_arrow=\u00a0\u00bbfalse\u00a0\u00bb top_padding=\u00a0\u00bb5&Prime; bottom_padding=\u00a0\u00bb5&Prime; bg_position=\u00a0\u00bbleft top\u00a0\u00bb][vc_column bg_color=\u00a0\u00bb#000f2c\u00a0\u00bb column_padding=\u00a0\u00bbpadding-5&Prime; text_color=\u00a0\u00bblight\u00a0\u00bb text_align=\u00a0\u00bbcenter\u00a0\u00bb width=\u00a0\u00bb1\/1&Prime;]<div class=\"headline font-special fontsize-xxl fontweight-inherit lh-12 align-center transform-uppercase \" style=\"margin: 0 0 5px 0; color: #e46f09;\">L&rsquo;exposition aide nos clients<br \/>\n\u00e0 prendre les <span style=\"color: #ffffff;\">meilleures<\/span> d\u00e9cisions<br \/>\n<\/div><div class=\"callout clearfix\" style=\"background-color:#000f2c; color:#ffffff;\">\n\t\t<div class=\"callout-text\">Vous souhaitez visiter notre showroom\u00a0?<\/div>\n\t\t\t<div class=\"callout-button\"><a class=\"button medium color-7\" href=\"https:\/\/thermiabarcelona.com\/fr\/showroom-de-thermia-barcelona-sur-rendez-vous\/\" target=\"_self\">Prendre rendez-vous ici<\/a><\/div>\n\t\t<\/div>[\/vc_column][\/vc_row][vc_row bg_color=\u00a0\u00bb#ffffff\u00a0\u00bb text_align=\u00a0\u00bbcenter\u00a0\u00bb top_padding=\u00a0\u00bb60&Prime; bottom_padding=\u00a0\u00bb5&Prime;][vc_column width=\u00a0\u00bb1\/1&Prime;]<div class=\"headline font-inherit fontsize-m fontweight-600 lh-inherit align-center transform-inherit \" style=\"margin: 0 0 10px 0; color: #000f2c;\">Espaces du showroom<\/div>[\/vc_column][\/vc_row][vc_row bg_color=\u00a0\u00bb#ffffff\u00a0\u00bb top_padding=\u00a0\u00bb15&Prime; bottom_padding=\u00a0\u00bb25&Prime; bg_position=\u00a0\u00bbleft top\u00a0\u00bb][vc_column bg_color=\u00a0\u00bb#ffffff\u00a0\u00bb width=\u00a0\u00bb1\/2&Prime;]<div class=\"box clearfix style-2 wpb_content_element align-left \" style=\"padding: 10px 10px 10px 10px; \"><span style=\"color: #000f2c;\"><strong>Le showroom de Thermia\u00a0Barcelona<\/strong> est divis\u00e9 en plusieurs espaces dans lesquels les diff\u00e9rentes solutions du syst\u00e8me sont pr\u00e9sent\u00e9es au public, qui y trouve \u00e9galement toutes les informations techniques.<\/span><\/p>\n<ul>\n<li>\n<h6>Espace des fen\u00eatres \u00e0 la fran\u00e7aise Thermia<\/h6>\n<\/li>\n<li>\n<h6>Espace des fen\u00eatres et des portes-fen\u00eatres coulissantes\u00a0Thermia<\/h6>\n<\/li>\n<li>\n<h6>Espace des sections des syst\u00e8mes\u00a0Thermia<\/h6>\n<\/li>\n<li>\n<h6>Espace des finitions esth\u00e9tiques\u00a0Thermia<\/h6>\n<\/li>\n<li>\n<h6>Espace de r\u00e9union\/conf\u00e9rence<\/h6>\n<\/li>\n<\/ul>\n<\/div>[\/vc_column][vc_column bg_color=\u00a0\u00bb#ffffff\u00a0\u00bb width=\u00a0\u00bb1\/2&Prime;]<div class=\"imagebox wpb_content_element style-2\"><div class=\"imagebox-img\"><img decoding=\"async\" src=\"https:\/\/thermiabarcelona.com\/wp-content\/uploads\/2016\/12\/showroom_thermia11.jpg\" alt=\"showroom thermia\" \/><\/div><em>Recevez vos clients dans un environnement chaleureux et tout confort.<\/em><\/div>[\/vc_column][\/vc_row][vc_row][vc_column width=\u00a0\u00bb1\/1&Prime;]<div class=\"divider divider4\" style='margin:5px 0 5px 0 !important;'><\/div>[\/vc_column][\/vc_row][vc_row bg_color=\u00a0\u00bb#ffffff\u00a0\u00bb text_align=\u00a0\u00bbcenter\u00a0\u00bb top_padding=\u00a0\u00bb50&Prime; bottom_padding=\u00a0\u00bb50&Prime;][vc_column bg_color=\u00a0\u00bb#ffffff\u00a0\u00bb width=\u00a0\u00bb1\/1&Prime;]<div class=\"headline font-inherit fontsize-xl fontweight-600 lh-12 align-center transform-inherit \" style=\"margin: 0 0 10px 0; color: #000f2c;\">POURQUOI VISITER LE SHOWROOM DE THERMIA\u00a0BARCELONA\u00a0?<br \/>\n<span style=\"color: #e46f09;\">DES AVANTAGES DIRECTS<\/span> POUR VOUS.<\/div>[\/vc_column][\/vc_row][vc_row][vc_column width=\u00a0\u00bb1\/3&Prime;]<div class=\"iconbox  wpb_content_element iconbox-style-6 icon-color-greyscale color-dark clearfix\"><img src='https:\/\/thermiabarcelona.com\/wp-content\/uploads\/2016\/12\/showroom_thermia04.jpg' class='iconimg' alt='L\u2019espace id\u00e9al pour convaincre' \/><h3>L\u2019espace id\u00e9al pour convaincre<\/h3><p>Nous savons qu&rsquo;il n&rsquo;est pas facile de choisir\u00a0la meilleure fen\u00eatre, c&rsquo;est pourquoi nous avons con\u00e7u un vaste espace confortable et bien am\u00e9nag\u00e9.<\/p>\n<p>Afin d&rsquo;appuyer l&rsquo;argumentaire de vente, le showroom dispose \u00e9galement d&rsquo;une salle de r\u00e9union isol\u00e9e et tout confort\u00a0\u00e9quip\u00e9e d&rsquo;un t\u00e9l\u00e9viseur avec port\u00a0USB, d&rsquo;une connexion \u00e0 Internet haut d\u00e9bit \u00a0ainsi que d&rsquo;ordinateurs pouvant \u00eatre utilis\u00e9s\u00a0si n\u00e9cessaire.<\/p>\n<p>&nbsp;<\/p>\n<a href=\"https:\/\/thermiabarcelona.com\/fr\/showroom-de-thermia-barcelona-sur-rendez-vous\/\" target=\"_self\" class=\"button button-appear color-2 medium \" style=\"border-radius: 2px;\"><span>Visiter le showroom <i class='fa fa-chevron-right'><\/i><\/span><\/a>\n<\/p><\/div>[\/vc_column][vc_column width=\u00a0\u00bb1\/3&Prime;]<div class=\"iconbox  wpb_content_element iconbox-style-6 icon-color-greyscale color-dark clearfix\"><img src='https:\/\/thermiabarcelona.com\/wp-content\/uploads\/2016\/12\/showroom_thermia08.jpg' class='iconimg' alt='Am\u00e9liorez votre exp\u00e9rience de vente' \/><h3>Am\u00e9liorez votre exp\u00e9rience de vente<\/h3><p>Am\u00e9liorez votre exp\u00e9rience de vente gr\u00e2ce \u00e0 l&rsquo;exposition. Permettez \u00e0 votre client de voir le produit fini\u00a0et de v\u00e9rifier sur place les qualit\u00e9s des fen\u00eatres\u00a0Thermia\u00a0:<\/p>\n<ul>\n<li>La facilit\u00e9 du syst\u00e8me de fermeture.<\/li>\n<li>Le fonctionnement des composants internes.<\/li>\n<li>Les textures \u00a0des finitions superficielles.<\/li>\n<li>Les dimensions de vitrage disponibles.<\/li>\n<li>Le style des accessoires de man\u0153uvre\u00a0(poign\u00e9es, manivelles, etc.)<\/li>\n<\/ul>\n<a href=\"https:\/\/thermiabarcelona.com\/fr\/showroom-de-thermia-barcelona-sur-rendez-vous\/\" target=\"_self\" class=\"button button-appear color-2 medium \" style=\"border-radius: 2px;\"><span>Visiter le showroom <i class='fa fa-chevron-right'><\/i><\/span><\/a>\n<\/p><\/div>[\/vc_column][vc_column width=\u00a0\u00bb1\/3&Prime;]<div class=\"iconbox  wpb_content_element iconbox-style-6 icon-color-greyscale color-dark clearfix\"><img src='https:\/\/thermiabarcelona.com\/wp-content\/uploads\/2016\/12\/Showroom_thermiabarcelona02.jpg' class='iconimg' alt='\u00c0 vos c\u00f4t\u00e9s \u00e0 tout moment' \/><h3>\u00c0 vos c\u00f4t\u00e9s \u00e0 tout moment<\/h3><p>Les visites du showroom de Thermia nous permettent de vous offrir un accompagnement commercial et technique, et de r\u00e9pondre \u00e0 toutes vos questions.<\/p>\n<p>Cela s&rsquo;av\u00e9rera utile aussi bien \u00e0 votre client qu&rsquo;\u00e0 vous-m\u00eame, car vous disposerez de toutes les informations n\u00e9cessaires en une\u00a0seule visite.<\/p>\n<a href=\"https:\/\/thermiabarcelona.com\/fr\/showroom-de-thermia-barcelona-sur-rendez-vous\/\" target=\"_self\" class=\"button button-appear color-2 medium \" style=\"border-radius: 2px;\"><span>Visiter le showroom <i class='fa fa-chevron-right'><\/i><\/span><\/a>\n<\/p><\/div>[\/vc_column][\/vc_row][vc_row top_padding=\u00a0\u00bb20&Prime; bottom_padding=\u00a0\u00bb20&Prime;][vc_column width=\u00a0\u00bb1\/1&Prime;]<div class=\"divider divider4\" style='margin:5px 0 5px 0 !important;'><\/div>[\/vc_column][\/vc_row][vc_row type=\u00a0\u00bbfull_width_section\u00a0\u00bb][vc_column width=\u00a0\u00bb1\/1&Prime;]<div class=\"callout clearfix\" style=\"background-color:#6393ec; color:#ffffff;\">\n\t\t<div class=\"callout-text\">Vous souhaitez visiter notre showroom\u00a0?<\/div>\n\t\t\t<div class=\"callout-button\"><a class=\"button medium color-8\" href=\"https:\/\/thermiabarcelona.com\/fr\/showroom-de-thermia-barcelona-sur-rendez-vous\/\" target=\"_self\">Nous contacter pour la visite<\/a><\/div>\n\t\t<\/div>[\/vc_column][\/vc_row]<\/p>\n<\/div>","protected":false},"excerpt":{"rendered":"<p>[vc_row bg_image=\u00a0\u00bb18518&Prime; top_padding=\u00a0\u00bb200&Prime; bottom_padding=\u00a0\u00bb150&Prime;][vc_column width=\u00a0\u00bb1\/1&Prime;][\/vc_column][\/vc_row][vc_row top_padding=\u00a0\u00bb60&Prime;][vc_column width=\u00a0\u00bb1\/1&Prime;][vc_column_text] Showroom des fen\u00eatres\u00a0Thermia\u00ae \u00e0\u00a0 Barcelone [\/vc_column_text][\/vc_column][\/vc_row][vc_row bg_color=\u00a0\u00bb#ffffff\u00a0\u00bb section_arrow=\u00a0\u00bbfalse\u00a0\u00bb top_padding=\u00a0\u00bb60&Prime; bottom_padding=\u00a0\u00bb60&Prime; bg_position=\u00a0\u00bbleft top\u00a0\u00bb][vc_column width=\u00a0\u00bb1\/3&Prime;][\/vc_column][vc_column width=\u00a0\u00bb1\/3&Prime;][\/vc_column][vc_column width=\u00a0\u00bb1\/3&Prime;][\/vc_column][\/vc_row][vc_row type=\u00a0\u00bbfull_width_section\u00a0\u00bb bg_color=\u00a0\u00bb#000f2c\u00a0\u00bb section_arrow=\u00a0\u00bbfalse\u00a0\u00bb top_padding=\u00a0\u00bb5&Prime; bottom_padding=\u00a0\u00bb5&Prime; bg_position=\u00a0\u00bbleft top\u00a0\u00bb][vc_column bg_color=\u00a0\u00bb#000f2c\u00a0\u00bb column_padding=\u00a0\u00bbpadding-5&Prime; text_color=\u00a0\u00bblight\u00a0\u00bb text_align=\u00a0\u00bbcenter\u00a0\u00bb width=\u00a0\u00bb1\/1&Prime;][\/vc_column][\/vc_row][vc_row bg_color=\u00a0\u00bb#ffffff\u00a0\u00bb text_align=\u00a0\u00bbcenter\u00a0\u00bb top_padding=\u00a0\u00bb60&Prime; bottom_padding=\u00a0\u00bb5&Prime;][vc_column width=\u00a0\u00bb1\/1&Prime;][\/vc_column][\/vc_row][vc_row bg_color=\u00a0\u00bb#ffffff\u00a0\u00bb top_padding=\u00a0\u00bb15&Prime; bottom_padding=\u00a0\u00bb25&Prime; bg_position=\u00a0\u00bbleft top\u00a0\u00bb][vc_column bg_color=\u00a0\u00bb#ffffff\u00a0\u00bb width=\u00a0\u00bb1\/2&Prime;][\/vc_column][vc_column bg_color=\u00a0\u00bb#ffffff\u00a0\u00bb width=\u00a0\u00bb1\/2&Prime;][\/vc_column][\/vc_row][vc_row][vc_column width=\u00a0\u00bb1\/1&Prime;][\/vc_column][\/vc_row][vc_row bg_color=\u00a0\u00bb#ffffff\u00a0\u00bb text_align=\u00a0\u00bbcenter\u00a0\u00bb top_padding=\u00a0\u00bb50&Prime; bottom_padding=\u00a0\u00bb50&Prime;][vc_column bg_color=\u00a0\u00bb#ffffff\u00a0\u00bb width=\u00a0\u00bb1\/1&Prime;][\/vc_column][\/vc_row][vc_row][vc_column width=\u00a0\u00bb1\/3&Prime;][\/vc_column][vc_column width=\u00a0\u00bb1\/3&Prime;][\/vc_column][vc_column width=\u00a0\u00bb1\/3&Prime;][\/vc_column][\/vc_row][vc_row top_padding=\u00a0\u00bb20&Prime; bottom_padding=\u00a0\u00bb20&Prime;][vc_column width=\u00a0\u00bb1\/1&Prime;][\/vc_column][\/vc_row][vc_row type=\u00a0\u00bbfull_width_section\u00a0\u00bb][vc_column width=\u00a0\u00bb1\/1&Prime;][\/vc_column][\/vc_row]<\/p>\n","protected":false},"author":3,"featured_media":0,"parent":0,"menu_order":0,"comment_status":"open","ping_status":"open","template":"","meta":{"footnotes":""},"class_list":["post-27044","page","type-page","status-publish","hentry"],"yoast_head":"<!-- This site is optimized with the Yoast SEO Premium plugin v26.7 (Yoast SEO v27.3) - https:\/\/yoast.com\/product\/yoast-seo-premium-wordpress\/ -->\n<title>Showroom\u00a0Thermia\u00a0Barcelona\u00ae | Solutions de fermetures et de fen\u00eatres<\/title>\n<meta name=\"description\" content=\"Situ\u00e9 \u00e0 Sant\u00a0Quirze del Vall\u00e8s, le showroom de Thermia\u00a0Barcelona est divis\u00e9 en plusieurs zones dans lesquelles les diff\u00e9rentes solutions du syst\u00e8me sont pr\u00e9sent\u00e9es au public.\" \/>\n<meta name=\"robots\" content=\"index, follow, max-snippet:-1, max-image-preview:large, max-video-preview:-1\" \/>\n<link rel=\"canonical\" href=\"https:\/\/thermiabarcelona.com\/fr\/showroom\/\" \/>\n<meta property=\"og:locale\" content=\"fr_FR\" \/>\n<meta property=\"og:type\" content=\"article\" \/>\n<meta property=\"og:title\" content=\"Showroom\" \/>\n<meta property=\"og:description\" content=\"Situ\u00e9 \u00e0 Sant\u00a0Quirze del Vall\u00e8s, le showroom de Thermia\u00a0Barcelona est divis\u00e9 en plusieurs zones dans lesquelles les diff\u00e9rentes solutions du syst\u00e8me sont pr\u00e9sent\u00e9es au public.\" \/>\n<meta property=\"og:url\" content=\"https:\/\/thermiabarcelona.com\/fr\/showroom\/\" \/>\n<meta property=\"og:site_name\" content=\"Thermia Barcelona. Ventanas para vivir mejor\" \/>\n<meta property=\"article:publisher\" content=\"https:\/\/www.facebook.com\/thermiabarcelona\/\" \/>\n<meta property=\"article:modified_time\" content=\"2019-11-27T16:25:29+00:00\" \/>\n<meta property=\"og:image\" content=\"https:\/\/thermiabarcelona.com\/wp-content\/uploads\/2019\/06\/showroom_thermia_barcelona.jpg\" \/>\n\t<meta property=\"og:image:width\" content=\"1162\" \/>\n\t<meta property=\"og:image:height\" content=\"778\" \/>\n\t<meta property=\"og:image:type\" content=\"image\/jpeg\" \/>\n<meta name=\"twitter:card\" content=\"summary_large_image\" \/>\n<meta name=\"twitter:label1\" content=\"Dur\u00e9e de lecture estim\u00e9e\" \/>\n\t<meta name=\"twitter:data1\" content=\"5 minutes\" \/>\n<script type=\"application\/ld+json\" class=\"yoast-schema-graph\">{\"@context\":\"https:\\\/\\\/schema.org\",\"@graph\":[{\"@type\":\"WebPage\",\"@id\":\"https:\\\/\\\/thermiabarcelona.com\\\/fr\\\/showroom\\\/\",\"url\":\"https:\\\/\\\/thermiabarcelona.com\\\/fr\\\/showroom\\\/\",\"name\":\"Showroom\u00a0Thermia\u00a0Barcelona\u00ae | Solutions de fermetures et de fen\u00eatres\",\"isPartOf\":{\"@id\":\"https:\\\/\\\/thermiabarcelona.com\\\/#website\"},\"datePublished\":\"2019-09-03T08:30:06+00:00\",\"dateModified\":\"2019-11-27T16:25:29+00:00\",\"description\":\"Situ\u00e9 \u00e0 Sant\u00a0Quirze del Vall\u00e8s, le showroom de Thermia\u00a0Barcelona est divis\u00e9 en plusieurs zones dans lesquelles les diff\u00e9rentes solutions du syst\u00e8me sont pr\u00e9sent\u00e9es au public.\",\"breadcrumb\":{\"@id\":\"https:\\\/\\\/thermiabarcelona.com\\\/fr\\\/showroom\\\/#breadcrumb\"},\"inLanguage\":\"fr-FR\",\"potentialAction\":[{\"@type\":\"ReadAction\",\"target\":[\"https:\\\/\\\/thermiabarcelona.com\\\/fr\\\/showroom\\\/\"]}]},{\"@type\":\"BreadcrumbList\",\"@id\":\"https:\\\/\\\/thermiabarcelona.com\\\/fr\\\/showroom\\\/#breadcrumb\",\"itemListElement\":[{\"@type\":\"ListItem\",\"position\":1,\"name\":\"Portada\",\"item\":\"https:\\\/\\\/thermiabarcelona.com\\\/\"},{\"@type\":\"ListItem\",\"position\":2,\"name\":\"Showroom\"}]},{\"@type\":\"WebSite\",\"@id\":\"https:\\\/\\\/thermiabarcelona.com\\\/#website\",\"url\":\"https:\\\/\\\/thermiabarcelona.com\\\/\",\"name\":\"Thermia Barcelona. Ventanas para vivir mejor\",\"description\":\"Ventanas de calidad, duraderas y f\u00e1ciles de fabricar. Dise\u00f1o.Confort.Silencio\",\"publisher\":{\"@id\":\"https:\\\/\\\/thermiabarcelona.com\\\/#organization\"},\"potentialAction\":[{\"@type\":\"SearchAction\",\"target\":{\"@type\":\"EntryPoint\",\"urlTemplate\":\"https:\\\/\\\/thermiabarcelona.com\\\/?s={search_term_string}\"},\"query-input\":{\"@type\":\"PropertyValueSpecification\",\"valueRequired\":true,\"valueName\":\"search_term_string\"}}],\"inLanguage\":\"fr-FR\"},{\"@type\":\"Organization\",\"@id\":\"https:\\\/\\\/thermiabarcelona.com\\\/#organization\",\"name\":\"Thermia Barcelona\",\"url\":\"https:\\\/\\\/thermiabarcelona.com\\\/\",\"logo\":{\"@type\":\"ImageObject\",\"inLanguage\":\"fr-FR\",\"@id\":\"https:\\\/\\\/thermiabarcelona.com\\\/#\\\/schema\\\/logo\\\/image\\\/\",\"url\":\"https:\\\/\\\/thermiabarcelona.com\\\/wp-content\\\/uploads\\\/2018\\\/08\\\/logo_thermia-1.jpg\",\"contentUrl\":\"https:\\\/\\\/thermiabarcelona.com\\\/wp-content\\\/uploads\\\/2018\\\/08\\\/logo_thermia-1.jpg\",\"width\":345,\"height\":158,\"caption\":\"Thermia Barcelona\"},\"image\":{\"@id\":\"https:\\\/\\\/thermiabarcelona.com\\\/#\\\/schema\\\/logo\\\/image\\\/\"},\"sameAs\":[\"https:\\\/\\\/www.facebook.com\\\/thermiabarcelona\\\/\",\"https:\\\/\\\/www.instagram.com\\\/thermiabarcelona\\\/\",\"https:\\\/\\\/es.linkedin.com\\\/company\\\/thermia-barcelona\",\"https:\\\/\\\/www.youtube.com\\\/thermiabarcelona\"]}]}<\/script>\n<!-- \/ Yoast SEO Premium plugin. -->","yoast_head_json":{"title":"Showroom\u00a0Thermia\u00a0Barcelona\u00ae | Solutions de fermetures et de fen\u00eatres","description":"Situ\u00e9 \u00e0 Sant\u00a0Quirze del Vall\u00e8s, le showroom de Thermia\u00a0Barcelona est divis\u00e9 en plusieurs zones dans lesquelles les diff\u00e9rentes solutions du syst\u00e8me sont pr\u00e9sent\u00e9es au public.","robots":{"index":"index","follow":"follow","max-snippet":"max-snippet:-1","max-image-preview":"max-image-preview:large","max-video-preview":"max-video-preview:-1"},"canonical":"https:\/\/thermiabarcelona.com\/fr\/showroom\/","og_locale":"fr_FR","og_type":"article","og_title":"Showroom","og_description":"Situ\u00e9 \u00e0 Sant\u00a0Quirze del Vall\u00e8s, le showroom de Thermia\u00a0Barcelona est divis\u00e9 en plusieurs zones dans lesquelles les diff\u00e9rentes solutions du syst\u00e8me sont pr\u00e9sent\u00e9es au public.","og_url":"https:\/\/thermiabarcelona.com\/fr\/showroom\/","og_site_name":"Thermia Barcelona. Ventanas para vivir mejor","article_publisher":"https:\/\/www.facebook.com\/thermiabarcelona\/","article_modified_time":"2019-11-27T16:25:29+00:00","og_image":[{"width":1162,"height":778,"url":"https:\/\/thermiabarcelona.com\/wp-content\/uploads\/2019\/06\/showroom_thermia_barcelona.jpg","type":"image\/jpeg"}],"twitter_card":"summary_large_image","twitter_misc":{"Dur\u00e9e de lecture estim\u00e9e":"5 minutes"},"schema":{"@context":"https:\/\/schema.org","@graph":[{"@type":"WebPage","@id":"https:\/\/thermiabarcelona.com\/fr\/showroom\/","url":"https:\/\/thermiabarcelona.com\/fr\/showroom\/","name":"Showroom\u00a0Thermia\u00a0Barcelona\u00ae | Solutions de fermetures et de fen\u00eatres","isPartOf":{"@id":"https:\/\/thermiabarcelona.com\/#website"},"datePublished":"2019-09-03T08:30:06+00:00","dateModified":"2019-11-27T16:25:29+00:00","description":"Situ\u00e9 \u00e0 Sant\u00a0Quirze del Vall\u00e8s, le showroom de Thermia\u00a0Barcelona est divis\u00e9 en plusieurs zones dans lesquelles les diff\u00e9rentes solutions du syst\u00e8me sont pr\u00e9sent\u00e9es au public.","breadcrumb":{"@id":"https:\/\/thermiabarcelona.com\/fr\/showroom\/#breadcrumb"},"inLanguage":"fr-FR","potentialAction":[{"@type":"ReadAction","target":["https:\/\/thermiabarcelona.com\/fr\/showroom\/"]}]},{"@type":"BreadcrumbList","@id":"https:\/\/thermiabarcelona.com\/fr\/showroom\/#breadcrumb","itemListElement":[{"@type":"ListItem","position":1,"name":"Portada","item":"https:\/\/thermiabarcelona.com\/"},{"@type":"ListItem","position":2,"name":"Showroom"}]},{"@type":"WebSite","@id":"https:\/\/thermiabarcelona.com\/#website","url":"https:\/\/thermiabarcelona.com\/","name":"Thermia Barcelona. Ventanas para vivir mejor","description":"Ventanas de calidad, duraderas y f\u00e1ciles de fabricar. Dise\u00f1o.Confort.Silencio","publisher":{"@id":"https:\/\/thermiabarcelona.com\/#organization"},"potentialAction":[{"@type":"SearchAction","target":{"@type":"EntryPoint","urlTemplate":"https:\/\/thermiabarcelona.com\/?s={search_term_string}"},"query-input":{"@type":"PropertyValueSpecification","valueRequired":true,"valueName":"search_term_string"}}],"inLanguage":"fr-FR"},{"@type":"Organization","@id":"https:\/\/thermiabarcelona.com\/#organization","name":"Thermia Barcelona","url":"https:\/\/thermiabarcelona.com\/","logo":{"@type":"ImageObject","inLanguage":"fr-FR","@id":"https:\/\/thermiabarcelona.com\/#\/schema\/logo\/image\/","url":"https:\/\/thermiabarcelona.com\/wp-content\/uploads\/2018\/08\/logo_thermia-1.jpg","contentUrl":"https:\/\/thermiabarcelona.com\/wp-content\/uploads\/2018\/08\/logo_thermia-1.jpg","width":345,"height":158,"caption":"Thermia Barcelona"},"image":{"@id":"https:\/\/thermiabarcelona.com\/#\/schema\/logo\/image\/"},"sameAs":["https:\/\/www.facebook.com\/thermiabarcelona\/","https:\/\/www.instagram.com\/thermiabarcelona\/","https:\/\/es.linkedin.com\/company\/thermia-barcelona","https:\/\/www.youtube.com\/thermiabarcelona"]}]}},"_links":{"self":[{"href":"https:\/\/thermiabarcelona.com\/fr\/wp-json\/wp\/v2\/pages\/27044","targetHints":{"allow":["GET"]}}],"collection":[{"href":"https:\/\/thermiabarcelona.com\/fr\/wp-json\/wp\/v2\/pages"}],"about":[{"href":"https:\/\/thermiabarcelona.com\/fr\/wp-json\/wp\/v2\/types\/page"}],"author":[{"embeddable":true,"href":"https:\/\/thermiabarcelona.com\/fr\/wp-json\/wp\/v2\/users\/3"}],"replies":[{"embeddable":true,"href":"https:\/\/thermiabarcelona.com\/fr\/wp-json\/wp\/v2\/comments?post=27044"}],"version-history":[{"count":0,"href":"https:\/\/thermiabarcelona.com\/fr\/wp-json\/wp\/v2\/pages\/27044\/revisions"}],"wp:attachment":[{"href":"https:\/\/thermiabarcelona.com\/fr\/wp-json\/wp\/v2\/media?parent=27044"}],"curies":[{"name":"wp","href":"https:\/\/api.w.org\/{rel}","templated":true}]}}