{"id":26981,"date":"2019-09-03T08:23:38","date_gmt":"2019-09-03T08:23:38","guid":{"rendered":"https:\/\/thermiabarcelona.com\/particuliers\/"},"modified":"2019-11-18T14:45:44","modified_gmt":"2019-11-18T14:45:44","slug":"particuliers","status":"publish","type":"page","link":"https:\/\/thermiabarcelona.com\/fr\/particuliers\/","title":{"rendered":"Particuliers"},"content":{"rendered":"<div class=\"wpb-content-wrapper\"><p>[vc_row][vc_column width=\u00a0\u00bb1\/1&Prime;]<div class=\"spacer\" style=\"height: 60px;\"><\/div>[\/vc_column][\/vc_row][vc_row][vc_column width=\u00a0\u00bb1\/1&Prime;]<h1 class=\"headline font-inherit fontsize-xxxl fontweight-600 lh-12 align-center transform-inherit \" style=\"margin: 0 0 20px 0;\">Des fen\u00eatres pour un plus grand confort<\/h1><div class=\"headline font-inherit fontsize-xl fontweight-300 lh-12 align-center transform-inherit \" style=\"margin: 0 0 20px 0; color: #e46e0c;\">Les fen\u00eatres thermoacoustiques\u00a0Thermia\u00ae sont la solution contre les nuisances sonores et la pollution, et permettent de r\u00e9aliser d\u2019importantes \u00e9conomies d\u2019\u00e9nergie. Les personnes qui exigent que leur logement soit un espace confortable dont elles puissent profiter et o\u00f9 elles puissent se reposer sont de plus en plus nombreuses.<\/div><div class=\"spacer\" style=\"height: 20px;\"><\/div>[\/vc_column][\/vc_row][vc_row type=\u00a0\u00bbfull_width_section\u00a0\u00bb][vc_column width=\u00a0\u00bb1\/1&Prime;]<div class=\"single_image wpb_content_element align-center  animate   \" data-animation=\"fade-in-from-bottom\" data-delay=\"0\"><img fetchpriority=\"high\" decoding=\"async\" width=\"1257\" height=\"613\" src=\"https:\/\/thermiabarcelona.com\/wp-content\/uploads\/2018\/06\/ThermiaBarcelona_ventnasparavivirmejor2.jpg\" class=\"attachment-full\" alt=\"ThermiaBarcelona_ventnasparavivrmejor\" title=\"ThermiaaBarcelona_ventnasparavivirmejor2\" srcset=\"https:\/\/thermiabarcelona.com\/wp-content\/uploads\/2018\/06\/ThermiaBarcelona_ventnasparavivirmejor2.jpg 1257w, https:\/\/thermiabarcelona.com\/wp-content\/uploads\/2018\/06\/ThermiaBarcelona_ventnasparavivirmejor2-300x146.jpg 300w, https:\/\/thermiabarcelona.com\/wp-content\/uploads\/2018\/06\/ThermiaBarcelona_ventnasparavivirmejor2-768x375.jpg 768w, https:\/\/thermiabarcelona.com\/wp-content\/uploads\/2018\/06\/ThermiaBarcelona_ventnasparavivirmejor2-1024x499.jpg 1024w\" sizes=\"(max-width: 1257px) 100vw, 1257px\" \/><\/div>[\/vc_column][\/vc_row][vc_row bg_color=\u00a0\u00bb#ffffff\u00a0\u00bb top_padding=\u00a0\u00bb50&Prime; bottom_padding=\u00a0\u00bb60&Prime; bg_position=\u00a0\u00bbleft top\u00a0\u00bb][vc_column width=\u00a0\u00bb1\/2&Prime;]<div class=\"imagebox wpb_content_element style-2\"><div class=\"imagebox-img\"><img decoding=\"async\" src=\"https:\/\/thermiabarcelona.com\/wp-content\/uploads\/2018\/11\/Thermia_ventanas_silencio.jpg\" alt=\"Thermia_ventanas_silencio\" \/><\/div>\n<h2>Je recherche le silence. Fen\u00eatres insonorisantes.<\/h2>\n<h5><strong>Si vous vivez dans une zone\u00a0bruyante,\u00a0votre sant\u00e9 ainsi que celle de vos proches s\u2019en verra\u00a0affect\u00e9e. L\u2019exposition constante au bruit peut provoquer, \u00e0 long terme, de graves probl\u00e8mes,\u00a0tant physiques que psychologiques, qui\u00a0affectent directement le bien-\u00eatre familial.<\/strong><\/h5>\n<p>En installant des<strong> fen\u00eatres\u00a0Thermia\u00ae insonorisantes<\/strong>, les nuisances sonores diminueront\u00a0consid\u00e9rablement, am\u00e9liorant ainsi votre repos et permettant \u00e0 votre famille et \u00e0 vous-m\u00eame de profiter en toute tranquillit\u00e9 de vos moments de d\u00e9tente.<\/p>\n<p>L\u2019installation de fen\u00eatres\u00a0Thermia\u00ae vous permettra de <strong>r\u00e9duire les nuisances sonores de votre logement<\/strong> et de jouir d\u2019un plus grand confort.<\/div><div class=\"imagebox wpb_content_element style-2\"><div class=\"imagebox-img\"><img decoding=\"async\" src=\"https:\/\/thermiabarcelona.com\/wp-content\/uploads\/2018\/11\/Thermia_ventanas_disen\u0303o.jpg\" alt=\"Thermia_ventanas_disen\u0303o\" \/><\/div>\n<h2>Je recherche l\u2019\u00e9l\u00e9gance et la qualit\u00e9.<\/h2>\n<h5>Vous recherchez un mat\u00e9riau polyvalent offrant de multiples solutions pour cr\u00e9er des espaces de caract\u00e8re\u00a0? L\u2019aluminium sera le partenaire id\u00e9al pour votre projet.<\/h5>\n<p>L\u2019aluminium est le mat\u00e9riau utilis\u00e9 pour la fabrication de fen\u00eatres qui poss\u00e8de le plus d\u2019applications pour la construction. Il est en effet employ\u00e9, par exemple, pour les fen\u00eatres, portes-fen\u00eatres, \u00a0verri\u00e8res, parois vitr\u00e9es, garde-corps ou syst\u00e8mes de protection\u00a0solaire. Avec l\u2019aluminium, tout est possible.<\/p>\n<p>Les <strong>fen\u00eatres\u00a0Thermia\u00ae<\/strong> sont disponibles en diff\u00e9rents coloris et finitions\u00a0: <strong>couleurs satin\u00e9es et brillantes, surfaces rugueuses, m\u00e9tallis\u00e9es, et m\u00eame effet bois lisse ou textur\u00e9<\/strong>.<\/p>\n<p>Le traitement superficiel des profil\u00e9s\u00a0prot\u00e9gera\u00a0l\u2019aluminium pendant de nombreuses ann\u00e9es tout en apportant une\u00a0touche personnelle \u00e0 votre logement.<\/div>[\/vc_column][vc_column width=\u00a0\u00bb1\/2&Prime;]<div class=\"imagebox wpb_content_element style-2\"><div class=\"imagebox-img\"><img decoding=\"async\" src=\"https:\/\/thermiabarcelona.com\/wp-content\/uploads\/2018\/11\/Thermia_ventanas_ahorro.jpg\" alt=\"Thermia_ventanas_ahorro\" \/><\/div>\n<h2>Je cherche \u00e0 r\u00e9aliser des \u00e9conomies.<\/h2>\n<h5>Les fen\u00eatres peu \u00e9tanches sont la cause de 25 \u00e0 50\u00a0% des d\u00e9perditions thermiques d\u2019un logement. Cela se r\u00e9percute sur la\u00a0facture d\u2019\u00e9lectricit\u00e9 ou de gaz.<\/h5>\n<p>Pour qu\u2019une fen\u00eatre soit v\u00e9ritablement isolante, elle doit remplir une s\u00e9rie d\u2019exigences\u00a0:<\/p>\n<ul>\n<li>Un bon syst\u00e8me d\u2019\u00e9tanch\u00e9it\u00e9 plac\u00e9 sur tout le p\u00e9rim\u00e8tre.<\/li>\n<li>Des ferrures optimales.<\/li>\n<li>Des \u00e9l\u00e9ments d\u2019isolation adapt\u00e9s \u00e0 son design.<\/li>\n<li>Une installation bien r\u00e9alis\u00e9e.<\/li>\n<\/ul>\n<p><strong>Les fen\u00eatres\u00a0Thermia\u00ae<\/strong> sont soumises \u00e0 un <strong>contr\u00f4le r\u00e9glement\u00e9 (CTE)\u00a0d\u2019isolation. <\/strong>Cela signifie qu\u2019elles sont r\u00e9sistantes aux changements de temp\u00e9ratures, \u00e0 l\u2019air, au vent et \u00e0 l\u2019eau.<\/p>\n<p>Am\u00e9liorer l\u2019isolation d\u2019un logement gr\u00e2ce \u00e0 des fen\u00eatres est sans aucun doute un bon moyen pour jouir d\u2019un plus grand confort.<\/div><div class=\"imagebox wpb_content_element style-2\"><div class=\"imagebox-img\"><img decoding=\"async\" src=\"https:\/\/thermiabarcelona.com\/wp-content\/uploads\/2018\/11\/Thermia_ventanas_luz_natural_3.jpg\" alt=\"Thermia_ventanas_luz_natural_3\" \/><\/div>\n<h2>Je recherche la lumi\u00e8re naturelle.<\/h2>\n<h5>Si vous souhaitez avoir une maison inond\u00e9e de lumi\u00e8re et profiter pleinement de la vue sur l\u2019ext\u00e9rieur, les fen\u00eatres et portes\u00a0Thermia sont la solution.<\/h5>\n<p><strong>Thermia\u00a0Barcelona<\/strong> propose des fen\u00eatres et des portes dot\u00e9es de syst\u00e8mes d\u2019ouverture \u00e0 la fran\u00e7aise ou coulissants, adapt\u00e9es \u00e0 de grandes structures, qui\u00a0laisseront entrer un maximum de lumi\u00e8re. De plus, les \u00a0<strong>profil\u00e9s en aluminium<\/strong> des nouveaux mod\u00e8les\u00a0Thermia\u00ae sont\u00a0encore plus \u00e9troits, pour obtenir une plus grande surface vitr\u00e9e, sans sacrifier les excellentes performances thermiques et acoustiques des <strong>fen\u00eatres\u00a0Thermia\u00ae<\/strong>.<\/p>\n<p>Les grandes surfaces vitr\u00e9es offriront en outre une plus large\u00a0vue sur l\u2019ext\u00e9rieur et embelliront\u00a0l\u2019ensemble de votre logement.<\/div>[\/vc_column][\/vc_row][vc_row bottom_padding=\u00a0\u00bb30&Prime;][vc_column width=\u00a0\u00bb1\/1&Prime;]<div class=\"callout clearfix\" style=\"background-color:#efefef; color:#777777;\">\n\t\t<div class=\"callout-text\">Vous souhaitez plus d\u2019informations\u00a0? Nous vous aiderons \u00e0 trouver un installateur<\/div>\n\t\t\t<div class=\"callout-button\"><a class=\"button medium orange\" href=\"https:\/\/thermiabarcelona.com\/fr\/contacter-un-distributeur-de-fenetres-thermia\/\" target=\"_self\">Trouver un installateur pr\u00e8s de chez moi<\/a><\/div>\n\t\t<\/div>[\/vc_column][\/vc_row]<\/p>\n<\/div>","protected":false},"excerpt":{"rendered":"<p>[vc_row][vc_column width=\u00a0\u00bb1\/1&Prime;][\/vc_column][\/vc_row][vc_row][vc_column width=\u00a0\u00bb1\/1&Prime;][\/vc_column][\/vc_row][vc_row type=\u00a0\u00bbfull_width_section\u00a0\u00bb][vc_column width=\u00a0\u00bb1\/1&Prime;][\/vc_column][\/vc_row][vc_row bg_color=\u00a0\u00bb#ffffff\u00a0\u00bb top_padding=\u00a0\u00bb50&Prime; bottom_padding=\u00a0\u00bb60&Prime; bg_position=\u00a0\u00bbleft top\u00a0\u00bb][vc_column width=\u00a0\u00bb1\/2&Prime;][\/vc_column][vc_column width=\u00a0\u00bb1\/2&Prime;][\/vc_column][\/vc_row][vc_row bottom_padding=\u00a0\u00bb30&Prime;][vc_column width=\u00a0\u00bb1\/1&Prime;][\/vc_column][\/vc_row]<\/p>\n","protected":false},"author":2,"featured_media":0,"parent":0,"menu_order":0,"comment_status":"open","ping_status":"open","template":"","meta":{"footnotes":""},"class_list":["post-26981","page","type-page","status-publish","hentry"],"yoast_head":"<!-- This site is optimized with the Yoast SEO Premium plugin v26.7 (Yoast SEO v27.3) - https:\/\/yoast.com\/product\/yoast-seo-premium-wordpress\/ -->\n<title>Fen\u00eatres thermoacoustiques insonorisantes | Des fen\u00eatres pour un plus grand confort<\/title>\n<meta name=\"description\" content=\"Les fen\u00eatres thermoacoustiques et insonorisantes\u00a0Thermia\u00ae sont la solution id\u00e9ale pour les nombreux utilisateurs qui r\u00e9clament des espaces propres et calmes.\" \/>\n<meta name=\"robots\" content=\"index, follow, max-snippet:-1, max-image-preview:large, max-video-preview:-1\" \/>\n<link rel=\"canonical\" href=\"https:\/\/thermiabarcelona.com\/fr\/particuliers\/\" \/>\n<meta property=\"og:locale\" content=\"fr_FR\" \/>\n<meta property=\"og:type\" content=\"article\" \/>\n<meta property=\"og:title\" content=\"Particuliers\" \/>\n<meta property=\"og:description\" content=\"Les fen\u00eatres thermoacoustiques et insonorisantes\u00a0Thermia\u00ae sont la solution id\u00e9ale pour les nombreux utilisateurs qui r\u00e9clament des espaces propres et calmes.\" \/>\n<meta property=\"og:url\" content=\"https:\/\/thermiabarcelona.com\/fr\/particuliers\/\" \/>\n<meta property=\"og:site_name\" content=\"Thermia Barcelona. Ventanas para vivir mejor\" \/>\n<meta property=\"article:publisher\" content=\"https:\/\/www.facebook.com\/thermiabarcelona\/\" \/>\n<meta property=\"article:modified_time\" content=\"2019-11-18T14:45:44+00:00\" \/>\n<meta name=\"twitter:card\" content=\"summary_large_image\" \/>\n<meta name=\"twitter:label1\" content=\"Dur\u00e9e de lecture estim\u00e9e\" \/>\n\t<meta name=\"twitter:data1\" content=\"4 minutes\" \/>\n<script type=\"application\/ld+json\" class=\"yoast-schema-graph\">{\"@context\":\"https:\\\/\\\/schema.org\",\"@graph\":[{\"@type\":\"WebPage\",\"@id\":\"https:\\\/\\\/thermiabarcelona.com\\\/fr\\\/particuliers\\\/\",\"url\":\"https:\\\/\\\/thermiabarcelona.com\\\/fr\\\/particuliers\\\/\",\"name\":\"Fen\u00eatres thermoacoustiques insonorisantes | Des fen\u00eatres pour un plus grand confort\",\"isPartOf\":{\"@id\":\"https:\\\/\\\/thermiabarcelona.com\\\/#website\"},\"datePublished\":\"2019-09-03T08:23:38+00:00\",\"dateModified\":\"2019-11-18T14:45:44+00:00\",\"description\":\"Les fen\u00eatres thermoacoustiques et insonorisantes\u00a0Thermia\u00ae sont la solution id\u00e9ale pour les nombreux utilisateurs qui r\u00e9clament des espaces propres et calmes.\",\"breadcrumb\":{\"@id\":\"https:\\\/\\\/thermiabarcelona.com\\\/fr\\\/particuliers\\\/#breadcrumb\"},\"inLanguage\":\"fr-FR\",\"potentialAction\":[{\"@type\":\"ReadAction\",\"target\":[\"https:\\\/\\\/thermiabarcelona.com\\\/fr\\\/particuliers\\\/\"]}]},{\"@type\":\"BreadcrumbList\",\"@id\":\"https:\\\/\\\/thermiabarcelona.com\\\/fr\\\/particuliers\\\/#breadcrumb\",\"itemListElement\":[{\"@type\":\"ListItem\",\"position\":1,\"name\":\"Portada\",\"item\":\"https:\\\/\\\/thermiabarcelona.com\\\/\"},{\"@type\":\"ListItem\",\"position\":2,\"name\":\"Particuliers\"}]},{\"@type\":\"WebSite\",\"@id\":\"https:\\\/\\\/thermiabarcelona.com\\\/#website\",\"url\":\"https:\\\/\\\/thermiabarcelona.com\\\/\",\"name\":\"Thermia Barcelona. Ventanas para vivir mejor\",\"description\":\"Ventanas de calidad, duraderas y f\u00e1ciles de fabricar. Dise\u00f1o.Confort.Silencio\",\"publisher\":{\"@id\":\"https:\\\/\\\/thermiabarcelona.com\\\/#organization\"},\"potentialAction\":[{\"@type\":\"SearchAction\",\"target\":{\"@type\":\"EntryPoint\",\"urlTemplate\":\"https:\\\/\\\/thermiabarcelona.com\\\/?s={search_term_string}\"},\"query-input\":{\"@type\":\"PropertyValueSpecification\",\"valueRequired\":true,\"valueName\":\"search_term_string\"}}],\"inLanguage\":\"fr-FR\"},{\"@type\":\"Organization\",\"@id\":\"https:\\\/\\\/thermiabarcelona.com\\\/#organization\",\"name\":\"Thermia Barcelona\",\"url\":\"https:\\\/\\\/thermiabarcelona.com\\\/\",\"logo\":{\"@type\":\"ImageObject\",\"inLanguage\":\"fr-FR\",\"@id\":\"https:\\\/\\\/thermiabarcelona.com\\\/#\\\/schema\\\/logo\\\/image\\\/\",\"url\":\"https:\\\/\\\/thermiabarcelona.com\\\/wp-content\\\/uploads\\\/2018\\\/08\\\/logo_thermia-1.jpg\",\"contentUrl\":\"https:\\\/\\\/thermiabarcelona.com\\\/wp-content\\\/uploads\\\/2018\\\/08\\\/logo_thermia-1.jpg\",\"width\":345,\"height\":158,\"caption\":\"Thermia Barcelona\"},\"image\":{\"@id\":\"https:\\\/\\\/thermiabarcelona.com\\\/#\\\/schema\\\/logo\\\/image\\\/\"},\"sameAs\":[\"https:\\\/\\\/www.facebook.com\\\/thermiabarcelona\\\/\",\"https:\\\/\\\/www.instagram.com\\\/thermiabarcelona\\\/\",\"https:\\\/\\\/es.linkedin.com\\\/company\\\/thermia-barcelona\",\"https:\\\/\\\/www.youtube.com\\\/thermiabarcelona\"]}]}<\/script>\n<!-- \/ Yoast SEO Premium plugin. -->","yoast_head_json":{"title":"Fen\u00eatres thermoacoustiques insonorisantes | Des fen\u00eatres pour un plus grand confort","description":"Les fen\u00eatres thermoacoustiques et insonorisantes\u00a0Thermia\u00ae sont la solution id\u00e9ale pour les nombreux utilisateurs qui r\u00e9clament des espaces propres et calmes.","robots":{"index":"index","follow":"follow","max-snippet":"max-snippet:-1","max-image-preview":"max-image-preview:large","max-video-preview":"max-video-preview:-1"},"canonical":"https:\/\/thermiabarcelona.com\/fr\/particuliers\/","og_locale":"fr_FR","og_type":"article","og_title":"Particuliers","og_description":"Les fen\u00eatres thermoacoustiques et insonorisantes\u00a0Thermia\u00ae sont la solution id\u00e9ale pour les nombreux utilisateurs qui r\u00e9clament des espaces propres et calmes.","og_url":"https:\/\/thermiabarcelona.com\/fr\/particuliers\/","og_site_name":"Thermia Barcelona. Ventanas para vivir mejor","article_publisher":"https:\/\/www.facebook.com\/thermiabarcelona\/","article_modified_time":"2019-11-18T14:45:44+00:00","twitter_card":"summary_large_image","twitter_misc":{"Dur\u00e9e de lecture estim\u00e9e":"4 minutes"},"schema":{"@context":"https:\/\/schema.org","@graph":[{"@type":"WebPage","@id":"https:\/\/thermiabarcelona.com\/fr\/particuliers\/","url":"https:\/\/thermiabarcelona.com\/fr\/particuliers\/","name":"Fen\u00eatres thermoacoustiques insonorisantes | Des fen\u00eatres pour un plus grand confort","isPartOf":{"@id":"https:\/\/thermiabarcelona.com\/#website"},"datePublished":"2019-09-03T08:23:38+00:00","dateModified":"2019-11-18T14:45:44+00:00","description":"Les fen\u00eatres thermoacoustiques et insonorisantes\u00a0Thermia\u00ae sont la solution id\u00e9ale pour les nombreux utilisateurs qui r\u00e9clament des espaces propres et calmes.","breadcrumb":{"@id":"https:\/\/thermiabarcelona.com\/fr\/particuliers\/#breadcrumb"},"inLanguage":"fr-FR","potentialAction":[{"@type":"ReadAction","target":["https:\/\/thermiabarcelona.com\/fr\/particuliers\/"]}]},{"@type":"BreadcrumbList","@id":"https:\/\/thermiabarcelona.com\/fr\/particuliers\/#breadcrumb","itemListElement":[{"@type":"ListItem","position":1,"name":"Portada","item":"https:\/\/thermiabarcelona.com\/"},{"@type":"ListItem","position":2,"name":"Particuliers"}]},{"@type":"WebSite","@id":"https:\/\/thermiabarcelona.com\/#website","url":"https:\/\/thermiabarcelona.com\/","name":"Thermia Barcelona. Ventanas para vivir mejor","description":"Ventanas de calidad, duraderas y f\u00e1ciles de fabricar. Dise\u00f1o.Confort.Silencio","publisher":{"@id":"https:\/\/thermiabarcelona.com\/#organization"},"potentialAction":[{"@type":"SearchAction","target":{"@type":"EntryPoint","urlTemplate":"https:\/\/thermiabarcelona.com\/?s={search_term_string}"},"query-input":{"@type":"PropertyValueSpecification","valueRequired":true,"valueName":"search_term_string"}}],"inLanguage":"fr-FR"},{"@type":"Organization","@id":"https:\/\/thermiabarcelona.com\/#organization","name":"Thermia Barcelona","url":"https:\/\/thermiabarcelona.com\/","logo":{"@type":"ImageObject","inLanguage":"fr-FR","@id":"https:\/\/thermiabarcelona.com\/#\/schema\/logo\/image\/","url":"https:\/\/thermiabarcelona.com\/wp-content\/uploads\/2018\/08\/logo_thermia-1.jpg","contentUrl":"https:\/\/thermiabarcelona.com\/wp-content\/uploads\/2018\/08\/logo_thermia-1.jpg","width":345,"height":158,"caption":"Thermia Barcelona"},"image":{"@id":"https:\/\/thermiabarcelona.com\/#\/schema\/logo\/image\/"},"sameAs":["https:\/\/www.facebook.com\/thermiabarcelona\/","https:\/\/www.instagram.com\/thermiabarcelona\/","https:\/\/es.linkedin.com\/company\/thermia-barcelona","https:\/\/www.youtube.com\/thermiabarcelona"]}]}},"_links":{"self":[{"href":"https:\/\/thermiabarcelona.com\/fr\/wp-json\/wp\/v2\/pages\/26981","targetHints":{"allow":["GET"]}}],"collection":[{"href":"https:\/\/thermiabarcelona.com\/fr\/wp-json\/wp\/v2\/pages"}],"about":[{"href":"https:\/\/thermiabarcelona.com\/fr\/wp-json\/wp\/v2\/types\/page"}],"author":[{"embeddable":true,"href":"https:\/\/thermiabarcelona.com\/fr\/wp-json\/wp\/v2\/users\/2"}],"replies":[{"embeddable":true,"href":"https:\/\/thermiabarcelona.com\/fr\/wp-json\/wp\/v2\/comments?post=26981"}],"version-history":[{"count":0,"href":"https:\/\/thermiabarcelona.com\/fr\/wp-json\/wp\/v2\/pages\/26981\/revisions"}],"wp:attachment":[{"href":"https:\/\/thermiabarcelona.com\/fr\/wp-json\/wp\/v2\/media?parent=26981"}],"curies":[{"name":"wp","href":"https:\/\/api.w.org\/{rel}","templated":true}]}}