{"id":26979,"date":"2019-09-03T08:23:37","date_gmt":"2019-09-03T08:23:37","guid":{"rendered":"https:\/\/thermiabarcelona.com\/recherche-de-distributeurs-de-fenetres-en-aluminium-thermia-barcelona\/"},"modified":"2020-09-02T10:12:02","modified_gmt":"2020-09-02T10:12:02","slug":"recherche-de-distributeurs-de-fenetres-en-aluminium-thermia-barcelona-2","status":"publish","type":"page","link":"https:\/\/thermiabarcelona.com\/fr\/recherche-de-distributeurs-de-fenetres-en-aluminium-thermia-barcelona-2\/","title":{"rendered":"Recherche de distributeurs de fen\u00eatres en aluminium\u00a0Thermia\u00a0Barcelona"},"content":{"rendered":"<div class=\"wpb-content-wrapper\"><p>[vc_row][vc_column width=\u00a0\u00bb1\/1&Prime;]<div class=\"spacer\" style=\"height: 40px;\"><\/div><h1 class=\"headline font-inherit fontsize-xxxl fontweight-600 lh-12 align-center transform-inherit \" style=\"margin: 0 0 5px 0;\">Distributeurs de fen\u00eatres en aluminium\u00a0Thermia\u00ae<\/h1><div class=\"headline font-inherit fontsize-xl fontweight-300 lh-12 align-center transform-inherit \" style=\"margin: 0 0 20px 0; color: #ea7a2e;\">Trouvez le fabricant\/l&rsquo;installateur de fen\u00eatres le plus proche de chez vous. <\/div>[vc_column_text]<strong>Thermia\u00a0Barcelona\u00ae<\/strong> souhaite que vous puissiez profiter de tous les avantages de <strong>fen\u00eatres en aluminium de qualit\u00e9<\/strong>. Recherchez le distributeur le plus proche du logement \u00e0 r\u00e9nover ou \u00e0 construire pour profiter d\u2019un <strong>foyer confortable et silencieux<\/strong>.[\/vc_column_text][\/vc_column][\/vc_row][vc_row][vc_column width=\u00a0\u00bb1\/1&Prime;]<div class=\"spacer\" style=\"height: 40px;\"><\/div>[vc_column_text][\/vc_column_text]<div class=\"spacer\" style=\"height: 40px;\"><\/div>[\/vc_column][\/vc_row][vc_row bg_color=\u00a0\u00bb#f9f9f9&Prime;][vc_column width=\u00a0\u00bb1\/1&Prime;]<div class=\"spacer\" style=\"height: 40px;\"><\/div>[vc_column_text]<\/p>\n<h1>Une entreprise en constante \u00e9volution.<\/h1>\n<p><strong>La distribution internationale des portes et des fen\u00eatres\u00a0Thermia<\/strong> est en plein essor. Toutefois, nous ne pouvons pas encore proposer partout notre service int\u00e9gral. Nous vous invitons donc \u00e0 <strong>nous contacter et \u00e0 nous faire part de<\/strong><strong>\u00a0votre int\u00e9r\u00eat<\/strong>, afin que nous puissions vous proposer des solutions sur mesure.<\/p>\n<a href=\"https:\/\/thermiabarcelona.com\/fr\/contacter-un-distributeur-de-fenetres-thermia\/\" target=\"_self\" class=\"button button-appear color-2 medium \" style=\"border-radius: 2px;\"><span>Je ne trouve pas de distributeur <i class='fa fa-chevron-right'><\/i><\/span><\/a>[\/vc_column_text]<div class=\"spacer\" style=\"height: 40px;\"><\/div>[\/vc_column][\/vc_row][vc_row][vc_column width=\u00a0\u00bb1\/1&Prime;][\/vc_column][\/vc_row]<\/p>\n<\/div>","protected":false},"excerpt":{"rendered":"<p>[vc_row][vc_column width=\u00a0\u00bb1\/1&Prime;][vc_column_text]Thermia\u00a0Barcelona\u00ae souhaite que vous puissiez profiter de tous les avantages de fen\u00eatres en aluminium de qualit\u00e9. Recherchez le distributeur le plus proche du logement \u00e0 r\u00e9nover ou \u00e0 construire pour profiter d\u2019un foyer confortable et silencieux.[\/vc_column_text][\/vc_column][\/vc_row][vc_row][vc_column width=\u00a0\u00bb1\/1&Prime;][vc_column_text][\/vc_column_text][\/vc_column][\/vc_row][vc_row bg_color=\u00a0\u00bb#f9f9f9&Prime;][vc_column width=\u00a0\u00bb1\/1&Prime;][vc_column_text] Une entreprise en constante \u00e9volution. La distribution internationale des portes et des fen\u00eatres\u00a0Thermia est en plein essor. Toutefois, nous ne pouvons pas encore proposer partout notre service int\u00e9gral. Nous vous invitons donc \u00e0 nous contacter et \u00e0 nous faire part de\u00a0votre int\u00e9r\u00eat, afin que nous puissions vous proposer des solutions sur mesure. [\/vc_column_text][\/vc_column][\/vc_row][vc_row][vc_column width=\u00a0\u00bb1\/1&Prime;][\/vc_column][\/vc_row]<\/p>\n","protected":false},"author":2,"featured_media":0,"parent":0,"menu_order":0,"comment_status":"open","ping_status":"open","template":"","meta":{"footnotes":""},"class_list":["post-26979","page","type-page","status-publish","hentry"],"yoast_head":"<!-- This site is optimized with the Yoast SEO Premium plugin v26.7 (Yoast SEO v27.3) - https:\/\/yoast.com\/product\/yoast-seo-premium-wordpress\/ -->\n<title>Distributeurs de fen\u00eatres en aluminium\u00a0Thermia\u00a0Barcelona\u00ae<\/title>\n<meta name=\"description\" content=\"Distributeurs de fen\u00eatres en aluminium\u00a0Thermia\u00ae dans le monde entier. Il s\u2019agit de fabricants et d\u2019installateurs de fen\u00eatres\u00a0Thermia\u00ae.\" \/>\n<meta name=\"robots\" content=\"index, follow, max-snippet:-1, max-image-preview:large, max-video-preview:-1\" \/>\n<link rel=\"canonical\" href=\"https:\/\/thermiabarcelona.com\/fr\/recherche-de-distributeurs-de-fenetres-en-aluminium-thermia-barcelona-2\/\" \/>\n<meta property=\"og:locale\" content=\"fr_FR\" \/>\n<meta property=\"og:type\" content=\"article\" \/>\n<meta property=\"og:title\" content=\"Recherche de distributeurs de fen\u00eatres en aluminium\u00a0Thermia\u00a0Barcelona\" \/>\n<meta property=\"og:description\" content=\"Distributeurs de fen\u00eatres en aluminium\u00a0Thermia\u00ae dans le monde entier. Il s\u2019agit de fabricants et d\u2019installateurs de fen\u00eatres\u00a0Thermia\u00ae.\" \/>\n<meta property=\"og:url\" content=\"https:\/\/thermiabarcelona.com\/fr\/recherche-de-distributeurs-de-fenetres-en-aluminium-thermia-barcelona-2\/\" \/>\n<meta property=\"og:site_name\" content=\"Thermia Barcelona. Ventanas para vivir mejor\" \/>\n<meta property=\"article:publisher\" content=\"https:\/\/www.facebook.com\/thermiabarcelona\/\" \/>\n<meta property=\"article:modified_time\" content=\"2020-09-02T10:12:02+00:00\" \/>\n<meta name=\"twitter:card\" content=\"summary_large_image\" \/>\n<meta name=\"twitter:label1\" content=\"Dur\u00e9e de lecture estim\u00e9e\" \/>\n\t<meta name=\"twitter:data1\" content=\"1 minute\" \/>\n<script type=\"application\/ld+json\" class=\"yoast-schema-graph\">{\"@context\":\"https:\\\/\\\/schema.org\",\"@graph\":[{\"@type\":\"WebPage\",\"@id\":\"https:\\\/\\\/thermiabarcelona.com\\\/fr\\\/recherche-de-distributeurs-de-fenetres-en-aluminium-thermia-barcelona-2\\\/\",\"url\":\"https:\\\/\\\/thermiabarcelona.com\\\/fr\\\/recherche-de-distributeurs-de-fenetres-en-aluminium-thermia-barcelona-2\\\/\",\"name\":\"Distributeurs de fen\u00eatres en aluminium\u00a0Thermia\u00a0Barcelona\u00ae\",\"isPartOf\":{\"@id\":\"https:\\\/\\\/thermiabarcelona.com\\\/#website\"},\"datePublished\":\"2019-09-03T08:23:37+00:00\",\"dateModified\":\"2020-09-02T10:12:02+00:00\",\"description\":\"Distributeurs de fen\u00eatres en aluminium\u00a0Thermia\u00ae dans le monde entier. Il s\u2019agit de fabricants et d\u2019installateurs de fen\u00eatres\u00a0Thermia\u00ae.\",\"breadcrumb\":{\"@id\":\"https:\\\/\\\/thermiabarcelona.com\\\/fr\\\/recherche-de-distributeurs-de-fenetres-en-aluminium-thermia-barcelona-2\\\/#breadcrumb\"},\"inLanguage\":\"fr-FR\",\"potentialAction\":[{\"@type\":\"ReadAction\",\"target\":[\"https:\\\/\\\/thermiabarcelona.com\\\/fr\\\/recherche-de-distributeurs-de-fenetres-en-aluminium-thermia-barcelona-2\\\/\"]}]},{\"@type\":\"BreadcrumbList\",\"@id\":\"https:\\\/\\\/thermiabarcelona.com\\\/fr\\\/recherche-de-distributeurs-de-fenetres-en-aluminium-thermia-barcelona-2\\\/#breadcrumb\",\"itemListElement\":[{\"@type\":\"ListItem\",\"position\":1,\"name\":\"Portada\",\"item\":\"https:\\\/\\\/thermiabarcelona.com\\\/\"},{\"@type\":\"ListItem\",\"position\":2,\"name\":\"Recherche de distributeurs de fen\u00eatres en aluminium\u00a0Thermia\u00a0Barcelona\"}]},{\"@type\":\"WebSite\",\"@id\":\"https:\\\/\\\/thermiabarcelona.com\\\/#website\",\"url\":\"https:\\\/\\\/thermiabarcelona.com\\\/\",\"name\":\"Thermia Barcelona. Ventanas para vivir mejor\",\"description\":\"Ventanas de calidad, duraderas y f\u00e1ciles de fabricar. Dise\u00f1o.Confort.Silencio\",\"publisher\":{\"@id\":\"https:\\\/\\\/thermiabarcelona.com\\\/#organization\"},\"potentialAction\":[{\"@type\":\"SearchAction\",\"target\":{\"@type\":\"EntryPoint\",\"urlTemplate\":\"https:\\\/\\\/thermiabarcelona.com\\\/?s={search_term_string}\"},\"query-input\":{\"@type\":\"PropertyValueSpecification\",\"valueRequired\":true,\"valueName\":\"search_term_string\"}}],\"inLanguage\":\"fr-FR\"},{\"@type\":\"Organization\",\"@id\":\"https:\\\/\\\/thermiabarcelona.com\\\/#organization\",\"name\":\"Thermia Barcelona\",\"url\":\"https:\\\/\\\/thermiabarcelona.com\\\/\",\"logo\":{\"@type\":\"ImageObject\",\"inLanguage\":\"fr-FR\",\"@id\":\"https:\\\/\\\/thermiabarcelona.com\\\/#\\\/schema\\\/logo\\\/image\\\/\",\"url\":\"https:\\\/\\\/thermiabarcelona.com\\\/wp-content\\\/uploads\\\/2018\\\/08\\\/logo_thermia-1.jpg\",\"contentUrl\":\"https:\\\/\\\/thermiabarcelona.com\\\/wp-content\\\/uploads\\\/2018\\\/08\\\/logo_thermia-1.jpg\",\"width\":345,\"height\":158,\"caption\":\"Thermia Barcelona\"},\"image\":{\"@id\":\"https:\\\/\\\/thermiabarcelona.com\\\/#\\\/schema\\\/logo\\\/image\\\/\"},\"sameAs\":[\"https:\\\/\\\/www.facebook.com\\\/thermiabarcelona\\\/\",\"https:\\\/\\\/www.instagram.com\\\/thermiabarcelona\\\/\",\"https:\\\/\\\/es.linkedin.com\\\/company\\\/thermia-barcelona\",\"https:\\\/\\\/www.youtube.com\\\/thermiabarcelona\"]}]}<\/script>\n<!-- \/ Yoast SEO Premium plugin. -->","yoast_head_json":{"title":"Distributeurs de fen\u00eatres en aluminium\u00a0Thermia\u00a0Barcelona\u00ae","description":"Distributeurs de fen\u00eatres en aluminium\u00a0Thermia\u00ae dans le monde entier. Il s\u2019agit de fabricants et d\u2019installateurs de fen\u00eatres\u00a0Thermia\u00ae.","robots":{"index":"index","follow":"follow","max-snippet":"max-snippet:-1","max-image-preview":"max-image-preview:large","max-video-preview":"max-video-preview:-1"},"canonical":"https:\/\/thermiabarcelona.com\/fr\/recherche-de-distributeurs-de-fenetres-en-aluminium-thermia-barcelona-2\/","og_locale":"fr_FR","og_type":"article","og_title":"Recherche de distributeurs de fen\u00eatres en aluminium\u00a0Thermia\u00a0Barcelona","og_description":"Distributeurs de fen\u00eatres en aluminium\u00a0Thermia\u00ae dans le monde entier. Il s\u2019agit de fabricants et d\u2019installateurs de fen\u00eatres\u00a0Thermia\u00ae.","og_url":"https:\/\/thermiabarcelona.com\/fr\/recherche-de-distributeurs-de-fenetres-en-aluminium-thermia-barcelona-2\/","og_site_name":"Thermia Barcelona. Ventanas para vivir mejor","article_publisher":"https:\/\/www.facebook.com\/thermiabarcelona\/","article_modified_time":"2020-09-02T10:12:02+00:00","twitter_card":"summary_large_image","twitter_misc":{"Dur\u00e9e de lecture estim\u00e9e":"1 minute"},"schema":{"@context":"https:\/\/schema.org","@graph":[{"@type":"WebPage","@id":"https:\/\/thermiabarcelona.com\/fr\/recherche-de-distributeurs-de-fenetres-en-aluminium-thermia-barcelona-2\/","url":"https:\/\/thermiabarcelona.com\/fr\/recherche-de-distributeurs-de-fenetres-en-aluminium-thermia-barcelona-2\/","name":"Distributeurs de fen\u00eatres en aluminium\u00a0Thermia\u00a0Barcelona\u00ae","isPartOf":{"@id":"https:\/\/thermiabarcelona.com\/#website"},"datePublished":"2019-09-03T08:23:37+00:00","dateModified":"2020-09-02T10:12:02+00:00","description":"Distributeurs de fen\u00eatres en aluminium\u00a0Thermia\u00ae dans le monde entier. Il s\u2019agit de fabricants et d\u2019installateurs de fen\u00eatres\u00a0Thermia\u00ae.","breadcrumb":{"@id":"https:\/\/thermiabarcelona.com\/fr\/recherche-de-distributeurs-de-fenetres-en-aluminium-thermia-barcelona-2\/#breadcrumb"},"inLanguage":"fr-FR","potentialAction":[{"@type":"ReadAction","target":["https:\/\/thermiabarcelona.com\/fr\/recherche-de-distributeurs-de-fenetres-en-aluminium-thermia-barcelona-2\/"]}]},{"@type":"BreadcrumbList","@id":"https:\/\/thermiabarcelona.com\/fr\/recherche-de-distributeurs-de-fenetres-en-aluminium-thermia-barcelona-2\/#breadcrumb","itemListElement":[{"@type":"ListItem","position":1,"name":"Portada","item":"https:\/\/thermiabarcelona.com\/"},{"@type":"ListItem","position":2,"name":"Recherche de distributeurs de fen\u00eatres en aluminium\u00a0Thermia\u00a0Barcelona"}]},{"@type":"WebSite","@id":"https:\/\/thermiabarcelona.com\/#website","url":"https:\/\/thermiabarcelona.com\/","name":"Thermia Barcelona. Ventanas para vivir mejor","description":"Ventanas de calidad, duraderas y f\u00e1ciles de fabricar. Dise\u00f1o.Confort.Silencio","publisher":{"@id":"https:\/\/thermiabarcelona.com\/#organization"},"potentialAction":[{"@type":"SearchAction","target":{"@type":"EntryPoint","urlTemplate":"https:\/\/thermiabarcelona.com\/?s={search_term_string}"},"query-input":{"@type":"PropertyValueSpecification","valueRequired":true,"valueName":"search_term_string"}}],"inLanguage":"fr-FR"},{"@type":"Organization","@id":"https:\/\/thermiabarcelona.com\/#organization","name":"Thermia Barcelona","url":"https:\/\/thermiabarcelona.com\/","logo":{"@type":"ImageObject","inLanguage":"fr-FR","@id":"https:\/\/thermiabarcelona.com\/#\/schema\/logo\/image\/","url":"https:\/\/thermiabarcelona.com\/wp-content\/uploads\/2018\/08\/logo_thermia-1.jpg","contentUrl":"https:\/\/thermiabarcelona.com\/wp-content\/uploads\/2018\/08\/logo_thermia-1.jpg","width":345,"height":158,"caption":"Thermia Barcelona"},"image":{"@id":"https:\/\/thermiabarcelona.com\/#\/schema\/logo\/image\/"},"sameAs":["https:\/\/www.facebook.com\/thermiabarcelona\/","https:\/\/www.instagram.com\/thermiabarcelona\/","https:\/\/es.linkedin.com\/company\/thermia-barcelona","https:\/\/www.youtube.com\/thermiabarcelona"]}]}},"_links":{"self":[{"href":"https:\/\/thermiabarcelona.com\/fr\/wp-json\/wp\/v2\/pages\/26979","targetHints":{"allow":["GET"]}}],"collection":[{"href":"https:\/\/thermiabarcelona.com\/fr\/wp-json\/wp\/v2\/pages"}],"about":[{"href":"https:\/\/thermiabarcelona.com\/fr\/wp-json\/wp\/v2\/types\/page"}],"author":[{"embeddable":true,"href":"https:\/\/thermiabarcelona.com\/fr\/wp-json\/wp\/v2\/users\/2"}],"replies":[{"embeddable":true,"href":"https:\/\/thermiabarcelona.com\/fr\/wp-json\/wp\/v2\/comments?post=26979"}],"version-history":[{"count":0,"href":"https:\/\/thermiabarcelona.com\/fr\/wp-json\/wp\/v2\/pages\/26979\/revisions"}],"wp:attachment":[{"href":"https:\/\/thermiabarcelona.com\/fr\/wp-json\/wp\/v2\/media?parent=26979"}],"curies":[{"name":"wp","href":"https:\/\/api.w.org\/{rel}","templated":true}]}}