{"id":26977,"date":"2019-09-03T08:23:35","date_gmt":"2019-09-03T08:23:35","guid":{"rendered":"https:\/\/thermiabarcelona.com\/qualite\/"},"modified":"2019-10-28T12:13:06","modified_gmt":"2019-10-28T12:13:06","slug":"qualite","status":"publish","type":"page","link":"https:\/\/thermiabarcelona.com\/fr\/qualite\/","title":{"rendered":"Qualit\u00e9"},"content":{"rendered":"<div class=\"wpb-content-wrapper\"><p>[vc_row][vc_column bg_color=\u00a0\u00bb#ffffff\u00a0\u00bb width=\u00a0\u00bb1\/2&Prime;]<div class=\"spacer\" style=\"height: 60px;\"><\/div><h1 class=\"headline font-inherit fontsize-xl fontweight-300 lh-12 align-left transform-inherit \" style=\"margin: 0 0 20px 0;\">La qualit\u00e9 des fen\u00eatres\u00a0Thermia\u00a0Barcelona<\/h1><div class=\"imagebox wpb_content_element style-2\">Les exigences du march\u00e9 et la concurrence croissante nous poussent \u00e0 proposer \u00e0 nos clients une offre r\u00e9pondant aux <strong>normes de qualit\u00e9 les plus strictes.<\/strong><\/p>\n<p>Tous les syst\u00e8mes de fermeture destin\u00e9s \u00e0 la <strong>fabrication de fen\u00eatres en aluminium<\/strong>\u00a0Thermia sont con\u00e7us et test\u00e9s conform\u00e9ment aux <strong>normes les plus rigoureuses du march\u00e9 europ\u00e9en<\/strong>, qui exigent d&rsquo;excellents r\u00e9sultats en mati\u00e8re <strong>d&rsquo;isolation, de durabilit\u00e9 et de performances de r\u00e9sistance<\/strong> aux intemp\u00e9ries, ainsi que des \u00e9conomies d&rsquo;\u00e9nergie optimales.<\/div>[\/vc_column][vc_column width=\u00a0\u00bb1\/2&Prime;]<div class=\"single_image wpb_content_element align-left    \" data-animation=\"none\" data-delay=\"0\"><img fetchpriority=\"high\" decoding=\"async\" width=\"388\" height=\"425\" src=\"https:\/\/thermiabarcelona.com\/wp-content\/uploads\/2016\/10\/calidad-europea.jpg\" class=\"attachment-full\" alt=\"calidad europea productos thermia barcelona\" title=\"calidad-europea\" srcset=\"https:\/\/thermiabarcelona.com\/wp-content\/uploads\/2016\/10\/calidad-europea.jpg 388w, https:\/\/thermiabarcelona.com\/wp-content\/uploads\/2016\/10\/calidad-europea-274x300.jpg 274w\" sizes=\"(max-width: 388px) 100vw, 388px\" \/><\/div>[\/vc_column][\/vc_row][vc_row bg_image=\u00a0\u00bb15109&Prime; bg_color=\u00a0\u00bb#ffffff\u00a0\u00bb top_padding=\u00a0\u00bb30&Prime; bottom_padding=\u00a0\u00bb100&Prime;][vc_column bg_color=\u00a0\u00bb#ffffff\u00a0\u00bb width=\u00a0\u00bb1\/3&Prime;]<div class=\"imagebox wpb_content_element style-1\"><div class=\"imagebox-img\"><img decoding=\"async\" src=\"https:\/\/thermiabarcelona.com\/wp-content\/uploads\/2019\/07\/extrusion-hydro-1.jpg\" alt=\"extrusion\" \/><\/div><span style=\"color: #ffffff;\"><strong>Los perfiles de las ventanas Thermia\u00ae son extruidos y ensamblados conforme al certificado\u00a0 ISO 9001.<\/strong><\/span><\/div>[\/vc_column][vc_column width=\u00a0\u00bb1\/3&Prime;]<div class=\"imagebox wpb_content_element style-1\"><div class=\"imagebox-img\"><img decoding=\"async\" src=\"https:\/\/thermiabarcelona.com\/wp-content\/uploads\/2019\/03\/permeabilidad-al-aire.png\" alt=\"\" \/><\/div><span style=\"color: #ffffff;\"><strong>Todas las series de ventanas Thermia\u00ae est\u00e1n testadas al aire, agua y viento conforme a la normativa EN141351 1:2006 por laboratorios notificados UE.<\/strong><\/span><\/div>[\/vc_column][vc_column width=\u00a0\u00bb1\/3&Prime;]<div class=\"imagebox wpb_content_element style-1\"><div class=\"imagebox-img\"><img decoding=\"async\" src=\"https:\/\/thermiabarcelona.com\/wp-content\/uploads\/2018\/06\/E-estetica-ThermiaBarcelona-ventanas.jpg\" alt=\"\" \/><\/div><span style=\"color: #ffffff;\"><strong>Los tratamientos superficiales aplicados disponen de sello de calidad QUALICOAT para el lacado, QUALIDECO para el lacado efecto madera y QUALANOD para el anodizado.<\/strong><\/span><\/div>[\/vc_column][\/vc_row][vc_row][vc_column width=\u00a0\u00bb1\/2&Prime;]<div class=\"headline font-inherit fontsize-xxxl fontweight-600 lh-13 align-left transform-inherit \" style=\"margin: 0 0 20px 0; color: #e97a2e;\">Accessoires de fen\u00eatre.<br \/>\nL&rsquo;importance des d\u00e9tails.<\/div><div class=\"headline font-special fontsize-m fontweight-inherit lh-18 align-left transform-uppercase \" style=\"margin: 0 0 20px 0; color: #e2741f;\">Seules les grandes marques garantissent le bon fonctionnement des fen\u00eatres et la durabilit\u00e9 de leurs performances. Toutes les fen\u00eatres\u00a0Thermia\u00a0Barcelona\u00ae sont exclusivement fabriqu\u00e9es avec des accessoires r\u00e9pondant \u00e0 la r\u00e9glementation europ\u00e9enne.<\/div>[\/vc_column][vc_column width=\u00a0\u00bb1\/2&Prime;]<div class=\"single_image wpb_content_element align-left    \" data-animation=\"none\" data-delay=\"0\"><img decoding=\"async\" width=\"1048\" height=\"718\" src=\"https:\/\/thermiabarcelona.com\/wp-content\/uploads\/2019\/04\/CHIC_Cerniera_inferiore-_90gradi_selloCE.jpg\" class=\"attachment-full\" alt=\"CHIC_Cerniera_inferiore-_90gradi_selloCE\" title=\"CHIC_Cerniera_inferiore-_90gradi_selloCE\" srcset=\"https:\/\/thermiabarcelona.com\/wp-content\/uploads\/2019\/04\/CHIC_Cerniera_inferiore-_90gradi_selloCE.jpg 1048w, https:\/\/thermiabarcelona.com\/wp-content\/uploads\/2019\/04\/CHIC_Cerniera_inferiore-_90gradi_selloCE-300x206.jpg 300w, https:\/\/thermiabarcelona.com\/wp-content\/uploads\/2019\/04\/CHIC_Cerniera_inferiore-_90gradi_selloCE-768x526.jpg 768w, https:\/\/thermiabarcelona.com\/wp-content\/uploads\/2019\/04\/CHIC_Cerniera_inferiore-_90gradi_selloCE-1024x702.jpg 1024w\" sizes=\"(max-width: 1048px) 100vw, 1048px\" \/><\/div>[\/vc_column][\/vc_row][vc_row bg_color=\u00a0\u00bb#fcfcfc\u00a0\u00bb top_padding=\u00a0\u00bb40&Prime; bottom_padding=\u00a0\u00bb40&Prime;][vc_column width=\u00a0\u00bb1\/2&Prime;]<div class=\"box clearfix style-1 wpb_content_element align-center \" style=\"padding: 40px 40px 40px 40px; \">\n<p style=\"text-align: left;\"><span style=\"color: #000000;\"><strong>COMPOSANTS ET ACCESSOIRES DE MAN\u0152UVRE<\/strong><\/span><\/p>\n<p style=\"text-align: left;\"><em>Fabriqu\u00e9s conform\u00e9ment \u00e0 la norme\u00a0ISO\u00a09001:2008 relative \u00e0 la gestion de la qualit\u00e9 <\/em><em>, ISO\u00a014001:2004 relative \u00e0 la gestion environnementale <\/em><em>, EN1670, ISO4628-2, ISO10289 et \u00e0 la norme\u00a0ISO\u00a02081 portant sur l&rsquo;exposition \u00e0 la corrosion en chambre de brouillard salin (240\u00a0h).<\/em><\/p>\n<ul>\n<li style=\"text-align: left;\"><strong>Cr\u00e9mones \u00e0 la fran\u00e7aise et<\/strong> <strong>ouverture ext\u00e9rieure et oscillo-battante\u00a0:<\/strong> conformes aux normes\u00a0EN\u00a013126-1 et 4, et soumises \u00e0 des essais de 25\u00a0000\u00a0cycles. Fabriqu\u00e9es en fonte d&rsquo;aluminium et en acier inoxydable.<\/li>\n<li style=\"text-align: left;\"><strong>Ferrure oscillo-battante\u00a0:<\/strong> conforme aux normes\u00a0EN\u00a013126-1 et 4, soumise \u00e0 des essais de 25\u00a0000\u00a0cycles et une charge de 130\u00a0kg\/battant.<br \/>\nFabriqu\u00e9e en zamak de haute densit\u00e9 avec traitement anticorrosion, et en acier inoxydable.<\/li>\n<li style=\"text-align: left;\"><strong>Ferrure multipoint pour syst\u00e8mes coulissants\u00a0:<\/strong> conforme aux normes\u00a0EN\u00a013126-1 et 4 et soumis \u00e0 des essais de 25\u00a0000\u00a0cycles.<\/li>\n<li style=\"text-align: left;\"><strong>Compas de projection\u00a0:<\/strong> conforme aux normes\u00a0EN\u00a013126-1 et 4 et soumis \u00e0 des essais de 25\u00a0000\u00a0cycles. Fabriqu\u00e9 en acier inoxydable.<\/li>\n<li style=\"text-align: left;\"><strong>Fermetures \u00e0 pression\u00a0:<\/strong> conformes \u00e0 la norme\u00a0EN\u00a013126-2 et soumises \u00e0 des essais de 25\u00a0000\u00a0cycles.<\/li>\n<li style=\"text-align: left;\"><strong>Paumelles pour fen\u00eatres (A0003120)\u00a0:<\/strong> conformes aux normes\u00a0EN\u00a013126-1 et 4 et soumises \u00e0 des essais de 200\u00a0000\u00a0cycles. Charges de 70\u00a0kg (2\u00a0paumelles) et de 90\u00a0kg (3\u00a0paumelles). Fabriqu\u00e9es en aluminium extrud\u00e9 et en acier inoxydable.<\/li>\n<li style=\"text-align: left;\"><strong>Paumelles pour portes (A0003130)\u00a0:<\/strong> conformes aux normes\u00a0EN\u00a013126-1 et 4 et soumises \u00e0 des essais de 200\u00a0000\u00a0cycles. Charges de 90\u00a0kg (2\u00a0paumelles) et de 110\u00a0kg (3\u00a0paumelles). Fabriqu\u00e9es en aluminium extrud\u00e9 et en acier inoxydable.<\/li>\n<li>\n<p style=\"text-align: left;\"><strong>Serrures\u00a0:<\/strong> conformes aux normes\u00a0UNI\u00a0EN\u00a012209 (gamme \u00e0 point unique de fermeture lat\u00e9rale) et EN\u00a015685 (gamme multipoint).<\/p>\n<\/li>\n<li>\n<p style=\"text-align: left;\"><strong>\u00c9l\u00e9ments de fermeture du dormant et de l&rsquo;ouvrant\u00a0:<\/strong> conformes aux normes\u00a0EN\u00a013126-1 et UNI\u00a0EN\u00a012051 et soumis \u00e0 des essais de 10\u00a0000\u00a0cycles.<\/p>\n<\/li>\n<\/ul>\n<\/div><div class=\"single_image wpb_content_element align-left    \" data-animation=\"none\" data-delay=\"0\"><img decoding=\"async\" width=\"886\" height=\"415\" src=\"https:\/\/thermiabarcelona.com\/wp-content\/uploads\/2019\/04\/04_Giesse_CHIC_hinge_detail1.jpg\" class=\"attachment-full\" alt=\"04_Giesse_CHIC_hinge_detail1\" title=\"04_Giesse_CHIC_hinge_detail1\" srcset=\"https:\/\/thermiabarcelona.com\/wp-content\/uploads\/2019\/04\/04_Giesse_CHIC_hinge_detail1.jpg 886w, https:\/\/thermiabarcelona.com\/wp-content\/uploads\/2019\/04\/04_Giesse_CHIC_hinge_detail1-300x141.jpg 300w, https:\/\/thermiabarcelona.com\/wp-content\/uploads\/2019\/04\/04_Giesse_CHIC_hinge_detail1-768x360.jpg 768w\" sizes=\"(max-width: 886px) 100vw, 886px\" \/><\/div>[\/vc_column][vc_column width=\u00a0\u00bb1\/2&Prime;]<div class=\"box clearfix style-1 wpb_content_element align-center \" style=\"padding: 40px 40px 40px 40px; \">\n<p style=\"text-align: left;\"><span style=\"color: #000000;\"><strong>ACCESSOIRES ET \u00c9L\u00c9MENTS D&rsquo;ISOLATION ET D&rsquo;\u00c9TANCH\u00c9IT\u00c9 \u00c0 L&rsquo;EAU ET \u00c0 L&rsquo;AIR.<\/strong><\/span><br \/>\n<em>Conformes \u00e0 la norme\u00a0ISO\u00a09001 relative \u00e0 la gestion de la qualit\u00e9 et UNE\u00a0EN\u00a012635, et fabriqu\u00e9s en suivant les valeurs et les tol\u00e9rances de la norme\u00a0ISO\u00a03302.<\/em><br \/>\n<em>Joints d&rsquo;\u00e9tanch\u00e9it\u00e9 et de vitrage\u00a0: fabriqu\u00e9s en caoutchouc\u00a0EPDM\u00a070\u00a0SHORE de qualit\u00e9, r\u00e9sistant aux intemp\u00e9ries et aux rayonnements\u00a0UV.<\/em><\/p>\n<ul>\n<li style=\"list-style-type: none; text-align: left;\"><\/li>\n<li style=\"text-align: left;\"><strong>Joints brosses\u00a0:<\/strong> conformes aux normes AAMA\u00a0701 et 702. Fabriqu\u00e9s avec du fil en polypropyl\u00e8ne multifilament, textur\u00e9, silicon\u00e9, r\u00e9sistant aux rayonnements\u00a0UVA et dot\u00e9 d&rsquo;une feuille centrale en toile non tiss\u00e9e. Soudage par ultrason des fils sur la base rigide en polypropyl\u00e8ne.<\/li>\n<li style=\"text-align: left;\"><strong>Brise-vent\u00a0:<\/strong> base en aluminium extrud\u00e9, anodis\u00e9 et d\u00e9coup\u00e9 sur mesure. Fils de textile en polypropyl\u00e8ne multifilament, textur\u00e9, silicon\u00e9, r\u00e9sistant aux rayonnements\u00a0UVA et dot\u00e9s d&rsquo;une feuille centrale.<\/li>\n<\/ul>\n<\/div><div class=\"box clearfix style-1 wpb_content_element align-center \" style=\"padding: 40px 40px 40px 40px; \">\n<p style=\"text-align: left;\"><span style=\"color: #000000;\"><strong>FERMETURES ENCASTR\u00c9ES POUR SYST\u00c8MES D&rsquo;OUVERTURE COULISSANTS<\/strong><\/span><br \/>\n<em>Conformes \u00e0 la norme\u00a0EN\u00a01670 et Soumises \u00e0 des essais de 20\u00a0000 cycles r\u00e9alis\u00e9s par SGI\u00a0Internacional.<\/em><\/p>\n<\/div><div class=\"box clearfix style-1 wpb_content_element align-center \" style=\"padding: 40px 40px 40px 40px; \">\n<p style=\"text-align: left;\"><span style=\"color: #000000;\"><strong>ROULEMENTS POUR SYST\u00c8MES D&rsquo;OUVERTURE COULISSANTS<\/strong><\/span><br \/>\n<em>Fabriqu\u00e9s conform\u00e9ment \u00e0 la norme\u00a0ISO\u00a09001 relative \u00e0 la gestion de la qualit\u00e9 et \u00e0 la norme\u00a0UNI\u00a0EN\u00a013126-15, et soumis \u00e0 des essais de 10\u00a0000 ou 25\u00a0000 cycles, selon la r\u00e9f\u00e9rence.<\/em><\/p>\n<\/div><div class=\"box clearfix style-1 wpb_content_element align-center \" style=\"padding: 40px 40px 40px 40px; \">\n<p style=\"text-align: left;\"><span style=\"color: #000000;\"><strong>AUTRES ACCESSOIRES<\/strong> <\/span>(pi\u00e8ces plastiques sp\u00e9cialement moul\u00e9es pour chaque syst\u00e8me)<br \/>\n<em>Fabriqu\u00e9s conform\u00e9ment \u00e0 la norme\u00a0ISO\u00a09001 relative \u00e0 la gestion de la qualit\u00e9.<\/em><\/p>\n<ul>\n<li style=\"text-align: left;\"><strong>\u00c9l\u00e9ments d\u00e9coratifs\u00a0:<\/strong> mat\u00e9riaux en polyester et en polyamide\u00a0PA6 de haute densit\u00e9.<\/li>\n<li style=\"text-align: left;\"><strong>\u00c9l\u00e9ments fonctionnels\u00a0:<\/strong> PA6\u00a0+\u00a0TPE, polyamide et fibre de verre.<\/li>\n<\/ul>\n<\/div>[\/vc_column][\/vc_row]<\/p>\n<\/div>","protected":false},"excerpt":{"rendered":"<p>[vc_row][vc_column bg_color=\u00a0\u00bb#ffffff\u00a0\u00bb width=\u00a0\u00bb1\/2&Prime;][\/vc_column][vc_column width=\u00a0\u00bb1\/2&Prime;][\/vc_column][\/vc_row][vc_row bg_image=\u00a0\u00bb15109&Prime; bg_color=\u00a0\u00bb#ffffff\u00a0\u00bb top_padding=\u00a0\u00bb30&Prime; bottom_padding=\u00a0\u00bb100&Prime;][vc_column bg_color=\u00a0\u00bb#ffffff\u00a0\u00bb width=\u00a0\u00bb1\/3&Prime;][\/vc_column][vc_column width=\u00a0\u00bb1\/3&Prime;][\/vc_column][vc_column width=\u00a0\u00bb1\/3&Prime;][\/vc_column][\/vc_row][vc_row][vc_column width=\u00a0\u00bb1\/2&Prime;][\/vc_column][vc_column width=\u00a0\u00bb1\/2&Prime;][\/vc_column][\/vc_row][vc_row bg_color=\u00a0\u00bb#fcfcfc\u00a0\u00bb top_padding=\u00a0\u00bb40&Prime; bottom_padding=\u00a0\u00bb40&Prime;][vc_column width=\u00a0\u00bb1\/2&Prime;][\/vc_column][vc_column width=\u00a0\u00bb1\/2&Prime;][\/vc_column][\/vc_row]<\/p>\n","protected":false},"author":2,"featured_media":0,"parent":0,"menu_order":0,"comment_status":"open","ping_status":"open","template":"","meta":{"footnotes":""},"class_list":["post-26977","page","type-page","status-publish","hentry"],"yoast_head":"<!-- This site is optimized with the Yoast SEO Premium plugin v26.7 (Yoast SEO v27.3) - https:\/\/yoast.com\/product\/yoast-seo-premium-wordpress\/ -->\n<title>Qualit\u00e9 des fen\u00eatres et des portes en aluminium\u00a0Thermia\u00a0Barcelona<\/title>\n<meta name=\"description\" content=\"Tous les syst\u00e8mes de fermetures\u00a0Thermia\u00a0Barcelona sont con\u00e7us et test\u00e9s selon les normes rigoureuses du march\u00e9 europ\u00e9en.\" \/>\n<meta name=\"robots\" content=\"index, follow, max-snippet:-1, max-image-preview:large, max-video-preview:-1\" \/>\n<link rel=\"canonical\" href=\"https:\/\/thermiabarcelona.com\/fr\/qualite\/\" \/>\n<meta property=\"og:locale\" content=\"fr_FR\" \/>\n<meta property=\"og:type\" content=\"article\" \/>\n<meta property=\"og:title\" content=\"Qualit\u00e9\" \/>\n<meta property=\"og:description\" content=\"Tous les syst\u00e8mes de fermetures\u00a0Thermia\u00a0Barcelona sont con\u00e7us et test\u00e9s selon les normes rigoureuses du march\u00e9 europ\u00e9en.\" \/>\n<meta property=\"og:url\" content=\"https:\/\/thermiabarcelona.com\/fr\/qualite\/\" \/>\n<meta property=\"og:site_name\" content=\"Thermia Barcelona. Ventanas para vivir mejor\" \/>\n<meta property=\"article:publisher\" content=\"https:\/\/www.facebook.com\/thermiabarcelona\/\" \/>\n<meta property=\"article:modified_time\" content=\"2019-10-28T12:13:06+00:00\" \/>\n<meta name=\"twitter:card\" content=\"summary_large_image\" \/>\n<meta name=\"twitter:label1\" content=\"Dur\u00e9e de lecture estim\u00e9e\" \/>\n\t<meta name=\"twitter:data1\" content=\"4 minutes\" \/>\n<script type=\"application\/ld+json\" class=\"yoast-schema-graph\">{\"@context\":\"https:\\\/\\\/schema.org\",\"@graph\":[{\"@type\":\"WebPage\",\"@id\":\"https:\\\/\\\/thermiabarcelona.com\\\/fr\\\/qualite\\\/\",\"url\":\"https:\\\/\\\/thermiabarcelona.com\\\/fr\\\/qualite\\\/\",\"name\":\"Qualit\u00e9 des fen\u00eatres et des portes en aluminium\u00a0Thermia\u00a0Barcelona\",\"isPartOf\":{\"@id\":\"https:\\\/\\\/thermiabarcelona.com\\\/#website\"},\"datePublished\":\"2019-09-03T08:23:35+00:00\",\"dateModified\":\"2019-10-28T12:13:06+00:00\",\"description\":\"Tous les syst\u00e8mes de fermetures\u00a0Thermia\u00a0Barcelona sont con\u00e7us et test\u00e9s selon les normes rigoureuses du march\u00e9 europ\u00e9en.\",\"breadcrumb\":{\"@id\":\"https:\\\/\\\/thermiabarcelona.com\\\/fr\\\/qualite\\\/#breadcrumb\"},\"inLanguage\":\"fr-FR\",\"potentialAction\":[{\"@type\":\"ReadAction\",\"target\":[\"https:\\\/\\\/thermiabarcelona.com\\\/fr\\\/qualite\\\/\"]}]},{\"@type\":\"BreadcrumbList\",\"@id\":\"https:\\\/\\\/thermiabarcelona.com\\\/fr\\\/qualite\\\/#breadcrumb\",\"itemListElement\":[{\"@type\":\"ListItem\",\"position\":1,\"name\":\"Portada\",\"item\":\"https:\\\/\\\/thermiabarcelona.com\\\/\"},{\"@type\":\"ListItem\",\"position\":2,\"name\":\"Qualit\u00e9\"}]},{\"@type\":\"WebSite\",\"@id\":\"https:\\\/\\\/thermiabarcelona.com\\\/#website\",\"url\":\"https:\\\/\\\/thermiabarcelona.com\\\/\",\"name\":\"Thermia Barcelona. Ventanas para vivir mejor\",\"description\":\"Ventanas de calidad, duraderas y f\u00e1ciles de fabricar. Dise\u00f1o.Confort.Silencio\",\"publisher\":{\"@id\":\"https:\\\/\\\/thermiabarcelona.com\\\/#organization\"},\"potentialAction\":[{\"@type\":\"SearchAction\",\"target\":{\"@type\":\"EntryPoint\",\"urlTemplate\":\"https:\\\/\\\/thermiabarcelona.com\\\/?s={search_term_string}\"},\"query-input\":{\"@type\":\"PropertyValueSpecification\",\"valueRequired\":true,\"valueName\":\"search_term_string\"}}],\"inLanguage\":\"fr-FR\"},{\"@type\":\"Organization\",\"@id\":\"https:\\\/\\\/thermiabarcelona.com\\\/#organization\",\"name\":\"Thermia Barcelona\",\"url\":\"https:\\\/\\\/thermiabarcelona.com\\\/\",\"logo\":{\"@type\":\"ImageObject\",\"inLanguage\":\"fr-FR\",\"@id\":\"https:\\\/\\\/thermiabarcelona.com\\\/#\\\/schema\\\/logo\\\/image\\\/\",\"url\":\"https:\\\/\\\/thermiabarcelona.com\\\/wp-content\\\/uploads\\\/2018\\\/08\\\/logo_thermia-1.jpg\",\"contentUrl\":\"https:\\\/\\\/thermiabarcelona.com\\\/wp-content\\\/uploads\\\/2018\\\/08\\\/logo_thermia-1.jpg\",\"width\":345,\"height\":158,\"caption\":\"Thermia Barcelona\"},\"image\":{\"@id\":\"https:\\\/\\\/thermiabarcelona.com\\\/#\\\/schema\\\/logo\\\/image\\\/\"},\"sameAs\":[\"https:\\\/\\\/www.facebook.com\\\/thermiabarcelona\\\/\",\"https:\\\/\\\/www.instagram.com\\\/thermiabarcelona\\\/\",\"https:\\\/\\\/es.linkedin.com\\\/company\\\/thermia-barcelona\",\"https:\\\/\\\/www.youtube.com\\\/thermiabarcelona\"]}]}<\/script>\n<!-- \/ Yoast SEO Premium plugin. -->","yoast_head_json":{"title":"Qualit\u00e9 des fen\u00eatres et des portes en aluminium\u00a0Thermia\u00a0Barcelona","description":"Tous les syst\u00e8mes de fermetures\u00a0Thermia\u00a0Barcelona sont con\u00e7us et test\u00e9s selon les normes rigoureuses du march\u00e9 europ\u00e9en.","robots":{"index":"index","follow":"follow","max-snippet":"max-snippet:-1","max-image-preview":"max-image-preview:large","max-video-preview":"max-video-preview:-1"},"canonical":"https:\/\/thermiabarcelona.com\/fr\/qualite\/","og_locale":"fr_FR","og_type":"article","og_title":"Qualit\u00e9","og_description":"Tous les syst\u00e8mes de fermetures\u00a0Thermia\u00a0Barcelona sont con\u00e7us et test\u00e9s selon les normes rigoureuses du march\u00e9 europ\u00e9en.","og_url":"https:\/\/thermiabarcelona.com\/fr\/qualite\/","og_site_name":"Thermia Barcelona. Ventanas para vivir mejor","article_publisher":"https:\/\/www.facebook.com\/thermiabarcelona\/","article_modified_time":"2019-10-28T12:13:06+00:00","twitter_card":"summary_large_image","twitter_misc":{"Dur\u00e9e de lecture estim\u00e9e":"4 minutes"},"schema":{"@context":"https:\/\/schema.org","@graph":[{"@type":"WebPage","@id":"https:\/\/thermiabarcelona.com\/fr\/qualite\/","url":"https:\/\/thermiabarcelona.com\/fr\/qualite\/","name":"Qualit\u00e9 des fen\u00eatres et des portes en aluminium\u00a0Thermia\u00a0Barcelona","isPartOf":{"@id":"https:\/\/thermiabarcelona.com\/#website"},"datePublished":"2019-09-03T08:23:35+00:00","dateModified":"2019-10-28T12:13:06+00:00","description":"Tous les syst\u00e8mes de fermetures\u00a0Thermia\u00a0Barcelona sont con\u00e7us et test\u00e9s selon les normes rigoureuses du march\u00e9 europ\u00e9en.","breadcrumb":{"@id":"https:\/\/thermiabarcelona.com\/fr\/qualite\/#breadcrumb"},"inLanguage":"fr-FR","potentialAction":[{"@type":"ReadAction","target":["https:\/\/thermiabarcelona.com\/fr\/qualite\/"]}]},{"@type":"BreadcrumbList","@id":"https:\/\/thermiabarcelona.com\/fr\/qualite\/#breadcrumb","itemListElement":[{"@type":"ListItem","position":1,"name":"Portada","item":"https:\/\/thermiabarcelona.com\/"},{"@type":"ListItem","position":2,"name":"Qualit\u00e9"}]},{"@type":"WebSite","@id":"https:\/\/thermiabarcelona.com\/#website","url":"https:\/\/thermiabarcelona.com\/","name":"Thermia Barcelona. Ventanas para vivir mejor","description":"Ventanas de calidad, duraderas y f\u00e1ciles de fabricar. Dise\u00f1o.Confort.Silencio","publisher":{"@id":"https:\/\/thermiabarcelona.com\/#organization"},"potentialAction":[{"@type":"SearchAction","target":{"@type":"EntryPoint","urlTemplate":"https:\/\/thermiabarcelona.com\/?s={search_term_string}"},"query-input":{"@type":"PropertyValueSpecification","valueRequired":true,"valueName":"search_term_string"}}],"inLanguage":"fr-FR"},{"@type":"Organization","@id":"https:\/\/thermiabarcelona.com\/#organization","name":"Thermia Barcelona","url":"https:\/\/thermiabarcelona.com\/","logo":{"@type":"ImageObject","inLanguage":"fr-FR","@id":"https:\/\/thermiabarcelona.com\/#\/schema\/logo\/image\/","url":"https:\/\/thermiabarcelona.com\/wp-content\/uploads\/2018\/08\/logo_thermia-1.jpg","contentUrl":"https:\/\/thermiabarcelona.com\/wp-content\/uploads\/2018\/08\/logo_thermia-1.jpg","width":345,"height":158,"caption":"Thermia Barcelona"},"image":{"@id":"https:\/\/thermiabarcelona.com\/#\/schema\/logo\/image\/"},"sameAs":["https:\/\/www.facebook.com\/thermiabarcelona\/","https:\/\/www.instagram.com\/thermiabarcelona\/","https:\/\/es.linkedin.com\/company\/thermia-barcelona","https:\/\/www.youtube.com\/thermiabarcelona"]}]}},"_links":{"self":[{"href":"https:\/\/thermiabarcelona.com\/fr\/wp-json\/wp\/v2\/pages\/26977","targetHints":{"allow":["GET"]}}],"collection":[{"href":"https:\/\/thermiabarcelona.com\/fr\/wp-json\/wp\/v2\/pages"}],"about":[{"href":"https:\/\/thermiabarcelona.com\/fr\/wp-json\/wp\/v2\/types\/page"}],"author":[{"embeddable":true,"href":"https:\/\/thermiabarcelona.com\/fr\/wp-json\/wp\/v2\/users\/2"}],"replies":[{"embeddable":true,"href":"https:\/\/thermiabarcelona.com\/fr\/wp-json\/wp\/v2\/comments?post=26977"}],"version-history":[{"count":0,"href":"https:\/\/thermiabarcelona.com\/fr\/wp-json\/wp\/v2\/pages\/26977\/revisions"}],"wp:attachment":[{"href":"https:\/\/thermiabarcelona.com\/fr\/wp-json\/wp\/v2\/media?parent=26977"}],"curies":[{"name":"wp","href":"https:\/\/api.w.org\/{rel}","templated":true}]}}