{"id":26971,"date":"2019-09-03T08:23:31","date_gmt":"2019-09-03T08:23:31","guid":{"rendered":"https:\/\/thermiabarcelona.com\/equipe\/"},"modified":"2019-11-14T11:52:34","modified_gmt":"2019-11-14T11:52:34","slug":"equipe","status":"publish","type":"page","link":"https:\/\/thermiabarcelona.com\/fr\/equipe\/","title":{"rendered":"\u00c9quipe"},"content":{"rendered":"<div class=\"wpb-content-wrapper\"><p>[vc_row][vc_column width=\u00a0\u00bb1\/1&Prime;][rev_slider alias=\u00a0\u00bbEquipo_NEW\u00a0\u00bb][\/vc_column][\/vc_row][vc_row bg_color=\u00a0\u00bb#ffffff\u00a0\u00bb top_padding=\u00a0\u00bb40&Prime; bottom_padding=\u00a0\u00bb70&Prime;][vc_column bg_color=\u00a0\u00bb#ffffff\u00a0\u00bb width=\u00a0\u00bb1\/1&Prime;]<div class=\"spacer\" style=\"height: 40px;\"><\/div><h2 class=\"headline font-inherit fontsize-xxl fontweight-inherit lh-13 align-center transform-inherit \" style=\"margin: 0 0 20px 0; color: #f2842f;\">Engagement, professionnalisme, savoir-faire, proximit\u00e9, transparence, curiosit\u00e9, empathie, optimisme et sensibilit\u00e9\u00a0: voici les qualit\u00e9s des personnes qui composent Thermia\u00a0Barcelona.<\/h2>[\/vc_column][\/vc_row][vc_row bg_color=\u00a0\u00bb#f9f9f9&Prime; top_padding=\u00a0\u00bb20&Prime; bottom_padding=\u00a0\u00bb20&Prime;][vc_column width=\u00a0\u00bb1\/1&Prime;]<h2 class=\"headline font-special fontsize-xl fontweight-700 lh-inherit align-center transform-uppercase \" style=\"margin: 0 0 40px 0;\">\u00c9quipe de Thermia\u00a0Barcelona<\/h2>[vc_row_inner][vc_column_inner width=\u00a0\u00bb1\/4&Prime;]<div class=\"member wpb_content_element\"><div class=\"member-img\"><img decoding=\"async\" src=\"https:\/\/thermiabarcelona.com\/wp-content\/uploads\/2016\/09\/XB.jpg\" alt=\"equipo\" \/><\/div><h4>Xavier Blasi<\/h4><div class=\"member-role\">PDG - Directeur financier<\/div><div class=\"member-content\"><p><\/p><\/div><\/div>[\/vc_column_inner][vc_column_inner width=\u00a0\u00bb1\/4&Prime;]<div class=\"member wpb_content_element\"><div class=\"member-img\"><img decoding=\"async\" src=\"https:\/\/thermiabarcelona.com\/wp-content\/uploads\/2016\/09\/JM.jpg\" alt=\"equipo\" \/><\/div><h4>Josep Maria Blasi<\/h4><div class=\"member-role\">Directeur technique et commercial<\/div><div class=\"member-content\"><p><\/p><\/div><ul class=\"social-icons clearfix\"><li class=\"social-icon social-linkedin\"><a href=\"https:\/\/www.linkedin.com\/in\/josep-maria-blasi-ossul-53725189\" target=\"_blank\" title=\"LinkedIn\"><i class=\"fa fa-linkedin\"><\/i><\/a><\/li><\/ul><\/div>[\/vc_column_inner][vc_column_inner width=\u00a0\u00bb1\/4&Prime;]<div class=\"member wpb_content_element\"><div class=\"member-img\"><img decoding=\"async\" src=\"https:\/\/thermiabarcelona.com\/wp-content\/uploads\/2016\/09\/manuel-roldan-thermia.jpg\" alt=\"equipo thermia\" \/><\/div><h4>Manuel Rold\u00e1n<\/h4><div class=\"member-role\">Directeur des exportations<\/div><div class=\"member-content\"><p><\/p><\/div><ul class=\"social-icons clearfix\"><li class=\"social-icon social-linkedin\"><a href=\"https:\/\/www.linkedin.com\/in\/manuel-roldan-leon-64b10431\" target=\"_blank\" title=\"LinkedIn\"><i class=\"fa fa-linkedin\"><\/i><\/a><\/li><\/ul><\/div>[\/vc_column_inner][vc_column_inner width=\u00a0\u00bb1\/4&Prime;]<div class=\"member wpb_content_element\"><div class=\"member-img\"><img decoding=\"async\" src=\"https:\/\/thermiabarcelona.com\/wp-content\/uploads\/2016\/09\/carles-thermia-1.jpg\" alt=\"carles-thermia\" \/><\/div><h4>Carles Blasi<\/h4><div class=\"member-role\">Directeur adjoint<\/div><div class=\"member-content\"><p><\/p><\/div><ul class=\"social-icons clearfix\"><li class=\"social-icon social-linkedin\"><a href=\"https:\/\/www.linkedin.com\/in\/carles-blasi-mas-05b91742\" target=\"_blank\" title=\"LinkedIn\"><i class=\"fa fa-linkedin\"><\/i><\/a><\/li><\/ul><\/div>[\/vc_column_inner][\/vc_row_inner]<div class=\"spacer\" style=\"height: 40px;\"><\/div>[vc_row_inner][vc_column_inner width=\u00a0\u00bb1\/4&Prime;]<div class=\"member wpb_content_element\"><div class=\"member-img\"><img decoding=\"async\" src=\"https:\/\/thermiabarcelona.com\/wp-content\/uploads\/2016\/09\/Ester.jpg\" alt=\"equipo\" \/><\/div><h4>Ester Blasi<\/h4><div class=\"member-role\">Communication et marketing<\/div><div class=\"member-content\"><p><\/p><\/div><ul class=\"social-icons clearfix\"><li class=\"social-icon social-linkedin\"><a href=\"https:\/\/www.linkedin.com\/in\/esterblasi\" target=\"_blank\" title=\"LinkedIn\"><i class=\"fa fa-linkedin\"><\/i><\/a><\/li><\/ul><\/div>[\/vc_column_inner][vc_column_inner width=\u00a0\u00bb1\/4&Prime;]<div class=\"member wpb_content_element\"><div class=\"member-img\"><img decoding=\"async\" src=\"https:\/\/thermiabarcelona.com\/wp-content\/uploads\/2016\/09\/Raul.jpg\" alt=\"equipo\" \/><\/div><h4>Ra\u00fal Moreno<\/h4><div class=\"member-role\">Approvisionnement et logistique<\/div><div class=\"member-content\"><p><\/p><\/div><ul class=\"social-icons clearfix\"><li class=\"social-icon social-linkedin\"><a href=\"https:\/\/www.linkedin.com\/in\/raul-moreno-navarro-b3a54726\" target=\"_blank\" title=\"LinkedIn\"><i class=\"fa fa-linkedin\"><\/i><\/a><\/li><\/ul><\/div>[\/vc_column_inner][vc_column_inner width=\u00a0\u00bb1\/4&Prime;]<div class=\"member wpb_content_element\"><div class=\"member-img\"><img decoding=\"async\" src=\"https:\/\/thermiabarcelona.com\/wp-content\/uploads\/2016\/09\/Nuria_checa.jpg\" alt=\"equipo\" \/><\/div><h4>N\u00faria Checa<\/h4><div class=\"member-role\">Comptabilit\u00e9 et finances<\/div><div class=\"member-content\"><p><\/p><\/div><\/div>[\/vc_column_inner][vc_column_inner width=\u00a0\u00bb1\/4&Prime;]<div class=\"member wpb_content_element\"><div class=\"member-img\"><img decoding=\"async\" src=\"https:\/\/thermiabarcelona.com\/wp-content\/uploads\/2016\/09\/patricia-thermia.jpg\" alt=\"equipo thermia\" \/><\/div><h4>Patricia Escamilla<\/h4><div class=\"member-role\">Production des fen\u00eatres<\/div><div class=\"member-content\"><p><\/p><\/div><ul class=\"social-icons clearfix\"><li class=\"social-icon social-email\"><a href=\"mailto:example@mail.com\" title=\"Mail\"><i class=\"fa fa-send-o\"><\/i><\/a><\/li><\/ul><\/div>[\/vc_column_inner][\/vc_row_inner]<div class=\"spacer\" style=\"height: 40px;\"><\/div>[vc_row_inner][vc_column_inner width=\u00a0\u00bb1\/4&Prime;]<div class=\"member wpb_content_element\"><div class=\"member-img\"><img decoding=\"async\" src=\"https:\/\/thermiabarcelona.com\/wp-content\/uploads\/2016\/09\/Adria.jpg\" alt=\"equipo\" \/><\/div><h4>Adri\u00e1n Fugarolas<\/h4><div class=\"member-role\">Responsable du stock et des exp\u00e9ditions<\/div><div class=\"member-content\"><p><\/p><\/div><ul class=\"social-icons clearfix\"><li class=\"social-icon social-linkedin\"><a href=\"https:\/\/www.linkedin.com\/in\/adrian-fugarolas-rodriguez-6890088a\" target=\"_blank\" title=\"LinkedIn\"><i class=\"fa fa-linkedin\"><\/i><\/a><\/li><\/ul><\/div>[\/vc_column_inner][vc_column_inner width=\u00a0\u00bb1\/4&Prime;]<div class=\"member wpb_content_element\"><div class=\"member-img\"><img decoding=\"async\" src=\"https:\/\/thermiabarcelona.com\/wp-content\/uploads\/2016\/09\/Jaime.jpg\" alt=\"equipo\" \/><\/div><h4>Jaime Montoro<\/h4><div class=\"member-role\">Planification \u2013 fen\u00eatres fabriqu\u00e9es<\/div><div class=\"member-content\"><p><\/p><\/div><\/div>[\/vc_column_inner][vc_column_inner width=\u00a0\u00bb1\/4&Prime;]<div class=\"member wpb_content_element\"><div class=\"member-img\"><img decoding=\"async\" src=\"https:\/\/thermiabarcelona.com\/wp-content\/uploads\/2016\/09\/Oscar_taller.jpg\" alt=\"equipovvv\" \/><\/div><h4>\u00d2scar Sierra<\/h4><div class=\"member-role\">Responsable de production<\/div><div class=\"member-content\"><p><\/p><\/div><\/div>[\/vc_column_inner][vc_column_inner width=\u00a0\u00bb1\/4&Prime;]<div class=\"member wpb_content_element\"><div class=\"member-img\"><img decoding=\"async\" src=\"https:\/\/thermiabarcelona.com\/wp-content\/uploads\/2019\/04\/guille-2.jpg\" alt=\"Guillermo\" \/><\/div><h4>Guillermo Berm\u00fadez<\/h4><div class=\"member-role\">Architecte \u2013 Bureau d&#039;\u00e9tudes<\/div><div class=\"member-content\"><p><\/p><\/div><\/div>[\/vc_column_inner][\/vc_row_inner]<div class=\"spacer\" style=\"height: 40px;\"><\/div>[vc_row_inner][vc_column_inner width=\u00a0\u00bb1\/4&Prime;]<div class=\"member wpb_content_element\"><div class=\"member-img\"><img decoding=\"async\" src=\"https:\/\/thermiabarcelona.com\/wp-content\/uploads\/2016\/09\/Silvia.jpg\" alt=\"equipo\" \/><\/div><h4>Silvia Padilla<\/h4><div class=\"member-role\">Ventes - Service client<\/div><div class=\"member-content\"><p><\/p><\/div><\/div>[\/vc_column_inner][vc_column_inner width=\u00a0\u00bb1\/4&Prime;]<div class=\"member wpb_content_element\"><div class=\"member-img\"><img decoding=\"async\" src=\"https:\/\/thermiabarcelona.com\/wp-content\/uploads\/2016\/09\/Carles_Camprubi.jpg\" alt=\"equipo\" \/><\/div><h4>Carles Camprub\u00ed<\/h4><div class=\"member-role\">Responsable commercial G\u00e9rone - France<\/div><div class=\"member-content\"><p><\/p><\/div><\/div>[\/vc_column_inner][vc_column_inner width=\u00a0\u00bb1\/4&Prime;]<div class=\"member wpb_content_element\"><div class=\"member-img\"><img decoding=\"async\" src=\"https:\/\/thermiabarcelona.com\/wp-content\/uploads\/2016\/09\/Amiel.jpg\" alt=\"equipo\" \/><\/div><h4>Xavier Amiel<\/h4><div class=\"member-role\">Commercial G\u00e9rone - France<\/div><div class=\"member-content\"><p><\/p><\/div><\/div>[\/vc_column_inner][vc_column_inner width=\u00a0\u00bb1\/4&Prime;]<div class=\"member wpb_content_element\"><div class=\"member-img\"><img decoding=\"async\" src=\"https:\/\/thermiabarcelona.com\/wp-content\/uploads\/2016\/09\/Oscar.jpg\" alt=\"equipo\" \/><\/div><h4>\u00d2scar Rib\u00e9<\/h4><div class=\"member-role\">Responsable commercial Tarragone - L\u00e9rida<\/div><div class=\"member-content\"><p><\/p><\/div><\/div>[\/vc_column_inner][\/vc_row_inner]<div class=\"spacer\" style=\"height: 40px;\"><\/div>[vc_row_inner][vc_column_inner width=\u00a0\u00bb1\/4&Prime;]<div class=\"member wpb_content_element\"><div class=\"member-img\"><img decoding=\"async\" src=\"https:\/\/thermiabarcelona.com\/wp-content\/uploads\/2016\/09\/Vicens.jpg\" alt=\"equipo\" \/><\/div><h4>Vicen\u00e7 Garcia<\/h4><div class=\"member-role\">Commercial zone de Barcelone - Maresme<\/div><div class=\"member-content\"><p><\/p><\/div><\/div>[\/vc_column_inner][vc_column_inner width=\u00a0\u00bb1\/4&Prime;]<div class=\"member wpb_content_element\"><div class=\"member-img\"><img decoding=\"async\" src=\"https:\/\/thermiabarcelona.com\/wp-content\/uploads\/2016\/09\/comercial1.jpg\" alt=\"equipo\" \/><\/div><h4>Francisco L\u00f3pez<\/h4><div class=\"member-role\">Commercial zone du Vall\u00e8s<\/div><div class=\"member-content\"><p><\/p><\/div><\/div>[\/vc_column_inner][vc_column_inner width=\u00a0\u00bb1\/4&Prime;]<div class=\"member wpb_content_element\"><div class=\"member-img\"><img decoding=\"async\" src=\"https:\/\/thermiabarcelona.com\/wp-content\/uploads\/2019\/07\/salazar.jpg\" alt=\"\" \/><\/div><h4>Xavi Salazar<\/h4><div class=\"member-role\">Commercial zone du Vall\u00e8s<\/div><div class=\"member-content\"><p><\/p><\/div><\/div>[\/vc_column_inner][vc_column_inner width=\u00a0\u00bb1\/4&Prime;]<div class=\"member wpb_content_element\"><div class=\"member-img\"><img decoding=\"async\" src=\"https:\/\/thermiabarcelona.com\/wp-content\/uploads\/2016\/09\/ferran.jpg\" alt=\"equipo\" \/><\/div><h4>Ferran Navarro<\/h4><div class=\"member-role\">Service technique et commercial<\/div><div class=\"member-content\"><p><\/p><\/div><\/div>[\/vc_column_inner][\/vc_row_inner]<div class=\"spacer\" style=\"height: 40px;\"><\/div>[\/vc_column][\/vc_row]<\/p>\n<\/div>","protected":false},"excerpt":{"rendered":"<p>[vc_row][vc_column width=\u00a0\u00bb1\/1&Prime;][rev_slider alias=\u00a0\u00bbEquipo_NEW\u00a0\u00bb][\/vc_column][\/vc_row][vc_row bg_color=\u00a0\u00bb#ffffff\u00a0\u00bb top_padding=\u00a0\u00bb40&Prime; bottom_padding=\u00a0\u00bb70&Prime;][vc_column bg_color=\u00a0\u00bb#ffffff\u00a0\u00bb width=\u00a0\u00bb1\/1&Prime;][\/vc_column][\/vc_row][vc_row bg_color=\u00a0\u00bb#f9f9f9&Prime; top_padding=\u00a0\u00bb20&Prime; bottom_padding=\u00a0\u00bb20&Prime;][vc_column width=\u00a0\u00bb1\/1&Prime;][vc_row_inner][vc_column_inner width=\u00a0\u00bb1\/4&Prime;][\/vc_column_inner][vc_column_inner width=\u00a0\u00bb1\/4&Prime;][\/vc_column_inner][vc_column_inner width=\u00a0\u00bb1\/4&Prime;][\/vc_column_inner][vc_column_inner width=\u00a0\u00bb1\/4&Prime;][\/vc_column_inner][\/vc_row_inner][vc_row_inner][vc_column_inner width=\u00a0\u00bb1\/4&Prime;][\/vc_column_inner][vc_column_inner width=\u00a0\u00bb1\/4&Prime;][\/vc_column_inner][vc_column_inner width=\u00a0\u00bb1\/4&Prime;][\/vc_column_inner][vc_column_inner width=\u00a0\u00bb1\/4&Prime;][\/vc_column_inner][\/vc_row_inner][vc_row_inner][vc_column_inner width=\u00a0\u00bb1\/4&Prime;][\/vc_column_inner][vc_column_inner width=\u00a0\u00bb1\/4&Prime;][\/vc_column_inner][vc_column_inner width=\u00a0\u00bb1\/4&Prime;][\/vc_column_inner][vc_column_inner width=\u00a0\u00bb1\/4&Prime;][\/vc_column_inner][\/vc_row_inner][vc_row_inner][vc_column_inner width=\u00a0\u00bb1\/4&Prime;][\/vc_column_inner][vc_column_inner width=\u00a0\u00bb1\/4&Prime;][\/vc_column_inner][vc_column_inner width=\u00a0\u00bb1\/4&Prime;][\/vc_column_inner][vc_column_inner width=\u00a0\u00bb1\/4&Prime;][\/vc_column_inner][\/vc_row_inner][vc_row_inner][vc_column_inner width=\u00a0\u00bb1\/4&Prime;][\/vc_column_inner][vc_column_inner width=\u00a0\u00bb1\/4&Prime;][\/vc_column_inner][vc_column_inner width=\u00a0\u00bb1\/4&Prime;][\/vc_column_inner][vc_column_inner width=\u00a0\u00bb1\/4&Prime;][\/vc_column_inner][\/vc_row_inner][\/vc_column][\/vc_row]<\/p>\n","protected":false},"author":2,"featured_media":0,"parent":0,"menu_order":0,"comment_status":"open","ping_status":"open","template":"","meta":{"footnotes":""},"class_list":["post-26971","page","type-page","status-publish","hentry"],"yoast_head":"<!-- This site is optimized with the Yoast SEO Premium plugin v26.7 (Yoast SEO v26.8) - https:\/\/yoast.com\/product\/yoast-seo-premium-wordpress\/ -->\n<title>\u00c9quipe de Thermia\u00a0Barcelona | Qui sommes-nous\u00a0? | Des fen\u00eatres pour un plus grand confort<\/title>\n<meta name=\"description\" content=\"Rencontrez l\u2019\u00e9quipe de Thermia\u00a0Barcelona et d\u00e9couvrez les valeurs qui la motivent et l\u2019enrichissent au quotidien. L\u2019attitude de Thermia est celle de ses collaborateurs.\" \/>\n<meta name=\"robots\" content=\"index, follow, max-snippet:-1, max-image-preview:large, max-video-preview:-1\" \/>\n<link rel=\"canonical\" href=\"https:\/\/thermiabarcelona.com\/fr\/equipe\/\" \/>\n<meta property=\"og:locale\" content=\"fr_FR\" \/>\n<meta property=\"og:type\" content=\"article\" \/>\n<meta property=\"og:title\" content=\"\u00c9quipe\" \/>\n<meta property=\"og:description\" content=\"Rencontrez l\u2019\u00e9quipe de Thermia\u00a0Barcelona et d\u00e9couvrez les valeurs qui la motivent et l\u2019enrichissent au quotidien. L\u2019attitude de Thermia est celle de ses collaborateurs.\" \/>\n<meta property=\"og:url\" content=\"https:\/\/thermiabarcelona.com\/fr\/equipe\/\" \/>\n<meta property=\"og:site_name\" content=\"Thermia Barcelona. Ventanas para vivir mejor\" \/>\n<meta property=\"article:publisher\" content=\"https:\/\/www.facebook.com\/thermiabarcelona\/\" \/>\n<meta property=\"article:modified_time\" content=\"2019-11-14T11:52:34+00:00\" \/>\n<meta name=\"twitter:card\" content=\"summary_large_image\" \/>\n<meta name=\"twitter:label1\" content=\"Dur\u00e9e de lecture estim\u00e9e\" \/>\n\t<meta name=\"twitter:data1\" content=\"3 minutes\" \/>\n<script type=\"application\/ld+json\" class=\"yoast-schema-graph\">{\"@context\":\"https:\/\/schema.org\",\"@graph\":[{\"@type\":\"WebPage\",\"@id\":\"https:\/\/thermiabarcelona.com\/fr\/equipe\/\",\"url\":\"https:\/\/thermiabarcelona.com\/fr\/equipe\/\",\"name\":\"\u00c9quipe de Thermia\u00a0Barcelona | Qui sommes-nous\u00a0? | Des fen\u00eatres pour un plus grand confort\",\"isPartOf\":{\"@id\":\"https:\/\/thermiabarcelona.com\/#website\"},\"datePublished\":\"2019-09-03T08:23:31+00:00\",\"dateModified\":\"2019-11-14T11:52:34+00:00\",\"description\":\"Rencontrez l\u2019\u00e9quipe de Thermia\u00a0Barcelona et d\u00e9couvrez les valeurs qui la motivent et l\u2019enrichissent au quotidien. L\u2019attitude de Thermia est celle de ses collaborateurs.\",\"breadcrumb\":{\"@id\":\"https:\/\/thermiabarcelona.com\/fr\/equipe\/#breadcrumb\"},\"inLanguage\":\"fr-FR\",\"potentialAction\":[{\"@type\":\"ReadAction\",\"target\":[\"https:\/\/thermiabarcelona.com\/fr\/equipe\/\"]}]},{\"@type\":\"BreadcrumbList\",\"@id\":\"https:\/\/thermiabarcelona.com\/fr\/equipe\/#breadcrumb\",\"itemListElement\":[{\"@type\":\"ListItem\",\"position\":1,\"name\":\"Portada\",\"item\":\"https:\/\/thermiabarcelona.com\/\"},{\"@type\":\"ListItem\",\"position\":2,\"name\":\"\u00c9quipe\"}]},{\"@type\":\"WebSite\",\"@id\":\"https:\/\/thermiabarcelona.com\/#website\",\"url\":\"https:\/\/thermiabarcelona.com\/\",\"name\":\"Thermia Barcelona. Ventanas para vivir mejor\",\"description\":\"Ventanas de calidad, duraderas y f\u00e1ciles de fabricar. Dise\u00f1o.Confort.Silencio\",\"publisher\":{\"@id\":\"https:\/\/thermiabarcelona.com\/#organization\"},\"potentialAction\":[{\"@type\":\"SearchAction\",\"target\":{\"@type\":\"EntryPoint\",\"urlTemplate\":\"https:\/\/thermiabarcelona.com\/?s={search_term_string}\"},\"query-input\":{\"@type\":\"PropertyValueSpecification\",\"valueRequired\":true,\"valueName\":\"search_term_string\"}}],\"inLanguage\":\"fr-FR\"},{\"@type\":\"Organization\",\"@id\":\"https:\/\/thermiabarcelona.com\/#organization\",\"name\":\"Thermia Barcelona\",\"url\":\"https:\/\/thermiabarcelona.com\/\",\"logo\":{\"@type\":\"ImageObject\",\"inLanguage\":\"fr-FR\",\"@id\":\"https:\/\/thermiabarcelona.com\/#\/schema\/logo\/image\/\",\"url\":\"https:\/\/thermiabarcelona.com\/wp-content\/uploads\/2018\/08\/logo_thermia-1.jpg\",\"contentUrl\":\"https:\/\/thermiabarcelona.com\/wp-content\/uploads\/2018\/08\/logo_thermia-1.jpg\",\"width\":345,\"height\":158,\"caption\":\"Thermia Barcelona\"},\"image\":{\"@id\":\"https:\/\/thermiabarcelona.com\/#\/schema\/logo\/image\/\"},\"sameAs\":[\"https:\/\/www.facebook.com\/thermiabarcelona\/\",\"https:\/\/www.instagram.com\/thermiabarcelona\/\",\"https:\/\/es.linkedin.com\/company\/thermia-barcelona\",\"https:\/\/www.youtube.com\/thermiabarcelona\"]}]}<\/script>\n<!-- \/ Yoast SEO Premium plugin. -->","yoast_head_json":{"title":"\u00c9quipe de Thermia\u00a0Barcelona | Qui sommes-nous\u00a0? | Des fen\u00eatres pour un plus grand confort","description":"Rencontrez l\u2019\u00e9quipe de Thermia\u00a0Barcelona et d\u00e9couvrez les valeurs qui la motivent et l\u2019enrichissent au quotidien. L\u2019attitude de Thermia est celle de ses collaborateurs.","robots":{"index":"index","follow":"follow","max-snippet":"max-snippet:-1","max-image-preview":"max-image-preview:large","max-video-preview":"max-video-preview:-1"},"canonical":"https:\/\/thermiabarcelona.com\/fr\/equipe\/","og_locale":"fr_FR","og_type":"article","og_title":"\u00c9quipe","og_description":"Rencontrez l\u2019\u00e9quipe de Thermia\u00a0Barcelona et d\u00e9couvrez les valeurs qui la motivent et l\u2019enrichissent au quotidien. L\u2019attitude de Thermia est celle de ses collaborateurs.","og_url":"https:\/\/thermiabarcelona.com\/fr\/equipe\/","og_site_name":"Thermia Barcelona. Ventanas para vivir mejor","article_publisher":"https:\/\/www.facebook.com\/thermiabarcelona\/","article_modified_time":"2019-11-14T11:52:34+00:00","twitter_card":"summary_large_image","twitter_misc":{"Dur\u00e9e de lecture estim\u00e9e":"3 minutes"},"schema":{"@context":"https:\/\/schema.org","@graph":[{"@type":"WebPage","@id":"https:\/\/thermiabarcelona.com\/fr\/equipe\/","url":"https:\/\/thermiabarcelona.com\/fr\/equipe\/","name":"\u00c9quipe de Thermia\u00a0Barcelona | Qui sommes-nous\u00a0? | Des fen\u00eatres pour un plus grand confort","isPartOf":{"@id":"https:\/\/thermiabarcelona.com\/#website"},"datePublished":"2019-09-03T08:23:31+00:00","dateModified":"2019-11-14T11:52:34+00:00","description":"Rencontrez l\u2019\u00e9quipe de Thermia\u00a0Barcelona et d\u00e9couvrez les valeurs qui la motivent et l\u2019enrichissent au quotidien. L\u2019attitude de Thermia est celle de ses collaborateurs.","breadcrumb":{"@id":"https:\/\/thermiabarcelona.com\/fr\/equipe\/#breadcrumb"},"inLanguage":"fr-FR","potentialAction":[{"@type":"ReadAction","target":["https:\/\/thermiabarcelona.com\/fr\/equipe\/"]}]},{"@type":"BreadcrumbList","@id":"https:\/\/thermiabarcelona.com\/fr\/equipe\/#breadcrumb","itemListElement":[{"@type":"ListItem","position":1,"name":"Portada","item":"https:\/\/thermiabarcelona.com\/"},{"@type":"ListItem","position":2,"name":"\u00c9quipe"}]},{"@type":"WebSite","@id":"https:\/\/thermiabarcelona.com\/#website","url":"https:\/\/thermiabarcelona.com\/","name":"Thermia Barcelona. Ventanas para vivir mejor","description":"Ventanas de calidad, duraderas y f\u00e1ciles de fabricar. Dise\u00f1o.Confort.Silencio","publisher":{"@id":"https:\/\/thermiabarcelona.com\/#organization"},"potentialAction":[{"@type":"SearchAction","target":{"@type":"EntryPoint","urlTemplate":"https:\/\/thermiabarcelona.com\/?s={search_term_string}"},"query-input":{"@type":"PropertyValueSpecification","valueRequired":true,"valueName":"search_term_string"}}],"inLanguage":"fr-FR"},{"@type":"Organization","@id":"https:\/\/thermiabarcelona.com\/#organization","name":"Thermia Barcelona","url":"https:\/\/thermiabarcelona.com\/","logo":{"@type":"ImageObject","inLanguage":"fr-FR","@id":"https:\/\/thermiabarcelona.com\/#\/schema\/logo\/image\/","url":"https:\/\/thermiabarcelona.com\/wp-content\/uploads\/2018\/08\/logo_thermia-1.jpg","contentUrl":"https:\/\/thermiabarcelona.com\/wp-content\/uploads\/2018\/08\/logo_thermia-1.jpg","width":345,"height":158,"caption":"Thermia Barcelona"},"image":{"@id":"https:\/\/thermiabarcelona.com\/#\/schema\/logo\/image\/"},"sameAs":["https:\/\/www.facebook.com\/thermiabarcelona\/","https:\/\/www.instagram.com\/thermiabarcelona\/","https:\/\/es.linkedin.com\/company\/thermia-barcelona","https:\/\/www.youtube.com\/thermiabarcelona"]}]}},"_links":{"self":[{"href":"https:\/\/thermiabarcelona.com\/fr\/wp-json\/wp\/v2\/pages\/26971","targetHints":{"allow":["GET"]}}],"collection":[{"href":"https:\/\/thermiabarcelona.com\/fr\/wp-json\/wp\/v2\/pages"}],"about":[{"href":"https:\/\/thermiabarcelona.com\/fr\/wp-json\/wp\/v2\/types\/page"}],"author":[{"embeddable":true,"href":"https:\/\/thermiabarcelona.com\/fr\/wp-json\/wp\/v2\/users\/2"}],"replies":[{"embeddable":true,"href":"https:\/\/thermiabarcelona.com\/fr\/wp-json\/wp\/v2\/comments?post=26971"}],"version-history":[{"count":0,"href":"https:\/\/thermiabarcelona.com\/fr\/wp-json\/wp\/v2\/pages\/26971\/revisions"}],"wp:attachment":[{"href":"https:\/\/thermiabarcelona.com\/fr\/wp-json\/wp\/v2\/media?parent=26971"}],"curies":[{"name":"wp","href":"https:\/\/api.w.org\/{rel}","templated":true}]}}